{"id":1803,"date":"2016-01-26T11:49:39","date_gmt":"2016-01-26T11:49:39","guid":{"rendered":"https:\/\/www.noticenature.ie\/eolas-faoi-duil-sa-dulra\/athru-aeraide-agus-bagairti-do-bhitheagsulacht\/climate-change-biodiversity-loss\/"},"modified":"2022-06-17T16:43:46","modified_gmt":"2022-06-17T16:43:46","slug":"climate-change-biodiversity-loss","status":"publish","type":"page","link":"https:\/\/www.noticenature.ie\/ga\/eolas-faoi-duil-sa-dulra\/athru-aeraide-agus-bagairti-do-bhitheagsulacht\/climate-change-biodiversity-loss\/","title":{"rendered":"Climate Change &amp; Biodiversity Loss"},"content":{"rendered":"\n<p>Human induced <a href=\"http:\/\/www.unep.org\/climatechange\/\" target=\"_blank\" rel=\"noopener\">climate change <\/a>is already having a significant impact on species and ecosystems around the world.<\/p>\n\n<p>The <a href=\"http:\/\/ipcc.ch\/\" target=\"_blank\" rel=\"noopener\">IPCC<\/a> (Intergovernmental Panel on Climate Change) <a href=\"http:\/\/www.ipcc.ch\/pdf\/assessment-report\/ar5\/syr\/SYR_AR5_FINAL_full_wcover.pdf\" target=\"_blank\" rel=\"noopener\">5th Assessment Report (2015)<\/a> notes that &#8216;a large fraction of terrestrial, freshwater and marine species faces increased extinction risk due to climate change during and beyond the 21st century.&#8217;<\/p>\n\n<h3 class=\"wp-block-heading\">Climate change &#8211; Impact on Irish Biodiversity<\/h3>\n\n<p>In Ireland, climate change is predicted to lead to warmer and drier summers, milder and wetter winters and an increase in the frequency of extreme weather events. Such climatic changes will disrupt Irish wildlife and our natural environment.<\/p>\n\n<p>Warmer weather may lead to changes in the life cycles of insects, birds, plants and mammals. Changes in weather patterns could lead to behavioural change in pests and pollinators and disturb the delicate balance that exists in the wild. In the Irish marine environment, some species may suffer including kelp, barnacles and starfish, while others such as cuttlefish and purple sea urchin may thrive more in the changed climate. Climate change may also bring changes in the distribution and abundance of invasive species. To reduce the impacts of climate change, protection of our bogs is imperative as loss of peatlands, will lead to release of stored carbon.<\/p>\n\n<p>Evidence of changing life cycles has already been seen in the international migratory patterns of birds and some insects. The Little Egret, commonly found in Mediterranean Europe, is now a regular visitor in Irish coastal ecosystems.<\/p>\n","protected":false},"excerpt":{"rendered":"<p>Human induced climate change is already having a significant impact on species and ecosystems around the world. The IPCC (Intergovernmental Panel on Climate Change) 5th Assessment Report (2015) notes that &#8216;a large fraction of terrestrial, freshwater and marine species faces increased extinction risk due to climate change during and beyond the 21st century.&#8217; Climate change [&hellip;]<\/p>\n","protected":false},"author":2,"featured_media":0,"parent":1712,"menu_order":0,"comment_status":"closed","ping_status":"closed","template":"","meta":{"footnotes":""},"class_list":["post-1803","page","type-page","status-publish","hentry","post"],"yoast_head":"<!-- This site is optimized with the Yoast SEO plugin v27.3 - https:\/\/yoast.com\/product\/yoast-seo-wordpress\/ -->\n<title>Climate Change &amp; Biodiversity Loss - D\u00fail sa D\u00falra<\/title>\n<meta name=\"robots\" content=\"index, follow, max-snippet:-1, max-image-preview:large, max-video-preview:-1\" \/>\n<link rel=\"canonical\" href=\"https:\/\/www.noticenature.ie\/ga\/eolas-faoi-duil-sa-dulra\/athru-aeraide-agus-bagairti-do-bhitheagsulacht\/climate-change-biodiversity-loss\/\" \/>\n<meta property=\"og:locale\" content=\"ga_IE\" \/>\n<meta property=\"og:type\" content=\"article\" \/>\n<meta property=\"og:title\" content=\"Climate Change &amp; Biodiversity Loss - D\u00fail sa D\u00falra\" \/>\n<meta property=\"og:description\" content=\"Human induced climate change is already having a significant impact on species and ecosystems around the world. The IPCC (Intergovernmental Panel on Climate Change) 5th Assessment Report (2015) notes that &#8216;a large fraction of terrestrial, freshwater and marine species faces increased extinction risk due to climate change during and beyond the 21st century.&#8217; Climate change [&hellip;]\" \/>\n<meta property=\"og:url\" content=\"https:\/\/www.noticenature.ie\/ga\/eolas-faoi-duil-sa-dulra\/athru-aeraide-agus-bagairti-do-bhitheagsulacht\/climate-change-biodiversity-loss\/\" \/>\n<meta property=\"og:site_name\" content=\"D\u00fail sa D\u00falra\" \/>\n<meta property=\"article:publisher\" content=\"https:\/\/www.facebook.com\/profile.php?id=100066240890743\" \/>\n<meta property=\"article:modified_time\" content=\"2022-06-17T16:43:46+00:00\" \/>\n<meta name=\"twitter:card\" content=\"summary_large_image\" \/>\n<meta name=\"twitter:site\" content=\"@Notice_Nature\" \/>\n<meta name=\"twitter:label1\" content=\"Est. reading time\" \/>\n\t<meta name=\"twitter:data1\" content=\"1 minute\" \/>\n<script type=\"application\/ld+json\" class=\"yoast-schema-graph\">{\"@context\":\"https:\\\/\\\/schema.org\",\"@graph\":[{\"@type\":\"WebPage\",\"@id\":\"https:\\\/\\\/www.noticenature.ie\\\/ga\\\/eolas-faoi-duil-sa-dulra\\\/athru-aeraide-agus-bagairti-do-bhitheagsulacht\\\/climate-change-biodiversity-loss\\\/\",\"url\":\"https:\\\/\\\/www.noticenature.ie\\\/ga\\\/eolas-faoi-duil-sa-dulra\\\/athru-aeraide-agus-bagairti-do-bhitheagsulacht\\\/climate-change-biodiversity-loss\\\/\",\"name\":\"Climate Change &amp; Biodiversity Loss - D\u00fail sa D\u00falra\",\"isPartOf\":{\"@id\":\"https:\\\/\\\/www.noticenature.ie\\\/ga\\\/#website\"},\"datePublished\":\"2016-01-26T11:49:39+00:00\",\"dateModified\":\"2022-06-17T16:43:46+00:00\",\"breadcrumb\":{\"@id\":\"https:\\\/\\\/www.noticenature.ie\\\/ga\\\/eolas-faoi-duil-sa-dulra\\\/athru-aeraide-agus-bagairti-do-bhitheagsulacht\\\/climate-change-biodiversity-loss\\\/#breadcrumb\"},\"inLanguage\":\"ga-IE\",\"potentialAction\":[{\"@type\":\"ReadAction\",\"target\":[\"https:\\\/\\\/www.noticenature.ie\\\/ga\\\/eolas-faoi-duil-sa-dulra\\\/athru-aeraide-agus-bagairti-do-bhitheagsulacht\\\/climate-change-biodiversity-loss\\\/\"]}]},{\"@type\":\"BreadcrumbList\",\"@id\":\"https:\\\/\\\/www.noticenature.ie\\\/ga\\\/eolas-faoi-duil-sa-dulra\\\/athru-aeraide-agus-bagairti-do-bhitheagsulacht\\\/climate-change-biodiversity-loss\\\/#breadcrumb\",\"itemListElement\":[{\"@type\":\"ListItem\",\"position\":1,\"name\":\"Home\",\"item\":\"https:\\\/\\\/www.noticenature.ie\\\/ga\\\/1600-2\\\/\"},{\"@type\":\"ListItem\",\"position\":2,\"name\":\"Maidir le D\u00fail sa D\u00falra\",\"item\":\"https:\\\/\\\/www.noticenature.ie\\\/ga\\\/eolas-faoi-duil-sa-dulra\\\/\"},{\"@type\":\"ListItem\",\"position\":3,\"name\":\"Athr\u00fa Aer\u00e1ide agus bagairt\u00ed do bhith\u00e9ags\u00falacht\",\"item\":\"https:\\\/\\\/www.noticenature.ie\\\/ga\\\/eolas-faoi-duil-sa-dulra\\\/athru-aeraide-agus-bagairti-do-bhitheagsulacht\\\/\"},{\"@type\":\"ListItem\",\"position\":4,\"name\":\"Climate Change &amp; Biodiversity Loss\"}]},{\"@type\":\"WebSite\",\"@id\":\"https:\\\/\\\/www.noticenature.ie\\\/ga\\\/#website\",\"url\":\"https:\\\/\\\/www.noticenature.ie\\\/ga\\\/\",\"name\":\"D\u00fail sa D\u00falra\",\"description\":\"Action on Biodiversity Loss\",\"potentialAction\":[{\"@type\":\"SearchAction\",\"target\":{\"@type\":\"EntryPoint\",\"urlTemplate\":\"https:\\\/\\\/www.noticenature.ie\\\/ga\\\/?s={search_term_string}\"},\"query-input\":{\"@type\":\"PropertyValueSpecification\",\"valueRequired\":true,\"valueName\":\"search_term_string\"}}],\"inLanguage\":\"ga-IE\"}]}<\/script>\n<!-- \/ Yoast SEO plugin. -->","yoast_head_json":{"title":"Climate Change &amp; Biodiversity Loss - D\u00fail sa D\u00falra","robots":{"index":"index","follow":"follow","max-snippet":"max-snippet:-1","max-image-preview":"max-image-preview:large","max-video-preview":"max-video-preview:-1"},"canonical":"https:\/\/www.noticenature.ie\/ga\/eolas-faoi-duil-sa-dulra\/athru-aeraide-agus-bagairti-do-bhitheagsulacht\/climate-change-biodiversity-loss\/","og_locale":"ga_IE","og_type":"article","og_title":"Climate Change &amp; Biodiversity Loss - D\u00fail sa D\u00falra","og_description":"Human induced climate change is already having a significant impact on species and ecosystems around the world. The IPCC (Intergovernmental Panel on Climate Change) 5th Assessment Report (2015) notes that &#8216;a large fraction of terrestrial, freshwater and marine species faces increased extinction risk due to climate change during and beyond the 21st century.&#8217; Climate change [&hellip;]","og_url":"https:\/\/www.noticenature.ie\/ga\/eolas-faoi-duil-sa-dulra\/athru-aeraide-agus-bagairti-do-bhitheagsulacht\/climate-change-biodiversity-loss\/","og_site_name":"D\u00fail sa D\u00falra","article_publisher":"https:\/\/www.facebook.com\/profile.php?id=100066240890743","article_modified_time":"2022-06-17T16:43:46+00:00","twitter_card":"summary_large_image","twitter_site":"@Notice_Nature","twitter_misc":{"Est. reading time":"1 minute"},"schema":{"@context":"https:\/\/schema.org","@graph":[{"@type":"WebPage","@id":"https:\/\/www.noticenature.ie\/ga\/eolas-faoi-duil-sa-dulra\/athru-aeraide-agus-bagairti-do-bhitheagsulacht\/climate-change-biodiversity-loss\/","url":"https:\/\/www.noticenature.ie\/ga\/eolas-faoi-duil-sa-dulra\/athru-aeraide-agus-bagairti-do-bhitheagsulacht\/climate-change-biodiversity-loss\/","name":"Climate Change &amp; Biodiversity Loss - D\u00fail sa D\u00falra","isPartOf":{"@id":"https:\/\/www.noticenature.ie\/ga\/#website"},"datePublished":"2016-01-26T11:49:39+00:00","dateModified":"2022-06-17T16:43:46+00:00","breadcrumb":{"@id":"https:\/\/www.noticenature.ie\/ga\/eolas-faoi-duil-sa-dulra\/athru-aeraide-agus-bagairti-do-bhitheagsulacht\/climate-change-biodiversity-loss\/#breadcrumb"},"inLanguage":"ga-IE","potentialAction":[{"@type":"ReadAction","target":["https:\/\/www.noticenature.ie\/ga\/eolas-faoi-duil-sa-dulra\/athru-aeraide-agus-bagairti-do-bhitheagsulacht\/climate-change-biodiversity-loss\/"]}]},{"@type":"BreadcrumbList","@id":"https:\/\/www.noticenature.ie\/ga\/eolas-faoi-duil-sa-dulra\/athru-aeraide-agus-bagairti-do-bhitheagsulacht\/climate-change-biodiversity-loss\/#breadcrumb","itemListElement":[{"@type":"ListItem","position":1,"name":"Home","item":"https:\/\/www.noticenature.ie\/ga\/1600-2\/"},{"@type":"ListItem","position":2,"name":"Maidir le D\u00fail sa D\u00falra","item":"https:\/\/www.noticenature.ie\/ga\/eolas-faoi-duil-sa-dulra\/"},{"@type":"ListItem","position":3,"name":"Athr\u00fa Aer\u00e1ide agus bagairt\u00ed do bhith\u00e9ags\u00falacht","item":"https:\/\/www.noticenature.ie\/ga\/eolas-faoi-duil-sa-dulra\/athru-aeraide-agus-bagairti-do-bhitheagsulacht\/"},{"@type":"ListItem","position":4,"name":"Climate Change &amp; Biodiversity Loss"}]},{"@type":"WebSite","@id":"https:\/\/www.noticenature.ie\/ga\/#website","url":"https:\/\/www.noticenature.ie\/ga\/","name":"D\u00fail sa D\u00falra","description":"Action on Biodiversity Loss","potentialAction":[{"@type":"SearchAction","target":{"@type":"EntryPoint","urlTemplate":"https:\/\/www.noticenature.ie\/ga\/?s={search_term_string}"},"query-input":{"@type":"PropertyValueSpecification","valueRequired":true,"valueName":"search_term_string"}}],"inLanguage":"ga-IE"}]}},"_links":{"self":[{"href":"https:\/\/www.noticenature.ie\/ga\/wp-json\/wp\/v2\/pages\/1803","targetHints":{"allow":["GET"]}}],"collection":[{"href":"https:\/\/www.noticenature.ie\/ga\/wp-json\/wp\/v2\/pages"}],"about":[{"href":"https:\/\/www.noticenature.ie\/ga\/wp-json\/wp\/v2\/types\/page"}],"author":[{"embeddable":true,"href":"https:\/\/www.noticenature.ie\/ga\/wp-json\/wp\/v2\/users\/2"}],"replies":[{"embeddable":true,"href":"https:\/\/www.noticenature.ie\/ga\/wp-json\/wp\/v2\/comments?post=1803"}],"version-history":[{"count":1,"href":"https:\/\/www.noticenature.ie\/ga\/wp-json\/wp\/v2\/pages\/1803\/revisions"}],"predecessor-version":[{"id":1804,"href":"https:\/\/www.noticenature.ie\/ga\/wp-json\/wp\/v2\/pages\/1803\/revisions\/1804"}],"up":[{"embeddable":true,"href":"https:\/\/www.noticenature.ie\/ga\/wp-json\/wp\/v2\/pages\/1712"}],"wp:attachment":[{"href":"https:\/\/www.noticenature.ie\/ga\/wp-json\/wp\/v2\/media?parent=1803"}],"curies":[{"name":"wp","href":"https:\/\/api.w.org\/{rel}","templated":true}]}}