{"id":1739,"date":"2016-05-25T11:25:19","date_gmt":"2016-05-25T11:25:19","guid":{"rendered":"https:\/\/www.noticenature.ie\/eolas-faoi-duil-sa-dulra\/eagraiochtai-oidhreachta-nadurtha-fiadhulra\/natural-heritage-links\/"},"modified":"2016-05-25T11:25:19","modified_gmt":"2016-05-25T11:25:19","slug":"natural-heritage-links","status":"publish","type":"page","link":"https:\/\/www.noticenature.ie\/ga\/eolas-faoi-duil-sa-dulra\/eagraiochtai-oidhreachta-nadurtha-fiadhulra\/natural-heritage-links\/","title":{"rendered":"Natural Heritage Links"},"content":{"rendered":"<p>Some links related to Natural Heritage<\/p>\n<ul style=\"list-style-type: none;\">\n<li><a href=\"https:\/\/birdwatchireland.ie\/\" target=\"_blank\" rel=\"noopener\">Birdwatch Ireland<\/a><\/li>\n<li><a href=\"http:\/\/www.coillteoutdoors.ie\/home\/\" target=\"_blank\" rel=\"noopener\">Coillte Faoin Sp\u00e9ir<\/a><\/li>\n<li><a href=\"https:\/\/www.housing.gov.ie\/\" target=\"_blank\" rel=\"noopener\">An Roinn Tith\u00edochta, Rialtais \u00c1iti\u00fail &amp; Oidhreachta<\/a><\/li>\n<li><a href=\"https:\/\/www.discoverireland.ie\/\" target=\"_blank\" rel=\"noopener\">Discover Ireland<\/a><\/li>\n<li><a href=\"https:\/\/www.gov.ie\/en\/publication\/642e6-forestry\/\" target=\"_blank\" rel=\"noopener\">Irish Forest Service<\/a><\/li>\n<li><a href=\"https:\/\/www.greenschoolsireland.org\/\" target=\"_blank\" rel=\"noopener\">Scoileanna Glasa na h\u00c9ireann<\/a><\/li>\n<li><a href=\"https:\/\/www.heritageireland.ie\/en\/\" target=\"_blank\" rel=\"noopener\">Heritage Ireland (OPW managed heritage sites in Ireland)<\/a><\/li>\n<li><a href=\"https:\/\/loughkey.ie\/\" target=\"_blank\" rel=\"noopener\">Lough Key Forest &amp; Activity Park<\/a><\/li>\n<li><a href=\"https:\/\/www.malahidecastleandgardens.ie\/\" target=\"_blank\" rel=\"noopener\">Malahide Castle &amp; Gardens<\/a><\/li>\n<li><a href=\"https:\/\/www.biodiversityireland.ie\/\" target=\"_blank\" rel=\"noopener\">An tIonad N\u00e1isi\u00fanta le Sonra\u00ed Bith\u00e9ags\u00falachta<\/a><\/li>\n<li><a href=\"https:\/\/www.botanicgardens.ie\/\" target=\"_blank\" rel=\"noopener\">National Botanic Gardens<\/a><\/li>\n<li><a href=\"https:\/\/www.archaeology.ie\/\" target=\"_blank\" rel=\"noopener\">National Monuments Service<\/a><\/li>\n<li><a href=\"https:\/\/www.npws.ie\/\" target=\"_blank\" rel=\"noopener\">An tSeirbh\u00eds P\u00e1irceanna N\u00e1isi\u00fanta agus Fiadh\u00falra<\/a><\/li>\n<li><a href=\"https:\/\/www.opw.ie\/en\/\" target=\"_blank\" rel=\"noopener\">Office of Public Works<\/a><\/li>\n<li><a href=\"https:\/\/powerscourt.com\/\" target=\"_blank\" rel=\"noopener\">Powerscourt Estate, Co. Wicklow<\/a><\/li>\n<li><a href=\"https:\/\/ststephensgreenpark.ie\/\" target=\"_blank\" rel=\"noopener\">St. Stephen&#8217;s Green<\/a><\/li>\n<li><a href=\"\/\/www.heritagecouncil.ie\" target=\"_blank\" rel=\"noopener\">An Chomhairle Oidhreachta<\/a><\/li>\n<li><a href=\"\/\/www.phoenixpark.ie\/\" target=\"_blank\" rel=\"noopener\">The Phoenix Park Dublin<\/a><\/li>\n<li><a href=\"https:\/\/www.cbd.int\/\" target=\"_blank\" rel=\"noopener\">UN Convention on Biological Diversity<\/a><\/li>\n<li><a href=\"http:\/\/www.wildatlanticway.com\/home\/\" target=\"_blank\" rel=\"noopener\">Wild Atlantic Way<\/a><\/li>\n<\/ul>\n","protected":false},"excerpt":{"rendered":"<p>Some links related to Natural Heritage Birdwatch Ireland Coillte Faoin Sp\u00e9ir An Roinn Tith\u00edochta, Rialtais \u00c1iti\u00fail &amp; Oidhreachta Discover Ireland Irish Forest Service Scoileanna Glasa na h\u00c9ireann Heritage Ireland (OPW managed heritage sites in Ireland) Lough Key Forest &amp; Activity Park Malahide Castle &amp; Gardens An tIonad N\u00e1isi\u00fanta le Sonra\u00ed Bith\u00e9ags\u00falachta National Botanic Gardens National [&hellip;]<\/p>\n","protected":false},"author":2,"featured_media":0,"parent":1738,"menu_order":0,"comment_status":"closed","ping_status":"closed","template":"","meta":{"footnotes":""},"class_list":["post-1739","page","type-page","status-publish","hentry","post"],"yoast_head":"<!-- This site is optimized with the Yoast SEO plugin v27.3 - https:\/\/yoast.com\/product\/yoast-seo-wordpress\/ -->\n<title>Natural Heritage Links - D\u00fail sa D\u00falra<\/title>\n<meta name=\"robots\" content=\"index, follow, max-snippet:-1, max-image-preview:large, max-video-preview:-1\" \/>\n<link rel=\"canonical\" href=\"https:\/\/www.noticenature.ie\/ga\/eolas-faoi-duil-sa-dulra\/eagraiochtai-oidhreachta-nadurtha-fiadhulra\/natural-heritage-links\/\" \/>\n<meta property=\"og:locale\" content=\"ga_IE\" \/>\n<meta property=\"og:type\" content=\"article\" \/>\n<meta property=\"og:title\" content=\"Natural Heritage Links - D\u00fail sa D\u00falra\" \/>\n<meta property=\"og:description\" content=\"Some links related to Natural Heritage Birdwatch Ireland Coillte Faoin Sp\u00e9ir An Roinn Tith\u00edochta, Rialtais \u00c1iti\u00fail &amp; Oidhreachta Discover Ireland Irish Forest Service Scoileanna Glasa na h\u00c9ireann Heritage Ireland (OPW managed heritage sites in Ireland) Lough Key Forest &amp; Activity Park Malahide Castle &amp; Gardens An tIonad N\u00e1isi\u00fanta le Sonra\u00ed Bith\u00e9ags\u00falachta National Botanic Gardens National [&hellip;]\" \/>\n<meta property=\"og:url\" content=\"https:\/\/www.noticenature.ie\/ga\/eolas-faoi-duil-sa-dulra\/eagraiochtai-oidhreachta-nadurtha-fiadhulra\/natural-heritage-links\/\" \/>\n<meta property=\"og:site_name\" content=\"D\u00fail sa D\u00falra\" \/>\n<meta property=\"article:publisher\" content=\"https:\/\/www.facebook.com\/profile.php?id=100066240890743\" \/>\n<meta name=\"twitter:card\" content=\"summary_large_image\" \/>\n<meta name=\"twitter:site\" content=\"@Notice_Nature\" \/>\n<meta name=\"twitter:label1\" content=\"Est. reading time\" \/>\n\t<meta name=\"twitter:data1\" content=\"1 minute\" \/>\n<script type=\"application\/ld+json\" class=\"yoast-schema-graph\">{\"@context\":\"https:\\\/\\\/schema.org\",\"@graph\":[{\"@type\":\"WebPage\",\"@id\":\"https:\\\/\\\/www.noticenature.ie\\\/ga\\\/eolas-faoi-duil-sa-dulra\\\/eagraiochtai-oidhreachta-nadurtha-fiadhulra\\\/natural-heritage-links\\\/\",\"url\":\"https:\\\/\\\/www.noticenature.ie\\\/ga\\\/eolas-faoi-duil-sa-dulra\\\/eagraiochtai-oidhreachta-nadurtha-fiadhulra\\\/natural-heritage-links\\\/\",\"name\":\"Natural Heritage Links - D\u00fail sa D\u00falra\",\"isPartOf\":{\"@id\":\"https:\\\/\\\/www.noticenature.ie\\\/ga\\\/#website\"},\"datePublished\":\"2016-05-25T11:25:19+00:00\",\"breadcrumb\":{\"@id\":\"https:\\\/\\\/www.noticenature.ie\\\/ga\\\/eolas-faoi-duil-sa-dulra\\\/eagraiochtai-oidhreachta-nadurtha-fiadhulra\\\/natural-heritage-links\\\/#breadcrumb\"},\"inLanguage\":\"ga-IE\",\"potentialAction\":[{\"@type\":\"ReadAction\",\"target\":[\"https:\\\/\\\/www.noticenature.ie\\\/ga\\\/eolas-faoi-duil-sa-dulra\\\/eagraiochtai-oidhreachta-nadurtha-fiadhulra\\\/natural-heritage-links\\\/\"]}]},{\"@type\":\"BreadcrumbList\",\"@id\":\"https:\\\/\\\/www.noticenature.ie\\\/ga\\\/eolas-faoi-duil-sa-dulra\\\/eagraiochtai-oidhreachta-nadurtha-fiadhulra\\\/natural-heritage-links\\\/#breadcrumb\",\"itemListElement\":[{\"@type\":\"ListItem\",\"position\":1,\"name\":\"Home\",\"item\":\"https:\\\/\\\/www.noticenature.ie\\\/ga\\\/1600-2\\\/\"},{\"@type\":\"ListItem\",\"position\":2,\"name\":\"Maidir le D\u00fail sa D\u00falra\",\"item\":\"https:\\\/\\\/www.noticenature.ie\\\/ga\\\/eolas-faoi-duil-sa-dulra\\\/\"},{\"@type\":\"ListItem\",\"position\":3,\"name\":\"Eagra\u00edochta\u00ed Oidhreachta N\u00e1d\u00fartha &amp; Fiadh\u00falra\",\"item\":\"https:\\\/\\\/www.noticenature.ie\\\/ga\\\/eolas-faoi-duil-sa-dulra\\\/eagraiochtai-oidhreachta-nadurtha-fiadhulra\\\/\"},{\"@type\":\"ListItem\",\"position\":4,\"name\":\"Natural Heritage Links\"}]},{\"@type\":\"WebSite\",\"@id\":\"https:\\\/\\\/www.noticenature.ie\\\/ga\\\/#website\",\"url\":\"https:\\\/\\\/www.noticenature.ie\\\/ga\\\/\",\"name\":\"D\u00fail sa D\u00falra\",\"description\":\"Action on Biodiversity Loss\",\"potentialAction\":[{\"@type\":\"SearchAction\",\"target\":{\"@type\":\"EntryPoint\",\"urlTemplate\":\"https:\\\/\\\/www.noticenature.ie\\\/ga\\\/?s={search_term_string}\"},\"query-input\":{\"@type\":\"PropertyValueSpecification\",\"valueRequired\":true,\"valueName\":\"search_term_string\"}}],\"inLanguage\":\"ga-IE\"}]}<\/script>\n<!-- \/ Yoast SEO plugin. -->","yoast_head_json":{"title":"Natural Heritage Links - D\u00fail sa D\u00falra","robots":{"index":"index","follow":"follow","max-snippet":"max-snippet:-1","max-image-preview":"max-image-preview:large","max-video-preview":"max-video-preview:-1"},"canonical":"https:\/\/www.noticenature.ie\/ga\/eolas-faoi-duil-sa-dulra\/eagraiochtai-oidhreachta-nadurtha-fiadhulra\/natural-heritage-links\/","og_locale":"ga_IE","og_type":"article","og_title":"Natural Heritage Links - D\u00fail sa D\u00falra","og_description":"Some links related to Natural Heritage Birdwatch Ireland Coillte Faoin Sp\u00e9ir An Roinn Tith\u00edochta, Rialtais \u00c1iti\u00fail &amp; Oidhreachta Discover Ireland Irish Forest Service Scoileanna Glasa na h\u00c9ireann Heritage Ireland (OPW managed heritage sites in Ireland) Lough Key Forest &amp; Activity Park Malahide Castle &amp; Gardens An tIonad N\u00e1isi\u00fanta le Sonra\u00ed Bith\u00e9ags\u00falachta National Botanic Gardens National [&hellip;]","og_url":"https:\/\/www.noticenature.ie\/ga\/eolas-faoi-duil-sa-dulra\/eagraiochtai-oidhreachta-nadurtha-fiadhulra\/natural-heritage-links\/","og_site_name":"D\u00fail sa D\u00falra","article_publisher":"https:\/\/www.facebook.com\/profile.php?id=100066240890743","twitter_card":"summary_large_image","twitter_site":"@Notice_Nature","twitter_misc":{"Est. reading time":"1 minute"},"schema":{"@context":"https:\/\/schema.org","@graph":[{"@type":"WebPage","@id":"https:\/\/www.noticenature.ie\/ga\/eolas-faoi-duil-sa-dulra\/eagraiochtai-oidhreachta-nadurtha-fiadhulra\/natural-heritage-links\/","url":"https:\/\/www.noticenature.ie\/ga\/eolas-faoi-duil-sa-dulra\/eagraiochtai-oidhreachta-nadurtha-fiadhulra\/natural-heritage-links\/","name":"Natural Heritage Links - D\u00fail sa D\u00falra","isPartOf":{"@id":"https:\/\/www.noticenature.ie\/ga\/#website"},"datePublished":"2016-05-25T11:25:19+00:00","breadcrumb":{"@id":"https:\/\/www.noticenature.ie\/ga\/eolas-faoi-duil-sa-dulra\/eagraiochtai-oidhreachta-nadurtha-fiadhulra\/natural-heritage-links\/#breadcrumb"},"inLanguage":"ga-IE","potentialAction":[{"@type":"ReadAction","target":["https:\/\/www.noticenature.ie\/ga\/eolas-faoi-duil-sa-dulra\/eagraiochtai-oidhreachta-nadurtha-fiadhulra\/natural-heritage-links\/"]}]},{"@type":"BreadcrumbList","@id":"https:\/\/www.noticenature.ie\/ga\/eolas-faoi-duil-sa-dulra\/eagraiochtai-oidhreachta-nadurtha-fiadhulra\/natural-heritage-links\/#breadcrumb","itemListElement":[{"@type":"ListItem","position":1,"name":"Home","item":"https:\/\/www.noticenature.ie\/ga\/1600-2\/"},{"@type":"ListItem","position":2,"name":"Maidir le D\u00fail sa D\u00falra","item":"https:\/\/www.noticenature.ie\/ga\/eolas-faoi-duil-sa-dulra\/"},{"@type":"ListItem","position":3,"name":"Eagra\u00edochta\u00ed Oidhreachta N\u00e1d\u00fartha &amp; Fiadh\u00falra","item":"https:\/\/www.noticenature.ie\/ga\/eolas-faoi-duil-sa-dulra\/eagraiochtai-oidhreachta-nadurtha-fiadhulra\/"},{"@type":"ListItem","position":4,"name":"Natural Heritage Links"}]},{"@type":"WebSite","@id":"https:\/\/www.noticenature.ie\/ga\/#website","url":"https:\/\/www.noticenature.ie\/ga\/","name":"D\u00fail sa D\u00falra","description":"Action on Biodiversity Loss","potentialAction":[{"@type":"SearchAction","target":{"@type":"EntryPoint","urlTemplate":"https:\/\/www.noticenature.ie\/ga\/?s={search_term_string}"},"query-input":{"@type":"PropertyValueSpecification","valueRequired":true,"valueName":"search_term_string"}}],"inLanguage":"ga-IE"}]}},"_links":{"self":[{"href":"https:\/\/www.noticenature.ie\/ga\/wp-json\/wp\/v2\/pages\/1739","targetHints":{"allow":["GET"]}}],"collection":[{"href":"https:\/\/www.noticenature.ie\/ga\/wp-json\/wp\/v2\/pages"}],"about":[{"href":"https:\/\/www.noticenature.ie\/ga\/wp-json\/wp\/v2\/types\/page"}],"author":[{"embeddable":true,"href":"https:\/\/www.noticenature.ie\/ga\/wp-json\/wp\/v2\/users\/2"}],"replies":[{"embeddable":true,"href":"https:\/\/www.noticenature.ie\/ga\/wp-json\/wp\/v2\/comments?post=1739"}],"version-history":[{"count":0,"href":"https:\/\/www.noticenature.ie\/ga\/wp-json\/wp\/v2\/pages\/1739\/revisions"}],"up":[{"embeddable":true,"href":"https:\/\/www.noticenature.ie\/ga\/wp-json\/wp\/v2\/pages\/1738"}],"wp:attachment":[{"href":"https:\/\/www.noticenature.ie\/ga\/wp-json\/wp\/v2\/media?parent=1739"}],"curies":[{"name":"wp","href":"https:\/\/api.w.org\/{rel}","templated":true}]}}