{"id":1738,"date":"2016-05-25T09:55:25","date_gmt":"2016-05-25T09:55:25","guid":{"rendered":"https:\/\/www.noticenature.ie\/eolas-faoi-duil-sa-dulra\/eagraiochtai-oidhreachta-nadurtha-fiadhulra\/"},"modified":"2022-06-17T17:22:58","modified_gmt":"2022-06-17T17:22:58","slug":"eagraiochtai-oidhreachta-nadurtha-fiadhulra","status":"publish","type":"page","link":"https:\/\/www.noticenature.ie\/ga\/eolas-faoi-duil-sa-dulra\/eagraiochtai-oidhreachta-nadurtha-fiadhulra\/","title":{"rendered":"Eagra\u00edochta\u00ed Oidhreachta N\u00e1d\u00fartha &amp; Fiadh\u00falra"},"content":{"rendered":"\n<p>T\u00e1 an cl\u00e1r bith\u00e9ags\u00falachta D\u00fail sa D\u00falra \u00e1 riar ag an tSeirbh\u00eds P\u00e1irceanna N\u00e1isi\u00fanta agus Fiadh\u00falra sa Roinn Tith\u00edochta, Rialtais \u00c1iti\u00fail &amp; Oidhreachta. Is f\u00e9idir leat naisc a fh\u00e1il ann chuig roinnt eagra\u00edochta\u00ed agus gn\u00edomhaireachta\u00ed eile a bhfuil baint acu le tionscnaimh oidhreachta n\u00e1d\u00fartha in \u00c9irinn.<\/p>\n\n<div style=\"display: flex; justify-content: space-between; flex-wrap: wrap;\">\n\n<a href=\"https:\/\/www.cbd.int\/2011-2020\/\" title=\"Deich mBliana den Bhith\u00e9ags\u00falacht de chuid na NA, 2011-2020\" style=\"display: block;\"><div class=\"wp-caption alignnone\" style=\"width:150px; height:200px; display: inline-block; margin-right:10px\"><img loading=\"lazy\" decoding=\"async\" class=\"wp-image-445 size-thumbnail\" src=\"https:\/\/www.noticenature.ie\/wp-content\/uploads\/2015\/09\/UNDB-logo-SLIDER-150x118.jpg\" alt=\"\" width=\"150\" height=\"150\"\/>Deich mBliana den Bhith\u00e9ags\u00falacht de chuid na NA, 2011-2020<\/div><\/a>\n\n<a href=\"https:\/\/www.heritagecouncil.ie\/\" title=\"An Chomhairle Oidhreachta\" style=\"display: block;\"><div class=\"wp-caption alignnone\" style=\"width:150px; height:200px; display: inline-block; margin-right:10px\"><img loading=\"lazy\" decoding=\"async\" class=\"wp-image-445 size-thumbnail\" src=\"https:\/\/www.noticenature.ie\/wp-content\/uploads\/2016\/05\/heritage_council_logo-150x69.png\" alt=\"\" width=\"150\" height=\"150\"\/>An Chomhairle Oidhreachta<\/div><\/a>\n\n<a href=\"https:\/\/biodiversityireland.ie\/\" title=\"An tIonad N\u00e1isi\u00fanta le Sonra\u00ed Bith\u00e9ags\u00falachta\" style=\"display: block;\"><div class=\"wp-caption alignnone\" style=\"width:150px; height:200px; display: inline-block; margin-right:10px\"><img loading=\"lazy\" decoding=\"async\" class=\"wp-image-445 size-thumbnail\" src=\"https:\/\/www.noticenature.ie\/wp-content\/uploads\/2015\/09\/NBDC-Logo-with-tagline1-150x150.png\" alt=\"\" width=\"150\" height=\"150\"\/>An tIonad N\u00e1isi\u00fanta le Sonra\u00ed Bith\u00e9ags\u00falachta<\/div><\/a>\n\n<a href=\"http:\/\/www.coillteoutdoors.ie\/home\/\" title=\"Coillte Faoin Sp\u00e9ir\" style=\"display: block;\"><div class=\"wp-caption alignnone\" style=\"width:150px; height:200px; display: inline-block; margin-right:10px\"><img loading=\"lazy\" decoding=\"async\" class=\"wp-image-445 size-thumbnail\" src=\"https:\/\/www.noticenature.ie\/wp-content\/uploads\/2015\/09\/CoillteSLIDER-150x150.png\" alt=\"\" width=\"150\" height=\"150\"\/>Coillte Faoin Sp\u00e9ir<\/div><\/a>\n\n<a href=\"https:\/\/greenschoolsireland.org\/\" title=\"Scoileanna Glasa na h\u00c9ireann\" style=\"display: block;\"><div class=\"wp-caption alignnone\" style=\"width:150px; height:200px; display: inline-block; margin-right:10px\"><img loading=\"lazy\" decoding=\"async\" class=\"wp-image-445 size-thumbnail\" src=\"https:\/\/www.noticenature.ie\/wp-content\/uploads\/2015\/08\/GreenSchoollogo.jpg\" alt=\"\" width=\"150\" height=\"150\"\/>Scoileanna Glasa na h\u00c9ireann<\/div><\/a>\n\n<a href=\"http:\/\/www.irishtrails.ie\/\" title=\"Cos\u00e1in Si\u00fail in \u00c9irinn\" style=\"display: block;\"><div class=\"wp-caption alignnone\" style=\"width:150px; height:200px; display: inline-block; margin-right:10px\"><img loading=\"lazy\" decoding=\"async\" class=\"wp-image-445 size-thumbnail\" src=\"https:\/\/www.noticenature.ie\/wp-content\/uploads\/2015\/08\/Trailslogo-148x150.jpg\" alt=\"\" width=\"150\" height=\"150\"\/>Cos\u00e1in Si\u00fail in \u00c9irinn<\/div><\/a>\n\n<a href=\"http:\/\/www.woodlandsofireland.com\/\" title=\"Coillte \u00c9ireannacha\" style=\"display: block;\"><div class=\"wp-caption alignnone\" style=\"width:150px; height:200px; display: inline-block; margin-right:10px\"><img loading=\"lazy\" decoding=\"async\" class=\"wp-image-445 size-thumbnail\" src=\"https:\/\/www.noticenature.ie\/wp-content\/uploads\/2016\/05\/Ab003-150x150.jpg\" alt=\"\" width=\"150\" height=\"150\"\/>Coillte \u00c9ireannacha<\/div><\/a>\n\n<a href=\"http:\/\/www.askaboutireland.ie\/enfo\/\" title=\"Ask Ireland - An tSeirbh\u00eds Eolais Comhshaoil\" style=\"display: block;\"><div class=\"wp-caption alignnone\" style=\"width:150px; height:200px; display: inline-block; margin-right:10px\"><img loading=\"lazy\" decoding=\"async\" class=\"wp-image-445 size-thumbnail\" src=\"https:\/\/www.noticenature.ie\/wp-content\/uploads\/2016\/05\/enfo-points_2.png\" alt=\"\" width=\"150\" height=\"150\"\/>Ask Ireland &#8211; An tSeirbh\u00eds Eolais Comhshaoil<\/div><\/a>\n\n<\/div>\n","protected":false},"excerpt":{"rendered":"<p>T\u00e1 an cl\u00e1r bith\u00e9ags\u00falachta D\u00fail sa D\u00falra \u00e1 riar ag an tSeirbh\u00eds P\u00e1irceanna N\u00e1isi\u00fanta agus Fiadh\u00falra sa Roinn Tith\u00edochta, Rialtais \u00c1iti\u00fail &amp; Oidhreachta. Is f\u00e9idir leat naisc a fh\u00e1il ann chuig roinnt eagra\u00edochta\u00ed agus gn\u00edomhaireachta\u00ed eile a bhfuil baint acu le tionscnaimh oidhreachta n\u00e1d\u00fartha in \u00c9irinn. Deich mBliana den Bhith\u00e9ags\u00falacht de chuid na NA, 2011-2020 [&hellip;]<\/p>\n","protected":false},"author":2,"featured_media":0,"parent":1679,"menu_order":0,"comment_status":"closed","ping_status":"closed","template":"","meta":{"footnotes":""},"class_list":["post-1738","page","type-page","status-publish","hentry","post"],"yoast_head":"<!-- This site is optimized with the Yoast SEO plugin v27.3 - https:\/\/yoast.com\/product\/yoast-seo-wordpress\/ -->\n<title>Eagra\u00edochta\u00ed Oidhreachta N\u00e1d\u00fartha &amp; Fiadh\u00falra - D\u00fail sa D\u00falra<\/title>\n<meta name=\"robots\" content=\"index, follow, max-snippet:-1, max-image-preview:large, max-video-preview:-1\" \/>\n<link rel=\"canonical\" href=\"https:\/\/www.noticenature.ie\/ga\/eolas-faoi-duil-sa-dulra\/eagraiochtai-oidhreachta-nadurtha-fiadhulra\/\" \/>\n<meta property=\"og:locale\" content=\"ga_IE\" \/>\n<meta property=\"og:type\" content=\"article\" \/>\n<meta property=\"og:title\" content=\"Eagra\u00edochta\u00ed Oidhreachta N\u00e1d\u00fartha &amp; Fiadh\u00falra - D\u00fail sa D\u00falra\" \/>\n<meta property=\"og:description\" content=\"T\u00e1 an cl\u00e1r bith\u00e9ags\u00falachta D\u00fail sa D\u00falra \u00e1 riar ag an tSeirbh\u00eds P\u00e1irceanna N\u00e1isi\u00fanta agus Fiadh\u00falra sa Roinn Tith\u00edochta, Rialtais \u00c1iti\u00fail &amp; Oidhreachta. Is f\u00e9idir leat naisc a fh\u00e1il ann chuig roinnt eagra\u00edochta\u00ed agus gn\u00edomhaireachta\u00ed eile a bhfuil baint acu le tionscnaimh oidhreachta n\u00e1d\u00fartha in \u00c9irinn. Deich mBliana den Bhith\u00e9ags\u00falacht de chuid na NA, 2011-2020 [&hellip;]\" \/>\n<meta property=\"og:url\" content=\"https:\/\/www.noticenature.ie\/ga\/eolas-faoi-duil-sa-dulra\/eagraiochtai-oidhreachta-nadurtha-fiadhulra\/\" \/>\n<meta property=\"og:site_name\" content=\"D\u00fail sa D\u00falra\" \/>\n<meta property=\"article:publisher\" content=\"https:\/\/www.facebook.com\/profile.php?id=100066240890743\" \/>\n<meta property=\"article:modified_time\" content=\"2022-06-17T17:22:58+00:00\" \/>\n<meta property=\"og:image\" content=\"https:\/\/www.noticenature.ie\/wp-content\/uploads\/2015\/09\/UNDB-logo-SLIDER-150x118.jpg\" \/>\n<meta name=\"twitter:card\" content=\"summary_large_image\" \/>\n<meta name=\"twitter:site\" content=\"@Notice_Nature\" \/>\n<meta name=\"twitter:label1\" content=\"Est. reading time\" \/>\n\t<meta name=\"twitter:data1\" content=\"1 minute\" \/>\n<script type=\"application\/ld+json\" class=\"yoast-schema-graph\">{\"@context\":\"https:\\\/\\\/schema.org\",\"@graph\":[{\"@type\":\"WebPage\",\"@id\":\"https:\\\/\\\/www.noticenature.ie\\\/ga\\\/eolas-faoi-duil-sa-dulra\\\/eagraiochtai-oidhreachta-nadurtha-fiadhulra\\\/\",\"url\":\"https:\\\/\\\/www.noticenature.ie\\\/ga\\\/eolas-faoi-duil-sa-dulra\\\/eagraiochtai-oidhreachta-nadurtha-fiadhulra\\\/\",\"name\":\"Eagra\u00edochta\u00ed Oidhreachta N\u00e1d\u00fartha &amp; Fiadh\u00falra - D\u00fail sa D\u00falra\",\"isPartOf\":{\"@id\":\"https:\\\/\\\/www.noticenature.ie\\\/ga\\\/#website\"},\"primaryImageOfPage\":{\"@id\":\"https:\\\/\\\/www.noticenature.ie\\\/ga\\\/eolas-faoi-duil-sa-dulra\\\/eagraiochtai-oidhreachta-nadurtha-fiadhulra\\\/#primaryimage\"},\"image\":{\"@id\":\"https:\\\/\\\/www.noticenature.ie\\\/ga\\\/eolas-faoi-duil-sa-dulra\\\/eagraiochtai-oidhreachta-nadurtha-fiadhulra\\\/#primaryimage\"},\"thumbnailUrl\":\"https:\\\/\\\/www.noticenature.ie\\\/wp-content\\\/uploads\\\/2015\\\/09\\\/UNDB-logo-SLIDER-150x118.jpg\",\"datePublished\":\"2016-05-25T09:55:25+00:00\",\"dateModified\":\"2022-06-17T17:22:58+00:00\",\"breadcrumb\":{\"@id\":\"https:\\\/\\\/www.noticenature.ie\\\/ga\\\/eolas-faoi-duil-sa-dulra\\\/eagraiochtai-oidhreachta-nadurtha-fiadhulra\\\/#breadcrumb\"},\"inLanguage\":\"ga-IE\",\"potentialAction\":[{\"@type\":\"ReadAction\",\"target\":[\"https:\\\/\\\/www.noticenature.ie\\\/ga\\\/eolas-faoi-duil-sa-dulra\\\/eagraiochtai-oidhreachta-nadurtha-fiadhulra\\\/\"]}]},{\"@type\":\"ImageObject\",\"inLanguage\":\"ga-IE\",\"@id\":\"https:\\\/\\\/www.noticenature.ie\\\/ga\\\/eolas-faoi-duil-sa-dulra\\\/eagraiochtai-oidhreachta-nadurtha-fiadhulra\\\/#primaryimage\",\"url\":\"https:\\\/\\\/www.noticenature.ie\\\/wp-content\\\/uploads\\\/2015\\\/09\\\/UNDB-logo-SLIDER-150x118.jpg\",\"contentUrl\":\"https:\\\/\\\/www.noticenature.ie\\\/wp-content\\\/uploads\\\/2015\\\/09\\\/UNDB-logo-SLIDER-150x118.jpg\"},{\"@type\":\"BreadcrumbList\",\"@id\":\"https:\\\/\\\/www.noticenature.ie\\\/ga\\\/eolas-faoi-duil-sa-dulra\\\/eagraiochtai-oidhreachta-nadurtha-fiadhulra\\\/#breadcrumb\",\"itemListElement\":[{\"@type\":\"ListItem\",\"position\":1,\"name\":\"Home\",\"item\":\"https:\\\/\\\/www.noticenature.ie\\\/ga\\\/1600-2\\\/\"},{\"@type\":\"ListItem\",\"position\":2,\"name\":\"Maidir le D\u00fail sa D\u00falra\",\"item\":\"https:\\\/\\\/www.noticenature.ie\\\/ga\\\/eolas-faoi-duil-sa-dulra\\\/\"},{\"@type\":\"ListItem\",\"position\":3,\"name\":\"Eagra\u00edochta\u00ed Oidhreachta N\u00e1d\u00fartha &amp; Fiadh\u00falra\"}]},{\"@type\":\"WebSite\",\"@id\":\"https:\\\/\\\/www.noticenature.ie\\\/ga\\\/#website\",\"url\":\"https:\\\/\\\/www.noticenature.ie\\\/ga\\\/\",\"name\":\"D\u00fail sa D\u00falra\",\"description\":\"Action on Biodiversity Loss\",\"potentialAction\":[{\"@type\":\"SearchAction\",\"target\":{\"@type\":\"EntryPoint\",\"urlTemplate\":\"https:\\\/\\\/www.noticenature.ie\\\/ga\\\/?s={search_term_string}\"},\"query-input\":{\"@type\":\"PropertyValueSpecification\",\"valueRequired\":true,\"valueName\":\"search_term_string\"}}],\"inLanguage\":\"ga-IE\"}]}<\/script>\n<!-- \/ Yoast SEO plugin. -->","yoast_head_json":{"title":"Eagra\u00edochta\u00ed Oidhreachta N\u00e1d\u00fartha &amp; Fiadh\u00falra - D\u00fail sa D\u00falra","robots":{"index":"index","follow":"follow","max-snippet":"max-snippet:-1","max-image-preview":"max-image-preview:large","max-video-preview":"max-video-preview:-1"},"canonical":"https:\/\/www.noticenature.ie\/ga\/eolas-faoi-duil-sa-dulra\/eagraiochtai-oidhreachta-nadurtha-fiadhulra\/","og_locale":"ga_IE","og_type":"article","og_title":"Eagra\u00edochta\u00ed Oidhreachta N\u00e1d\u00fartha &amp; Fiadh\u00falra - D\u00fail sa D\u00falra","og_description":"T\u00e1 an cl\u00e1r bith\u00e9ags\u00falachta D\u00fail sa D\u00falra \u00e1 riar ag an tSeirbh\u00eds P\u00e1irceanna N\u00e1isi\u00fanta agus Fiadh\u00falra sa Roinn Tith\u00edochta, Rialtais \u00c1iti\u00fail &amp; Oidhreachta. Is f\u00e9idir leat naisc a fh\u00e1il ann chuig roinnt eagra\u00edochta\u00ed agus gn\u00edomhaireachta\u00ed eile a bhfuil baint acu le tionscnaimh oidhreachta n\u00e1d\u00fartha in \u00c9irinn. Deich mBliana den Bhith\u00e9ags\u00falacht de chuid na NA, 2011-2020 [&hellip;]","og_url":"https:\/\/www.noticenature.ie\/ga\/eolas-faoi-duil-sa-dulra\/eagraiochtai-oidhreachta-nadurtha-fiadhulra\/","og_site_name":"D\u00fail sa D\u00falra","article_publisher":"https:\/\/www.facebook.com\/profile.php?id=100066240890743","article_modified_time":"2022-06-17T17:22:58+00:00","og_image":[{"url":"https:\/\/www.noticenature.ie\/wp-content\/uploads\/2015\/09\/UNDB-logo-SLIDER-150x118.jpg","type":"","width":"","height":""}],"twitter_card":"summary_large_image","twitter_site":"@Notice_Nature","twitter_misc":{"Est. reading time":"1 minute"},"schema":{"@context":"https:\/\/schema.org","@graph":[{"@type":"WebPage","@id":"https:\/\/www.noticenature.ie\/ga\/eolas-faoi-duil-sa-dulra\/eagraiochtai-oidhreachta-nadurtha-fiadhulra\/","url":"https:\/\/www.noticenature.ie\/ga\/eolas-faoi-duil-sa-dulra\/eagraiochtai-oidhreachta-nadurtha-fiadhulra\/","name":"Eagra\u00edochta\u00ed Oidhreachta N\u00e1d\u00fartha &amp; Fiadh\u00falra - D\u00fail sa D\u00falra","isPartOf":{"@id":"https:\/\/www.noticenature.ie\/ga\/#website"},"primaryImageOfPage":{"@id":"https:\/\/www.noticenature.ie\/ga\/eolas-faoi-duil-sa-dulra\/eagraiochtai-oidhreachta-nadurtha-fiadhulra\/#primaryimage"},"image":{"@id":"https:\/\/www.noticenature.ie\/ga\/eolas-faoi-duil-sa-dulra\/eagraiochtai-oidhreachta-nadurtha-fiadhulra\/#primaryimage"},"thumbnailUrl":"https:\/\/www.noticenature.ie\/wp-content\/uploads\/2015\/09\/UNDB-logo-SLIDER-150x118.jpg","datePublished":"2016-05-25T09:55:25+00:00","dateModified":"2022-06-17T17:22:58+00:00","breadcrumb":{"@id":"https:\/\/www.noticenature.ie\/ga\/eolas-faoi-duil-sa-dulra\/eagraiochtai-oidhreachta-nadurtha-fiadhulra\/#breadcrumb"},"inLanguage":"ga-IE","potentialAction":[{"@type":"ReadAction","target":["https:\/\/www.noticenature.ie\/ga\/eolas-faoi-duil-sa-dulra\/eagraiochtai-oidhreachta-nadurtha-fiadhulra\/"]}]},{"@type":"ImageObject","inLanguage":"ga-IE","@id":"https:\/\/www.noticenature.ie\/ga\/eolas-faoi-duil-sa-dulra\/eagraiochtai-oidhreachta-nadurtha-fiadhulra\/#primaryimage","url":"https:\/\/www.noticenature.ie\/wp-content\/uploads\/2015\/09\/UNDB-logo-SLIDER-150x118.jpg","contentUrl":"https:\/\/www.noticenature.ie\/wp-content\/uploads\/2015\/09\/UNDB-logo-SLIDER-150x118.jpg"},{"@type":"BreadcrumbList","@id":"https:\/\/www.noticenature.ie\/ga\/eolas-faoi-duil-sa-dulra\/eagraiochtai-oidhreachta-nadurtha-fiadhulra\/#breadcrumb","itemListElement":[{"@type":"ListItem","position":1,"name":"Home","item":"https:\/\/www.noticenature.ie\/ga\/1600-2\/"},{"@type":"ListItem","position":2,"name":"Maidir le D\u00fail sa D\u00falra","item":"https:\/\/www.noticenature.ie\/ga\/eolas-faoi-duil-sa-dulra\/"},{"@type":"ListItem","position":3,"name":"Eagra\u00edochta\u00ed Oidhreachta N\u00e1d\u00fartha &amp; Fiadh\u00falra"}]},{"@type":"WebSite","@id":"https:\/\/www.noticenature.ie\/ga\/#website","url":"https:\/\/www.noticenature.ie\/ga\/","name":"D\u00fail sa D\u00falra","description":"Action on Biodiversity Loss","potentialAction":[{"@type":"SearchAction","target":{"@type":"EntryPoint","urlTemplate":"https:\/\/www.noticenature.ie\/ga\/?s={search_term_string}"},"query-input":{"@type":"PropertyValueSpecification","valueRequired":true,"valueName":"search_term_string"}}],"inLanguage":"ga-IE"}]}},"_links":{"self":[{"href":"https:\/\/www.noticenature.ie\/ga\/wp-json\/wp\/v2\/pages\/1738","targetHints":{"allow":["GET"]}}],"collection":[{"href":"https:\/\/www.noticenature.ie\/ga\/wp-json\/wp\/v2\/pages"}],"about":[{"href":"https:\/\/www.noticenature.ie\/ga\/wp-json\/wp\/v2\/types\/page"}],"author":[{"embeddable":true,"href":"https:\/\/www.noticenature.ie\/ga\/wp-json\/wp\/v2\/users\/2"}],"replies":[{"embeddable":true,"href":"https:\/\/www.noticenature.ie\/ga\/wp-json\/wp\/v2\/comments?post=1738"}],"version-history":[{"count":2,"href":"https:\/\/www.noticenature.ie\/ga\/wp-json\/wp\/v2\/pages\/1738\/revisions"}],"predecessor-version":[{"id":1863,"href":"https:\/\/www.noticenature.ie\/ga\/wp-json\/wp\/v2\/pages\/1738\/revisions\/1863"}],"up":[{"embeddable":true,"href":"https:\/\/www.noticenature.ie\/ga\/wp-json\/wp\/v2\/pages\/1679"}],"wp:attachment":[{"href":"https:\/\/www.noticenature.ie\/ga\/wp-json\/wp\/v2\/media?parent=1738"}],"curies":[{"name":"wp","href":"https:\/\/api.w.org\/{rel}","templated":true}]}}