{"id":1737,"date":"2015-09-03T14:43:28","date_gmt":"2015-09-03T14:43:28","guid":{"rendered":"https:\/\/www.noticenature.ie\/oideachas\/speicis-choimhthiocha-ionracha\/"},"modified":"2022-06-17T17:38:04","modified_gmt":"2022-06-17T17:38:04","slug":"speicis-choimhthiocha-ionracha","status":"publish","type":"page","link":"https:\/\/www.noticenature.ie\/ga\/oideachas\/speicis-choimhthiocha-ionracha\/","title":{"rendered":"Speicis Choimhth\u00edocha Ionracha"},"content":{"rendered":"\n<p><strong>T\u00e1 speicis choimhth\u00edocha ionracha ar an dara baol is m\u00f3 do ch\u00farsa\u00ed bith\u00e9ags\u00falachta ar fud an domhain, i ndiaidh scriosadh gn\u00e1th\u00f3ige. <\/strong><\/p>\n\n<p>Tr\u00ed D\u00fail sa D\u00falra t\u00e1 s\u00e9 i gceist ag an tSeirbh\u00eds P\u00e1irceanna N\u00e1isi\u00fanta agus Fiadh\u00falra i gcomhar le <a href=\"http:\/\/www.invasivespeciesireland.com\/\" target=\"_blank\" rel=\"noopener\">Speicis Ionracha \u00c9ireann<\/a> feasacht a ard\u00fa faoin gceist seo agus daoine a spreagadh p\u00e1irt a ghlacadh sa troid i gcoinne speicis choimhth\u00edocha ionracha na h\u00c9ireann.<\/p>\n\n<h3 class=\"wp-block-heading\">Cad is speicis choimhth\u00edocha ionracha ann?<\/h3>\n\n<p>Is speicis neamhdh\u00fachasacha iad speicis choimhth\u00edocha ionracha a thugtar n\u00edos faide n\u00e1 mar a bhf\u00e9adfadh siad taisteal \u00f3 n\u00e1d\u00far mar gheall ar ghn\u00edomha\u00edochta\u00ed an duine agus a chuireann isteach ina dhiaidh sin ar na timpeallachta\u00ed nua ina nd\u00e9anann siad coil\u00edni\u00fa.<\/p>\n\n<p>D\u2019fh\u00e9adfadh speicis choimhth\u00edocha a bheith in aon ghr\u00fapa org\u00e1nach, lena n-\u00e1ir\u00edtear \u00e9in, mamaigh, reipt\u00edl\u00ed, amfaibiaigh, miocrorg\u00e1naigh agus inveirteabraigh.<\/p>\n\n<p>B\u00edonn drochthionchar ag speicis choimhth\u00edocha ionracha ar bhith\u00e9ags\u00falacht na h\u00c9ireann, d\u00e9antar sin tr\u00ed choimhlint, luibheoireacht, creach\u00f3ireacht, athr\u00fa gn\u00e1th\u00f3ige, sead\u00e1in n\u00f3 pataigin\u00ed a thabhairt isteach agus lag\u00fa linn na ng\u00e9inte.<\/p>\n\n<p>Is f\u00e9idir tuilleadh eolais a fh\u00e1il ar l\u00e1ithre\u00e1n gr\u00e9as\u00e1in Iontaobhais <a title=\"Iascaigh Int&#xED;re\" href=\"http:\/\/www.fisheriesireland.ie\/Invasive-Species\/invasive-species.html\" target=\"_blank\" rel=\"noopener\">Iascaigh Int\u00edre<\/a>.<\/p>\n\n<p>T\u00e1 aip curtha le ch\u00e9ile ag an Aontas Eorpach chun spreagadh a thabhairt do dhaoine speicis choimhth\u00edocha ionracha a thaifeadadh ar a ngairis mh\u00f3ib\u00edleacha. Is f\u00e9idir an aip a fh\u00e1il ar ghairis <a href=\"https:\/\/play.google.com\/store\/apps\/details?id=eu.europa.publications.mygeossias\" target=\"_blank\" rel=\"noopener\">Android<\/a> agus <a href=\"https:\/\/itunes.apple.com\/us\/app\/invasive-alien-species-in\/id1117811993?mt=8\" target=\"_blank\" rel=\"noopener\">Apple IOS <\/a>\u00f3 shiopa\u00ed aipeanna faoi seach.<\/p>\n","protected":false},"excerpt":{"rendered":"<p>T\u00e1 speicis choimhth\u00edocha ionracha ar an dara baol is m\u00f3 do ch\u00farsa\u00ed bith\u00e9ags\u00falachta ar fud an domhain, i ndiaidh scriosadh gn\u00e1th\u00f3ige. Tr\u00ed D\u00fail sa D\u00falra t\u00e1 s\u00e9 i gceist ag an tSeirbh\u00eds P\u00e1irceanna N\u00e1isi\u00fanta agus Fiadh\u00falra i gcomhar le Speicis Ionracha \u00c9ireann feasacht a ard\u00fa faoin gceist seo agus daoine a spreagadh p\u00e1irt a ghlacadh [&hellip;]<\/p>\n","protected":false},"author":2,"featured_media":0,"parent":1635,"menu_order":5,"comment_status":"closed","ping_status":"closed","template":"","meta":{"footnotes":""},"class_list":["post-1737","page","type-page","status-publish","hentry","post"],"yoast_head":"<!-- This site is optimized with the Yoast SEO plugin v27.3 - https:\/\/yoast.com\/product\/yoast-seo-wordpress\/ -->\n<title>Speicis Choimhth\u00edocha Ionracha - D\u00fail sa D\u00falra<\/title>\n<meta name=\"robots\" content=\"index, follow, max-snippet:-1, max-image-preview:large, max-video-preview:-1\" \/>\n<link rel=\"canonical\" href=\"https:\/\/www.noticenature.ie\/ga\/oideachas\/speicis-choimhthiocha-ionracha\/\" \/>\n<meta property=\"og:locale\" content=\"ga_IE\" \/>\n<meta property=\"og:type\" content=\"article\" \/>\n<meta property=\"og:title\" content=\"Speicis Choimhth\u00edocha Ionracha - D\u00fail sa D\u00falra\" \/>\n<meta property=\"og:description\" content=\"T\u00e1 speicis choimhth\u00edocha ionracha ar an dara baol is m\u00f3 do ch\u00farsa\u00ed bith\u00e9ags\u00falachta ar fud an domhain, i ndiaidh scriosadh gn\u00e1th\u00f3ige. Tr\u00ed D\u00fail sa D\u00falra t\u00e1 s\u00e9 i gceist ag an tSeirbh\u00eds P\u00e1irceanna N\u00e1isi\u00fanta agus Fiadh\u00falra i gcomhar le Speicis Ionracha \u00c9ireann feasacht a ard\u00fa faoin gceist seo agus daoine a spreagadh p\u00e1irt a ghlacadh [&hellip;]\" \/>\n<meta property=\"og:url\" content=\"https:\/\/www.noticenature.ie\/ga\/oideachas\/speicis-choimhthiocha-ionracha\/\" \/>\n<meta property=\"og:site_name\" content=\"D\u00fail sa D\u00falra\" \/>\n<meta property=\"article:publisher\" content=\"https:\/\/www.facebook.com\/profile.php?id=100066240890743\" \/>\n<meta property=\"article:modified_time\" content=\"2022-06-17T17:38:04+00:00\" \/>\n<meta name=\"twitter:card\" content=\"summary_large_image\" \/>\n<meta name=\"twitter:site\" content=\"@Notice_Nature\" \/>\n<meta name=\"twitter:label1\" content=\"Est. reading time\" \/>\n\t<meta name=\"twitter:data1\" content=\"1 minute\" \/>\n<script type=\"application\/ld+json\" class=\"yoast-schema-graph\">{\"@context\":\"https:\\\/\\\/schema.org\",\"@graph\":[{\"@type\":\"WebPage\",\"@id\":\"https:\\\/\\\/www.noticenature.ie\\\/ga\\\/oideachas\\\/speicis-choimhthiocha-ionracha\\\/\",\"url\":\"https:\\\/\\\/www.noticenature.ie\\\/ga\\\/oideachas\\\/speicis-choimhthiocha-ionracha\\\/\",\"name\":\"Speicis Choimhth\u00edocha Ionracha - D\u00fail sa D\u00falra\",\"isPartOf\":{\"@id\":\"https:\\\/\\\/www.noticenature.ie\\\/ga\\\/#website\"},\"datePublished\":\"2015-09-03T14:43:28+00:00\",\"dateModified\":\"2022-06-17T17:38:04+00:00\",\"breadcrumb\":{\"@id\":\"https:\\\/\\\/www.noticenature.ie\\\/ga\\\/oideachas\\\/speicis-choimhthiocha-ionracha\\\/#breadcrumb\"},\"inLanguage\":\"ga-IE\",\"potentialAction\":[{\"@type\":\"ReadAction\",\"target\":[\"https:\\\/\\\/www.noticenature.ie\\\/ga\\\/oideachas\\\/speicis-choimhthiocha-ionracha\\\/\"]}]},{\"@type\":\"BreadcrumbList\",\"@id\":\"https:\\\/\\\/www.noticenature.ie\\\/ga\\\/oideachas\\\/speicis-choimhthiocha-ionracha\\\/#breadcrumb\",\"itemListElement\":[{\"@type\":\"ListItem\",\"position\":1,\"name\":\"Home\",\"item\":\"https:\\\/\\\/www.noticenature.ie\\\/ga\\\/1600-2\\\/\"},{\"@type\":\"ListItem\",\"position\":2,\"name\":\"Oideachas\",\"item\":\"https:\\\/\\\/www.noticenature.ie\\\/ga\\\/oideachas\\\/\"},{\"@type\":\"ListItem\",\"position\":3,\"name\":\"Speicis Choimhth\u00edocha Ionracha\"}]},{\"@type\":\"WebSite\",\"@id\":\"https:\\\/\\\/www.noticenature.ie\\\/ga\\\/#website\",\"url\":\"https:\\\/\\\/www.noticenature.ie\\\/ga\\\/\",\"name\":\"D\u00fail sa D\u00falra\",\"description\":\"Action on Biodiversity Loss\",\"potentialAction\":[{\"@type\":\"SearchAction\",\"target\":{\"@type\":\"EntryPoint\",\"urlTemplate\":\"https:\\\/\\\/www.noticenature.ie\\\/ga\\\/?s={search_term_string}\"},\"query-input\":{\"@type\":\"PropertyValueSpecification\",\"valueRequired\":true,\"valueName\":\"search_term_string\"}}],\"inLanguage\":\"ga-IE\"}]}<\/script>\n<!-- \/ Yoast SEO plugin. -->","yoast_head_json":{"title":"Speicis Choimhth\u00edocha Ionracha - D\u00fail sa D\u00falra","robots":{"index":"index","follow":"follow","max-snippet":"max-snippet:-1","max-image-preview":"max-image-preview:large","max-video-preview":"max-video-preview:-1"},"canonical":"https:\/\/www.noticenature.ie\/ga\/oideachas\/speicis-choimhthiocha-ionracha\/","og_locale":"ga_IE","og_type":"article","og_title":"Speicis Choimhth\u00edocha Ionracha - D\u00fail sa D\u00falra","og_description":"T\u00e1 speicis choimhth\u00edocha ionracha ar an dara baol is m\u00f3 do ch\u00farsa\u00ed bith\u00e9ags\u00falachta ar fud an domhain, i ndiaidh scriosadh gn\u00e1th\u00f3ige. Tr\u00ed D\u00fail sa D\u00falra t\u00e1 s\u00e9 i gceist ag an tSeirbh\u00eds P\u00e1irceanna N\u00e1isi\u00fanta agus Fiadh\u00falra i gcomhar le Speicis Ionracha \u00c9ireann feasacht a ard\u00fa faoin gceist seo agus daoine a spreagadh p\u00e1irt a ghlacadh [&hellip;]","og_url":"https:\/\/www.noticenature.ie\/ga\/oideachas\/speicis-choimhthiocha-ionracha\/","og_site_name":"D\u00fail sa D\u00falra","article_publisher":"https:\/\/www.facebook.com\/profile.php?id=100066240890743","article_modified_time":"2022-06-17T17:38:04+00:00","twitter_card":"summary_large_image","twitter_site":"@Notice_Nature","twitter_misc":{"Est. reading time":"1 minute"},"schema":{"@context":"https:\/\/schema.org","@graph":[{"@type":"WebPage","@id":"https:\/\/www.noticenature.ie\/ga\/oideachas\/speicis-choimhthiocha-ionracha\/","url":"https:\/\/www.noticenature.ie\/ga\/oideachas\/speicis-choimhthiocha-ionracha\/","name":"Speicis Choimhth\u00edocha Ionracha - D\u00fail sa D\u00falra","isPartOf":{"@id":"https:\/\/www.noticenature.ie\/ga\/#website"},"datePublished":"2015-09-03T14:43:28+00:00","dateModified":"2022-06-17T17:38:04+00:00","breadcrumb":{"@id":"https:\/\/www.noticenature.ie\/ga\/oideachas\/speicis-choimhthiocha-ionracha\/#breadcrumb"},"inLanguage":"ga-IE","potentialAction":[{"@type":"ReadAction","target":["https:\/\/www.noticenature.ie\/ga\/oideachas\/speicis-choimhthiocha-ionracha\/"]}]},{"@type":"BreadcrumbList","@id":"https:\/\/www.noticenature.ie\/ga\/oideachas\/speicis-choimhthiocha-ionracha\/#breadcrumb","itemListElement":[{"@type":"ListItem","position":1,"name":"Home","item":"https:\/\/www.noticenature.ie\/ga\/1600-2\/"},{"@type":"ListItem","position":2,"name":"Oideachas","item":"https:\/\/www.noticenature.ie\/ga\/oideachas\/"},{"@type":"ListItem","position":3,"name":"Speicis Choimhth\u00edocha Ionracha"}]},{"@type":"WebSite","@id":"https:\/\/www.noticenature.ie\/ga\/#website","url":"https:\/\/www.noticenature.ie\/ga\/","name":"D\u00fail sa D\u00falra","description":"Action on Biodiversity Loss","potentialAction":[{"@type":"SearchAction","target":{"@type":"EntryPoint","urlTemplate":"https:\/\/www.noticenature.ie\/ga\/?s={search_term_string}"},"query-input":{"@type":"PropertyValueSpecification","valueRequired":true,"valueName":"search_term_string"}}],"inLanguage":"ga-IE"}]}},"_links":{"self":[{"href":"https:\/\/www.noticenature.ie\/ga\/wp-json\/wp\/v2\/pages\/1737","targetHints":{"allow":["GET"]}}],"collection":[{"href":"https:\/\/www.noticenature.ie\/ga\/wp-json\/wp\/v2\/pages"}],"about":[{"href":"https:\/\/www.noticenature.ie\/ga\/wp-json\/wp\/v2\/types\/page"}],"author":[{"embeddable":true,"href":"https:\/\/www.noticenature.ie\/ga\/wp-json\/wp\/v2\/users\/2"}],"replies":[{"embeddable":true,"href":"https:\/\/www.noticenature.ie\/ga\/wp-json\/wp\/v2\/comments?post=1737"}],"version-history":[{"count":4,"href":"https:\/\/www.noticenature.ie\/ga\/wp-json\/wp\/v2\/pages\/1737\/revisions"}],"predecessor-version":[{"id":1915,"href":"https:\/\/www.noticenature.ie\/ga\/wp-json\/wp\/v2\/pages\/1737\/revisions\/1915"}],"up":[{"embeddable":true,"href":"https:\/\/www.noticenature.ie\/ga\/wp-json\/wp\/v2\/pages\/1635"}],"wp:attachment":[{"href":"https:\/\/www.noticenature.ie\/ga\/wp-json\/wp\/v2\/media?parent=1737"}],"curies":[{"name":"wp","href":"https:\/\/api.w.org\/{rel}","templated":true}]}}