{"id":1736,"date":"2016-06-22T13:32:59","date_gmt":"2016-06-22T13:32:59","guid":{"rendered":"https:\/\/www.noticenature.ie\/eolas-faoi-duil-sa-dulra\/ceard-de-a-bhfuil-bitheagsulacht-na-heireann-deanta-suas\/eagsulacht-gnathoga\/tailte-fearaigh\/ceard-is-feidir-liom-a-dheanamh-chun-bitheagsulacht-na-dtailte-fearaigh-a-chosaint\/"},"modified":"2022-06-17T17:23:56","modified_gmt":"2022-06-17T17:23:56","slug":"ceard-is-feidir-liom-a-dheanamh-chun-bitheagsulacht-na-dtailte-fearaigh-a-chosaint","status":"publish","type":"page","link":"https:\/\/www.noticenature.ie\/ga\/eolas-faoi-duil-sa-dulra\/ceard-de-a-bhfuil-bitheagsulacht-na-heireann-deanta-suas\/eagsulacht-gnathoga\/tailte-fearaigh\/ceard-is-feidir-liom-a-dheanamh-chun-bitheagsulacht-na-dtailte-fearaigh-a-chosaint\/","title":{"rendered":"C\u00e9ard is f\u00e9idir liom a dh\u00e9anamh chun Bith\u00e9ags\u00falacht na dTailte F\u00e9araigh a chosaint?"},"content":{"rendered":"\n<ul class=\"wp-block-list\"><li>F\u00e1g beag\u00e1n fi\u00e1ntais i do ghaird\u00edn! T\u00e9igh do bhealach f\u00e9in agus seachain na faich\u00ed glasa, gan fiail\u00ed at\u00e1 bearrtha go n\u00e9ata (a dteasta\u00edonn go leor leasach\u00e1in agus fiailnimhe uathu) n\u00f3 dromchla\u00ed i do ghaird\u00edn nach mb\u00edonn m\u00f3r\u00e1n aire le tabhairt d\u00f3ibh, roghnaigh gaird\u00edn bl\u00e1thanna fi\u00e1ine nach mb\u00edonn m\u00f3r\u00e1n le d\u00e9anamh leis. B\u00ed cinnte go bhfaigheann t\u00fa na s\u00edolta go h\u00e1iti\u00fail. Labhair le Seed Savers faoi d\u00edolt\u00f3ir\u00ed ceadaithe.<\/li><li>M\u00e1s i mbun feirmeoireachta at\u00e1 t\u00fa, clo\u00ed le Dea-Chleachtas Feirmeoireachta agus m\u00e1 bh\u00edonn t\u00fa i mbun feirmeoireachta laistigh de limist\u00e9ir faoi chosaint, pl\u00e9igh bainisti\u00fa feirme le do mhaor fiadh\u00falra \u00e1iti\u00fail chun teacht ar ch\u00f3ras a oireann duitse agus don fhiadh\u00falra!<\/li><li>Smaoinigh ar chl\u00e1r\u00fa do REPS, an Sc\u00e9im um Chosaint na Timpeallachta Tuaithe. T\u00e9igh chuig <a href=\"http:\/\/www.agriculture.gov.ie\/farmerschemespayments\/ruralenvironmentprotectionschemereps\/\">http:\/\/www.agriculture.gov.ie\/<\/a> chun sonra\u00ed a fh\u00e1il.<\/li><li>F\u00e1g str\u00e1ic\u00ed fiadh\u00falra le himeall gort.<\/li><li>D\u00e9an gn\u00e9ithe sa t\u00edrdhreach amhail cla\u00edocha cloiche, crainn agus f\u00e1lta sceach a cheili\u00faradh. N\u00ed hamh\u00e1in go gcuirfidh siad gn\u00e9 fh\u00edsi\u00fail dhearfach leis an t\u00edrdhreach, cuirfidh siad gn\u00e1th\u00f3ga \u00e9ags\u00fala ar f\u00e1il a chuirfidh le h\u00e9ags\u00falacht na bplanda\u00ed agus na n-ainmhithe.<\/li><li>Sa ch\u00e1s go gcaillfear talamh f\u00e9araigh at\u00e1 l\u00e1n de speicis de bharr obair th\u00f3g\u00e1la, bailigh s\u00edolta agus scraitheanna agus cruthaigh gn\u00e1th\u00f3g d\u00e1 leith\u00e9id in aice l\u00e1imhe.<\/li><li>Coinnigh str\u00e1ic\u00ed feadh bruacha aibhneacha chun a chinnti\u00fa go gcoinn\u00edtear conair fhiadh\u00falra.<\/li><\/ul>\n\n<p><em>Ar ais chuig <a href=\"https:\/\/www.noticenature.ie\/ga\/eolas-faoi-duil-sa-dulra\/ceard-de-a-bhfuil-bitheagsulacht-na-heireann-deanta-suas\/eagsulacht-gnathoga\/\">an gcl\u00e1r \u00c9ags\u00falacht Gn\u00e1th\u00f3g<\/a><\/em><\/p>\n","protected":false},"excerpt":{"rendered":"<p>F\u00e1g beag\u00e1n fi\u00e1ntais i do ghaird\u00edn! T\u00e9igh do bhealach f\u00e9in agus seachain na faich\u00ed glasa, gan fiail\u00ed at\u00e1 bearrtha go n\u00e9ata (a dteasta\u00edonn go leor leasach\u00e1in agus fiailnimhe uathu) n\u00f3 dromchla\u00ed i do ghaird\u00edn nach mb\u00edonn m\u00f3r\u00e1n aire le tabhairt d\u00f3ibh, roghnaigh gaird\u00edn bl\u00e1thanna fi\u00e1ine nach mb\u00edonn m\u00f3r\u00e1n le d\u00e9anamh leis. B\u00ed cinnte go bhfaigheann [&hellip;]<\/p>\n","protected":false},"author":2,"featured_media":0,"parent":1735,"menu_order":0,"comment_status":"closed","ping_status":"closed","template":"","meta":{"footnotes":""},"class_list":["post-1736","page","type-page","status-publish","hentry","post"],"yoast_head":"<!-- This site is optimized with the Yoast SEO plugin v27.3 - https:\/\/yoast.com\/product\/yoast-seo-wordpress\/ -->\n<title>C\u00e9ard is f\u00e9idir liom a dh\u00e9anamh chun Bith\u00e9ags\u00falacht na dTailte F\u00e9araigh a chosaint? - D\u00fail sa D\u00falra<\/title>\n<meta name=\"robots\" content=\"index, follow, max-snippet:-1, max-image-preview:large, max-video-preview:-1\" \/>\n<link rel=\"canonical\" href=\"https:\/\/www.noticenature.ie\/ga\/eolas-faoi-duil-sa-dulra\/ceard-de-a-bhfuil-bitheagsulacht-na-heireann-deanta-suas\/eagsulacht-gnathoga\/tailte-fearaigh\/ceard-is-feidir-liom-a-dheanamh-chun-bitheagsulacht-na-dtailte-fearaigh-a-chosaint\/\" \/>\n<meta property=\"og:locale\" content=\"ga_IE\" \/>\n<meta property=\"og:type\" content=\"article\" \/>\n<meta property=\"og:title\" content=\"C\u00e9ard is f\u00e9idir liom a dh\u00e9anamh chun Bith\u00e9ags\u00falacht na dTailte F\u00e9araigh a chosaint? - D\u00fail sa D\u00falra\" \/>\n<meta property=\"og:description\" content=\"F\u00e1g beag\u00e1n fi\u00e1ntais i do ghaird\u00edn! T\u00e9igh do bhealach f\u00e9in agus seachain na faich\u00ed glasa, gan fiail\u00ed at\u00e1 bearrtha go n\u00e9ata (a dteasta\u00edonn go leor leasach\u00e1in agus fiailnimhe uathu) n\u00f3 dromchla\u00ed i do ghaird\u00edn nach mb\u00edonn m\u00f3r\u00e1n aire le tabhairt d\u00f3ibh, roghnaigh gaird\u00edn bl\u00e1thanna fi\u00e1ine nach mb\u00edonn m\u00f3r\u00e1n le d\u00e9anamh leis. B\u00ed cinnte go bhfaigheann [&hellip;]\" \/>\n<meta property=\"og:url\" content=\"https:\/\/www.noticenature.ie\/ga\/eolas-faoi-duil-sa-dulra\/ceard-de-a-bhfuil-bitheagsulacht-na-heireann-deanta-suas\/eagsulacht-gnathoga\/tailte-fearaigh\/ceard-is-feidir-liom-a-dheanamh-chun-bitheagsulacht-na-dtailte-fearaigh-a-chosaint\/\" \/>\n<meta property=\"og:site_name\" content=\"D\u00fail sa D\u00falra\" \/>\n<meta property=\"article:publisher\" content=\"https:\/\/www.facebook.com\/profile.php?id=100066240890743\" \/>\n<meta property=\"article:modified_time\" content=\"2022-06-17T17:23:56+00:00\" \/>\n<meta name=\"twitter:card\" content=\"summary_large_image\" \/>\n<meta name=\"twitter:site\" content=\"@Notice_Nature\" \/>\n<meta name=\"twitter:label1\" content=\"Est. reading time\" \/>\n\t<meta name=\"twitter:data1\" content=\"1 minute\" \/>\n<script type=\"application\/ld+json\" class=\"yoast-schema-graph\">{\"@context\":\"https:\\\/\\\/schema.org\",\"@graph\":[{\"@type\":\"WebPage\",\"@id\":\"https:\\\/\\\/www.noticenature.ie\\\/ga\\\/eolas-faoi-duil-sa-dulra\\\/ceard-de-a-bhfuil-bitheagsulacht-na-heireann-deanta-suas\\\/eagsulacht-gnathoga\\\/tailte-fearaigh\\\/ceard-is-feidir-liom-a-dheanamh-chun-bitheagsulacht-na-dtailte-fearaigh-a-chosaint\\\/\",\"url\":\"https:\\\/\\\/www.noticenature.ie\\\/ga\\\/eolas-faoi-duil-sa-dulra\\\/ceard-de-a-bhfuil-bitheagsulacht-na-heireann-deanta-suas\\\/eagsulacht-gnathoga\\\/tailte-fearaigh\\\/ceard-is-feidir-liom-a-dheanamh-chun-bitheagsulacht-na-dtailte-fearaigh-a-chosaint\\\/\",\"name\":\"C\u00e9ard is f\u00e9idir liom a dh\u00e9anamh chun Bith\u00e9ags\u00falacht na dTailte F\u00e9araigh a chosaint? - D\u00fail sa D\u00falra\",\"isPartOf\":{\"@id\":\"https:\\\/\\\/www.noticenature.ie\\\/ga\\\/#website\"},\"datePublished\":\"2016-06-22T13:32:59+00:00\",\"dateModified\":\"2022-06-17T17:23:56+00:00\",\"breadcrumb\":{\"@id\":\"https:\\\/\\\/www.noticenature.ie\\\/ga\\\/eolas-faoi-duil-sa-dulra\\\/ceard-de-a-bhfuil-bitheagsulacht-na-heireann-deanta-suas\\\/eagsulacht-gnathoga\\\/tailte-fearaigh\\\/ceard-is-feidir-liom-a-dheanamh-chun-bitheagsulacht-na-dtailte-fearaigh-a-chosaint\\\/#breadcrumb\"},\"inLanguage\":\"ga-IE\",\"potentialAction\":[{\"@type\":\"ReadAction\",\"target\":[\"https:\\\/\\\/www.noticenature.ie\\\/ga\\\/eolas-faoi-duil-sa-dulra\\\/ceard-de-a-bhfuil-bitheagsulacht-na-heireann-deanta-suas\\\/eagsulacht-gnathoga\\\/tailte-fearaigh\\\/ceard-is-feidir-liom-a-dheanamh-chun-bitheagsulacht-na-dtailte-fearaigh-a-chosaint\\\/\"]}]},{\"@type\":\"BreadcrumbList\",\"@id\":\"https:\\\/\\\/www.noticenature.ie\\\/ga\\\/eolas-faoi-duil-sa-dulra\\\/ceard-de-a-bhfuil-bitheagsulacht-na-heireann-deanta-suas\\\/eagsulacht-gnathoga\\\/tailte-fearaigh\\\/ceard-is-feidir-liom-a-dheanamh-chun-bitheagsulacht-na-dtailte-fearaigh-a-chosaint\\\/#breadcrumb\",\"itemListElement\":[{\"@type\":\"ListItem\",\"position\":1,\"name\":\"Home\",\"item\":\"https:\\\/\\\/www.noticenature.ie\\\/ga\\\/1600-2\\\/\"},{\"@type\":\"ListItem\",\"position\":2,\"name\":\"Maidir le D\u00fail sa D\u00falra\",\"item\":\"https:\\\/\\\/www.noticenature.ie\\\/ga\\\/eolas-faoi-duil-sa-dulra\\\/\"},{\"@type\":\"ListItem\",\"position\":3,\"name\":\"C\u00e9ard de a bhfuil bith\u00e9ags\u00falacht na h\u00c9ireann d\u00e9anta suas?\",\"item\":\"https:\\\/\\\/www.noticenature.ie\\\/ga\\\/eolas-faoi-duil-sa-dulra\\\/ceard-de-a-bhfuil-bitheagsulacht-na-heireann-deanta-suas\\\/\"},{\"@type\":\"ListItem\",\"position\":4,\"name\":\"\u00c9ags\u00falacht Gn\u00e1th\u00f3ga\",\"item\":\"https:\\\/\\\/www.noticenature.ie\\\/ga\\\/eolas-faoi-duil-sa-dulra\\\/ceard-de-a-bhfuil-bitheagsulacht-na-heireann-deanta-suas\\\/eagsulacht-gnathoga\\\/\"},{\"@type\":\"ListItem\",\"position\":5,\"name\":\"Tailte F\u00e9araigh\",\"item\":\"https:\\\/\\\/www.noticenature.ie\\\/ga\\\/eolas-faoi-duil-sa-dulra\\\/ceard-de-a-bhfuil-bitheagsulacht-na-heireann-deanta-suas\\\/eagsulacht-gnathoga\\\/tailte-fearaigh\\\/\"},{\"@type\":\"ListItem\",\"position\":6,\"name\":\"C\u00e9ard is f\u00e9idir liom a dh\u00e9anamh chun Bith\u00e9ags\u00falacht na dTailte F\u00e9araigh a chosaint?\"}]},{\"@type\":\"WebSite\",\"@id\":\"https:\\\/\\\/www.noticenature.ie\\\/ga\\\/#website\",\"url\":\"https:\\\/\\\/www.noticenature.ie\\\/ga\\\/\",\"name\":\"D\u00fail sa D\u00falra\",\"description\":\"Action on Biodiversity Loss\",\"potentialAction\":[{\"@type\":\"SearchAction\",\"target\":{\"@type\":\"EntryPoint\",\"urlTemplate\":\"https:\\\/\\\/www.noticenature.ie\\\/ga\\\/?s={search_term_string}\"},\"query-input\":{\"@type\":\"PropertyValueSpecification\",\"valueRequired\":true,\"valueName\":\"search_term_string\"}}],\"inLanguage\":\"ga-IE\"}]}<\/script>\n<!-- \/ Yoast SEO plugin. -->","yoast_head_json":{"title":"C\u00e9ard is f\u00e9idir liom a dh\u00e9anamh chun Bith\u00e9ags\u00falacht na dTailte F\u00e9araigh a chosaint? - D\u00fail sa D\u00falra","robots":{"index":"index","follow":"follow","max-snippet":"max-snippet:-1","max-image-preview":"max-image-preview:large","max-video-preview":"max-video-preview:-1"},"canonical":"https:\/\/www.noticenature.ie\/ga\/eolas-faoi-duil-sa-dulra\/ceard-de-a-bhfuil-bitheagsulacht-na-heireann-deanta-suas\/eagsulacht-gnathoga\/tailte-fearaigh\/ceard-is-feidir-liom-a-dheanamh-chun-bitheagsulacht-na-dtailte-fearaigh-a-chosaint\/","og_locale":"ga_IE","og_type":"article","og_title":"C\u00e9ard is f\u00e9idir liom a dh\u00e9anamh chun Bith\u00e9ags\u00falacht na dTailte F\u00e9araigh a chosaint? - D\u00fail sa D\u00falra","og_description":"F\u00e1g beag\u00e1n fi\u00e1ntais i do ghaird\u00edn! T\u00e9igh do bhealach f\u00e9in agus seachain na faich\u00ed glasa, gan fiail\u00ed at\u00e1 bearrtha go n\u00e9ata (a dteasta\u00edonn go leor leasach\u00e1in agus fiailnimhe uathu) n\u00f3 dromchla\u00ed i do ghaird\u00edn nach mb\u00edonn m\u00f3r\u00e1n aire le tabhairt d\u00f3ibh, roghnaigh gaird\u00edn bl\u00e1thanna fi\u00e1ine nach mb\u00edonn m\u00f3r\u00e1n le d\u00e9anamh leis. B\u00ed cinnte go bhfaigheann [&hellip;]","og_url":"https:\/\/www.noticenature.ie\/ga\/eolas-faoi-duil-sa-dulra\/ceard-de-a-bhfuil-bitheagsulacht-na-heireann-deanta-suas\/eagsulacht-gnathoga\/tailte-fearaigh\/ceard-is-feidir-liom-a-dheanamh-chun-bitheagsulacht-na-dtailte-fearaigh-a-chosaint\/","og_site_name":"D\u00fail sa D\u00falra","article_publisher":"https:\/\/www.facebook.com\/profile.php?id=100066240890743","article_modified_time":"2022-06-17T17:23:56+00:00","twitter_card":"summary_large_image","twitter_site":"@Notice_Nature","twitter_misc":{"Est. reading time":"1 minute"},"schema":{"@context":"https:\/\/schema.org","@graph":[{"@type":"WebPage","@id":"https:\/\/www.noticenature.ie\/ga\/eolas-faoi-duil-sa-dulra\/ceard-de-a-bhfuil-bitheagsulacht-na-heireann-deanta-suas\/eagsulacht-gnathoga\/tailte-fearaigh\/ceard-is-feidir-liom-a-dheanamh-chun-bitheagsulacht-na-dtailte-fearaigh-a-chosaint\/","url":"https:\/\/www.noticenature.ie\/ga\/eolas-faoi-duil-sa-dulra\/ceard-de-a-bhfuil-bitheagsulacht-na-heireann-deanta-suas\/eagsulacht-gnathoga\/tailte-fearaigh\/ceard-is-feidir-liom-a-dheanamh-chun-bitheagsulacht-na-dtailte-fearaigh-a-chosaint\/","name":"C\u00e9ard is f\u00e9idir liom a dh\u00e9anamh chun Bith\u00e9ags\u00falacht na dTailte F\u00e9araigh a chosaint? - D\u00fail sa D\u00falra","isPartOf":{"@id":"https:\/\/www.noticenature.ie\/ga\/#website"},"datePublished":"2016-06-22T13:32:59+00:00","dateModified":"2022-06-17T17:23:56+00:00","breadcrumb":{"@id":"https:\/\/www.noticenature.ie\/ga\/eolas-faoi-duil-sa-dulra\/ceard-de-a-bhfuil-bitheagsulacht-na-heireann-deanta-suas\/eagsulacht-gnathoga\/tailte-fearaigh\/ceard-is-feidir-liom-a-dheanamh-chun-bitheagsulacht-na-dtailte-fearaigh-a-chosaint\/#breadcrumb"},"inLanguage":"ga-IE","potentialAction":[{"@type":"ReadAction","target":["https:\/\/www.noticenature.ie\/ga\/eolas-faoi-duil-sa-dulra\/ceard-de-a-bhfuil-bitheagsulacht-na-heireann-deanta-suas\/eagsulacht-gnathoga\/tailte-fearaigh\/ceard-is-feidir-liom-a-dheanamh-chun-bitheagsulacht-na-dtailte-fearaigh-a-chosaint\/"]}]},{"@type":"BreadcrumbList","@id":"https:\/\/www.noticenature.ie\/ga\/eolas-faoi-duil-sa-dulra\/ceard-de-a-bhfuil-bitheagsulacht-na-heireann-deanta-suas\/eagsulacht-gnathoga\/tailte-fearaigh\/ceard-is-feidir-liom-a-dheanamh-chun-bitheagsulacht-na-dtailte-fearaigh-a-chosaint\/#breadcrumb","itemListElement":[{"@type":"ListItem","position":1,"name":"Home","item":"https:\/\/www.noticenature.ie\/ga\/1600-2\/"},{"@type":"ListItem","position":2,"name":"Maidir le D\u00fail sa D\u00falra","item":"https:\/\/www.noticenature.ie\/ga\/eolas-faoi-duil-sa-dulra\/"},{"@type":"ListItem","position":3,"name":"C\u00e9ard de a bhfuil bith\u00e9ags\u00falacht na h\u00c9ireann d\u00e9anta suas?","item":"https:\/\/www.noticenature.ie\/ga\/eolas-faoi-duil-sa-dulra\/ceard-de-a-bhfuil-bitheagsulacht-na-heireann-deanta-suas\/"},{"@type":"ListItem","position":4,"name":"\u00c9ags\u00falacht Gn\u00e1th\u00f3ga","item":"https:\/\/www.noticenature.ie\/ga\/eolas-faoi-duil-sa-dulra\/ceard-de-a-bhfuil-bitheagsulacht-na-heireann-deanta-suas\/eagsulacht-gnathoga\/"},{"@type":"ListItem","position":5,"name":"Tailte F\u00e9araigh","item":"https:\/\/www.noticenature.ie\/ga\/eolas-faoi-duil-sa-dulra\/ceard-de-a-bhfuil-bitheagsulacht-na-heireann-deanta-suas\/eagsulacht-gnathoga\/tailte-fearaigh\/"},{"@type":"ListItem","position":6,"name":"C\u00e9ard is f\u00e9idir liom a dh\u00e9anamh chun Bith\u00e9ags\u00falacht na dTailte F\u00e9araigh a chosaint?"}]},{"@type":"WebSite","@id":"https:\/\/www.noticenature.ie\/ga\/#website","url":"https:\/\/www.noticenature.ie\/ga\/","name":"D\u00fail sa D\u00falra","description":"Action on Biodiversity Loss","potentialAction":[{"@type":"SearchAction","target":{"@type":"EntryPoint","urlTemplate":"https:\/\/www.noticenature.ie\/ga\/?s={search_term_string}"},"query-input":{"@type":"PropertyValueSpecification","valueRequired":true,"valueName":"search_term_string"}}],"inLanguage":"ga-IE"}]}},"_links":{"self":[{"href":"https:\/\/www.noticenature.ie\/ga\/wp-json\/wp\/v2\/pages\/1736","targetHints":{"allow":["GET"]}}],"collection":[{"href":"https:\/\/www.noticenature.ie\/ga\/wp-json\/wp\/v2\/pages"}],"about":[{"href":"https:\/\/www.noticenature.ie\/ga\/wp-json\/wp\/v2\/types\/page"}],"author":[{"embeddable":true,"href":"https:\/\/www.noticenature.ie\/ga\/wp-json\/wp\/v2\/users\/2"}],"replies":[{"embeddable":true,"href":"https:\/\/www.noticenature.ie\/ga\/wp-json\/wp\/v2\/comments?post=1736"}],"version-history":[{"count":4,"href":"https:\/\/www.noticenature.ie\/ga\/wp-json\/wp\/v2\/pages\/1736\/revisions"}],"predecessor-version":[{"id":1879,"href":"https:\/\/www.noticenature.ie\/ga\/wp-json\/wp\/v2\/pages\/1736\/revisions\/1879"}],"up":[{"embeddable":true,"href":"https:\/\/www.noticenature.ie\/ga\/wp-json\/wp\/v2\/pages\/1735"}],"wp:attachment":[{"href":"https:\/\/www.noticenature.ie\/ga\/wp-json\/wp\/v2\/media?parent=1736"}],"curies":[{"name":"wp","href":"https:\/\/api.w.org\/{rel}","templated":true}]}}