{"id":1735,"date":"2016-06-15T16:11:41","date_gmt":"2016-06-15T16:11:41","guid":{"rendered":"https:\/\/www.noticenature.ie\/eolas-faoi-duil-sa-dulra\/ceard-de-a-bhfuil-bitheagsulacht-na-heireann-deanta-suas\/eagsulacht-gnathoga\/tailte-fearaigh\/"},"modified":"2022-06-17T16:36:07","modified_gmt":"2022-06-17T16:36:07","slug":"tailte-fearaigh","status":"publish","type":"page","link":"https:\/\/www.noticenature.ie\/ga\/eolas-faoi-duil-sa-dulra\/ceard-de-a-bhfuil-bitheagsulacht-na-heireann-deanta-suas\/eagsulacht-gnathoga\/tailte-fearaigh\/","title":{"rendered":"Tailte F\u00e9araigh"},"content":{"rendered":"<div class=\"wp-block-image\">\n<figure class=\"alignleft\"><a href=\"https:\/\/www.noticenature.ie\/wp-content\/uploads\/2021\/12\/wildflowers.jpg\"><img loading=\"lazy\" decoding=\"async\" width=\"300\" height=\"225\" src=\"https:\/\/www.noticenature.ie\/wp-content\/uploads\/2021\/12\/wildflowers-300x225.jpg\" alt=\"Bl&#xE1;thanna Fi&#xE1;ine\" class=\"wp-image-1288\" srcset=\"https:\/\/www.noticenature.ie\/wp-content\/uploads\/2021\/12\/wildflowers-300x225.jpg 300w, https:\/\/www.noticenature.ie\/wp-content\/uploads\/2021\/12\/wildflowers-1024x768.jpg 1024w, https:\/\/www.noticenature.ie\/wp-content\/uploads\/2021\/12\/wildflowers-768x576.jpg 768w, https:\/\/www.noticenature.ie\/wp-content\/uploads\/2021\/12\/wildflowers-1536x1152.jpg 1536w, https:\/\/www.noticenature.ie\/wp-content\/uploads\/2021\/12\/wildflowers.jpg 2048w\" sizes=\"auto, (max-width: 300px) 100vw, 300px\" \/><\/a><\/figure>\n<\/div>\n<p>T\u00e1 breis is 60% d\u2019\u00c9irinn cl\u00fadaithe le talamh f\u00e9araigh de chine\u00e1l amh\u00e1in n\u00f3 de chine\u00e1l eile agus n\u00ed \u00e1ir\u00edtear limist\u00e9ir at\u00e1 cl\u00fadaithe ag barra bliant\u00fala, galfch\u00farsa\u00ed agus faich\u00ed air sin. T\u00e1 t\u00e1bhacht eacnama\u00edochta ag baint le tailte f\u00e9araigh d\u2019\u00c9irinn \u00f3 tharla gurb ionann iad agus cuid mh\u00f3r de th\u00e1irgeadh talmha\u00edochta na t\u00edre agus \u00f3 tharla go gcuireann siad limist\u00e9ir riachtanacha ar f\u00e1il do ch\u00farsa\u00ed taitneamhachta agus do thuras\u00f3ireacht.<\/p>\n\n<p>Chomh maith leis an t\u00e1bhacht eacnama\u00edochta a bhaineann le cine\u00e1lacha tailte f\u00e9araigh t\u00e1 roinnt cine\u00e1lacha tailte f\u00e9araigh ann freisin a mbaineann luach caomhnaithe leo agus a thaca\u00edonn le pobail planda\u00ed agus ainmhithe il\u00e9ags\u00fala, at\u00e1 l\u00e1n de l\u00edon speiceas planda\u00ed agus inveirteabrach araon. \u00c1ir\u00edtear tailte f\u00e9araigh cailcreacha at\u00e1 l\u00e1n de mhagairl\u00edn\u00ed, machair\u00ed le c\u00f3sta, tailte f\u00e9araigh at\u00e1 l\u00e1n de speicis agus at\u00e1 neodrach, agus tailte f\u00e9araigh fliucha amhail cala\u00ed na Sionainne.<\/p>\n\n<p>Chun tuilleadh faisn\u00e9ise a fh\u00e1il ar Thailte F\u00e9araigh in \u00c9irinn, speicis agus an reachta\u00edocht lena gcosna\u00edtear tailte f\u00e9araigh, <a href=\"https:\/\/www.noticenature.ie\/wp-content\/uploads\/2016\/06\/grasslands.pdf\"><span style=\"text-decoration: underline;\">\u00edosl\u00f3d\u00e1il Bileog Eolais D\u00fail sa D\u00falra maidir le Tailte F\u00e9araigh<\/span><\/a>.<\/p>\n\n<h4 class=\"wp-block-heading\"><a href=\"https:\/\/www.noticenature.ie\/ga\/eolas-faoi-duil-sa-dulra\/ceard-de-a-bhfuil-bitheagsulacht-na-heireann-deanta-suas\/eagsulacht-gnathoga\/tailte-fearaigh\/ceard-is-feidir-liom-a-dheanamh-chun-bitheagsulacht-na-dtailte-fearaigh-a-chosaint\/\">C\u00e9ard is f\u00e9idir liom a dh\u00e9anamh chun Bith\u00e9ags\u00falacht na dTailte F\u00e9araigh a chosaint?<\/a><\/h4>\n","protected":false},"excerpt":{"rendered":"<p>T\u00e1 breis is 60% d\u2019\u00c9irinn cl\u00fadaithe le talamh f\u00e9araigh de chine\u00e1l amh\u00e1in n\u00f3 de chine\u00e1l eile agus n\u00ed \u00e1ir\u00edtear limist\u00e9ir at\u00e1 cl\u00fadaithe ag barra bliant\u00fala, galfch\u00farsa\u00ed agus faich\u00ed air sin. T\u00e1 t\u00e1bhacht eacnama\u00edochta ag baint le tailte f\u00e9araigh d\u2019\u00c9irinn \u00f3 tharla gurb ionann iad agus cuid mh\u00f3r de th\u00e1irgeadh talmha\u00edochta na t\u00edre agus \u00f3 tharla [&hellip;]<\/p>\n","protected":false},"author":2,"featured_media":0,"parent":1719,"menu_order":0,"comment_status":"closed","ping_status":"closed","template":"","meta":{"footnotes":""},"class_list":["post-1735","page","type-page","status-publish","hentry","post"],"yoast_head":"<!-- This site is optimized with the Yoast SEO plugin v27.3 - https:\/\/yoast.com\/product\/yoast-seo-wordpress\/ -->\n<title>Tailte F\u00e9araigh - D\u00fail sa D\u00falra<\/title>\n<meta name=\"robots\" content=\"index, follow, max-snippet:-1, max-image-preview:large, max-video-preview:-1\" \/>\n<link rel=\"canonical\" href=\"https:\/\/www.noticenature.ie\/ga\/eolas-faoi-duil-sa-dulra\/ceard-de-a-bhfuil-bitheagsulacht-na-heireann-deanta-suas\/eagsulacht-gnathoga\/tailte-fearaigh\/\" \/>\n<meta property=\"og:locale\" content=\"ga_IE\" \/>\n<meta property=\"og:type\" content=\"article\" \/>\n<meta property=\"og:title\" content=\"Tailte F\u00e9araigh - D\u00fail sa D\u00falra\" \/>\n<meta property=\"og:description\" content=\"T\u00e1 breis is 60% d\u2019\u00c9irinn cl\u00fadaithe le talamh f\u00e9araigh de chine\u00e1l amh\u00e1in n\u00f3 de chine\u00e1l eile agus n\u00ed \u00e1ir\u00edtear limist\u00e9ir at\u00e1 cl\u00fadaithe ag barra bliant\u00fala, galfch\u00farsa\u00ed agus faich\u00ed air sin. T\u00e1 t\u00e1bhacht eacnama\u00edochta ag baint le tailte f\u00e9araigh d\u2019\u00c9irinn \u00f3 tharla gurb ionann iad agus cuid mh\u00f3r de th\u00e1irgeadh talmha\u00edochta na t\u00edre agus \u00f3 tharla [&hellip;]\" \/>\n<meta property=\"og:url\" content=\"https:\/\/www.noticenature.ie\/ga\/eolas-faoi-duil-sa-dulra\/ceard-de-a-bhfuil-bitheagsulacht-na-heireann-deanta-suas\/eagsulacht-gnathoga\/tailte-fearaigh\/\" \/>\n<meta property=\"og:site_name\" content=\"D\u00fail sa D\u00falra\" \/>\n<meta property=\"article:publisher\" content=\"https:\/\/www.facebook.com\/profile.php?id=100066240890743\" \/>\n<meta property=\"article:modified_time\" content=\"2022-06-17T16:36:07+00:00\" \/>\n<meta property=\"og:image\" content=\"https:\/\/www.noticenature.ie\/wp-content\/uploads\/2021\/12\/wildflowers-300x225.jpg\" \/>\n<meta name=\"twitter:card\" content=\"summary_large_image\" \/>\n<meta name=\"twitter:site\" content=\"@Notice_Nature\" \/>\n<meta name=\"twitter:label1\" content=\"Est. reading time\" \/>\n\t<meta name=\"twitter:data1\" content=\"1 minute\" \/>\n<script type=\"application\/ld+json\" class=\"yoast-schema-graph\">{\"@context\":\"https:\\\/\\\/schema.org\",\"@graph\":[{\"@type\":\"WebPage\",\"@id\":\"https:\\\/\\\/www.noticenature.ie\\\/ga\\\/eolas-faoi-duil-sa-dulra\\\/ceard-de-a-bhfuil-bitheagsulacht-na-heireann-deanta-suas\\\/eagsulacht-gnathoga\\\/tailte-fearaigh\\\/\",\"url\":\"https:\\\/\\\/www.noticenature.ie\\\/ga\\\/eolas-faoi-duil-sa-dulra\\\/ceard-de-a-bhfuil-bitheagsulacht-na-heireann-deanta-suas\\\/eagsulacht-gnathoga\\\/tailte-fearaigh\\\/\",\"name\":\"Tailte F\u00e9araigh - D\u00fail sa D\u00falra\",\"isPartOf\":{\"@id\":\"https:\\\/\\\/www.noticenature.ie\\\/ga\\\/#website\"},\"primaryImageOfPage\":{\"@id\":\"https:\\\/\\\/www.noticenature.ie\\\/ga\\\/eolas-faoi-duil-sa-dulra\\\/ceard-de-a-bhfuil-bitheagsulacht-na-heireann-deanta-suas\\\/eagsulacht-gnathoga\\\/tailte-fearaigh\\\/#primaryimage\"},\"image\":{\"@id\":\"https:\\\/\\\/www.noticenature.ie\\\/ga\\\/eolas-faoi-duil-sa-dulra\\\/ceard-de-a-bhfuil-bitheagsulacht-na-heireann-deanta-suas\\\/eagsulacht-gnathoga\\\/tailte-fearaigh\\\/#primaryimage\"},\"thumbnailUrl\":\"https:\\\/\\\/www.noticenature.ie\\\/wp-content\\\/uploads\\\/2021\\\/12\\\/wildflowers-300x225.jpg\",\"datePublished\":\"2016-06-15T16:11:41+00:00\",\"dateModified\":\"2022-06-17T16:36:07+00:00\",\"breadcrumb\":{\"@id\":\"https:\\\/\\\/www.noticenature.ie\\\/ga\\\/eolas-faoi-duil-sa-dulra\\\/ceard-de-a-bhfuil-bitheagsulacht-na-heireann-deanta-suas\\\/eagsulacht-gnathoga\\\/tailte-fearaigh\\\/#breadcrumb\"},\"inLanguage\":\"ga-IE\",\"potentialAction\":[{\"@type\":\"ReadAction\",\"target\":[\"https:\\\/\\\/www.noticenature.ie\\\/ga\\\/eolas-faoi-duil-sa-dulra\\\/ceard-de-a-bhfuil-bitheagsulacht-na-heireann-deanta-suas\\\/eagsulacht-gnathoga\\\/tailte-fearaigh\\\/\"]}]},{\"@type\":\"ImageObject\",\"inLanguage\":\"ga-IE\",\"@id\":\"https:\\\/\\\/www.noticenature.ie\\\/ga\\\/eolas-faoi-duil-sa-dulra\\\/ceard-de-a-bhfuil-bitheagsulacht-na-heireann-deanta-suas\\\/eagsulacht-gnathoga\\\/tailte-fearaigh\\\/#primaryimage\",\"url\":\"https:\\\/\\\/www.noticenature.ie\\\/wp-content\\\/uploads\\\/2021\\\/12\\\/wildflowers-300x225.jpg\",\"contentUrl\":\"https:\\\/\\\/www.noticenature.ie\\\/wp-content\\\/uploads\\\/2021\\\/12\\\/wildflowers-300x225.jpg\"},{\"@type\":\"BreadcrumbList\",\"@id\":\"https:\\\/\\\/www.noticenature.ie\\\/ga\\\/eolas-faoi-duil-sa-dulra\\\/ceard-de-a-bhfuil-bitheagsulacht-na-heireann-deanta-suas\\\/eagsulacht-gnathoga\\\/tailte-fearaigh\\\/#breadcrumb\",\"itemListElement\":[{\"@type\":\"ListItem\",\"position\":1,\"name\":\"Home\",\"item\":\"https:\\\/\\\/www.noticenature.ie\\\/ga\\\/1600-2\\\/\"},{\"@type\":\"ListItem\",\"position\":2,\"name\":\"Maidir le D\u00fail sa D\u00falra\",\"item\":\"https:\\\/\\\/www.noticenature.ie\\\/ga\\\/eolas-faoi-duil-sa-dulra\\\/\"},{\"@type\":\"ListItem\",\"position\":3,\"name\":\"C\u00e9ard de a bhfuil bith\u00e9ags\u00falacht na h\u00c9ireann d\u00e9anta suas?\",\"item\":\"https:\\\/\\\/www.noticenature.ie\\\/ga\\\/eolas-faoi-duil-sa-dulra\\\/ceard-de-a-bhfuil-bitheagsulacht-na-heireann-deanta-suas\\\/\"},{\"@type\":\"ListItem\",\"position\":4,\"name\":\"\u00c9ags\u00falacht Gn\u00e1th\u00f3ga\",\"item\":\"https:\\\/\\\/www.noticenature.ie\\\/ga\\\/eolas-faoi-duil-sa-dulra\\\/ceard-de-a-bhfuil-bitheagsulacht-na-heireann-deanta-suas\\\/eagsulacht-gnathoga\\\/\"},{\"@type\":\"ListItem\",\"position\":5,\"name\":\"Tailte F\u00e9araigh\"}]},{\"@type\":\"WebSite\",\"@id\":\"https:\\\/\\\/www.noticenature.ie\\\/ga\\\/#website\",\"url\":\"https:\\\/\\\/www.noticenature.ie\\\/ga\\\/\",\"name\":\"D\u00fail sa D\u00falra\",\"description\":\"Action on Biodiversity Loss\",\"potentialAction\":[{\"@type\":\"SearchAction\",\"target\":{\"@type\":\"EntryPoint\",\"urlTemplate\":\"https:\\\/\\\/www.noticenature.ie\\\/ga\\\/?s={search_term_string}\"},\"query-input\":{\"@type\":\"PropertyValueSpecification\",\"valueRequired\":true,\"valueName\":\"search_term_string\"}}],\"inLanguage\":\"ga-IE\"}]}<\/script>\n<!-- \/ Yoast SEO plugin. -->","yoast_head_json":{"title":"Tailte F\u00e9araigh - D\u00fail sa D\u00falra","robots":{"index":"index","follow":"follow","max-snippet":"max-snippet:-1","max-image-preview":"max-image-preview:large","max-video-preview":"max-video-preview:-1"},"canonical":"https:\/\/www.noticenature.ie\/ga\/eolas-faoi-duil-sa-dulra\/ceard-de-a-bhfuil-bitheagsulacht-na-heireann-deanta-suas\/eagsulacht-gnathoga\/tailte-fearaigh\/","og_locale":"ga_IE","og_type":"article","og_title":"Tailte F\u00e9araigh - D\u00fail sa D\u00falra","og_description":"T\u00e1 breis is 60% d\u2019\u00c9irinn cl\u00fadaithe le talamh f\u00e9araigh de chine\u00e1l amh\u00e1in n\u00f3 de chine\u00e1l eile agus n\u00ed \u00e1ir\u00edtear limist\u00e9ir at\u00e1 cl\u00fadaithe ag barra bliant\u00fala, galfch\u00farsa\u00ed agus faich\u00ed air sin. T\u00e1 t\u00e1bhacht eacnama\u00edochta ag baint le tailte f\u00e9araigh d\u2019\u00c9irinn \u00f3 tharla gurb ionann iad agus cuid mh\u00f3r de th\u00e1irgeadh talmha\u00edochta na t\u00edre agus \u00f3 tharla [&hellip;]","og_url":"https:\/\/www.noticenature.ie\/ga\/eolas-faoi-duil-sa-dulra\/ceard-de-a-bhfuil-bitheagsulacht-na-heireann-deanta-suas\/eagsulacht-gnathoga\/tailte-fearaigh\/","og_site_name":"D\u00fail sa D\u00falra","article_publisher":"https:\/\/www.facebook.com\/profile.php?id=100066240890743","article_modified_time":"2022-06-17T16:36:07+00:00","og_image":[{"url":"https:\/\/www.noticenature.ie\/wp-content\/uploads\/2021\/12\/wildflowers-300x225.jpg","type":"","width":"","height":""}],"twitter_card":"summary_large_image","twitter_site":"@Notice_Nature","twitter_misc":{"Est. reading time":"1 minute"},"schema":{"@context":"https:\/\/schema.org","@graph":[{"@type":"WebPage","@id":"https:\/\/www.noticenature.ie\/ga\/eolas-faoi-duil-sa-dulra\/ceard-de-a-bhfuil-bitheagsulacht-na-heireann-deanta-suas\/eagsulacht-gnathoga\/tailte-fearaigh\/","url":"https:\/\/www.noticenature.ie\/ga\/eolas-faoi-duil-sa-dulra\/ceard-de-a-bhfuil-bitheagsulacht-na-heireann-deanta-suas\/eagsulacht-gnathoga\/tailte-fearaigh\/","name":"Tailte F\u00e9araigh - D\u00fail sa D\u00falra","isPartOf":{"@id":"https:\/\/www.noticenature.ie\/ga\/#website"},"primaryImageOfPage":{"@id":"https:\/\/www.noticenature.ie\/ga\/eolas-faoi-duil-sa-dulra\/ceard-de-a-bhfuil-bitheagsulacht-na-heireann-deanta-suas\/eagsulacht-gnathoga\/tailte-fearaigh\/#primaryimage"},"image":{"@id":"https:\/\/www.noticenature.ie\/ga\/eolas-faoi-duil-sa-dulra\/ceard-de-a-bhfuil-bitheagsulacht-na-heireann-deanta-suas\/eagsulacht-gnathoga\/tailte-fearaigh\/#primaryimage"},"thumbnailUrl":"https:\/\/www.noticenature.ie\/wp-content\/uploads\/2021\/12\/wildflowers-300x225.jpg","datePublished":"2016-06-15T16:11:41+00:00","dateModified":"2022-06-17T16:36:07+00:00","breadcrumb":{"@id":"https:\/\/www.noticenature.ie\/ga\/eolas-faoi-duil-sa-dulra\/ceard-de-a-bhfuil-bitheagsulacht-na-heireann-deanta-suas\/eagsulacht-gnathoga\/tailte-fearaigh\/#breadcrumb"},"inLanguage":"ga-IE","potentialAction":[{"@type":"ReadAction","target":["https:\/\/www.noticenature.ie\/ga\/eolas-faoi-duil-sa-dulra\/ceard-de-a-bhfuil-bitheagsulacht-na-heireann-deanta-suas\/eagsulacht-gnathoga\/tailte-fearaigh\/"]}]},{"@type":"ImageObject","inLanguage":"ga-IE","@id":"https:\/\/www.noticenature.ie\/ga\/eolas-faoi-duil-sa-dulra\/ceard-de-a-bhfuil-bitheagsulacht-na-heireann-deanta-suas\/eagsulacht-gnathoga\/tailte-fearaigh\/#primaryimage","url":"https:\/\/www.noticenature.ie\/wp-content\/uploads\/2021\/12\/wildflowers-300x225.jpg","contentUrl":"https:\/\/www.noticenature.ie\/wp-content\/uploads\/2021\/12\/wildflowers-300x225.jpg"},{"@type":"BreadcrumbList","@id":"https:\/\/www.noticenature.ie\/ga\/eolas-faoi-duil-sa-dulra\/ceard-de-a-bhfuil-bitheagsulacht-na-heireann-deanta-suas\/eagsulacht-gnathoga\/tailte-fearaigh\/#breadcrumb","itemListElement":[{"@type":"ListItem","position":1,"name":"Home","item":"https:\/\/www.noticenature.ie\/ga\/1600-2\/"},{"@type":"ListItem","position":2,"name":"Maidir le D\u00fail sa D\u00falra","item":"https:\/\/www.noticenature.ie\/ga\/eolas-faoi-duil-sa-dulra\/"},{"@type":"ListItem","position":3,"name":"C\u00e9ard de a bhfuil bith\u00e9ags\u00falacht na h\u00c9ireann d\u00e9anta suas?","item":"https:\/\/www.noticenature.ie\/ga\/eolas-faoi-duil-sa-dulra\/ceard-de-a-bhfuil-bitheagsulacht-na-heireann-deanta-suas\/"},{"@type":"ListItem","position":4,"name":"\u00c9ags\u00falacht Gn\u00e1th\u00f3ga","item":"https:\/\/www.noticenature.ie\/ga\/eolas-faoi-duil-sa-dulra\/ceard-de-a-bhfuil-bitheagsulacht-na-heireann-deanta-suas\/eagsulacht-gnathoga\/"},{"@type":"ListItem","position":5,"name":"Tailte F\u00e9araigh"}]},{"@type":"WebSite","@id":"https:\/\/www.noticenature.ie\/ga\/#website","url":"https:\/\/www.noticenature.ie\/ga\/","name":"D\u00fail sa D\u00falra","description":"Action on Biodiversity Loss","potentialAction":[{"@type":"SearchAction","target":{"@type":"EntryPoint","urlTemplate":"https:\/\/www.noticenature.ie\/ga\/?s={search_term_string}"},"query-input":{"@type":"PropertyValueSpecification","valueRequired":true,"valueName":"search_term_string"}}],"inLanguage":"ga-IE"}]}},"_links":{"self":[{"href":"https:\/\/www.noticenature.ie\/ga\/wp-json\/wp\/v2\/pages\/1735","targetHints":{"allow":["GET"]}}],"collection":[{"href":"https:\/\/www.noticenature.ie\/ga\/wp-json\/wp\/v2\/pages"}],"about":[{"href":"https:\/\/www.noticenature.ie\/ga\/wp-json\/wp\/v2\/types\/page"}],"author":[{"embeddable":true,"href":"https:\/\/www.noticenature.ie\/ga\/wp-json\/wp\/v2\/users\/2"}],"replies":[{"embeddable":true,"href":"https:\/\/www.noticenature.ie\/ga\/wp-json\/wp\/v2\/comments?post=1735"}],"version-history":[{"count":4,"href":"https:\/\/www.noticenature.ie\/ga\/wp-json\/wp\/v2\/pages\/1735\/revisions"}],"predecessor-version":[{"id":1781,"href":"https:\/\/www.noticenature.ie\/ga\/wp-json\/wp\/v2\/pages\/1735\/revisions\/1781"}],"up":[{"embeddable":true,"href":"https:\/\/www.noticenature.ie\/ga\/wp-json\/wp\/v2\/pages\/1719"}],"wp:attachment":[{"href":"https:\/\/www.noticenature.ie\/ga\/wp-json\/wp\/v2\/media?parent=1735"}],"curies":[{"name":"wp","href":"https:\/\/api.w.org\/{rel}","templated":true}]}}