{"id":1734,"date":"2016-06-22T13:19:16","date_gmt":"2016-06-22T13:19:16","guid":{"rendered":"https:\/\/www.noticenature.ie\/eolas-faoi-duil-sa-dulra\/ceard-de-a-bhfuil-bitheagsulacht-na-heireann-deanta-suas\/eagsulacht-gnathoga\/cois-costa\/ceard-is-feidir-liom-a-dheanamh-chun-cuidiu-le-bitheagsulacht-chosta-a-chosaint\/"},"modified":"2022-06-17T16:47:59","modified_gmt":"2022-06-17T16:47:59","slug":"ceard-is-feidir-liom-a-dheanamh-chun-cuidiu-le-bitheagsulacht-chosta-a-chosaint","status":"publish","type":"page","link":"https:\/\/www.noticenature.ie\/ga\/eolas-faoi-duil-sa-dulra\/ceard-de-a-bhfuil-bitheagsulacht-na-heireann-deanta-suas\/eagsulacht-gnathoga\/cois-costa\/ceard-is-feidir-liom-a-dheanamh-chun-cuidiu-le-bitheagsulacht-chosta-a-chosaint\/","title":{"rendered":"C\u00e9ard is f\u00e9idir liom a dh\u00e9anamh chun cuidi\u00fa le bith\u00e9ags\u00falacht ch\u00f3sta a chosaint?"},"content":{"rendered":"\n<h5 class=\"wp-block-heading\">Mhachaire:<\/h5>\n\n<ul class=\"wp-block-list\"><li>Seachain r\u00f3-innilt ar mhachaire mara mar go bhf\u00e9adfaidh s\u00e9 f\u00edor-dham\u00e1iste a dh\u00e9anamh do strucht\u00far an fh\u00e1sra agus creimeadh a dh\u00e9anamh. T\u00e1 beath\u00fa breise \u00e1balta dam\u00e1iste a dh\u00e9anamh do strucht\u00far an fh\u00e1sra \u00f3 tharla go bhfanann ainmhithe gar do na pointe beathaithe sin. Mar sin, scaip an bheatha thart ar limist\u00e9ar m\u00f3r n\u00f3 aimsigh point\u00ed beathaithe in \u00e1iteanna nach mbaineann t\u00e1bhacht leo d\u2019fhiadh\u00falra agus\/n\u00f3 athraigh thart na point\u00ed sin go minic chun na tionchair a laghd\u00fa.<\/li><li>Seachain leasach\u00e1in a chur ar thalamh f\u00e9araigh Mhachaire mara. D\u2019fh\u00e9adfadh b\u00e1inseach f\u00e9araigh (a sheachna\u00edonn \u00e9in ghoir) a bheith mar thoradh ar leasach\u00e1in a \u00fas\u00e1id agus d\u2019fh\u00e9adfadh siad \u00e9ags\u00falacht na bplanda\u00ed agus na bhfeithid\u00ed a laghd\u00fa.<\/li><li>I gc\u00e1s machaire mara at\u00e1 \u00e1 \u00fas\u00e1id chun f\u00e9ar a fh\u00e1s, b\u00edonn tionchar ag d\u00e1ta an lomtha ar an dtiocfaidh borradh faoi phlanda\u00ed a bh\u00edonn faoi bhl\u00e1th go luath sa s\u00e9as\u00far n\u00f3 faoi phlanda\u00ed a bh\u00edonn faoi bhl\u00e1th amach sa s\u00e9as\u00far. Nuair is f\u00e9idir, gearr an f\u00e9ar i ndiaidh an 1 L\u00fanasa, chun go mbeidh planda\u00ed m\u00f3in\u00e9ir a dtagann bl\u00e1thanna orthu amach sa s\u00e9as\u00far \u00e1balta s\u00edol a scaipeadh, go h\u00e1irithe m\u00e1 bh\u00edonn Traonach san \u00e1it. Sa ch\u00e1s sin, ba cheart an gort a lomadh \u00f3n l\u00e1r amach. Cruth\u00f3idh innilt i ndiaidh lomtha an \u00e9ags\u00falacht \u00f3 thaobh strucht\u00fair de tr\u00edna dtarraingeofar an m\u00e9id is m\u00f3 fiadh\u00falra.<\/li><li>Glac p\u00e1irt i sc\u00e9im REPS i gcomhair talamh talmha\u00edochta le c\u00f3sta.<\/li><li>N\u00e1 f\u00e1g aon bhruscar ar thr\u00e1nna n\u00e1 in aon \u00e1it ina aice an ch\u00f3sta.<\/li><\/ul>\n\n<p>D\u2019fh\u00e9adfadh galfch\u00farsa\u00ed agus forbairt\u00ed amhail p\u00e1irceanna carbh\u00e1n at\u00e1 an-ghar don ch\u00f3sta cur isteach ar fhorbairt n\u00e1d\u00fartha na ngn\u00e1th\u00f3g cois c\u00f3sta agus d\u2019fh\u00e9adfadh torann agus solas cur isteach ar an bhf\u00e1na \u00e1iti\u00fail.<\/p>\n\n<p><em>Ar ais chuig <a href=\"https:\/\/www.noticenature.ie\/ga\/eolas-faoi-duil-sa-dulra\/ceard-de-a-bhfuil-bitheagsulacht-na-heireann-deanta-suas\/eagsulacht-gnathoga\/\">an gcl\u00e1r \u00c9ags\u00falacht Gn\u00e1th\u00f3g<\/a><\/em><\/p>\n","protected":false},"excerpt":{"rendered":"<p>Mhachaire: Seachain r\u00f3-innilt ar mhachaire mara mar go bhf\u00e9adfaidh s\u00e9 f\u00edor-dham\u00e1iste a dh\u00e9anamh do strucht\u00far an fh\u00e1sra agus creimeadh a dh\u00e9anamh. T\u00e1 beath\u00fa breise \u00e1balta dam\u00e1iste a dh\u00e9anamh do strucht\u00far an fh\u00e1sra \u00f3 tharla go bhfanann ainmhithe gar do na pointe beathaithe sin. Mar sin, scaip an bheatha thart ar limist\u00e9ar m\u00f3r n\u00f3 aimsigh point\u00ed [&hellip;]<\/p>\n","protected":false},"author":2,"featured_media":0,"parent":1733,"menu_order":0,"comment_status":"closed","ping_status":"closed","template":"","meta":{"footnotes":""},"class_list":["post-1734","page","type-page","status-publish","hentry","post"],"yoast_head":"<!-- This site is optimized with the Yoast SEO plugin v27.3 - https:\/\/yoast.com\/product\/yoast-seo-wordpress\/ -->\n<title>C\u00e9ard is f\u00e9idir liom a dh\u00e9anamh chun cuidi\u00fa le bith\u00e9ags\u00falacht ch\u00f3sta a chosaint? - D\u00fail sa D\u00falra<\/title>\n<meta name=\"robots\" content=\"index, follow, max-snippet:-1, max-image-preview:large, max-video-preview:-1\" \/>\n<link rel=\"canonical\" href=\"https:\/\/www.noticenature.ie\/ga\/eolas-faoi-duil-sa-dulra\/ceard-de-a-bhfuil-bitheagsulacht-na-heireann-deanta-suas\/eagsulacht-gnathoga\/cois-costa\/ceard-is-feidir-liom-a-dheanamh-chun-cuidiu-le-bitheagsulacht-chosta-a-chosaint\/\" \/>\n<meta property=\"og:locale\" content=\"ga_IE\" \/>\n<meta property=\"og:type\" content=\"article\" \/>\n<meta property=\"og:title\" content=\"C\u00e9ard is f\u00e9idir liom a dh\u00e9anamh chun cuidi\u00fa le bith\u00e9ags\u00falacht ch\u00f3sta a chosaint? - D\u00fail sa D\u00falra\" \/>\n<meta property=\"og:description\" content=\"Mhachaire: Seachain r\u00f3-innilt ar mhachaire mara mar go bhf\u00e9adfaidh s\u00e9 f\u00edor-dham\u00e1iste a dh\u00e9anamh do strucht\u00far an fh\u00e1sra agus creimeadh a dh\u00e9anamh. T\u00e1 beath\u00fa breise \u00e1balta dam\u00e1iste a dh\u00e9anamh do strucht\u00far an fh\u00e1sra \u00f3 tharla go bhfanann ainmhithe gar do na pointe beathaithe sin. Mar sin, scaip an bheatha thart ar limist\u00e9ar m\u00f3r n\u00f3 aimsigh point\u00ed [&hellip;]\" \/>\n<meta property=\"og:url\" content=\"https:\/\/www.noticenature.ie\/ga\/eolas-faoi-duil-sa-dulra\/ceard-de-a-bhfuil-bitheagsulacht-na-heireann-deanta-suas\/eagsulacht-gnathoga\/cois-costa\/ceard-is-feidir-liom-a-dheanamh-chun-cuidiu-le-bitheagsulacht-chosta-a-chosaint\/\" \/>\n<meta property=\"og:site_name\" content=\"D\u00fail sa D\u00falra\" \/>\n<meta property=\"article:publisher\" content=\"https:\/\/www.facebook.com\/profile.php?id=100066240890743\" \/>\n<meta property=\"article:modified_time\" content=\"2022-06-17T16:47:59+00:00\" \/>\n<meta name=\"twitter:card\" content=\"summary_large_image\" \/>\n<meta name=\"twitter:site\" content=\"@Notice_Nature\" \/>\n<meta name=\"twitter:label1\" content=\"Est. reading time\" \/>\n\t<meta name=\"twitter:data1\" content=\"2 minutes\" \/>\n<script type=\"application\/ld+json\" class=\"yoast-schema-graph\">{\"@context\":\"https:\\\/\\\/schema.org\",\"@graph\":[{\"@type\":\"WebPage\",\"@id\":\"https:\\\/\\\/www.noticenature.ie\\\/ga\\\/eolas-faoi-duil-sa-dulra\\\/ceard-de-a-bhfuil-bitheagsulacht-na-heireann-deanta-suas\\\/eagsulacht-gnathoga\\\/cois-costa\\\/ceard-is-feidir-liom-a-dheanamh-chun-cuidiu-le-bitheagsulacht-chosta-a-chosaint\\\/\",\"url\":\"https:\\\/\\\/www.noticenature.ie\\\/ga\\\/eolas-faoi-duil-sa-dulra\\\/ceard-de-a-bhfuil-bitheagsulacht-na-heireann-deanta-suas\\\/eagsulacht-gnathoga\\\/cois-costa\\\/ceard-is-feidir-liom-a-dheanamh-chun-cuidiu-le-bitheagsulacht-chosta-a-chosaint\\\/\",\"name\":\"C\u00e9ard is f\u00e9idir liom a dh\u00e9anamh chun cuidi\u00fa le bith\u00e9ags\u00falacht ch\u00f3sta a chosaint? - D\u00fail sa D\u00falra\",\"isPartOf\":{\"@id\":\"https:\\\/\\\/www.noticenature.ie\\\/ga\\\/#website\"},\"datePublished\":\"2016-06-22T13:19:16+00:00\",\"dateModified\":\"2022-06-17T16:47:59+00:00\",\"breadcrumb\":{\"@id\":\"https:\\\/\\\/www.noticenature.ie\\\/ga\\\/eolas-faoi-duil-sa-dulra\\\/ceard-de-a-bhfuil-bitheagsulacht-na-heireann-deanta-suas\\\/eagsulacht-gnathoga\\\/cois-costa\\\/ceard-is-feidir-liom-a-dheanamh-chun-cuidiu-le-bitheagsulacht-chosta-a-chosaint\\\/#breadcrumb\"},\"inLanguage\":\"ga-IE\",\"potentialAction\":[{\"@type\":\"ReadAction\",\"target\":[\"https:\\\/\\\/www.noticenature.ie\\\/ga\\\/eolas-faoi-duil-sa-dulra\\\/ceard-de-a-bhfuil-bitheagsulacht-na-heireann-deanta-suas\\\/eagsulacht-gnathoga\\\/cois-costa\\\/ceard-is-feidir-liom-a-dheanamh-chun-cuidiu-le-bitheagsulacht-chosta-a-chosaint\\\/\"]}]},{\"@type\":\"BreadcrumbList\",\"@id\":\"https:\\\/\\\/www.noticenature.ie\\\/ga\\\/eolas-faoi-duil-sa-dulra\\\/ceard-de-a-bhfuil-bitheagsulacht-na-heireann-deanta-suas\\\/eagsulacht-gnathoga\\\/cois-costa\\\/ceard-is-feidir-liom-a-dheanamh-chun-cuidiu-le-bitheagsulacht-chosta-a-chosaint\\\/#breadcrumb\",\"itemListElement\":[{\"@type\":\"ListItem\",\"position\":1,\"name\":\"Home\",\"item\":\"https:\\\/\\\/www.noticenature.ie\\\/ga\\\/1600-2\\\/\"},{\"@type\":\"ListItem\",\"position\":2,\"name\":\"Maidir le D\u00fail sa D\u00falra\",\"item\":\"https:\\\/\\\/www.noticenature.ie\\\/ga\\\/eolas-faoi-duil-sa-dulra\\\/\"},{\"@type\":\"ListItem\",\"position\":3,\"name\":\"C\u00e9ard de a bhfuil bith\u00e9ags\u00falacht na h\u00c9ireann d\u00e9anta suas?\",\"item\":\"https:\\\/\\\/www.noticenature.ie\\\/ga\\\/eolas-faoi-duil-sa-dulra\\\/ceard-de-a-bhfuil-bitheagsulacht-na-heireann-deanta-suas\\\/\"},{\"@type\":\"ListItem\",\"position\":4,\"name\":\"\u00c9ags\u00falacht Gn\u00e1th\u00f3ga\",\"item\":\"https:\\\/\\\/www.noticenature.ie\\\/ga\\\/eolas-faoi-duil-sa-dulra\\\/ceard-de-a-bhfuil-bitheagsulacht-na-heireann-deanta-suas\\\/eagsulacht-gnathoga\\\/\"},{\"@type\":\"ListItem\",\"position\":5,\"name\":\"Cois C\u00f3sta\",\"item\":\"https:\\\/\\\/www.noticenature.ie\\\/ga\\\/eolas-faoi-duil-sa-dulra\\\/ceard-de-a-bhfuil-bitheagsulacht-na-heireann-deanta-suas\\\/eagsulacht-gnathoga\\\/cois-costa\\\/\"},{\"@type\":\"ListItem\",\"position\":6,\"name\":\"C\u00e9ard is f\u00e9idir liom a dh\u00e9anamh chun cuidi\u00fa le bith\u00e9ags\u00falacht ch\u00f3sta a chosaint?\"}]},{\"@type\":\"WebSite\",\"@id\":\"https:\\\/\\\/www.noticenature.ie\\\/ga\\\/#website\",\"url\":\"https:\\\/\\\/www.noticenature.ie\\\/ga\\\/\",\"name\":\"D\u00fail sa D\u00falra\",\"description\":\"Action on Biodiversity Loss\",\"potentialAction\":[{\"@type\":\"SearchAction\",\"target\":{\"@type\":\"EntryPoint\",\"urlTemplate\":\"https:\\\/\\\/www.noticenature.ie\\\/ga\\\/?s={search_term_string}\"},\"query-input\":{\"@type\":\"PropertyValueSpecification\",\"valueRequired\":true,\"valueName\":\"search_term_string\"}}],\"inLanguage\":\"ga-IE\"}]}<\/script>\n<!-- \/ Yoast SEO plugin. -->","yoast_head_json":{"title":"C\u00e9ard is f\u00e9idir liom a dh\u00e9anamh chun cuidi\u00fa le bith\u00e9ags\u00falacht ch\u00f3sta a chosaint? - D\u00fail sa D\u00falra","robots":{"index":"index","follow":"follow","max-snippet":"max-snippet:-1","max-image-preview":"max-image-preview:large","max-video-preview":"max-video-preview:-1"},"canonical":"https:\/\/www.noticenature.ie\/ga\/eolas-faoi-duil-sa-dulra\/ceard-de-a-bhfuil-bitheagsulacht-na-heireann-deanta-suas\/eagsulacht-gnathoga\/cois-costa\/ceard-is-feidir-liom-a-dheanamh-chun-cuidiu-le-bitheagsulacht-chosta-a-chosaint\/","og_locale":"ga_IE","og_type":"article","og_title":"C\u00e9ard is f\u00e9idir liom a dh\u00e9anamh chun cuidi\u00fa le bith\u00e9ags\u00falacht ch\u00f3sta a chosaint? - D\u00fail sa D\u00falra","og_description":"Mhachaire: Seachain r\u00f3-innilt ar mhachaire mara mar go bhf\u00e9adfaidh s\u00e9 f\u00edor-dham\u00e1iste a dh\u00e9anamh do strucht\u00far an fh\u00e1sra agus creimeadh a dh\u00e9anamh. T\u00e1 beath\u00fa breise \u00e1balta dam\u00e1iste a dh\u00e9anamh do strucht\u00far an fh\u00e1sra \u00f3 tharla go bhfanann ainmhithe gar do na pointe beathaithe sin. Mar sin, scaip an bheatha thart ar limist\u00e9ar m\u00f3r n\u00f3 aimsigh point\u00ed [&hellip;]","og_url":"https:\/\/www.noticenature.ie\/ga\/eolas-faoi-duil-sa-dulra\/ceard-de-a-bhfuil-bitheagsulacht-na-heireann-deanta-suas\/eagsulacht-gnathoga\/cois-costa\/ceard-is-feidir-liom-a-dheanamh-chun-cuidiu-le-bitheagsulacht-chosta-a-chosaint\/","og_site_name":"D\u00fail sa D\u00falra","article_publisher":"https:\/\/www.facebook.com\/profile.php?id=100066240890743","article_modified_time":"2022-06-17T16:47:59+00:00","twitter_card":"summary_large_image","twitter_site":"@Notice_Nature","twitter_misc":{"Est. reading time":"2 minutes"},"schema":{"@context":"https:\/\/schema.org","@graph":[{"@type":"WebPage","@id":"https:\/\/www.noticenature.ie\/ga\/eolas-faoi-duil-sa-dulra\/ceard-de-a-bhfuil-bitheagsulacht-na-heireann-deanta-suas\/eagsulacht-gnathoga\/cois-costa\/ceard-is-feidir-liom-a-dheanamh-chun-cuidiu-le-bitheagsulacht-chosta-a-chosaint\/","url":"https:\/\/www.noticenature.ie\/ga\/eolas-faoi-duil-sa-dulra\/ceard-de-a-bhfuil-bitheagsulacht-na-heireann-deanta-suas\/eagsulacht-gnathoga\/cois-costa\/ceard-is-feidir-liom-a-dheanamh-chun-cuidiu-le-bitheagsulacht-chosta-a-chosaint\/","name":"C\u00e9ard is f\u00e9idir liom a dh\u00e9anamh chun cuidi\u00fa le bith\u00e9ags\u00falacht ch\u00f3sta a chosaint? - D\u00fail sa D\u00falra","isPartOf":{"@id":"https:\/\/www.noticenature.ie\/ga\/#website"},"datePublished":"2016-06-22T13:19:16+00:00","dateModified":"2022-06-17T16:47:59+00:00","breadcrumb":{"@id":"https:\/\/www.noticenature.ie\/ga\/eolas-faoi-duil-sa-dulra\/ceard-de-a-bhfuil-bitheagsulacht-na-heireann-deanta-suas\/eagsulacht-gnathoga\/cois-costa\/ceard-is-feidir-liom-a-dheanamh-chun-cuidiu-le-bitheagsulacht-chosta-a-chosaint\/#breadcrumb"},"inLanguage":"ga-IE","potentialAction":[{"@type":"ReadAction","target":["https:\/\/www.noticenature.ie\/ga\/eolas-faoi-duil-sa-dulra\/ceard-de-a-bhfuil-bitheagsulacht-na-heireann-deanta-suas\/eagsulacht-gnathoga\/cois-costa\/ceard-is-feidir-liom-a-dheanamh-chun-cuidiu-le-bitheagsulacht-chosta-a-chosaint\/"]}]},{"@type":"BreadcrumbList","@id":"https:\/\/www.noticenature.ie\/ga\/eolas-faoi-duil-sa-dulra\/ceard-de-a-bhfuil-bitheagsulacht-na-heireann-deanta-suas\/eagsulacht-gnathoga\/cois-costa\/ceard-is-feidir-liom-a-dheanamh-chun-cuidiu-le-bitheagsulacht-chosta-a-chosaint\/#breadcrumb","itemListElement":[{"@type":"ListItem","position":1,"name":"Home","item":"https:\/\/www.noticenature.ie\/ga\/1600-2\/"},{"@type":"ListItem","position":2,"name":"Maidir le D\u00fail sa D\u00falra","item":"https:\/\/www.noticenature.ie\/ga\/eolas-faoi-duil-sa-dulra\/"},{"@type":"ListItem","position":3,"name":"C\u00e9ard de a bhfuil bith\u00e9ags\u00falacht na h\u00c9ireann d\u00e9anta suas?","item":"https:\/\/www.noticenature.ie\/ga\/eolas-faoi-duil-sa-dulra\/ceard-de-a-bhfuil-bitheagsulacht-na-heireann-deanta-suas\/"},{"@type":"ListItem","position":4,"name":"\u00c9ags\u00falacht Gn\u00e1th\u00f3ga","item":"https:\/\/www.noticenature.ie\/ga\/eolas-faoi-duil-sa-dulra\/ceard-de-a-bhfuil-bitheagsulacht-na-heireann-deanta-suas\/eagsulacht-gnathoga\/"},{"@type":"ListItem","position":5,"name":"Cois C\u00f3sta","item":"https:\/\/www.noticenature.ie\/ga\/eolas-faoi-duil-sa-dulra\/ceard-de-a-bhfuil-bitheagsulacht-na-heireann-deanta-suas\/eagsulacht-gnathoga\/cois-costa\/"},{"@type":"ListItem","position":6,"name":"C\u00e9ard is f\u00e9idir liom a dh\u00e9anamh chun cuidi\u00fa le bith\u00e9ags\u00falacht ch\u00f3sta a chosaint?"}]},{"@type":"WebSite","@id":"https:\/\/www.noticenature.ie\/ga\/#website","url":"https:\/\/www.noticenature.ie\/ga\/","name":"D\u00fail sa D\u00falra","description":"Action on Biodiversity Loss","potentialAction":[{"@type":"SearchAction","target":{"@type":"EntryPoint","urlTemplate":"https:\/\/www.noticenature.ie\/ga\/?s={search_term_string}"},"query-input":{"@type":"PropertyValueSpecification","valueRequired":true,"valueName":"search_term_string"}}],"inLanguage":"ga-IE"}]}},"_links":{"self":[{"href":"https:\/\/www.noticenature.ie\/ga\/wp-json\/wp\/v2\/pages\/1734","targetHints":{"allow":["GET"]}}],"collection":[{"href":"https:\/\/www.noticenature.ie\/ga\/wp-json\/wp\/v2\/pages"}],"about":[{"href":"https:\/\/www.noticenature.ie\/ga\/wp-json\/wp\/v2\/types\/page"}],"author":[{"embeddable":true,"href":"https:\/\/www.noticenature.ie\/ga\/wp-json\/wp\/v2\/users\/2"}],"replies":[{"embeddable":true,"href":"https:\/\/www.noticenature.ie\/ga\/wp-json\/wp\/v2\/comments?post=1734"}],"version-history":[{"count":4,"href":"https:\/\/www.noticenature.ie\/ga\/wp-json\/wp\/v2\/pages\/1734\/revisions"}],"predecessor-version":[{"id":1811,"href":"https:\/\/www.noticenature.ie\/ga\/wp-json\/wp\/v2\/pages\/1734\/revisions\/1811"}],"up":[{"embeddable":true,"href":"https:\/\/www.noticenature.ie\/ga\/wp-json\/wp\/v2\/pages\/1733"}],"wp:attachment":[{"href":"https:\/\/www.noticenature.ie\/ga\/wp-json\/wp\/v2\/media?parent=1734"}],"curies":[{"name":"wp","href":"https:\/\/api.w.org\/{rel}","templated":true}]}}