{"id":1733,"date":"2016-06-15T16:10:36","date_gmt":"2016-06-15T16:10:36","guid":{"rendered":"https:\/\/www.noticenature.ie\/eolas-faoi-duil-sa-dulra\/ceard-de-a-bhfuil-bitheagsulacht-na-heireann-deanta-suas\/eagsulacht-gnathoga\/cois-costa\/"},"modified":"2022-06-17T16:48:14","modified_gmt":"2022-06-17T16:48:14","slug":"cois-costa","status":"publish","type":"page","link":"https:\/\/www.noticenature.ie\/ga\/eolas-faoi-duil-sa-dulra\/ceard-de-a-bhfuil-bitheagsulacht-na-heireann-deanta-suas\/eagsulacht-gnathoga\/cois-costa\/","title":{"rendered":"Cois C\u00f3sta"},"content":{"rendered":"\n<p>Is limist\u00e9ir iad limist\u00e9ir cois c\u00f3sta at\u00e1 saibhir \u00f3 thaobh bith\u00e9ags\u00falachta de. Is \u00e9 an idirghn\u00edomha\u00edocht idir an ghaoth agus na tonnta is c\u00fais leis sin, iad ag obair le ch\u00e9ile chun na clocha agus an gaineamh a mh\u00fanl\u00fa agus chun r\u00e9imse nideog a chruth\u00fa ina mb\u00edonn planda\u00ed agus ainmhithe \u00e1balta maireacht\u00e1il. T\u00e1 r\u00e9imse gn\u00e1th\u00f3g i dtailte cois c\u00f3sta na t\u00edre, \u00f3 na c\u00f3rais Duimhche chom\u00f3nta go tailte f\u00e9araigh an mhachaire mara neamhchoitianta.<\/p>\n\n<p>Crutha\u00edtear dumhcha nuair a charntar gaineamh de bharr tonnghn\u00edomhaithe agus nuair a sh\u00e9ideann na gn\u00e1thghaotha ar talamh an gaineamh sin isteach \u00f3n gc\u00f3sta. De r\u00e9ir mar a chrutha\u00edtear an dumhach tosa\u00edonn an ghaoth ag imirt tionchar air tr\u00ed ghr\u00e1inn\u00edn\u00ed gainimh a chreimeadh \u00f3 thaobh na gaoithe agus iad a shil-leagan ar thaobh an fhoscaidh. F\u00e1gann an gn\u00edomh\u00fa sin go \u2018mbogann\u2019 an dumhach isteach \u00f3n gc\u00f3sta de r\u00e9ir a ch\u00e9ile, agus de r\u00e9ir mar a tharla\u00edonn s\u00e9 sin carntar n\u00edos m\u00f3 agus n\u00edos m\u00f3 gaineamh air. Athra\u00edonn l\u00edon na speiceas planda\u00ed a bhaineann le dumhcha de r\u00e9ir mar a bhogann duine \u00f3n gc\u00f3sta &#8211; \u00f3 phlanda\u00ed ceannr\u00f3daithe amhail an Cearrbhac\u00e1n Mara go dt\u00ed dumhcha at\u00e1 cl\u00fadaithe le Muir\u00edneach, go dt\u00ed dumhcha socra ar a bhf\u00e1sann feisci\u00fa, fr\u00e9amhacha tairne, l\u00e9icin etc., go dt\u00ed bogaigh ar a dtugtar lag\u00e1n dumhcha ar a bhf\u00e1sann seisc\u00ed agus\/n\u00f3 an tsaileach reatha.<\/p>\n<div class=\"wp-block-image\">\n<figure class=\"aligncenter\"><a href=\"https:\/\/www.noticenature.ie\/wp-content\/uploads\/2021\/12\/rockybeachweb.jpg\"><img loading=\"lazy\" decoding=\"async\" width=\"448\" height=\"287\" src=\"https:\/\/www.noticenature.ie\/wp-content\/uploads\/2021\/12\/rockybeachweb.jpg\" alt=\"Tr&#xE1; Charraigeach\" class=\"wp-image-1280\" srcset=\"https:\/\/www.noticenature.ie\/wp-content\/uploads\/2021\/12\/rockybeachweb.jpg 448w, https:\/\/www.noticenature.ie\/wp-content\/uploads\/2021\/12\/rockybeachweb-300x192.jpg 300w\" sizes=\"auto, (max-width: 448px) 100vw, 448px\" \/><\/a><\/figure>\n<\/div>\n<p>Is ionann riasc goirt agus clampa f\u00e1sra a tharla\u00edonn i gcoinn\u00edollacha mara agus breacsh\u00e1ile ar l\u00e1ib n\u00f3 m\u00f3in at\u00e1 fliuch, b\u00e1ite n\u00f3 a bh\u00edonn faoi uisce na farraige go tr\u00e9imhsi\u00fail. Faightear de ghn\u00e1th iad idir mallmhara agus rabharta\u00ed i gcuain agus inbhir chosanta chomh maith le limist\u00e9ir eile den ch\u00f3sta faoi fhothain. Faightear riasc goirt go fairsing feadh an ch\u00f3sta, ach is minic iad a bheith an-scartha \u00f3 ch\u00e9ile. Baineann na limist\u00e9ir is m\u00f3 d\u00edobh le r\u00e9ile\u00e1in l\u00e1ibe in inbhir mh\u00f3ra agus lochanna farraige m\u00f3ra na t\u00edre den chuid is m\u00f3, amhail Loch Farraige na Maoile Rua i gCuan na Maoile Rua, Co. Dh\u00fan na nGall.<\/p>\n<div class=\"wp-block-image\">\n<figure class=\"alignleft\"><a href=\"https:\/\/www.noticenature.ie\/wp-content\/uploads\/2021\/12\/searockweb.jpg\"><img loading=\"lazy\" decoding=\"async\" width=\"300\" height=\"222\" src=\"https:\/\/www.noticenature.ie\/wp-content\/uploads\/2021\/12\/searockweb-300x222.jpg\" alt=\"Carraig Farraige\" class=\"wp-image-1279\" srcset=\"https:\/\/www.noticenature.ie\/wp-content\/uploads\/2021\/12\/searockweb-300x222.jpg 300w, https:\/\/www.noticenature.ie\/wp-content\/uploads\/2021\/12\/searockweb.jpg 448w\" sizes=\"auto, (max-width: 300px) 100vw, 300px\" \/><\/a><\/figure>\n<\/div>\n<p>Is gn\u00e1th\u00f3g cois c\u00f3sta fh\u00edorshainfheidhmeach agus ghainmheach chasta \u00e9 an machaire mara nach bhfuil in aon \u00e1it ar domhan ach i gc\u00f3sta iarthuaisceart na h\u00c9ireann agus na hAlban. T\u00e1 siad le f\u00e1il feadh ch\u00f3sta an iarthair in \u00c9irinn, \u00f3 Chuan na Gaillimhe go Cionn Mh\u00e1lanna i nD\u00fan na nGall, ceantair ina mb\u00edonn g\u00e1la\u00ed agus an ghaoth l\u00e1idir go minic. Is \u00e9ard at\u00e1 ann n\u00e1 machaire gainmheach cothrom n\u00f3 a arda\u00edonn agus a \u00edsl\u00edonn go r\u00e9idh a fhorbra\u00edonn i limist\u00e9ir aig\u00e9anacha le haer\u00e1id fhionnuar, thais. Crutha\u00edtear an machaire mara nuair a sh\u00e9ideann gn\u00e1thghaotha gaineamh cailcreach \u00f3 thr\u00e1nna agus \u00f3 dhumhcha agus t\u00e1 s\u00e9 ar cheann de na gn\u00e1th\u00f3ga fiadh\u00falra is neamhchoitianta san Eoraip. Is gn\u00e1th\u00f3g thosa\u00edochta \u00e9 faoi Iarscr\u00edbhinn I de Threoir an Aontais Eorpaigh maidir le Gn\u00e1th\u00f3ga in \u00c9irinn, a chialla\u00edonn go nd\u00e9antar \u00e9 a chosaint agus a chaomhn\u00fa go speisialta.<\/p>\n<div class=\"wp-block-image\">\n<figure class=\"alignright\"><a href=\"https:\/\/www.noticenature.ie\/wp-content\/uploads\/2021\/12\/doolough-2web.jpg\"><img loading=\"lazy\" decoding=\"async\" width=\"300\" height=\"225\" src=\"https:\/\/www.noticenature.ie\/wp-content\/uploads\/2021\/12\/doolough-2web-300x225.jpg\" alt=\"Dumha Locha\" class=\"wp-image-1276\" srcset=\"https:\/\/www.noticenature.ie\/wp-content\/uploads\/2021\/12\/doolough-2web-300x225.jpg 300w, https:\/\/www.noticenature.ie\/wp-content\/uploads\/2021\/12\/doolough-2web.jpg 448w\" sizes=\"auto, (max-width: 300px) 100vw, 300px\" \/><\/a><\/figure>\n<\/div>\n<p class=\"has-text-align-left\">Tugtar cosaint do go leor de na gn\u00e1th\u00f3ga cois c\u00f3sta in \u00c9irinn mar Limist\u00e9ir Oidhreachta N\u00e1d\u00fartha, Limist\u00e9ir faoi Chosaint Speisialta agus Limist\u00e9ir faoi Chaomhn\u00fa Speisialta.<\/p>\n\n<p>Chun tuilleadh faisn\u00e9ise a fh\u00e1il ar Ghn\u00e1th\u00f3ga Cois C\u00f3sta, speicis agus an reachta\u00edocht lena gcosna\u00edtear gn\u00e1th\u00f3ga cois c\u00f3sta <a href=\"https:\/\/www.noticenature.ie\/wp-content\/uploads\/2016\/06\/coastal-habitats.pdf\" target=\"_blank\" rel=\"noopener\"><u>\u00edosl\u00f3d\u00e1il Bileog Eolais D\u00fail sa D\u00falra maidir le Gn\u00e1th\u00f3ga Cois C\u00f3sta<\/u><\/a>.<\/p>\n\n<h4 class=\"wp-block-heading\"><a href=\"https:\/\/www.noticenature.ie\/ga\/eolas-faoi-duil-sa-dulra\/ceard-de-a-bhfuil-bitheagsulacht-na-heireann-deanta-suas\/eagsulacht-gnathoga\/cois-costa\/ceard-is-feidir-liom-a-dheanamh-chun-cuidiu-le-bitheagsulacht-chosta-a-chosaint\/\">C\u00e9ard is f\u00e9idir liom a dh\u00e9anamh chun cuidi\u00fa le bith\u00e9ags\u00falacht ch\u00f3sta a chosaint?<\/a><\/h4>\n","protected":false},"excerpt":{"rendered":"<p>Is limist\u00e9ir iad limist\u00e9ir cois c\u00f3sta at\u00e1 saibhir \u00f3 thaobh bith\u00e9ags\u00falachta de. Is \u00e9 an idirghn\u00edomha\u00edocht idir an ghaoth agus na tonnta is c\u00fais leis sin, iad ag obair le ch\u00e9ile chun na clocha agus an gaineamh a mh\u00fanl\u00fa agus chun r\u00e9imse nideog a chruth\u00fa ina mb\u00edonn planda\u00ed agus ainmhithe \u00e1balta maireacht\u00e1il. T\u00e1 r\u00e9imse gn\u00e1th\u00f3g [&hellip;]<\/p>\n","protected":false},"author":2,"featured_media":0,"parent":1719,"menu_order":0,"comment_status":"closed","ping_status":"closed","template":"","meta":{"footnotes":""},"class_list":["post-1733","page","type-page","status-publish","hentry","post"],"yoast_head":"<!-- This site is optimized with the Yoast SEO plugin v27.3 - https:\/\/yoast.com\/product\/yoast-seo-wordpress\/ -->\n<title>Cois C\u00f3sta - D\u00fail sa D\u00falra<\/title>\n<meta name=\"robots\" content=\"index, follow, max-snippet:-1, max-image-preview:large, max-video-preview:-1\" \/>\n<link rel=\"canonical\" href=\"https:\/\/www.noticenature.ie\/ga\/eolas-faoi-duil-sa-dulra\/ceard-de-a-bhfuil-bitheagsulacht-na-heireann-deanta-suas\/eagsulacht-gnathoga\/cois-costa\/\" \/>\n<meta property=\"og:locale\" content=\"ga_IE\" \/>\n<meta property=\"og:type\" content=\"article\" \/>\n<meta property=\"og:title\" content=\"Cois C\u00f3sta - D\u00fail sa D\u00falra\" \/>\n<meta property=\"og:description\" content=\"Is limist\u00e9ir iad limist\u00e9ir cois c\u00f3sta at\u00e1 saibhir \u00f3 thaobh bith\u00e9ags\u00falachta de. Is \u00e9 an idirghn\u00edomha\u00edocht idir an ghaoth agus na tonnta is c\u00fais leis sin, iad ag obair le ch\u00e9ile chun na clocha agus an gaineamh a mh\u00fanl\u00fa agus chun r\u00e9imse nideog a chruth\u00fa ina mb\u00edonn planda\u00ed agus ainmhithe \u00e1balta maireacht\u00e1il. T\u00e1 r\u00e9imse gn\u00e1th\u00f3g [&hellip;]\" \/>\n<meta property=\"og:url\" content=\"https:\/\/www.noticenature.ie\/ga\/eolas-faoi-duil-sa-dulra\/ceard-de-a-bhfuil-bitheagsulacht-na-heireann-deanta-suas\/eagsulacht-gnathoga\/cois-costa\/\" \/>\n<meta property=\"og:site_name\" content=\"D\u00fail sa D\u00falra\" \/>\n<meta property=\"article:publisher\" content=\"https:\/\/www.facebook.com\/profile.php?id=100066240890743\" \/>\n<meta property=\"article:modified_time\" content=\"2022-06-17T16:48:14+00:00\" \/>\n<meta property=\"og:image\" content=\"https:\/\/www.noticenature.ie\/wp-content\/uploads\/2021\/12\/rockybeachweb.jpg\" \/>\n<meta name=\"twitter:card\" content=\"summary_large_image\" \/>\n<meta name=\"twitter:site\" content=\"@Notice_Nature\" \/>\n<meta name=\"twitter:label1\" content=\"Est. reading time\" \/>\n\t<meta name=\"twitter:data1\" content=\"3 minutes\" \/>\n<script type=\"application\/ld+json\" class=\"yoast-schema-graph\">{\"@context\":\"https:\\\/\\\/schema.org\",\"@graph\":[{\"@type\":\"WebPage\",\"@id\":\"https:\\\/\\\/www.noticenature.ie\\\/ga\\\/eolas-faoi-duil-sa-dulra\\\/ceard-de-a-bhfuil-bitheagsulacht-na-heireann-deanta-suas\\\/eagsulacht-gnathoga\\\/cois-costa\\\/\",\"url\":\"https:\\\/\\\/www.noticenature.ie\\\/ga\\\/eolas-faoi-duil-sa-dulra\\\/ceard-de-a-bhfuil-bitheagsulacht-na-heireann-deanta-suas\\\/eagsulacht-gnathoga\\\/cois-costa\\\/\",\"name\":\"Cois C\u00f3sta - D\u00fail sa D\u00falra\",\"isPartOf\":{\"@id\":\"https:\\\/\\\/www.noticenature.ie\\\/ga\\\/#website\"},\"primaryImageOfPage\":{\"@id\":\"https:\\\/\\\/www.noticenature.ie\\\/ga\\\/eolas-faoi-duil-sa-dulra\\\/ceard-de-a-bhfuil-bitheagsulacht-na-heireann-deanta-suas\\\/eagsulacht-gnathoga\\\/cois-costa\\\/#primaryimage\"},\"image\":{\"@id\":\"https:\\\/\\\/www.noticenature.ie\\\/ga\\\/eolas-faoi-duil-sa-dulra\\\/ceard-de-a-bhfuil-bitheagsulacht-na-heireann-deanta-suas\\\/eagsulacht-gnathoga\\\/cois-costa\\\/#primaryimage\"},\"thumbnailUrl\":\"https:\\\/\\\/www.noticenature.ie\\\/wp-content\\\/uploads\\\/2021\\\/12\\\/rockybeachweb.jpg\",\"datePublished\":\"2016-06-15T16:10:36+00:00\",\"dateModified\":\"2022-06-17T16:48:14+00:00\",\"breadcrumb\":{\"@id\":\"https:\\\/\\\/www.noticenature.ie\\\/ga\\\/eolas-faoi-duil-sa-dulra\\\/ceard-de-a-bhfuil-bitheagsulacht-na-heireann-deanta-suas\\\/eagsulacht-gnathoga\\\/cois-costa\\\/#breadcrumb\"},\"inLanguage\":\"ga-IE\",\"potentialAction\":[{\"@type\":\"ReadAction\",\"target\":[\"https:\\\/\\\/www.noticenature.ie\\\/ga\\\/eolas-faoi-duil-sa-dulra\\\/ceard-de-a-bhfuil-bitheagsulacht-na-heireann-deanta-suas\\\/eagsulacht-gnathoga\\\/cois-costa\\\/\"]}]},{\"@type\":\"ImageObject\",\"inLanguage\":\"ga-IE\",\"@id\":\"https:\\\/\\\/www.noticenature.ie\\\/ga\\\/eolas-faoi-duil-sa-dulra\\\/ceard-de-a-bhfuil-bitheagsulacht-na-heireann-deanta-suas\\\/eagsulacht-gnathoga\\\/cois-costa\\\/#primaryimage\",\"url\":\"https:\\\/\\\/www.noticenature.ie\\\/wp-content\\\/uploads\\\/2021\\\/12\\\/rockybeachweb.jpg\",\"contentUrl\":\"https:\\\/\\\/www.noticenature.ie\\\/wp-content\\\/uploads\\\/2021\\\/12\\\/rockybeachweb.jpg\"},{\"@type\":\"BreadcrumbList\",\"@id\":\"https:\\\/\\\/www.noticenature.ie\\\/ga\\\/eolas-faoi-duil-sa-dulra\\\/ceard-de-a-bhfuil-bitheagsulacht-na-heireann-deanta-suas\\\/eagsulacht-gnathoga\\\/cois-costa\\\/#breadcrumb\",\"itemListElement\":[{\"@type\":\"ListItem\",\"position\":1,\"name\":\"Home\",\"item\":\"https:\\\/\\\/www.noticenature.ie\\\/ga\\\/\"},{\"@type\":\"ListItem\",\"position\":2,\"name\":\"Maidir le D\u00fail sa D\u00falra\",\"item\":\"https:\\\/\\\/www.noticenature.ie\\\/ga\\\/eolas-faoi-duil-sa-dulra\\\/\"},{\"@type\":\"ListItem\",\"position\":3,\"name\":\"C\u00e9ard de a bhfuil bith\u00e9ags\u00falacht na h\u00c9ireann d\u00e9anta suas?\",\"item\":\"https:\\\/\\\/www.noticenature.ie\\\/ga\\\/eolas-faoi-duil-sa-dulra\\\/ceard-de-a-bhfuil-bitheagsulacht-na-heireann-deanta-suas\\\/\"},{\"@type\":\"ListItem\",\"position\":4,\"name\":\"\u00c9ags\u00falacht Gn\u00e1th\u00f3ga\",\"item\":\"https:\\\/\\\/www.noticenature.ie\\\/ga\\\/eolas-faoi-duil-sa-dulra\\\/ceard-de-a-bhfuil-bitheagsulacht-na-heireann-deanta-suas\\\/eagsulacht-gnathoga\\\/\"},{\"@type\":\"ListItem\",\"position\":5,\"name\":\"Cois C\u00f3sta\"}]},{\"@type\":\"WebSite\",\"@id\":\"https:\\\/\\\/www.noticenature.ie\\\/ga\\\/#website\",\"url\":\"https:\\\/\\\/www.noticenature.ie\\\/ga\\\/\",\"name\":\"D\u00fail sa D\u00falra\",\"description\":\"Action on Biodiversity Loss\",\"potentialAction\":[{\"@type\":\"SearchAction\",\"target\":{\"@type\":\"EntryPoint\",\"urlTemplate\":\"https:\\\/\\\/www.noticenature.ie\\\/ga\\\/?s={search_term_string}\"},\"query-input\":{\"@type\":\"PropertyValueSpecification\",\"valueRequired\":true,\"valueName\":\"search_term_string\"}}],\"inLanguage\":\"ga-IE\"}]}<\/script>\n<!-- \/ Yoast SEO plugin. -->","yoast_head_json":{"title":"Cois C\u00f3sta - D\u00fail sa D\u00falra","robots":{"index":"index","follow":"follow","max-snippet":"max-snippet:-1","max-image-preview":"max-image-preview:large","max-video-preview":"max-video-preview:-1"},"canonical":"https:\/\/www.noticenature.ie\/ga\/eolas-faoi-duil-sa-dulra\/ceard-de-a-bhfuil-bitheagsulacht-na-heireann-deanta-suas\/eagsulacht-gnathoga\/cois-costa\/","og_locale":"ga_IE","og_type":"article","og_title":"Cois C\u00f3sta - D\u00fail sa D\u00falra","og_description":"Is limist\u00e9ir iad limist\u00e9ir cois c\u00f3sta at\u00e1 saibhir \u00f3 thaobh bith\u00e9ags\u00falachta de. Is \u00e9 an idirghn\u00edomha\u00edocht idir an ghaoth agus na tonnta is c\u00fais leis sin, iad ag obair le ch\u00e9ile chun na clocha agus an gaineamh a mh\u00fanl\u00fa agus chun r\u00e9imse nideog a chruth\u00fa ina mb\u00edonn planda\u00ed agus ainmhithe \u00e1balta maireacht\u00e1il. T\u00e1 r\u00e9imse gn\u00e1th\u00f3g [&hellip;]","og_url":"https:\/\/www.noticenature.ie\/ga\/eolas-faoi-duil-sa-dulra\/ceard-de-a-bhfuil-bitheagsulacht-na-heireann-deanta-suas\/eagsulacht-gnathoga\/cois-costa\/","og_site_name":"D\u00fail sa D\u00falra","article_publisher":"https:\/\/www.facebook.com\/profile.php?id=100066240890743","article_modified_time":"2022-06-17T16:48:14+00:00","og_image":[{"url":"https:\/\/www.noticenature.ie\/wp-content\/uploads\/2021\/12\/rockybeachweb.jpg","type":"","width":"","height":""}],"twitter_card":"summary_large_image","twitter_site":"@Notice_Nature","twitter_misc":{"Est. reading time":"3 minutes"},"schema":{"@context":"https:\/\/schema.org","@graph":[{"@type":"WebPage","@id":"https:\/\/www.noticenature.ie\/ga\/eolas-faoi-duil-sa-dulra\/ceard-de-a-bhfuil-bitheagsulacht-na-heireann-deanta-suas\/eagsulacht-gnathoga\/cois-costa\/","url":"https:\/\/www.noticenature.ie\/ga\/eolas-faoi-duil-sa-dulra\/ceard-de-a-bhfuil-bitheagsulacht-na-heireann-deanta-suas\/eagsulacht-gnathoga\/cois-costa\/","name":"Cois C\u00f3sta - D\u00fail sa D\u00falra","isPartOf":{"@id":"https:\/\/www.noticenature.ie\/ga\/#website"},"primaryImageOfPage":{"@id":"https:\/\/www.noticenature.ie\/ga\/eolas-faoi-duil-sa-dulra\/ceard-de-a-bhfuil-bitheagsulacht-na-heireann-deanta-suas\/eagsulacht-gnathoga\/cois-costa\/#primaryimage"},"image":{"@id":"https:\/\/www.noticenature.ie\/ga\/eolas-faoi-duil-sa-dulra\/ceard-de-a-bhfuil-bitheagsulacht-na-heireann-deanta-suas\/eagsulacht-gnathoga\/cois-costa\/#primaryimage"},"thumbnailUrl":"https:\/\/www.noticenature.ie\/wp-content\/uploads\/2021\/12\/rockybeachweb.jpg","datePublished":"2016-06-15T16:10:36+00:00","dateModified":"2022-06-17T16:48:14+00:00","breadcrumb":{"@id":"https:\/\/www.noticenature.ie\/ga\/eolas-faoi-duil-sa-dulra\/ceard-de-a-bhfuil-bitheagsulacht-na-heireann-deanta-suas\/eagsulacht-gnathoga\/cois-costa\/#breadcrumb"},"inLanguage":"ga-IE","potentialAction":[{"@type":"ReadAction","target":["https:\/\/www.noticenature.ie\/ga\/eolas-faoi-duil-sa-dulra\/ceard-de-a-bhfuil-bitheagsulacht-na-heireann-deanta-suas\/eagsulacht-gnathoga\/cois-costa\/"]}]},{"@type":"ImageObject","inLanguage":"ga-IE","@id":"https:\/\/www.noticenature.ie\/ga\/eolas-faoi-duil-sa-dulra\/ceard-de-a-bhfuil-bitheagsulacht-na-heireann-deanta-suas\/eagsulacht-gnathoga\/cois-costa\/#primaryimage","url":"https:\/\/www.noticenature.ie\/wp-content\/uploads\/2021\/12\/rockybeachweb.jpg","contentUrl":"https:\/\/www.noticenature.ie\/wp-content\/uploads\/2021\/12\/rockybeachweb.jpg"},{"@type":"BreadcrumbList","@id":"https:\/\/www.noticenature.ie\/ga\/eolas-faoi-duil-sa-dulra\/ceard-de-a-bhfuil-bitheagsulacht-na-heireann-deanta-suas\/eagsulacht-gnathoga\/cois-costa\/#breadcrumb","itemListElement":[{"@type":"ListItem","position":1,"name":"Home","item":"https:\/\/www.noticenature.ie\/ga\/"},{"@type":"ListItem","position":2,"name":"Maidir le D\u00fail sa D\u00falra","item":"https:\/\/www.noticenature.ie\/ga\/eolas-faoi-duil-sa-dulra\/"},{"@type":"ListItem","position":3,"name":"C\u00e9ard de a bhfuil bith\u00e9ags\u00falacht na h\u00c9ireann d\u00e9anta suas?","item":"https:\/\/www.noticenature.ie\/ga\/eolas-faoi-duil-sa-dulra\/ceard-de-a-bhfuil-bitheagsulacht-na-heireann-deanta-suas\/"},{"@type":"ListItem","position":4,"name":"\u00c9ags\u00falacht Gn\u00e1th\u00f3ga","item":"https:\/\/www.noticenature.ie\/ga\/eolas-faoi-duil-sa-dulra\/ceard-de-a-bhfuil-bitheagsulacht-na-heireann-deanta-suas\/eagsulacht-gnathoga\/"},{"@type":"ListItem","position":5,"name":"Cois C\u00f3sta"}]},{"@type":"WebSite","@id":"https:\/\/www.noticenature.ie\/ga\/#website","url":"https:\/\/www.noticenature.ie\/ga\/","name":"D\u00fail sa D\u00falra","description":"Action on Biodiversity Loss","potentialAction":[{"@type":"SearchAction","target":{"@type":"EntryPoint","urlTemplate":"https:\/\/www.noticenature.ie\/ga\/?s={search_term_string}"},"query-input":{"@type":"PropertyValueSpecification","valueRequired":true,"valueName":"search_term_string"}}],"inLanguage":"ga-IE"}]}},"_links":{"self":[{"href":"https:\/\/www.noticenature.ie\/ga\/wp-json\/wp\/v2\/pages\/1733","targetHints":{"allow":["GET"]}}],"collection":[{"href":"https:\/\/www.noticenature.ie\/ga\/wp-json\/wp\/v2\/pages"}],"about":[{"href":"https:\/\/www.noticenature.ie\/ga\/wp-json\/wp\/v2\/types\/page"}],"author":[{"embeddable":true,"href":"https:\/\/www.noticenature.ie\/ga\/wp-json\/wp\/v2\/users\/2"}],"replies":[{"embeddable":true,"href":"https:\/\/www.noticenature.ie\/ga\/wp-json\/wp\/v2\/comments?post=1733"}],"version-history":[{"count":4,"href":"https:\/\/www.noticenature.ie\/ga\/wp-json\/wp\/v2\/pages\/1733\/revisions"}],"predecessor-version":[{"id":1813,"href":"https:\/\/www.noticenature.ie\/ga\/wp-json\/wp\/v2\/pages\/1733\/revisions\/1813"}],"up":[{"embeddable":true,"href":"https:\/\/www.noticenature.ie\/ga\/wp-json\/wp\/v2\/pages\/1719"}],"wp:attachment":[{"href":"https:\/\/www.noticenature.ie\/ga\/wp-json\/wp\/v2\/media?parent=1733"}],"curies":[{"name":"wp","href":"https:\/\/api.w.org\/{rel}","templated":true}]}}