{"id":1732,"date":"2016-06-21T11:09:21","date_gmt":"2016-06-21T11:09:21","guid":{"rendered":"https:\/\/www.noticenature.ie\/eolas-faoi-duil-sa-dulra\/ceard-de-a-bhfuil-bitheagsulacht-na-heireann-deanta-suas\/eagsulacht-gnathoga\/fionnuisce\/ceard-is-feidir-liom-a-dheanamh-chun-bitheagsulacht-fionnuisce-a-chosaint\/"},"modified":"2022-06-17T17:23:45","modified_gmt":"2022-06-17T17:23:45","slug":"ceard-is-feidir-liom-a-dheanamh-chun-bitheagsulacht-fionnuisce-a-chosaint","status":"publish","type":"page","link":"https:\/\/www.noticenature.ie\/ga\/eolas-faoi-duil-sa-dulra\/ceard-de-a-bhfuil-bitheagsulacht-na-heireann-deanta-suas\/eagsulacht-gnathoga\/fionnuisce\/ceard-is-feidir-liom-a-dheanamh-chun-bitheagsulacht-fionnuisce-a-chosaint\/","title":{"rendered":"C\u00e9ard is f\u00e9idir liom a dh\u00e9anamh chun Bith\u00e9ags\u00falacht Fionnuisce a chosaint?"},"content":{"rendered":"\n<p>Leis an gCreat-Treoir Uisce, tugtar spreagadh do gan saor\u00e1nach, eagra\u00edocht agus tionscal p\u00e1irt ghn\u00edomhach a ghlacadh i bpleananna bainistithe a fhorbairt don Cheantar Abhantra\u00ed \u00e1irithe ina bhfuil siad. Ba cheart do ghr\u00fapa\u00ed turas\u00f3ireachta, do chumainn slatiascair\u00ed, do choist\u00ed Bailte Slachtmhara agus do mhuintir an phobail a gcuid tuairim\u00ed a chur in i\u00fal. T\u00e9igh chuig an chuid Bainisti\u00fa Abhantra\u00ed ar an l\u00e1ithre\u00e1n gr\u00e9as\u00e1in <a href=\"https:\/\/www.gov.ie\/en\/consultation\/2bda0-public-consultation-on-the-draft-river-basin-management-plan-for-ireland-2022-2027\/#how-you-can-get-involved\" target=\"_blank\" rel=\"noopener\"><span style=\"color: #248cc8;\">www.gov.ie<\/span><\/a> chun f\u00e1il amach mar is f\u00e9idir leat a bheith rannph\u00e1irteach.<\/p>\n\n<ul class=\"wp-block-list\"><li>Ba cheart gach dabhach sh\u00e9arachais a th\u00f3g\u00e1il de r\u00e9ir na rialach\u00e1n F\u00e9ach ar <i>&#8216;C\u00f3rais Ch\u00f3ire\u00e1la do Thithe Aonair&#8217;<\/i>i L\u00e1mhleabhar na Gn\u00edomhaireachta um Chaomhn\u00fa Comhshaoil maidir le C\u00f3ire\u00e1il Fu\u00edolluisce sula nd\u00e9anann t\u00fa dabhach sh\u00e9arachais (f\u00e9ach <a href=\"http:\/\/www.epa.ie\/\" target=\"_blank\" rel=\"noopener\"><span style=\"color: #248cc8;\">https:\/\/www.epa.ie\/<\/span><\/a> faoi Treoir Theicni\u00fail agus faoi C\u00e1ip\u00e9is\u00ed Comhairle\/Treoracha.<\/li><li>N\u00ed m\u00f3r sloda s\u00e9arachais a bhaint de dhabhcha go tr\u00e1thrialta le feidhmi\u00fa \u00e9ifeachtach a chinnti\u00fa, agus mar sin, B\u00cd CINNTE \u00e9 sin a dh\u00e9anamh nuair is g\u00e1!<\/li><li>N\u00e1 d\u00e9an leachtanna guaiseacha t\u00ed a dhi\u00fascairt tr\u00ed iad a shruthl\u00fa s\u00edos an draein, an doirteal n\u00f3 sa leithreas. Mar shampla, caolaitheoir\u00ed p\u00e9inte, tuaslag\u00f3ir\u00ed, ola, p\u00e9int n\u00e1r \u00fas\u00e1ideadh n\u00f3 lotnaidic\u00edd\u00ed. M\u00e1 t\u00e1 amhras ort, l\u00e9igh an lip\u00e9ad at\u00e1 ar an t\u00e1irge agus seice\u00e1il cib\u00e9 a bhfuil rabhadh guaise air.<\/li><li>Cinntigh go sceitear uisce salach (as an doirteal, as an meais\u00edn n\u00edoch\u00e1in, as an miasniteoir, etc.) i s\u00e9arach seachas i ndraein dromchla.<\/li><li>Tabhair abhaile do chuid bruscair leat i gc\u00f3na\u00ed. D\u00e9antar dam\u00e1iste do gheolbhaigh iasc le bruscair a chr\u00edochna\u00edonn i sruthch\u00farsa\u00ed, agus is f\u00e9idir l\u00e1ithreacha sceathra\u00ed a thachtadh leis.<\/li><li>Ar an bhFeirm \u2013 St\u00f3r\u00e1il gach substaint chont\u00fairteach go s\u00e1bh\u00e1ilte agus b\u00ed c\u00faramach nach dtarl\u00f3dh doirteadh ar bith de thimpiste. E.g. lotnaidic\u00edd\u00ed, t\u00e1irg\u00ed tr\u00e9idliachta, ola agus leasach\u00e1n saorga. Sa ch\u00e1s go ndoirtf\u00ed substaint\u00ed cont\u00fairteacha ar bith de thimpiste, ba cheart \u00e9 sin a thuairisci\u00fa don \u00fadar\u00e1s \u00e1iti\u00fala. Is ceanglas dl\u00ed \u00e9 seo agus d\u2019fh\u00e9adfadh ionch\u00faiseamh a bheith mar thoradh ar mhainneachtain an doirteadh timpisteach n\u00f3 sceitheadh uisce a thuairisci\u00fa.<\/li><li>D\u00e9an baili\u00fa agus st\u00f3r\u00e1il fhu\u00edolluisce uile na feirme a rial\u00fa agus a bhainisti\u00fa, lena n-air\u00edtear aoileach eallaigh, sciodar eallaigh, eisilteach sadhlais, uisce salach \u00f3 chl\u00f3is, cairn aoiligh agus n\u00edoch\u00e1in uachtarlainne.<\/li><li>T\u00e1 riachtanais ar leith ann faoin Treoir maidir le N\u00edotr\u00e1it\u00ed maidir le st\u00f3r\u00e1il agus leath\u00fa aoiligh bheostoic agus leasach\u00e1in eile. F\u00e9ach ar <a href=\"http:\/\/www.agriculture.gov.ie\/farmerschemespayments\/crosscompliance\/nitrates\/\" target=\"_blank\" rel=\"noopener\"><span style=\"color: #248cc8;\">Eolas faoi N\u00edotr\u00e1it\u00ed<\/span><\/a> chun tuilleadh eolais a fh\u00e1il.<\/li><\/ul>\n\n<p><em>Ar ais chuig <a href=\"https:\/\/www.noticenature.ie\/ga\/eolas-faoi-duil-sa-dulra\/ceard-de-a-bhfuil-bitheagsulacht-na-heireann-deanta-suas\/eagsulacht-gnathoga\/\">an gcl\u00e1r \u00c9ags\u00falacht Gn\u00e1th\u00f3g<\/a><\/em><\/p>\n","protected":false},"excerpt":{"rendered":"<p>Leis an gCreat-Treoir Uisce, tugtar spreagadh do gan saor\u00e1nach, eagra\u00edocht agus tionscal p\u00e1irt ghn\u00edomhach a ghlacadh i bpleananna bainistithe a fhorbairt don Cheantar Abhantra\u00ed \u00e1irithe ina bhfuil siad. Ba cheart do ghr\u00fapa\u00ed turas\u00f3ireachta, do chumainn slatiascair\u00ed, do choist\u00ed Bailte Slachtmhara agus do mhuintir an phobail a gcuid tuairim\u00ed a chur in i\u00fal. T\u00e9igh chuig an [&hellip;]<\/p>\n","protected":false},"author":2,"featured_media":0,"parent":1731,"menu_order":0,"comment_status":"closed","ping_status":"closed","template":"","meta":{"footnotes":""},"class_list":["post-1732","page","type-page","status-publish","hentry","post"],"yoast_head":"<!-- This site is optimized with the Yoast SEO plugin v27.3 - https:\/\/yoast.com\/product\/yoast-seo-wordpress\/ -->\n<title>C\u00e9ard is f\u00e9idir liom a dh\u00e9anamh chun Bith\u00e9ags\u00falacht Fionnuisce a chosaint? - D\u00fail sa D\u00falra<\/title>\n<meta name=\"robots\" content=\"index, follow, max-snippet:-1, max-image-preview:large, max-video-preview:-1\" \/>\n<link rel=\"canonical\" href=\"https:\/\/www.noticenature.ie\/ga\/eolas-faoi-duil-sa-dulra\/ceard-de-a-bhfuil-bitheagsulacht-na-heireann-deanta-suas\/eagsulacht-gnathoga\/fionnuisce\/ceard-is-feidir-liom-a-dheanamh-chun-bitheagsulacht-fionnuisce-a-chosaint\/\" \/>\n<meta property=\"og:locale\" content=\"ga_IE\" \/>\n<meta property=\"og:type\" content=\"article\" \/>\n<meta property=\"og:title\" content=\"C\u00e9ard is f\u00e9idir liom a dh\u00e9anamh chun Bith\u00e9ags\u00falacht Fionnuisce a chosaint? - D\u00fail sa D\u00falra\" \/>\n<meta property=\"og:description\" content=\"Leis an gCreat-Treoir Uisce, tugtar spreagadh do gan saor\u00e1nach, eagra\u00edocht agus tionscal p\u00e1irt ghn\u00edomhach a ghlacadh i bpleananna bainistithe a fhorbairt don Cheantar Abhantra\u00ed \u00e1irithe ina bhfuil siad. Ba cheart do ghr\u00fapa\u00ed turas\u00f3ireachta, do chumainn slatiascair\u00ed, do choist\u00ed Bailte Slachtmhara agus do mhuintir an phobail a gcuid tuairim\u00ed a chur in i\u00fal. T\u00e9igh chuig an [&hellip;]\" \/>\n<meta property=\"og:url\" content=\"https:\/\/www.noticenature.ie\/ga\/eolas-faoi-duil-sa-dulra\/ceard-de-a-bhfuil-bitheagsulacht-na-heireann-deanta-suas\/eagsulacht-gnathoga\/fionnuisce\/ceard-is-feidir-liom-a-dheanamh-chun-bitheagsulacht-fionnuisce-a-chosaint\/\" \/>\n<meta property=\"og:site_name\" content=\"D\u00fail sa D\u00falra\" \/>\n<meta property=\"article:publisher\" content=\"https:\/\/www.facebook.com\/profile.php?id=100066240890743\" \/>\n<meta property=\"article:modified_time\" content=\"2022-06-17T17:23:45+00:00\" \/>\n<meta name=\"twitter:card\" content=\"summary_large_image\" \/>\n<meta name=\"twitter:site\" content=\"@Notice_Nature\" \/>\n<meta name=\"twitter:label1\" content=\"Est. reading time\" \/>\n\t<meta name=\"twitter:data1\" content=\"2 minutes\" \/>\n<script type=\"application\/ld+json\" class=\"yoast-schema-graph\">{\"@context\":\"https:\\\/\\\/schema.org\",\"@graph\":[{\"@type\":\"WebPage\",\"@id\":\"https:\\\/\\\/www.noticenature.ie\\\/ga\\\/eolas-faoi-duil-sa-dulra\\\/ceard-de-a-bhfuil-bitheagsulacht-na-heireann-deanta-suas\\\/eagsulacht-gnathoga\\\/fionnuisce\\\/ceard-is-feidir-liom-a-dheanamh-chun-bitheagsulacht-fionnuisce-a-chosaint\\\/\",\"url\":\"https:\\\/\\\/www.noticenature.ie\\\/ga\\\/eolas-faoi-duil-sa-dulra\\\/ceard-de-a-bhfuil-bitheagsulacht-na-heireann-deanta-suas\\\/eagsulacht-gnathoga\\\/fionnuisce\\\/ceard-is-feidir-liom-a-dheanamh-chun-bitheagsulacht-fionnuisce-a-chosaint\\\/\",\"name\":\"C\u00e9ard is f\u00e9idir liom a dh\u00e9anamh chun Bith\u00e9ags\u00falacht Fionnuisce a chosaint? - D\u00fail sa D\u00falra\",\"isPartOf\":{\"@id\":\"https:\\\/\\\/www.noticenature.ie\\\/ga\\\/#website\"},\"datePublished\":\"2016-06-21T11:09:21+00:00\",\"dateModified\":\"2022-06-17T17:23:45+00:00\",\"breadcrumb\":{\"@id\":\"https:\\\/\\\/www.noticenature.ie\\\/ga\\\/eolas-faoi-duil-sa-dulra\\\/ceard-de-a-bhfuil-bitheagsulacht-na-heireann-deanta-suas\\\/eagsulacht-gnathoga\\\/fionnuisce\\\/ceard-is-feidir-liom-a-dheanamh-chun-bitheagsulacht-fionnuisce-a-chosaint\\\/#breadcrumb\"},\"inLanguage\":\"ga-IE\",\"potentialAction\":[{\"@type\":\"ReadAction\",\"target\":[\"https:\\\/\\\/www.noticenature.ie\\\/ga\\\/eolas-faoi-duil-sa-dulra\\\/ceard-de-a-bhfuil-bitheagsulacht-na-heireann-deanta-suas\\\/eagsulacht-gnathoga\\\/fionnuisce\\\/ceard-is-feidir-liom-a-dheanamh-chun-bitheagsulacht-fionnuisce-a-chosaint\\\/\"]}]},{\"@type\":\"BreadcrumbList\",\"@id\":\"https:\\\/\\\/www.noticenature.ie\\\/ga\\\/eolas-faoi-duil-sa-dulra\\\/ceard-de-a-bhfuil-bitheagsulacht-na-heireann-deanta-suas\\\/eagsulacht-gnathoga\\\/fionnuisce\\\/ceard-is-feidir-liom-a-dheanamh-chun-bitheagsulacht-fionnuisce-a-chosaint\\\/#breadcrumb\",\"itemListElement\":[{\"@type\":\"ListItem\",\"position\":1,\"name\":\"Home\",\"item\":\"https:\\\/\\\/www.noticenature.ie\\\/ga\\\/\"},{\"@type\":\"ListItem\",\"position\":2,\"name\":\"Maidir le D\u00fail sa D\u00falra\",\"item\":\"https:\\\/\\\/www.noticenature.ie\\\/ga\\\/eolas-faoi-duil-sa-dulra\\\/\"},{\"@type\":\"ListItem\",\"position\":3,\"name\":\"C\u00e9ard de a bhfuil bith\u00e9ags\u00falacht na h\u00c9ireann d\u00e9anta suas?\",\"item\":\"https:\\\/\\\/www.noticenature.ie\\\/ga\\\/eolas-faoi-duil-sa-dulra\\\/ceard-de-a-bhfuil-bitheagsulacht-na-heireann-deanta-suas\\\/\"},{\"@type\":\"ListItem\",\"position\":4,\"name\":\"\u00c9ags\u00falacht Gn\u00e1th\u00f3ga\",\"item\":\"https:\\\/\\\/www.noticenature.ie\\\/ga\\\/eolas-faoi-duil-sa-dulra\\\/ceard-de-a-bhfuil-bitheagsulacht-na-heireann-deanta-suas\\\/eagsulacht-gnathoga\\\/\"},{\"@type\":\"ListItem\",\"position\":5,\"name\":\"Fionnuisce\",\"item\":\"https:\\\/\\\/www.noticenature.ie\\\/ga\\\/eolas-faoi-duil-sa-dulra\\\/ceard-de-a-bhfuil-bitheagsulacht-na-heireann-deanta-suas\\\/eagsulacht-gnathoga\\\/fionnuisce\\\/\"},{\"@type\":\"ListItem\",\"position\":6,\"name\":\"C\u00e9ard is f\u00e9idir liom a dh\u00e9anamh chun Bith\u00e9ags\u00falacht Fionnuisce a chosaint?\"}]},{\"@type\":\"WebSite\",\"@id\":\"https:\\\/\\\/www.noticenature.ie\\\/ga\\\/#website\",\"url\":\"https:\\\/\\\/www.noticenature.ie\\\/ga\\\/\",\"name\":\"D\u00fail sa D\u00falra\",\"description\":\"Action on Biodiversity Loss\",\"potentialAction\":[{\"@type\":\"SearchAction\",\"target\":{\"@type\":\"EntryPoint\",\"urlTemplate\":\"https:\\\/\\\/www.noticenature.ie\\\/ga\\\/?s={search_term_string}\"},\"query-input\":{\"@type\":\"PropertyValueSpecification\",\"valueRequired\":true,\"valueName\":\"search_term_string\"}}],\"inLanguage\":\"ga-IE\"}]}<\/script>\n<!-- \/ Yoast SEO plugin. -->","yoast_head_json":{"title":"C\u00e9ard is f\u00e9idir liom a dh\u00e9anamh chun Bith\u00e9ags\u00falacht Fionnuisce a chosaint? - D\u00fail sa D\u00falra","robots":{"index":"index","follow":"follow","max-snippet":"max-snippet:-1","max-image-preview":"max-image-preview:large","max-video-preview":"max-video-preview:-1"},"canonical":"https:\/\/www.noticenature.ie\/ga\/eolas-faoi-duil-sa-dulra\/ceard-de-a-bhfuil-bitheagsulacht-na-heireann-deanta-suas\/eagsulacht-gnathoga\/fionnuisce\/ceard-is-feidir-liom-a-dheanamh-chun-bitheagsulacht-fionnuisce-a-chosaint\/","og_locale":"ga_IE","og_type":"article","og_title":"C\u00e9ard is f\u00e9idir liom a dh\u00e9anamh chun Bith\u00e9ags\u00falacht Fionnuisce a chosaint? - D\u00fail sa D\u00falra","og_description":"Leis an gCreat-Treoir Uisce, tugtar spreagadh do gan saor\u00e1nach, eagra\u00edocht agus tionscal p\u00e1irt ghn\u00edomhach a ghlacadh i bpleananna bainistithe a fhorbairt don Cheantar Abhantra\u00ed \u00e1irithe ina bhfuil siad. Ba cheart do ghr\u00fapa\u00ed turas\u00f3ireachta, do chumainn slatiascair\u00ed, do choist\u00ed Bailte Slachtmhara agus do mhuintir an phobail a gcuid tuairim\u00ed a chur in i\u00fal. T\u00e9igh chuig an [&hellip;]","og_url":"https:\/\/www.noticenature.ie\/ga\/eolas-faoi-duil-sa-dulra\/ceard-de-a-bhfuil-bitheagsulacht-na-heireann-deanta-suas\/eagsulacht-gnathoga\/fionnuisce\/ceard-is-feidir-liom-a-dheanamh-chun-bitheagsulacht-fionnuisce-a-chosaint\/","og_site_name":"D\u00fail sa D\u00falra","article_publisher":"https:\/\/www.facebook.com\/profile.php?id=100066240890743","article_modified_time":"2022-06-17T17:23:45+00:00","twitter_card":"summary_large_image","twitter_site":"@Notice_Nature","twitter_misc":{"Est. reading time":"2 minutes"},"schema":{"@context":"https:\/\/schema.org","@graph":[{"@type":"WebPage","@id":"https:\/\/www.noticenature.ie\/ga\/eolas-faoi-duil-sa-dulra\/ceard-de-a-bhfuil-bitheagsulacht-na-heireann-deanta-suas\/eagsulacht-gnathoga\/fionnuisce\/ceard-is-feidir-liom-a-dheanamh-chun-bitheagsulacht-fionnuisce-a-chosaint\/","url":"https:\/\/www.noticenature.ie\/ga\/eolas-faoi-duil-sa-dulra\/ceard-de-a-bhfuil-bitheagsulacht-na-heireann-deanta-suas\/eagsulacht-gnathoga\/fionnuisce\/ceard-is-feidir-liom-a-dheanamh-chun-bitheagsulacht-fionnuisce-a-chosaint\/","name":"C\u00e9ard is f\u00e9idir liom a dh\u00e9anamh chun Bith\u00e9ags\u00falacht Fionnuisce a chosaint? - D\u00fail sa D\u00falra","isPartOf":{"@id":"https:\/\/www.noticenature.ie\/ga\/#website"},"datePublished":"2016-06-21T11:09:21+00:00","dateModified":"2022-06-17T17:23:45+00:00","breadcrumb":{"@id":"https:\/\/www.noticenature.ie\/ga\/eolas-faoi-duil-sa-dulra\/ceard-de-a-bhfuil-bitheagsulacht-na-heireann-deanta-suas\/eagsulacht-gnathoga\/fionnuisce\/ceard-is-feidir-liom-a-dheanamh-chun-bitheagsulacht-fionnuisce-a-chosaint\/#breadcrumb"},"inLanguage":"ga-IE","potentialAction":[{"@type":"ReadAction","target":["https:\/\/www.noticenature.ie\/ga\/eolas-faoi-duil-sa-dulra\/ceard-de-a-bhfuil-bitheagsulacht-na-heireann-deanta-suas\/eagsulacht-gnathoga\/fionnuisce\/ceard-is-feidir-liom-a-dheanamh-chun-bitheagsulacht-fionnuisce-a-chosaint\/"]}]},{"@type":"BreadcrumbList","@id":"https:\/\/www.noticenature.ie\/ga\/eolas-faoi-duil-sa-dulra\/ceard-de-a-bhfuil-bitheagsulacht-na-heireann-deanta-suas\/eagsulacht-gnathoga\/fionnuisce\/ceard-is-feidir-liom-a-dheanamh-chun-bitheagsulacht-fionnuisce-a-chosaint\/#breadcrumb","itemListElement":[{"@type":"ListItem","position":1,"name":"Home","item":"https:\/\/www.noticenature.ie\/ga\/"},{"@type":"ListItem","position":2,"name":"Maidir le D\u00fail sa D\u00falra","item":"https:\/\/www.noticenature.ie\/ga\/eolas-faoi-duil-sa-dulra\/"},{"@type":"ListItem","position":3,"name":"C\u00e9ard de a bhfuil bith\u00e9ags\u00falacht na h\u00c9ireann d\u00e9anta suas?","item":"https:\/\/www.noticenature.ie\/ga\/eolas-faoi-duil-sa-dulra\/ceard-de-a-bhfuil-bitheagsulacht-na-heireann-deanta-suas\/"},{"@type":"ListItem","position":4,"name":"\u00c9ags\u00falacht Gn\u00e1th\u00f3ga","item":"https:\/\/www.noticenature.ie\/ga\/eolas-faoi-duil-sa-dulra\/ceard-de-a-bhfuil-bitheagsulacht-na-heireann-deanta-suas\/eagsulacht-gnathoga\/"},{"@type":"ListItem","position":5,"name":"Fionnuisce","item":"https:\/\/www.noticenature.ie\/ga\/eolas-faoi-duil-sa-dulra\/ceard-de-a-bhfuil-bitheagsulacht-na-heireann-deanta-suas\/eagsulacht-gnathoga\/fionnuisce\/"},{"@type":"ListItem","position":6,"name":"C\u00e9ard is f\u00e9idir liom a dh\u00e9anamh chun Bith\u00e9ags\u00falacht Fionnuisce a chosaint?"}]},{"@type":"WebSite","@id":"https:\/\/www.noticenature.ie\/ga\/#website","url":"https:\/\/www.noticenature.ie\/ga\/","name":"D\u00fail sa D\u00falra","description":"Action on Biodiversity Loss","potentialAction":[{"@type":"SearchAction","target":{"@type":"EntryPoint","urlTemplate":"https:\/\/www.noticenature.ie\/ga\/?s={search_term_string}"},"query-input":{"@type":"PropertyValueSpecification","valueRequired":true,"valueName":"search_term_string"}}],"inLanguage":"ga-IE"}]}},"_links":{"self":[{"href":"https:\/\/www.noticenature.ie\/ga\/wp-json\/wp\/v2\/pages\/1732","targetHints":{"allow":["GET"]}}],"collection":[{"href":"https:\/\/www.noticenature.ie\/ga\/wp-json\/wp\/v2\/pages"}],"about":[{"href":"https:\/\/www.noticenature.ie\/ga\/wp-json\/wp\/v2\/types\/page"}],"author":[{"embeddable":true,"href":"https:\/\/www.noticenature.ie\/ga\/wp-json\/wp\/v2\/users\/2"}],"replies":[{"embeddable":true,"href":"https:\/\/www.noticenature.ie\/ga\/wp-json\/wp\/v2\/comments?post=1732"}],"version-history":[{"count":4,"href":"https:\/\/www.noticenature.ie\/ga\/wp-json\/wp\/v2\/pages\/1732\/revisions"}],"predecessor-version":[{"id":1875,"href":"https:\/\/www.noticenature.ie\/ga\/wp-json\/wp\/v2\/pages\/1732\/revisions\/1875"}],"up":[{"embeddable":true,"href":"https:\/\/www.noticenature.ie\/ga\/wp-json\/wp\/v2\/pages\/1731"}],"wp:attachment":[{"href":"https:\/\/www.noticenature.ie\/ga\/wp-json\/wp\/v2\/media?parent=1732"}],"curies":[{"name":"wp","href":"https:\/\/api.w.org\/{rel}","templated":true}]}}