{"id":1731,"date":"2016-06-15T16:09:33","date_gmt":"2016-06-15T16:09:33","guid":{"rendered":"https:\/\/www.noticenature.ie\/eolas-faoi-duil-sa-dulra\/ceard-de-a-bhfuil-bitheagsulacht-na-heireann-deanta-suas\/eagsulacht-gnathoga\/fionnuisce\/"},"modified":"2022-06-17T16:35:54","modified_gmt":"2022-06-17T16:35:54","slug":"fionnuisce","status":"publish","type":"page","link":"https:\/\/www.noticenature.ie\/ga\/eolas-faoi-duil-sa-dulra\/ceard-de-a-bhfuil-bitheagsulacht-na-heireann-deanta-suas\/eagsulacht-gnathoga\/fionnuisce\/","title":{"rendered":"Fionnuisce"},"content":{"rendered":"<div class=\"wp-block-image\">\n<figure class=\"alignleft\"><a href=\"https:\/\/www.noticenature.ie\/wp-content\/uploads\/2021\/12\/Glendassaun4.gif\"><img loading=\"lazy\" decoding=\"async\" width=\"302\" height=\"448\" src=\"https:\/\/www.noticenature.ie\/wp-content\/uploads\/2021\/12\/Glendassaun4.gif\" alt=\"Gleann Das&#xE1;in\" class=\"wp-image-1284\"\/><\/a><\/figure>\n<\/div>\n<p>Is cuid r\u00edth\u00e1bhachtach de th\u00edrdhreach na t\u00edre iad na hacmhainn\u00ed fionnuisce at\u00e1 againn agus cuirtear r\u00e9imse gn\u00e1th\u00f3g ar f\u00e1il leo a thaca\u00edonn le fl\u00fairse fiadh\u00falra, lena n-\u00e1ir\u00edtear \u00e9isc, \u00e9in agus inveirteabraigh. T\u00e1 siad riachtanach do bhith\u00e9ags\u00falacht na h\u00c9ireann. T\u00e1 bith\u00e9ags\u00falacht fionnuisce an-leochaileach mar gur acmhainn do dhaoine \u00e9 fionnuisce a d\u2019fh\u00e9adfadh a bhaint, a atreor\u00fa, a choinne\u00e1il n\u00f3 a thruailli\u00fa ar bheala\u00ed a bhaineann d\u00e1 luach mar ghn\u00e1th\u00f3g d\u2019org\u00e1naigh.<\/p>\n\n<p>Ta os cionn 11,000 loch in \u00c9irinn, an chuid is m\u00f3 acu i l\u00e1r na t\u00edre, san iarthar n\u00f3 san iarthuaisceart. D\u00e1 gcuirfe\u00e1 na haibhneacha agus na locha uile le ch\u00e9ile, bheadh fad nach m\u00f3r 1,500 km i gceist. T\u00e1 roinnt cine\u00e1lacha \u00e9ags\u00fala locha againn in \u00c9irinn, a bhfuil a speicis agus a ghn\u00e1th\u00f3ga f\u00e9in ar leith ag gach ceann d\u00edobh. Is ar st\u00e1das tr\u00f3fach n\u00f3 ar st\u00e1das cothaithigh an uisce a bhuna\u00edtear rang\u00fa lochanna, de ghn\u00e1th. Ar na speicis a aims\u00edtear go coitianta i lochanna, t\u00e1 duileasc abhann, cine\u00e1lacha \u00e9ags\u00fala lil\u00ed agus caonaigh. Is d\u00f3cha gurb \u00e9 an turlach an cine\u00e1l locha is sp\u00e9isi\u00fala at\u00e1 againn. Is in \u00c9irinn amh\u00e1in, n\u00f3 geall leis, a fheictear na locha seo, agus t\u00e1 an chuid is m\u00f3 d\u00edobh le f\u00e1il in iarthar na t\u00edre. Is locha s\u00e9as\u00faracha iad seo in imchuacha n\u00f3 log\u00e1in i limist\u00e9ir aolchloiche agus taca\u00edtear le r\u00e9imse leathan speiceas uisceach, amfaibiach agus tal\u00fan iontu.<\/p>\n\n<p>Is f\u00e9idir aibhneacha a roinnt in d\u00e1 chatag\u00f3ir &#8211; aibhneacha tal\u00fan airde agus aibhneacha tal\u00fan \u00edsle. Ar na speicis a aims\u00edtear in aibhneacha go hiond\u00fail, b\u00edonn caonaigh uisceacha, l\u00e9icin, aelusanna le f\u00e1il in aibhneacha tal\u00fan airde, fad a bh\u00edonn speicis amhail bual-lil\u00ed agus giolcacha le f\u00e1il in aibhneacha tal\u00fan \u00edsle. Cotha\u00edtear \u00e9isc de chine\u00e1lacha \u00e9ags\u00fala in aibhneacha na h\u00c9ireann, lena n-\u00e1ir\u00edtear an brad\u00e1n, an breac agus an li\u00fas. Ar na h\u00e9in a bh\u00edonn le feice\u00e1il ar imeall an locha, t\u00e1 an murlach mara agus an corr r\u00e9isc.<\/p>\n<div class=\"wp-block-image\">\n<figure class=\"alignright\"><a href=\"https:\/\/www.noticenature.ie\/wp-content\/uploads\/2021\/12\/freshwater2.jpg\"><img loading=\"lazy\" decoding=\"async\" width=\"300\" height=\"225\" src=\"https:\/\/www.noticenature.ie\/wp-content\/uploads\/2021\/12\/freshwater2-300x225.jpg\" alt=\"Fionnuisce\" class=\"wp-image-1285\" srcset=\"https:\/\/www.noticenature.ie\/wp-content\/uploads\/2021\/12\/freshwater2-300x225.jpg 300w, https:\/\/www.noticenature.ie\/wp-content\/uploads\/2021\/12\/freshwater2.jpg 448w\" sizes=\"auto, (max-width: 300px) 100vw, 300px\" \/><\/a><\/figure>\n<\/div>\n<p>Ar an ioml\u00e1n, t\u00e1 caighde\u00e1n an uisce sa t\u00edr seo go maith, rud a fh\u00e1gann go bhfuil \u00e9ags\u00falacht i gceist \u00f3 thaobh fl\u00f3ra agus f\u00e1na at\u00e1 le f\u00e1il sna c\u00f3rais fionnuisce at\u00e1 againn. Mar sin f\u00e9in, t\u00e1 roinnt gn\u00edomha\u00edochta\u00ed a sainaithn\u00edodh a bhfuil drochthionchar acu ar aibhneacha agus ar lochanna na t\u00edre. \u00c1ir\u00edtear orthu seo saibhri\u00fa na sruthch\u00farsa\u00ed le cothaithigh amhail n\u00edtrigin agus fosfar de thoradh gn\u00edomha\u00edochta\u00ed talmha\u00edochta agus c\u00f3ire\u00e1il neamh\u00e9ifeacht\u00fail fu\u00edolluisce, i bhfoirm dabhach sh\u00e9arachais go pr\u00edomha. B\u00edonn imfh\u00e1s alga\u00ed agus planda\u00ed uisceacha mar thoradh ar shaibhri\u00fa cothaithigh, agus de thoradh air sin, laghda\u00edtear an m\u00e9id ocsaigine at\u00e1 san uisce, rud a fh\u00e1gann nach bhfuil s\u00e9 in ann foirmeacha eile beatha a choth\u00fa.<\/p>\n\n<p>Ar na bagairt\u00ed eile at\u00e1 ar fhionnuisce na h\u00c9ireann, t\u00e1:<\/p>\n\n<ul class=\"wp-block-list\"><li>Athruithe ar an \u00fas\u00e1id a bhaintear as an talamh, e.g. r\u00e9iteach tal\u00fan n\u00f3 cur crann buairc\u00edneach, a d\u2019fh\u00e9adfadh aig\u00e9adacht an uisce agus sioltach\u00e1n a mh\u00e9ad\u00fa; agus<\/li><li>Tabhairt isteach speiceas neamh-dh\u00fachasacha e.g. an di\u00failic\u00edn riabhach, arb \u00e9 is c\u00fais le fadhbanna tromch\u00faiseacha d\u2019\u00e9isc \u00e1irithe \u00f3 tugadh isteach anseo \u00e9.<\/li><\/ul>\n\n<p>Chun tuilleadh eolais a fh\u00e1il ar Fhionnuisc\u00ed, lena n-\u00e1ir\u00edtear cine\u00e1lacha c\u00f3ras fionnuisce in \u00c9irinn, speicis sp\u00e9isi\u00fala agus coitianta a bhaineann le gn\u00e1th\u00f3ga fionnuisce, bagairt\u00ed ar fhionnuisc\u00ed agus an reachta\u00edocht lena gcosna\u00edtear fionnuisc\u00ed, <u><a href=\"https:\/\/www.noticenature.ie\/wp-content\/uploads\/2016\/06\/freshwater-near-fin.pdf\" target=\"_blank\" rel=\"noopener\"><u>\u00edosl\u00f3d\u00e1il an Bhileog Eolais maidir le Fionnuisce<\/u><\/a><\/u>.<\/p>\n\n<p><a href=\"https:\/\/www.noticenature.ie\/ga\/eolas-faoi-duil-sa-dulra\/ceard-de-a-bhfuil-bitheagsulacht-na-heireann-deanta-suas\/eagsulacht-gnathoga\/fionnuisce\/ceard-is-feidir-liom-a-dheanamh-chun-bitheagsulacht-fionnuisce-a-chosaint\/\">C\u00e9ard is f\u00e9idir liom a dh\u00e9anamh chun Bith\u00e9ags\u00falacht Fionnuisce a chosaint?<\/a><\/p>\n","protected":false},"excerpt":{"rendered":"<p>Is cuid r\u00edth\u00e1bhachtach de th\u00edrdhreach na t\u00edre iad na hacmhainn\u00ed fionnuisce at\u00e1 againn agus cuirtear r\u00e9imse gn\u00e1th\u00f3g ar f\u00e1il leo a thaca\u00edonn le fl\u00fairse fiadh\u00falra, lena n-\u00e1ir\u00edtear \u00e9isc, \u00e9in agus inveirteabraigh. T\u00e1 siad riachtanach do bhith\u00e9ags\u00falacht na h\u00c9ireann. T\u00e1 bith\u00e9ags\u00falacht fionnuisce an-leochaileach mar gur acmhainn do dhaoine \u00e9 fionnuisce a d\u2019fh\u00e9adfadh a bhaint, a atreor\u00fa, [&hellip;]<\/p>\n","protected":false},"author":2,"featured_media":0,"parent":1719,"menu_order":0,"comment_status":"closed","ping_status":"closed","template":"","meta":{"footnotes":""},"class_list":["post-1731","page","type-page","status-publish","hentry","post"],"yoast_head":"<!-- This site is optimized with the Yoast SEO plugin v27.4 - https:\/\/yoast.com\/product\/yoast-seo-wordpress\/ -->\n<title>Fionnuisce - D\u00fail sa D\u00falra<\/title>\n<meta name=\"robots\" content=\"index, follow, max-snippet:-1, max-image-preview:large, max-video-preview:-1\" \/>\n<link rel=\"canonical\" href=\"https:\/\/www.noticenature.ie\/ga\/eolas-faoi-duil-sa-dulra\/ceard-de-a-bhfuil-bitheagsulacht-na-heireann-deanta-suas\/eagsulacht-gnathoga\/fionnuisce\/\" \/>\n<meta property=\"og:locale\" content=\"ga_IE\" \/>\n<meta property=\"og:type\" content=\"article\" \/>\n<meta property=\"og:title\" content=\"Fionnuisce - D\u00fail sa D\u00falra\" \/>\n<meta property=\"og:description\" content=\"Is cuid r\u00edth\u00e1bhachtach de th\u00edrdhreach na t\u00edre iad na hacmhainn\u00ed fionnuisce at\u00e1 againn agus cuirtear r\u00e9imse gn\u00e1th\u00f3g ar f\u00e1il leo a thaca\u00edonn le fl\u00fairse fiadh\u00falra, lena n-\u00e1ir\u00edtear \u00e9isc, \u00e9in agus inveirteabraigh. T\u00e1 siad riachtanach do bhith\u00e9ags\u00falacht na h\u00c9ireann. T\u00e1 bith\u00e9ags\u00falacht fionnuisce an-leochaileach mar gur acmhainn do dhaoine \u00e9 fionnuisce a d\u2019fh\u00e9adfadh a bhaint, a atreor\u00fa, [&hellip;]\" \/>\n<meta property=\"og:url\" content=\"https:\/\/www.noticenature.ie\/ga\/eolas-faoi-duil-sa-dulra\/ceard-de-a-bhfuil-bitheagsulacht-na-heireann-deanta-suas\/eagsulacht-gnathoga\/fionnuisce\/\" \/>\n<meta property=\"og:site_name\" content=\"D\u00fail sa D\u00falra\" \/>\n<meta property=\"article:publisher\" content=\"https:\/\/www.facebook.com\/profile.php?id=100066240890743\" \/>\n<meta property=\"article:modified_time\" content=\"2022-06-17T16:35:54+00:00\" \/>\n<meta property=\"og:image\" content=\"https:\/\/www.noticenature.ie\/wp-content\/uploads\/2021\/12\/Glendassaun4.gif\" \/>\n<meta name=\"twitter:card\" content=\"summary_large_image\" \/>\n<meta name=\"twitter:site\" content=\"@Notice_Nature\" \/>\n<meta name=\"twitter:label1\" content=\"Est. reading time\" \/>\n\t<meta name=\"twitter:data1\" content=\"3 minutes\" \/>\n<script type=\"application\/ld+json\" class=\"yoast-schema-graph\">{\"@context\":\"https:\\\/\\\/schema.org\",\"@graph\":[{\"@type\":\"WebPage\",\"@id\":\"https:\\\/\\\/www.noticenature.ie\\\/ga\\\/eolas-faoi-duil-sa-dulra\\\/ceard-de-a-bhfuil-bitheagsulacht-na-heireann-deanta-suas\\\/eagsulacht-gnathoga\\\/fionnuisce\\\/\",\"url\":\"https:\\\/\\\/www.noticenature.ie\\\/ga\\\/eolas-faoi-duil-sa-dulra\\\/ceard-de-a-bhfuil-bitheagsulacht-na-heireann-deanta-suas\\\/eagsulacht-gnathoga\\\/fionnuisce\\\/\",\"name\":\"Fionnuisce - D\u00fail sa D\u00falra\",\"isPartOf\":{\"@id\":\"https:\\\/\\\/www.noticenature.ie\\\/ga\\\/#website\"},\"primaryImageOfPage\":{\"@id\":\"https:\\\/\\\/www.noticenature.ie\\\/ga\\\/eolas-faoi-duil-sa-dulra\\\/ceard-de-a-bhfuil-bitheagsulacht-na-heireann-deanta-suas\\\/eagsulacht-gnathoga\\\/fionnuisce\\\/#primaryimage\"},\"image\":{\"@id\":\"https:\\\/\\\/www.noticenature.ie\\\/ga\\\/eolas-faoi-duil-sa-dulra\\\/ceard-de-a-bhfuil-bitheagsulacht-na-heireann-deanta-suas\\\/eagsulacht-gnathoga\\\/fionnuisce\\\/#primaryimage\"},\"thumbnailUrl\":\"https:\\\/\\\/www.noticenature.ie\\\/wp-content\\\/uploads\\\/2021\\\/12\\\/Glendassaun4.gif\",\"datePublished\":\"2016-06-15T16:09:33+00:00\",\"dateModified\":\"2022-06-17T16:35:54+00:00\",\"breadcrumb\":{\"@id\":\"https:\\\/\\\/www.noticenature.ie\\\/ga\\\/eolas-faoi-duil-sa-dulra\\\/ceard-de-a-bhfuil-bitheagsulacht-na-heireann-deanta-suas\\\/eagsulacht-gnathoga\\\/fionnuisce\\\/#breadcrumb\"},\"inLanguage\":\"ga-IE\",\"potentialAction\":[{\"@type\":\"ReadAction\",\"target\":[\"https:\\\/\\\/www.noticenature.ie\\\/ga\\\/eolas-faoi-duil-sa-dulra\\\/ceard-de-a-bhfuil-bitheagsulacht-na-heireann-deanta-suas\\\/eagsulacht-gnathoga\\\/fionnuisce\\\/\"]}]},{\"@type\":\"ImageObject\",\"inLanguage\":\"ga-IE\",\"@id\":\"https:\\\/\\\/www.noticenature.ie\\\/ga\\\/eolas-faoi-duil-sa-dulra\\\/ceard-de-a-bhfuil-bitheagsulacht-na-heireann-deanta-suas\\\/eagsulacht-gnathoga\\\/fionnuisce\\\/#primaryimage\",\"url\":\"https:\\\/\\\/www.noticenature.ie\\\/wp-content\\\/uploads\\\/2021\\\/12\\\/Glendassaun4.gif\",\"contentUrl\":\"https:\\\/\\\/www.noticenature.ie\\\/wp-content\\\/uploads\\\/2021\\\/12\\\/Glendassaun4.gif\"},{\"@type\":\"BreadcrumbList\",\"@id\":\"https:\\\/\\\/www.noticenature.ie\\\/ga\\\/eolas-faoi-duil-sa-dulra\\\/ceard-de-a-bhfuil-bitheagsulacht-na-heireann-deanta-suas\\\/eagsulacht-gnathoga\\\/fionnuisce\\\/#breadcrumb\",\"itemListElement\":[{\"@type\":\"ListItem\",\"position\":1,\"name\":\"Home\",\"item\":\"https:\\\/\\\/www.noticenature.ie\\\/ga\\\/\"},{\"@type\":\"ListItem\",\"position\":2,\"name\":\"Maidir le D\u00fail sa D\u00falra\",\"item\":\"https:\\\/\\\/www.noticenature.ie\\\/ga\\\/eolas-faoi-duil-sa-dulra\\\/\"},{\"@type\":\"ListItem\",\"position\":3,\"name\":\"C\u00e9ard de a bhfuil bith\u00e9ags\u00falacht na h\u00c9ireann d\u00e9anta suas?\",\"item\":\"https:\\\/\\\/www.noticenature.ie\\\/ga\\\/eolas-faoi-duil-sa-dulra\\\/ceard-de-a-bhfuil-bitheagsulacht-na-heireann-deanta-suas\\\/\"},{\"@type\":\"ListItem\",\"position\":4,\"name\":\"\u00c9ags\u00falacht Gn\u00e1th\u00f3ga\",\"item\":\"https:\\\/\\\/www.noticenature.ie\\\/ga\\\/eolas-faoi-duil-sa-dulra\\\/ceard-de-a-bhfuil-bitheagsulacht-na-heireann-deanta-suas\\\/eagsulacht-gnathoga\\\/\"},{\"@type\":\"ListItem\",\"position\":5,\"name\":\"Fionnuisce\"}]},{\"@type\":\"WebSite\",\"@id\":\"https:\\\/\\\/www.noticenature.ie\\\/ga\\\/#website\",\"url\":\"https:\\\/\\\/www.noticenature.ie\\\/ga\\\/\",\"name\":\"D\u00fail sa D\u00falra\",\"description\":\"Action on Biodiversity Loss\",\"potentialAction\":[{\"@type\":\"SearchAction\",\"target\":{\"@type\":\"EntryPoint\",\"urlTemplate\":\"https:\\\/\\\/www.noticenature.ie\\\/ga\\\/?s={search_term_string}\"},\"query-input\":{\"@type\":\"PropertyValueSpecification\",\"valueRequired\":true,\"valueName\":\"search_term_string\"}}],\"inLanguage\":\"ga-IE\"}]}<\/script>\n<!-- \/ Yoast SEO plugin. -->","yoast_head_json":{"title":"Fionnuisce - D\u00fail sa D\u00falra","robots":{"index":"index","follow":"follow","max-snippet":"max-snippet:-1","max-image-preview":"max-image-preview:large","max-video-preview":"max-video-preview:-1"},"canonical":"https:\/\/www.noticenature.ie\/ga\/eolas-faoi-duil-sa-dulra\/ceard-de-a-bhfuil-bitheagsulacht-na-heireann-deanta-suas\/eagsulacht-gnathoga\/fionnuisce\/","og_locale":"ga_IE","og_type":"article","og_title":"Fionnuisce - D\u00fail sa D\u00falra","og_description":"Is cuid r\u00edth\u00e1bhachtach de th\u00edrdhreach na t\u00edre iad na hacmhainn\u00ed fionnuisce at\u00e1 againn agus cuirtear r\u00e9imse gn\u00e1th\u00f3g ar f\u00e1il leo a thaca\u00edonn le fl\u00fairse fiadh\u00falra, lena n-\u00e1ir\u00edtear \u00e9isc, \u00e9in agus inveirteabraigh. T\u00e1 siad riachtanach do bhith\u00e9ags\u00falacht na h\u00c9ireann. T\u00e1 bith\u00e9ags\u00falacht fionnuisce an-leochaileach mar gur acmhainn do dhaoine \u00e9 fionnuisce a d\u2019fh\u00e9adfadh a bhaint, a atreor\u00fa, [&hellip;]","og_url":"https:\/\/www.noticenature.ie\/ga\/eolas-faoi-duil-sa-dulra\/ceard-de-a-bhfuil-bitheagsulacht-na-heireann-deanta-suas\/eagsulacht-gnathoga\/fionnuisce\/","og_site_name":"D\u00fail sa D\u00falra","article_publisher":"https:\/\/www.facebook.com\/profile.php?id=100066240890743","article_modified_time":"2022-06-17T16:35:54+00:00","og_image":[{"url":"https:\/\/www.noticenature.ie\/wp-content\/uploads\/2021\/12\/Glendassaun4.gif","type":"","width":"","height":""}],"twitter_card":"summary_large_image","twitter_site":"@Notice_Nature","twitter_misc":{"Est. reading time":"3 minutes"},"schema":{"@context":"https:\/\/schema.org","@graph":[{"@type":"WebPage","@id":"https:\/\/www.noticenature.ie\/ga\/eolas-faoi-duil-sa-dulra\/ceard-de-a-bhfuil-bitheagsulacht-na-heireann-deanta-suas\/eagsulacht-gnathoga\/fionnuisce\/","url":"https:\/\/www.noticenature.ie\/ga\/eolas-faoi-duil-sa-dulra\/ceard-de-a-bhfuil-bitheagsulacht-na-heireann-deanta-suas\/eagsulacht-gnathoga\/fionnuisce\/","name":"Fionnuisce - D\u00fail sa D\u00falra","isPartOf":{"@id":"https:\/\/www.noticenature.ie\/ga\/#website"},"primaryImageOfPage":{"@id":"https:\/\/www.noticenature.ie\/ga\/eolas-faoi-duil-sa-dulra\/ceard-de-a-bhfuil-bitheagsulacht-na-heireann-deanta-suas\/eagsulacht-gnathoga\/fionnuisce\/#primaryimage"},"image":{"@id":"https:\/\/www.noticenature.ie\/ga\/eolas-faoi-duil-sa-dulra\/ceard-de-a-bhfuil-bitheagsulacht-na-heireann-deanta-suas\/eagsulacht-gnathoga\/fionnuisce\/#primaryimage"},"thumbnailUrl":"https:\/\/www.noticenature.ie\/wp-content\/uploads\/2021\/12\/Glendassaun4.gif","datePublished":"2016-06-15T16:09:33+00:00","dateModified":"2022-06-17T16:35:54+00:00","breadcrumb":{"@id":"https:\/\/www.noticenature.ie\/ga\/eolas-faoi-duil-sa-dulra\/ceard-de-a-bhfuil-bitheagsulacht-na-heireann-deanta-suas\/eagsulacht-gnathoga\/fionnuisce\/#breadcrumb"},"inLanguage":"ga-IE","potentialAction":[{"@type":"ReadAction","target":["https:\/\/www.noticenature.ie\/ga\/eolas-faoi-duil-sa-dulra\/ceard-de-a-bhfuil-bitheagsulacht-na-heireann-deanta-suas\/eagsulacht-gnathoga\/fionnuisce\/"]}]},{"@type":"ImageObject","inLanguage":"ga-IE","@id":"https:\/\/www.noticenature.ie\/ga\/eolas-faoi-duil-sa-dulra\/ceard-de-a-bhfuil-bitheagsulacht-na-heireann-deanta-suas\/eagsulacht-gnathoga\/fionnuisce\/#primaryimage","url":"https:\/\/www.noticenature.ie\/wp-content\/uploads\/2021\/12\/Glendassaun4.gif","contentUrl":"https:\/\/www.noticenature.ie\/wp-content\/uploads\/2021\/12\/Glendassaun4.gif"},{"@type":"BreadcrumbList","@id":"https:\/\/www.noticenature.ie\/ga\/eolas-faoi-duil-sa-dulra\/ceard-de-a-bhfuil-bitheagsulacht-na-heireann-deanta-suas\/eagsulacht-gnathoga\/fionnuisce\/#breadcrumb","itemListElement":[{"@type":"ListItem","position":1,"name":"Home","item":"https:\/\/www.noticenature.ie\/ga\/"},{"@type":"ListItem","position":2,"name":"Maidir le D\u00fail sa D\u00falra","item":"https:\/\/www.noticenature.ie\/ga\/eolas-faoi-duil-sa-dulra\/"},{"@type":"ListItem","position":3,"name":"C\u00e9ard de a bhfuil bith\u00e9ags\u00falacht na h\u00c9ireann d\u00e9anta suas?","item":"https:\/\/www.noticenature.ie\/ga\/eolas-faoi-duil-sa-dulra\/ceard-de-a-bhfuil-bitheagsulacht-na-heireann-deanta-suas\/"},{"@type":"ListItem","position":4,"name":"\u00c9ags\u00falacht Gn\u00e1th\u00f3ga","item":"https:\/\/www.noticenature.ie\/ga\/eolas-faoi-duil-sa-dulra\/ceard-de-a-bhfuil-bitheagsulacht-na-heireann-deanta-suas\/eagsulacht-gnathoga\/"},{"@type":"ListItem","position":5,"name":"Fionnuisce"}]},{"@type":"WebSite","@id":"https:\/\/www.noticenature.ie\/ga\/#website","url":"https:\/\/www.noticenature.ie\/ga\/","name":"D\u00fail sa D\u00falra","description":"Action on Biodiversity Loss","potentialAction":[{"@type":"SearchAction","target":{"@type":"EntryPoint","urlTemplate":"https:\/\/www.noticenature.ie\/ga\/?s={search_term_string}"},"query-input":{"@type":"PropertyValueSpecification","valueRequired":true,"valueName":"search_term_string"}}],"inLanguage":"ga-IE"}]}},"_links":{"self":[{"href":"https:\/\/www.noticenature.ie\/ga\/wp-json\/wp\/v2\/pages\/1731","targetHints":{"allow":["GET"]}}],"collection":[{"href":"https:\/\/www.noticenature.ie\/ga\/wp-json\/wp\/v2\/pages"}],"about":[{"href":"https:\/\/www.noticenature.ie\/ga\/wp-json\/wp\/v2\/types\/page"}],"author":[{"embeddable":true,"href":"https:\/\/www.noticenature.ie\/ga\/wp-json\/wp\/v2\/users\/2"}],"replies":[{"embeddable":true,"href":"https:\/\/www.noticenature.ie\/ga\/wp-json\/wp\/v2\/comments?post=1731"}],"version-history":[{"count":2,"href":"https:\/\/www.noticenature.ie\/ga\/wp-json\/wp\/v2\/pages\/1731\/revisions"}],"predecessor-version":[{"id":1777,"href":"https:\/\/www.noticenature.ie\/ga\/wp-json\/wp\/v2\/pages\/1731\/revisions\/1777"}],"up":[{"embeddable":true,"href":"https:\/\/www.noticenature.ie\/ga\/wp-json\/wp\/v2\/pages\/1719"}],"wp:attachment":[{"href":"https:\/\/www.noticenature.ie\/ga\/wp-json\/wp\/v2\/media?parent=1731"}],"curies":[{"name":"wp","href":"https:\/\/api.w.org\/{rel}","templated":true}]}}