{"id":1729,"date":"2016-06-15T16:08:30","date_gmt":"2016-06-15T16:08:30","guid":{"rendered":"https:\/\/www.noticenature.ie\/eolas-faoi-duil-sa-dulra\/ceard-de-a-bhfuil-bitheagsulacht-na-heireann-deanta-suas\/eagsulacht-gnathoga\/eiceachoras-mhuiri\/"},"modified":"2022-06-17T16:37:29","modified_gmt":"2022-06-17T16:37:29","slug":"eiceachoras-mhuiri","status":"publish","type":"page","link":"https:\/\/www.noticenature.ie\/ga\/eolas-faoi-duil-sa-dulra\/ceard-de-a-bhfuil-bitheagsulacht-na-heireann-deanta-suas\/eagsulacht-gnathoga\/eiceachoras-mhuiri\/","title":{"rendered":"\u00c9iceach\u00f3ras Mhuir\u00ed"},"content":{"rendered":"<div class=\"wp-block-image\">\n<figure class=\"alignleft\"><a href=\"https:\/\/www.noticenature.ie\/wp-content\/uploads\/2021\/12\/anenomeweb.gif\"><img loading=\"lazy\" decoding=\"async\" width=\"183\" height=\"161\" src=\"https:\/\/www.noticenature.ie\/wp-content\/uploads\/2021\/12\/anenomeweb.gif\" alt=\"Bud&#xFA;n Leice\" class=\"wp-image-1290\"\/><\/a><\/figure>\n<\/div>\n<p>Cl\u00fada\u00edtear thart ar 70% de dhromchla na cruinne le haig\u00e9in an domhain. Mar thoradh air sin, t\u00e1 r\u00f3l an-mh\u00f3r acu i gcothabh\u00e1il \u00e9iceach\u00f3ras an domhain. Le bheith cruinn faoi, t\u00e1 51% den domhan cl\u00fadaithe ag farraig\u00ed at\u00e1 n\u00edos doimhne n\u00e1 3,000m, rud a fh\u00e1gann go bhfuil beathra na domhainfharraige i dtreis ar an gcuid is m\u00f3 den phl\u00e1in\u00e9ad, c\u00e9 nach bhfuil m\u00f3r\u00e1n eolais againn faoi (An L\u00e1rionad Domhanda um Monat\u00f3ireacht Chaomhn\u00fach\u00e1in, 1992, in Costello, 2000). T\u00e1 n\u00edos m\u00f3 ar eolas againn faoi dhromchla na geala\u00ed n\u00e1 mar at\u00e1 ar eolas againn faoi ghrinneall na domhainfharraige.<\/p>\n<div class=\"wp-block-image\">\n<figure class=\"alignright\"><a href=\"https:\/\/www.noticenature.ie\/wp-content\/uploads\/2021\/12\/diverweb.jpg\"><img loading=\"lazy\" decoding=\"async\" width=\"155\" height=\"205\" src=\"https:\/\/www.noticenature.ie\/wp-content\/uploads\/2021\/12\/diverweb.jpg\" alt=\"Tumad&#xF3;ir\" class=\"wp-image-1292\"\/><\/a><\/figure>\n<\/div>\n<p>T\u00e1 r\u00e9imse leathan \u00e9isc, inveirteabrach, mamach agus \u00e9an istigh san fharraige. Ar na seirbh\u00eds\u00ed a chuireann an fharraige ar f\u00e1il d\u00fainn t\u00e1 timthriall cothaitheach, \u00e1ineas, t\u00e1irgeadh bia, rial\u00fa bitheola\u00edoch, amh\u00e1bhair, rial\u00fa g\u00e1is, gn\u00e1th\u00f3ga, agus go leor eile. Cuirtear 60% de na seirbh\u00eds\u00ed farraige seo ar f\u00e1il le farraig\u00ed c\u00f3sta. Feidhm\u00edonn an t-aig\u00e9an ina shlogaide agus ina mhaol\u00e1n i gcoinne leibh\u00e9il d\u00e9-ocsa\u00edde carb\u00f3in at\u00e1 ag ard\u00fa, ar gn\u00e9 \u00e9 sin a bhfuil an-tionchar aige ar th\u00e9amh domhanda (Costello, 2000). T\u00e1 s\u00e9 r\u00edth\u00e1bhachtach go nd\u00e9anaimid farraig\u00ed an domhain a bhainisti\u00fa go c\u00faramach i bhfianaise an ioma\u00ed seirbh\u00eds a gcuirtear ar f\u00e1il d\u00fainn leo.<\/p>\n\n<p>Is i bhfarraig\u00ed an domhain a thosaigh beatha ar an domhan an ch\u00e9ad l\u00e1 riamh agus t\u00e1 difr\u00edochta\u00ed bun\u00fasacha ann i strucht\u00far fisiceach agus bitheola\u00edoch \u00e9iceach\u00f3ras muir\u00ed i gcompar\u00e1id le strucht\u00far fisiceach agus bitheola\u00edoch \u00e9iceach\u00f3ras tal\u00fan. T\u00e1 an-\u00e9ags\u00falacht i gceist sna c\u00fains\u00ed maireacht\u00e1la san fharraige idir an t-uisce \u00e9adomhain agus an t-uisce domhain, agus \u00f3 thimpeallachta\u00ed muir\u00ed \u00edsealfhuinnimh g\u00f3 timpeallachta\u00ed muir\u00ed ardfhuinnimh, agus d\u00e1 bhr\u00ed sin, t\u00e1 an-\u00e9ags\u00falacht i gceist leis na gn\u00e1th\u00f3ga muir\u00ed at\u00e1 ann feadh ch\u00f3sta fada na h\u00c9ireann, at\u00e1 5631km ar fad. N\u00edl \u00e1it ar bith ann ar an talamh ina bhfuil r\u00e9imse saintr\u00e9ithe fisici\u00fala d\u00e1 leith\u00e9id chomh coitianta sin, agus t\u00e1 s\u00e9 sin ar cheann de na c\u00faiseanna a bhfuil bith\u00e9ags\u00falacht chomh suntasach sin ann sna farraig\u00ed.<\/p>\n<div class=\"wp-block-image\">\n<figure class=\"alignleft\"><a href=\"https:\/\/www.noticenature.ie\/wp-content\/uploads\/2021\/12\/commen-seal.jpg\"><img loading=\"lazy\" decoding=\"async\" width=\"300\" height=\"195\" src=\"https:\/\/www.noticenature.ie\/wp-content\/uploads\/2021\/12\/commen-seal-300x195.jpg\" alt=\"An R&#xF3;n Beag\" class=\"wp-image-1293\" srcset=\"https:\/\/www.noticenature.ie\/wp-content\/uploads\/2021\/12\/commen-seal-300x195.jpg 300w, https:\/\/www.noticenature.ie\/wp-content\/uploads\/2021\/12\/commen-seal.jpg 448w\" sizes=\"auto, (max-width: 300px) 100vw, 300px\" \/><\/a><\/figure>\n<\/div>\n<p>Go h\u00edor\u00f3nta, is ionann seanlonga briste, at\u00e1 le f\u00e1il ar fud an ch\u00f3sta, agus ceann de na pr\u00edomhionaid bhith\u00e9ags\u00falachta muir\u00ed in uisc\u00ed na h\u00c9ireann agus in uisc\u00ed idirn\u00e1isi\u00fanta araon. N\u00ed haon ionadh go mb\u00edonn an-t\u00f3ir ar thumad\u00f3ireacht ag longa briste i measc thumad\u00f3ir\u00ed sc\u00faba na h\u00c9ireann. Cuirtear r\u00e9imse leathan micreaghn\u00e1th\u00f3ga ar f\u00e1il i longa briste, agus glacann cr\u00e9at\u00fair mhuir\u00ed seilbh orthu, agus mar sin t\u00e1 c\u00f3na\u00ed ar l\u00edon n\u00edos airde iasc, cr\u00fastach, coir\u00e9alach bog agus sp\u00fains\u00ed de chine\u00e1lacha \u00e9ags\u00fala n\u00e1 mar a bheadh s\u00fail leo go hiond\u00fail. T\u00e1 an eascann mhara ar cheann de na speicis a fheictear go minic ag gobadh amach as long bhriste. Ar an taobh eile, \u00e1fach, is minic a th\u00e9ann eangacha iascaireachta i bhfost\u00fa i longa briste nach eol iad a bheith ann. Is minic a tharla\u00edonn s\u00e9 go mbeirtear ar \u00e9isc n\u00f3 ar mhamaigh mhuir\u00ed fi\u00fa a ch\u00f3na\u00edonn thart ar an long bhriste sna heangacha seo i ndiaidh sin f\u00f3s.<\/p>\n\n<p>Chun tuilleadh faisn\u00e9ise a fh\u00e1il ar limist\u00e9ir Mhuir\u00ed in \u00c9irinn, ar speicis agus ar an reachta\u00edocht lena gcosna\u00edtear limist\u00e9ir mhuir\u00ed, <a href=\"https:\/\/www.noticenature.ie\/wp-content\/uploads\/2016\/06\/marine.pdf\" target=\"_blank\" rel=\"noopener\">\u00edosl\u00f3d\u00e1il Bileog Eolais D\u00fail sa D\u00falra<\/a> maidir le Limist\u00e9ir Mhuir\u00ed.<\/p>\n\n<p>M\u00e1s m\u00fainteoir th\u00fa, caith s\u00fail ar l\u00e1ithre\u00e1n gr\u00e9as\u00e1in <a href=\"http:\/\/www.marine.ie\/Home\/home\" target=\"_blank\" rel=\"noopener\">Fhoras na Mara<\/a> agus foghlaim faoin mbealach ar f\u00e9idir leat domhan iontach na farraige a chur i l\u00e1thair do do dhalta\u00ed.<\/p>\n\n<p>L\u00e9igh tuilleadh ar <a href=\"http:\/\/www.npws.ie\/research-projects\/marine\" target=\"_blank\" rel=\"noopener\">thionscadail taighde muir\u00ed na Seirbh\u00edse P\u00e1irceanna N\u00e1isi\u00fanta agus Fiadh\u00falra<\/a>.<\/p>\n\n<p><a href=\"https:\/\/www.noticenature.ie\/ga\/eolas-faoi-duil-sa-dulra\/ceard-de-a-bhfuil-bitheagsulacht-na-heireann-deanta-suas\/eagsulacht-gnathoga\/eiceachoras-mhuiri\/ceard-is-feidir-liom-a-dheanamh-chun-bitheagsulacht-mhuiri-a-chosaint\/\">C\u00e9ard is f\u00e9idir liom a dh\u00e9anamh chun Bith\u00e9ags\u00falacht Mhuir\u00ed a chosaint?<\/a><\/p>\n","protected":false},"excerpt":{"rendered":"<p>Cl\u00fada\u00edtear thart ar 70% de dhromchla na cruinne le haig\u00e9in an domhain. Mar thoradh air sin, t\u00e1 r\u00f3l an-mh\u00f3r acu i gcothabh\u00e1il \u00e9iceach\u00f3ras an domhain. Le bheith cruinn faoi, t\u00e1 51% den domhan cl\u00fadaithe ag farraig\u00ed at\u00e1 n\u00edos doimhne n\u00e1 3,000m, rud a fh\u00e1gann go bhfuil beathra na domhainfharraige i dtreis ar an gcuid is [&hellip;]<\/p>\n","protected":false},"author":2,"featured_media":0,"parent":1719,"menu_order":0,"comment_status":"closed","ping_status":"closed","template":"","meta":{"footnotes":""},"class_list":["post-1729","page","type-page","status-publish","hentry","post"],"yoast_head":"<!-- This site is optimized with the Yoast SEO plugin v27.3 - https:\/\/yoast.com\/product\/yoast-seo-wordpress\/ -->\n<title>\u00c9iceach\u00f3ras Mhuir\u00ed - D\u00fail sa D\u00falra<\/title>\n<meta name=\"robots\" content=\"index, follow, max-snippet:-1, max-image-preview:large, max-video-preview:-1\" \/>\n<link rel=\"canonical\" href=\"https:\/\/www.noticenature.ie\/ga\/eolas-faoi-duil-sa-dulra\/ceard-de-a-bhfuil-bitheagsulacht-na-heireann-deanta-suas\/eagsulacht-gnathoga\/eiceachoras-mhuiri\/\" \/>\n<meta property=\"og:locale\" content=\"ga_IE\" \/>\n<meta property=\"og:type\" content=\"article\" \/>\n<meta property=\"og:title\" content=\"\u00c9iceach\u00f3ras Mhuir\u00ed - D\u00fail sa D\u00falra\" \/>\n<meta property=\"og:description\" content=\"Cl\u00fada\u00edtear thart ar 70% de dhromchla na cruinne le haig\u00e9in an domhain. Mar thoradh air sin, t\u00e1 r\u00f3l an-mh\u00f3r acu i gcothabh\u00e1il \u00e9iceach\u00f3ras an domhain. Le bheith cruinn faoi, t\u00e1 51% den domhan cl\u00fadaithe ag farraig\u00ed at\u00e1 n\u00edos doimhne n\u00e1 3,000m, rud a fh\u00e1gann go bhfuil beathra na domhainfharraige i dtreis ar an gcuid is [&hellip;]\" \/>\n<meta property=\"og:url\" content=\"https:\/\/www.noticenature.ie\/ga\/eolas-faoi-duil-sa-dulra\/ceard-de-a-bhfuil-bitheagsulacht-na-heireann-deanta-suas\/eagsulacht-gnathoga\/eiceachoras-mhuiri\/\" \/>\n<meta property=\"og:site_name\" content=\"D\u00fail sa D\u00falra\" \/>\n<meta property=\"article:publisher\" content=\"https:\/\/www.facebook.com\/profile.php?id=100066240890743\" \/>\n<meta property=\"article:modified_time\" content=\"2022-06-17T16:37:29+00:00\" \/>\n<meta property=\"og:image\" content=\"https:\/\/www.noticenature.ie\/wp-content\/uploads\/2021\/12\/anenomeweb.gif\" \/>\n<meta name=\"twitter:card\" content=\"summary_large_image\" \/>\n<meta name=\"twitter:site\" content=\"@Notice_Nature\" \/>\n<meta name=\"twitter:label1\" content=\"Est. reading time\" \/>\n\t<meta name=\"twitter:data1\" content=\"3 minutes\" \/>\n<script type=\"application\/ld+json\" class=\"yoast-schema-graph\">{\"@context\":\"https:\\\/\\\/schema.org\",\"@graph\":[{\"@type\":\"WebPage\",\"@id\":\"https:\\\/\\\/www.noticenature.ie\\\/ga\\\/eolas-faoi-duil-sa-dulra\\\/ceard-de-a-bhfuil-bitheagsulacht-na-heireann-deanta-suas\\\/eagsulacht-gnathoga\\\/eiceachoras-mhuiri\\\/\",\"url\":\"https:\\\/\\\/www.noticenature.ie\\\/ga\\\/eolas-faoi-duil-sa-dulra\\\/ceard-de-a-bhfuil-bitheagsulacht-na-heireann-deanta-suas\\\/eagsulacht-gnathoga\\\/eiceachoras-mhuiri\\\/\",\"name\":\"\u00c9iceach\u00f3ras Mhuir\u00ed - D\u00fail sa D\u00falra\",\"isPartOf\":{\"@id\":\"https:\\\/\\\/www.noticenature.ie\\\/ga\\\/#website\"},\"primaryImageOfPage\":{\"@id\":\"https:\\\/\\\/www.noticenature.ie\\\/ga\\\/eolas-faoi-duil-sa-dulra\\\/ceard-de-a-bhfuil-bitheagsulacht-na-heireann-deanta-suas\\\/eagsulacht-gnathoga\\\/eiceachoras-mhuiri\\\/#primaryimage\"},\"image\":{\"@id\":\"https:\\\/\\\/www.noticenature.ie\\\/ga\\\/eolas-faoi-duil-sa-dulra\\\/ceard-de-a-bhfuil-bitheagsulacht-na-heireann-deanta-suas\\\/eagsulacht-gnathoga\\\/eiceachoras-mhuiri\\\/#primaryimage\"},\"thumbnailUrl\":\"https:\\\/\\\/www.noticenature.ie\\\/wp-content\\\/uploads\\\/2021\\\/12\\\/anenomeweb.gif\",\"datePublished\":\"2016-06-15T16:08:30+00:00\",\"dateModified\":\"2022-06-17T16:37:29+00:00\",\"breadcrumb\":{\"@id\":\"https:\\\/\\\/www.noticenature.ie\\\/ga\\\/eolas-faoi-duil-sa-dulra\\\/ceard-de-a-bhfuil-bitheagsulacht-na-heireann-deanta-suas\\\/eagsulacht-gnathoga\\\/eiceachoras-mhuiri\\\/#breadcrumb\"},\"inLanguage\":\"ga-IE\",\"potentialAction\":[{\"@type\":\"ReadAction\",\"target\":[\"https:\\\/\\\/www.noticenature.ie\\\/ga\\\/eolas-faoi-duil-sa-dulra\\\/ceard-de-a-bhfuil-bitheagsulacht-na-heireann-deanta-suas\\\/eagsulacht-gnathoga\\\/eiceachoras-mhuiri\\\/\"]}]},{\"@type\":\"ImageObject\",\"inLanguage\":\"ga-IE\",\"@id\":\"https:\\\/\\\/www.noticenature.ie\\\/ga\\\/eolas-faoi-duil-sa-dulra\\\/ceard-de-a-bhfuil-bitheagsulacht-na-heireann-deanta-suas\\\/eagsulacht-gnathoga\\\/eiceachoras-mhuiri\\\/#primaryimage\",\"url\":\"https:\\\/\\\/www.noticenature.ie\\\/wp-content\\\/uploads\\\/2021\\\/12\\\/anenomeweb.gif\",\"contentUrl\":\"https:\\\/\\\/www.noticenature.ie\\\/wp-content\\\/uploads\\\/2021\\\/12\\\/anenomeweb.gif\"},{\"@type\":\"BreadcrumbList\",\"@id\":\"https:\\\/\\\/www.noticenature.ie\\\/ga\\\/eolas-faoi-duil-sa-dulra\\\/ceard-de-a-bhfuil-bitheagsulacht-na-heireann-deanta-suas\\\/eagsulacht-gnathoga\\\/eiceachoras-mhuiri\\\/#breadcrumb\",\"itemListElement\":[{\"@type\":\"ListItem\",\"position\":1,\"name\":\"Home\",\"item\":\"https:\\\/\\\/www.noticenature.ie\\\/ga\\\/1600-2\\\/\"},{\"@type\":\"ListItem\",\"position\":2,\"name\":\"Maidir le D\u00fail sa D\u00falra\",\"item\":\"https:\\\/\\\/www.noticenature.ie\\\/ga\\\/eolas-faoi-duil-sa-dulra\\\/\"},{\"@type\":\"ListItem\",\"position\":3,\"name\":\"C\u00e9ard de a bhfuil bith\u00e9ags\u00falacht na h\u00c9ireann d\u00e9anta suas?\",\"item\":\"https:\\\/\\\/www.noticenature.ie\\\/ga\\\/eolas-faoi-duil-sa-dulra\\\/ceard-de-a-bhfuil-bitheagsulacht-na-heireann-deanta-suas\\\/\"},{\"@type\":\"ListItem\",\"position\":4,\"name\":\"\u00c9ags\u00falacht Gn\u00e1th\u00f3ga\",\"item\":\"https:\\\/\\\/www.noticenature.ie\\\/ga\\\/eolas-faoi-duil-sa-dulra\\\/ceard-de-a-bhfuil-bitheagsulacht-na-heireann-deanta-suas\\\/eagsulacht-gnathoga\\\/\"},{\"@type\":\"ListItem\",\"position\":5,\"name\":\"\u00c9iceach\u00f3ras Mhuir\u00ed\"}]},{\"@type\":\"WebSite\",\"@id\":\"https:\\\/\\\/www.noticenature.ie\\\/ga\\\/#website\",\"url\":\"https:\\\/\\\/www.noticenature.ie\\\/ga\\\/\",\"name\":\"D\u00fail sa D\u00falra\",\"description\":\"Action on Biodiversity Loss\",\"potentialAction\":[{\"@type\":\"SearchAction\",\"target\":{\"@type\":\"EntryPoint\",\"urlTemplate\":\"https:\\\/\\\/www.noticenature.ie\\\/ga\\\/?s={search_term_string}\"},\"query-input\":{\"@type\":\"PropertyValueSpecification\",\"valueRequired\":true,\"valueName\":\"search_term_string\"}}],\"inLanguage\":\"ga-IE\"}]}<\/script>\n<!-- \/ Yoast SEO plugin. -->","yoast_head_json":{"title":"\u00c9iceach\u00f3ras Mhuir\u00ed - D\u00fail sa D\u00falra","robots":{"index":"index","follow":"follow","max-snippet":"max-snippet:-1","max-image-preview":"max-image-preview:large","max-video-preview":"max-video-preview:-1"},"canonical":"https:\/\/www.noticenature.ie\/ga\/eolas-faoi-duil-sa-dulra\/ceard-de-a-bhfuil-bitheagsulacht-na-heireann-deanta-suas\/eagsulacht-gnathoga\/eiceachoras-mhuiri\/","og_locale":"ga_IE","og_type":"article","og_title":"\u00c9iceach\u00f3ras Mhuir\u00ed - D\u00fail sa D\u00falra","og_description":"Cl\u00fada\u00edtear thart ar 70% de dhromchla na cruinne le haig\u00e9in an domhain. Mar thoradh air sin, t\u00e1 r\u00f3l an-mh\u00f3r acu i gcothabh\u00e1il \u00e9iceach\u00f3ras an domhain. Le bheith cruinn faoi, t\u00e1 51% den domhan cl\u00fadaithe ag farraig\u00ed at\u00e1 n\u00edos doimhne n\u00e1 3,000m, rud a fh\u00e1gann go bhfuil beathra na domhainfharraige i dtreis ar an gcuid is [&hellip;]","og_url":"https:\/\/www.noticenature.ie\/ga\/eolas-faoi-duil-sa-dulra\/ceard-de-a-bhfuil-bitheagsulacht-na-heireann-deanta-suas\/eagsulacht-gnathoga\/eiceachoras-mhuiri\/","og_site_name":"D\u00fail sa D\u00falra","article_publisher":"https:\/\/www.facebook.com\/profile.php?id=100066240890743","article_modified_time":"2022-06-17T16:37:29+00:00","og_image":[{"url":"https:\/\/www.noticenature.ie\/wp-content\/uploads\/2021\/12\/anenomeweb.gif","type":"","width":"","height":""}],"twitter_card":"summary_large_image","twitter_site":"@Notice_Nature","twitter_misc":{"Est. reading time":"3 minutes"},"schema":{"@context":"https:\/\/schema.org","@graph":[{"@type":"WebPage","@id":"https:\/\/www.noticenature.ie\/ga\/eolas-faoi-duil-sa-dulra\/ceard-de-a-bhfuil-bitheagsulacht-na-heireann-deanta-suas\/eagsulacht-gnathoga\/eiceachoras-mhuiri\/","url":"https:\/\/www.noticenature.ie\/ga\/eolas-faoi-duil-sa-dulra\/ceard-de-a-bhfuil-bitheagsulacht-na-heireann-deanta-suas\/eagsulacht-gnathoga\/eiceachoras-mhuiri\/","name":"\u00c9iceach\u00f3ras Mhuir\u00ed - D\u00fail sa D\u00falra","isPartOf":{"@id":"https:\/\/www.noticenature.ie\/ga\/#website"},"primaryImageOfPage":{"@id":"https:\/\/www.noticenature.ie\/ga\/eolas-faoi-duil-sa-dulra\/ceard-de-a-bhfuil-bitheagsulacht-na-heireann-deanta-suas\/eagsulacht-gnathoga\/eiceachoras-mhuiri\/#primaryimage"},"image":{"@id":"https:\/\/www.noticenature.ie\/ga\/eolas-faoi-duil-sa-dulra\/ceard-de-a-bhfuil-bitheagsulacht-na-heireann-deanta-suas\/eagsulacht-gnathoga\/eiceachoras-mhuiri\/#primaryimage"},"thumbnailUrl":"https:\/\/www.noticenature.ie\/wp-content\/uploads\/2021\/12\/anenomeweb.gif","datePublished":"2016-06-15T16:08:30+00:00","dateModified":"2022-06-17T16:37:29+00:00","breadcrumb":{"@id":"https:\/\/www.noticenature.ie\/ga\/eolas-faoi-duil-sa-dulra\/ceard-de-a-bhfuil-bitheagsulacht-na-heireann-deanta-suas\/eagsulacht-gnathoga\/eiceachoras-mhuiri\/#breadcrumb"},"inLanguage":"ga-IE","potentialAction":[{"@type":"ReadAction","target":["https:\/\/www.noticenature.ie\/ga\/eolas-faoi-duil-sa-dulra\/ceard-de-a-bhfuil-bitheagsulacht-na-heireann-deanta-suas\/eagsulacht-gnathoga\/eiceachoras-mhuiri\/"]}]},{"@type":"ImageObject","inLanguage":"ga-IE","@id":"https:\/\/www.noticenature.ie\/ga\/eolas-faoi-duil-sa-dulra\/ceard-de-a-bhfuil-bitheagsulacht-na-heireann-deanta-suas\/eagsulacht-gnathoga\/eiceachoras-mhuiri\/#primaryimage","url":"https:\/\/www.noticenature.ie\/wp-content\/uploads\/2021\/12\/anenomeweb.gif","contentUrl":"https:\/\/www.noticenature.ie\/wp-content\/uploads\/2021\/12\/anenomeweb.gif"},{"@type":"BreadcrumbList","@id":"https:\/\/www.noticenature.ie\/ga\/eolas-faoi-duil-sa-dulra\/ceard-de-a-bhfuil-bitheagsulacht-na-heireann-deanta-suas\/eagsulacht-gnathoga\/eiceachoras-mhuiri\/#breadcrumb","itemListElement":[{"@type":"ListItem","position":1,"name":"Home","item":"https:\/\/www.noticenature.ie\/ga\/1600-2\/"},{"@type":"ListItem","position":2,"name":"Maidir le D\u00fail sa D\u00falra","item":"https:\/\/www.noticenature.ie\/ga\/eolas-faoi-duil-sa-dulra\/"},{"@type":"ListItem","position":3,"name":"C\u00e9ard de a bhfuil bith\u00e9ags\u00falacht na h\u00c9ireann d\u00e9anta suas?","item":"https:\/\/www.noticenature.ie\/ga\/eolas-faoi-duil-sa-dulra\/ceard-de-a-bhfuil-bitheagsulacht-na-heireann-deanta-suas\/"},{"@type":"ListItem","position":4,"name":"\u00c9ags\u00falacht Gn\u00e1th\u00f3ga","item":"https:\/\/www.noticenature.ie\/ga\/eolas-faoi-duil-sa-dulra\/ceard-de-a-bhfuil-bitheagsulacht-na-heireann-deanta-suas\/eagsulacht-gnathoga\/"},{"@type":"ListItem","position":5,"name":"\u00c9iceach\u00f3ras Mhuir\u00ed"}]},{"@type":"WebSite","@id":"https:\/\/www.noticenature.ie\/ga\/#website","url":"https:\/\/www.noticenature.ie\/ga\/","name":"D\u00fail sa D\u00falra","description":"Action on Biodiversity Loss","potentialAction":[{"@type":"SearchAction","target":{"@type":"EntryPoint","urlTemplate":"https:\/\/www.noticenature.ie\/ga\/?s={search_term_string}"},"query-input":{"@type":"PropertyValueSpecification","valueRequired":true,"valueName":"search_term_string"}}],"inLanguage":"ga-IE"}]}},"_links":{"self":[{"href":"https:\/\/www.noticenature.ie\/ga\/wp-json\/wp\/v2\/pages\/1729","targetHints":{"allow":["GET"]}}],"collection":[{"href":"https:\/\/www.noticenature.ie\/ga\/wp-json\/wp\/v2\/pages"}],"about":[{"href":"https:\/\/www.noticenature.ie\/ga\/wp-json\/wp\/v2\/types\/page"}],"author":[{"embeddable":true,"href":"https:\/\/www.noticenature.ie\/ga\/wp-json\/wp\/v2\/users\/2"}],"replies":[{"embeddable":true,"href":"https:\/\/www.noticenature.ie\/ga\/wp-json\/wp\/v2\/comments?post=1729"}],"version-history":[{"count":2,"href":"https:\/\/www.noticenature.ie\/ga\/wp-json\/wp\/v2\/pages\/1729\/revisions"}],"predecessor-version":[{"id":1787,"href":"https:\/\/www.noticenature.ie\/ga\/wp-json\/wp\/v2\/pages\/1729\/revisions\/1787"}],"up":[{"embeddable":true,"href":"https:\/\/www.noticenature.ie\/ga\/wp-json\/wp\/v2\/pages\/1719"}],"wp:attachment":[{"href":"https:\/\/www.noticenature.ie\/ga\/wp-json\/wp\/v2\/media?parent=1729"}],"curies":[{"name":"wp","href":"https:\/\/api.w.org\/{rel}","templated":true}]}}