{"id":1728,"date":"2016-06-15T16:06:45","date_gmt":"2016-06-15T16:06:45","guid":{"rendered":"https:\/\/www.noticenature.ie\/eolas-faoi-duil-sa-dulra\/ceard-de-a-bhfuil-bitheagsulacht-na-heireann-deanta-suas\/eagsulacht-gnathoga\/talamh-portaigh\/"},"modified":"2022-06-17T16:37:43","modified_gmt":"2022-06-17T16:37:43","slug":"talamh-portaigh","status":"publish","type":"page","link":"https:\/\/www.noticenature.ie\/ga\/eolas-faoi-duil-sa-dulra\/ceard-de-a-bhfuil-bitheagsulacht-na-heireann-deanta-suas\/eagsulacht-gnathoga\/talamh-portaigh\/","title":{"rendered":"Talamh Portaigh"},"content":{"rendered":"\n<p>D\u00e9antar gn\u00e1th\u00f3ga tal\u00fan portaigh a fhoroinnt ina nd\u00e1 phr\u00edomhchine\u00e1l &#8211; <i>portaigh <\/i> agus <i>eanaigh<\/i>. Is ionann <i>portaigh <\/i> agus talamh portaigh b\u00e1isteach-chothaithe, \u00e1it arb as frasa\u00edocht a thagann nach m\u00f3r gach uile chuid den uisce a th\u00e9ann isteach, agus ar an taobh eile is ionann <i>eanaigh <\/i> agus talamh portaigh a chotha\u00edtear ag screamhuisce n\u00f3 uisce dromchla gluaisteach mar aon le frasa\u00edocht. Ar an d\u00e1 phr\u00edomhchine\u00e1l portach at\u00e1 ann in \u00c9irinn, t\u00e1 portaigh ardaithe agus bratphortaigh.<\/p>\n\n<p>I dt\u00fas ama, bh\u00ed os cionn 17% den talamh in \u00c9irinn cl\u00fadaithe ag talamh portaigh &#8211; cion n\u00edos airde n\u00e1 t\u00edr Eorpach ar bith eile seachas an Fhionlainn. Is gn\u00e1th\u00f3g \u00e9 an talamh portaigh, mar aon leis an gcnuasach planda\u00ed agus ainmhithe ar leith at\u00e1 ann, at\u00e1 go m\u00f3r i mbaol in iarthar na hEorpa. T\u00e1 8% de bhratphortach an domhain ar f\u00e1il in \u00c9irinn agus t\u00e1 s\u00ed ar cheann de na t\u00edortha ina bhfuil r\u00e9imse leathan tal\u00fan portaigh f\u00f3s agus iad i riocht at\u00e1 gar d\u00e1 riocht n\u00e1d\u00fartha. Is gn\u00e1th\u00f3g \u00e9 an talamh portaigh, \u00e1fach, mar aon leis an gcnuasach planda\u00ed agus ainmhithe ar leith at\u00e1 ann, at\u00e1 go m\u00f3r i mbaol in iarthar na hEorpa. T\u00e1 n\u00edos m\u00f3 n\u00e1 80% den mh\u00e9id a bh\u00ed in \u00c9irinn roimhe seo caillte.<\/p>\n<div class=\"wp-block-image\">\n<figure class=\"aligncenter\"><a href=\"https:\/\/www.noticenature.ie\/wp-content\/uploads\/2021\/12\/blanketbog1web.jpg\"><img loading=\"lazy\" decoding=\"async\" width=\"445\" height=\"336\" src=\"https:\/\/www.noticenature.ie\/wp-content\/uploads\/2021\/12\/blanketbog1web.jpg\" alt=\"Bratphortach\" class=\"wp-image-1300\" srcset=\"https:\/\/www.noticenature.ie\/wp-content\/uploads\/2021\/12\/blanketbog1web.jpg 445w, https:\/\/www.noticenature.ie\/wp-content\/uploads\/2021\/12\/blanketbog1web-300x227.jpg 300w\" sizes=\"auto, (max-width: 445px) 100vw, 445px\" \/><\/a><figcaption>Bratphortach<\/figcaption><\/figure>\n<\/div><div class=\"wp-block-image\">\n<figure class=\"aligncenter\"><a href=\"https:\/\/www.noticenature.ie\/wp-content\/uploads\/2021\/12\/degraded-raised-bogweb.jpg\"><img loading=\"lazy\" decoding=\"async\" width=\"448\" height=\"254\" src=\"https:\/\/www.noticenature.ie\/wp-content\/uploads\/2021\/12\/degraded-raised-bogweb.jpg\" alt=\"Portach Ardaithe D&#xED;ghr&#xE1;daithe\" class=\"wp-image-1301\" srcset=\"https:\/\/www.noticenature.ie\/wp-content\/uploads\/2021\/12\/degraded-raised-bogweb.jpg 448w, https:\/\/www.noticenature.ie\/wp-content\/uploads\/2021\/12\/degraded-raised-bogweb-300x170.jpg 300w\" sizes=\"auto, (max-width: 448px) 100vw, 448px\" \/><\/a><figcaption>Portach Ardaithe D\u00edghr\u00e1daithe<\/figcaption><\/figure>\n<\/div>\n<p>I measc na ngn\u00e1thphlanda\u00ed portaigh, t\u00e1 caonaigh m\u00f3na, luachra agus seisc\u00ed, ceannbh\u00e1n, fraoch m\u00f3r, lus na m\u00f3inte, sciollam na m\u00f3na agus dr\u00facht\u00edn m\u00f3na. T\u00e1 go leor speiceas neamhchoitianta de phlanda\u00ed agus d\u2019ainmhithe at\u00e1 cosanta ina gc\u00f3na\u00ed i bportaigh, amhail an magairl\u00edn, an frog coiteann, an giorria Sl\u00e9ibhe \u00c9ireannach, an dobharch\u00fa, crom\u00e1n na gcearc, an gh\u00e9 bh\u00e1n\u00e9adanach Ghraonlannach, an seabhac gorm, an fhead\u00f3g shl\u00e9ibhe agus an meirli\u00fan. De bharr sin, is gn\u00e1th\u00f3g fh\u00edorth\u00e1bhacht \u00e9 an portach \u00f3 thaobh na bith\u00e9ags\u00falachta de.<\/p>\n<div class=\"wp-block-image\">\n<figure class=\"aligncenter\"><a href=\"https:\/\/www.noticenature.ie\/wp-content\/uploads\/2021\/12\/Frog.gif\"><img loading=\"lazy\" decoding=\"async\" width=\"448\" height=\"308\" src=\"https:\/\/www.noticenature.ie\/wp-content\/uploads\/2021\/12\/Frog.gif\" alt=\"Frog Coiteann\" class=\"wp-image-1302\"\/><\/a><figcaption>Frog Coiteann<\/figcaption><\/figure>\n<\/div><div class=\"wp-block-image\">\n<figure class=\"aligncenter\"><a href=\"https:\/\/www.noticenature.ie\/wp-content\/uploads\/2021\/12\/hare-large.jpg\"><img loading=\"lazy\" decoding=\"async\" width=\"500\" height=\"200\" src=\"https:\/\/www.noticenature.ie\/wp-content\/uploads\/2021\/12\/hare-large.jpg\" alt=\"An Giorria Sl&#xE9;ibhe &#xC9;ireannach\" class=\"wp-image-1303\" srcset=\"https:\/\/www.noticenature.ie\/wp-content\/uploads\/2021\/12\/hare-large.jpg 500w, https:\/\/www.noticenature.ie\/wp-content\/uploads\/2021\/12\/hare-large-300x120.jpg 300w\" sizes=\"auto, (max-width: 500px) 100vw, 500px\" \/><\/a><figcaption>An Giorria Sl\u00e9ibhe \u00c9ireannach<\/figcaption><\/figure>\n<\/div>\n<p>In ainneoin an st\u00e1dais ar leith at\u00e1 acu, t\u00e1 talamh portaigh na t\u00edre seo f\u00f3s faoi bhagairt ag nithe \u00e9ags\u00fala lena n-\u00e1ir\u00edtear sle\u00e1d\u00f3ireacht bhaile, sc\u00e9imeanna bainte m\u00f3na meicnithe ar sc\u00e1la m\u00f3r, foraoisi\u00fa ceantair sl\u00e9ibhe, draen\u00e1il, r\u00f3-innilt agus d\u00f3 leantach.<\/p>\n\n<p>\u00das\u00e1idtear m\u00f3in ghairneoireachta, ar a dtugtar caonach m\u00f3na go hiond\u00fail, mar mh\u00fair\u00edn i ngarra\u00edod\u00f3ireacht agus i dt\u00edrdhreach\u00fa agus is as an tsraith uachtarach de phortach ardaithe a fhaightear iad. D\u00e9antar 66% de chaonach m\u00f3na a bhaintear as portaigh ardaithe a chur i m\u00e1la\u00ed agus baintear \u00fas\u00e1id as i ngaird\u00edn\u00ed pr\u00edobh\u00e1ideacha. Is ionann \u00fas\u00e1id a bhaint as m\u00fair\u00edn m\u00f3na agus ceann de na gn\u00edomha\u00edochta\u00ed is m\u00f3 a dh\u00e9anann dochar don chomhshaol ar f\u00e9idir leis an ngarra\u00edod\u00f3ir a dh\u00e9anamh.<\/p>\n\n<p>Chun tuilleadh faisn\u00e9ise a fh\u00e1il ar Thalamh Portaigh, lena n-\u00e1ir\u00edtear cine\u00e1lacha tal\u00fan portaigh in \u00c9irinn, speicis sp\u00e9isi\u00fala agus neamhchoitianta a luaitear le talamh portaigh, eolas ar mar a chrutha\u00edtear talamh portaigh, an reachta\u00edocht lena gcosna\u00edtear talamh portaigh agus c\u00e1s-staid\u00e9ir ar phortach Chl\u00f3irthigh, <a href=\"https:\/\/www.noticenature.ie\/wp-content\/uploads\/2016\/06\/peatlands.pdf\" target=\"_blank\" rel=\"noopener\">\u00edosl\u00f3d\u00e1il Bileog Eolais D\u00fail sa D\u00falra<\/a> maidir le Talamh Portaigh.<\/p>\n\n<h4 class=\"wp-block-heading\"><a href=\"https:\/\/www.noticenature.ie\/ga\/eolas-faoi-duil-sa-dulra\/ceard-de-a-bhfuil-bitheagsulacht-na-heireann-deanta-suas\/eagsulacht-gnathoga\/talamh-portaigh\/ceard-is-feidir-liom-a-dheanamh-chun-bitheagsulacht-na-talun-portaigh-a-chur-chun-cinn\/\"> C\u00e9ard is f\u00e9idir liom a dh\u00e9anamh chun Bith\u00e9ags\u00falacht na Tal\u00fan Portaigh a chur chun cinn?<\/a><\/h4>\n","protected":false},"excerpt":{"rendered":"<p>D\u00e9antar gn\u00e1th\u00f3ga tal\u00fan portaigh a fhoroinnt ina nd\u00e1 phr\u00edomhchine\u00e1l &#8211; portaigh agus eanaigh. Is ionann portaigh agus talamh portaigh b\u00e1isteach-chothaithe, \u00e1it arb as frasa\u00edocht a thagann nach m\u00f3r gach uile chuid den uisce a th\u00e9ann isteach, agus ar an taobh eile is ionann eanaigh agus talamh portaigh a chotha\u00edtear ag screamhuisce n\u00f3 uisce dromchla gluaisteach [&hellip;]<\/p>\n","protected":false},"author":2,"featured_media":0,"parent":1719,"menu_order":0,"comment_status":"closed","ping_status":"closed","template":"","meta":{"footnotes":""},"class_list":["post-1728","page","type-page","status-publish","hentry","post"],"yoast_head":"<!-- This site is optimized with the Yoast SEO plugin v27.3 - https:\/\/yoast.com\/product\/yoast-seo-wordpress\/ -->\n<title>Talamh Portaigh - D\u00fail sa D\u00falra<\/title>\n<meta name=\"robots\" content=\"index, follow, max-snippet:-1, max-image-preview:large, max-video-preview:-1\" \/>\n<link rel=\"canonical\" href=\"https:\/\/www.noticenature.ie\/ga\/eolas-faoi-duil-sa-dulra\/ceard-de-a-bhfuil-bitheagsulacht-na-heireann-deanta-suas\/eagsulacht-gnathoga\/talamh-portaigh\/\" \/>\n<meta property=\"og:locale\" content=\"ga_IE\" \/>\n<meta property=\"og:type\" content=\"article\" \/>\n<meta property=\"og:title\" content=\"Talamh Portaigh - D\u00fail sa D\u00falra\" \/>\n<meta property=\"og:description\" content=\"D\u00e9antar gn\u00e1th\u00f3ga tal\u00fan portaigh a fhoroinnt ina nd\u00e1 phr\u00edomhchine\u00e1l &#8211; portaigh agus eanaigh. Is ionann portaigh agus talamh portaigh b\u00e1isteach-chothaithe, \u00e1it arb as frasa\u00edocht a thagann nach m\u00f3r gach uile chuid den uisce a th\u00e9ann isteach, agus ar an taobh eile is ionann eanaigh agus talamh portaigh a chotha\u00edtear ag screamhuisce n\u00f3 uisce dromchla gluaisteach [&hellip;]\" \/>\n<meta property=\"og:url\" content=\"https:\/\/www.noticenature.ie\/ga\/eolas-faoi-duil-sa-dulra\/ceard-de-a-bhfuil-bitheagsulacht-na-heireann-deanta-suas\/eagsulacht-gnathoga\/talamh-portaigh\/\" \/>\n<meta property=\"og:site_name\" content=\"D\u00fail sa D\u00falra\" \/>\n<meta property=\"article:publisher\" content=\"https:\/\/www.facebook.com\/profile.php?id=100066240890743\" \/>\n<meta property=\"article:modified_time\" content=\"2022-06-17T16:37:43+00:00\" \/>\n<meta property=\"og:image\" content=\"https:\/\/www.noticenature.ie\/wp-content\/uploads\/2021\/12\/blanketbog1web.jpg\" \/>\n<meta name=\"twitter:card\" content=\"summary_large_image\" \/>\n<meta name=\"twitter:site\" content=\"@Notice_Nature\" \/>\n<meta name=\"twitter:label1\" content=\"Est. reading time\" \/>\n\t<meta name=\"twitter:data1\" content=\"3 minutes\" \/>\n<script type=\"application\/ld+json\" class=\"yoast-schema-graph\">{\"@context\":\"https:\\\/\\\/schema.org\",\"@graph\":[{\"@type\":\"WebPage\",\"@id\":\"https:\\\/\\\/www.noticenature.ie\\\/ga\\\/eolas-faoi-duil-sa-dulra\\\/ceard-de-a-bhfuil-bitheagsulacht-na-heireann-deanta-suas\\\/eagsulacht-gnathoga\\\/talamh-portaigh\\\/\",\"url\":\"https:\\\/\\\/www.noticenature.ie\\\/ga\\\/eolas-faoi-duil-sa-dulra\\\/ceard-de-a-bhfuil-bitheagsulacht-na-heireann-deanta-suas\\\/eagsulacht-gnathoga\\\/talamh-portaigh\\\/\",\"name\":\"Talamh Portaigh - D\u00fail sa D\u00falra\",\"isPartOf\":{\"@id\":\"https:\\\/\\\/www.noticenature.ie\\\/ga\\\/#website\"},\"primaryImageOfPage\":{\"@id\":\"https:\\\/\\\/www.noticenature.ie\\\/ga\\\/eolas-faoi-duil-sa-dulra\\\/ceard-de-a-bhfuil-bitheagsulacht-na-heireann-deanta-suas\\\/eagsulacht-gnathoga\\\/talamh-portaigh\\\/#primaryimage\"},\"image\":{\"@id\":\"https:\\\/\\\/www.noticenature.ie\\\/ga\\\/eolas-faoi-duil-sa-dulra\\\/ceard-de-a-bhfuil-bitheagsulacht-na-heireann-deanta-suas\\\/eagsulacht-gnathoga\\\/talamh-portaigh\\\/#primaryimage\"},\"thumbnailUrl\":\"https:\\\/\\\/www.noticenature.ie\\\/wp-content\\\/uploads\\\/2021\\\/12\\\/blanketbog1web.jpg\",\"datePublished\":\"2016-06-15T16:06:45+00:00\",\"dateModified\":\"2022-06-17T16:37:43+00:00\",\"breadcrumb\":{\"@id\":\"https:\\\/\\\/www.noticenature.ie\\\/ga\\\/eolas-faoi-duil-sa-dulra\\\/ceard-de-a-bhfuil-bitheagsulacht-na-heireann-deanta-suas\\\/eagsulacht-gnathoga\\\/talamh-portaigh\\\/#breadcrumb\"},\"inLanguage\":\"ga-IE\",\"potentialAction\":[{\"@type\":\"ReadAction\",\"target\":[\"https:\\\/\\\/www.noticenature.ie\\\/ga\\\/eolas-faoi-duil-sa-dulra\\\/ceard-de-a-bhfuil-bitheagsulacht-na-heireann-deanta-suas\\\/eagsulacht-gnathoga\\\/talamh-portaigh\\\/\"]}]},{\"@type\":\"ImageObject\",\"inLanguage\":\"ga-IE\",\"@id\":\"https:\\\/\\\/www.noticenature.ie\\\/ga\\\/eolas-faoi-duil-sa-dulra\\\/ceard-de-a-bhfuil-bitheagsulacht-na-heireann-deanta-suas\\\/eagsulacht-gnathoga\\\/talamh-portaigh\\\/#primaryimage\",\"url\":\"https:\\\/\\\/www.noticenature.ie\\\/wp-content\\\/uploads\\\/2021\\\/12\\\/blanketbog1web.jpg\",\"contentUrl\":\"https:\\\/\\\/www.noticenature.ie\\\/wp-content\\\/uploads\\\/2021\\\/12\\\/blanketbog1web.jpg\"},{\"@type\":\"BreadcrumbList\",\"@id\":\"https:\\\/\\\/www.noticenature.ie\\\/ga\\\/eolas-faoi-duil-sa-dulra\\\/ceard-de-a-bhfuil-bitheagsulacht-na-heireann-deanta-suas\\\/eagsulacht-gnathoga\\\/talamh-portaigh\\\/#breadcrumb\",\"itemListElement\":[{\"@type\":\"ListItem\",\"position\":1,\"name\":\"Home\",\"item\":\"https:\\\/\\\/www.noticenature.ie\\\/ga\\\/\"},{\"@type\":\"ListItem\",\"position\":2,\"name\":\"Maidir le D\u00fail sa D\u00falra\",\"item\":\"https:\\\/\\\/www.noticenature.ie\\\/ga\\\/eolas-faoi-duil-sa-dulra\\\/\"},{\"@type\":\"ListItem\",\"position\":3,\"name\":\"C\u00e9ard de a bhfuil bith\u00e9ags\u00falacht na h\u00c9ireann d\u00e9anta suas?\",\"item\":\"https:\\\/\\\/www.noticenature.ie\\\/ga\\\/eolas-faoi-duil-sa-dulra\\\/ceard-de-a-bhfuil-bitheagsulacht-na-heireann-deanta-suas\\\/\"},{\"@type\":\"ListItem\",\"position\":4,\"name\":\"\u00c9ags\u00falacht Gn\u00e1th\u00f3ga\",\"item\":\"https:\\\/\\\/www.noticenature.ie\\\/ga\\\/eolas-faoi-duil-sa-dulra\\\/ceard-de-a-bhfuil-bitheagsulacht-na-heireann-deanta-suas\\\/eagsulacht-gnathoga\\\/\"},{\"@type\":\"ListItem\",\"position\":5,\"name\":\"Talamh Portaigh\"}]},{\"@type\":\"WebSite\",\"@id\":\"https:\\\/\\\/www.noticenature.ie\\\/ga\\\/#website\",\"url\":\"https:\\\/\\\/www.noticenature.ie\\\/ga\\\/\",\"name\":\"D\u00fail sa D\u00falra\",\"description\":\"Action on Biodiversity Loss\",\"potentialAction\":[{\"@type\":\"SearchAction\",\"target\":{\"@type\":\"EntryPoint\",\"urlTemplate\":\"https:\\\/\\\/www.noticenature.ie\\\/ga\\\/?s={search_term_string}\"},\"query-input\":{\"@type\":\"PropertyValueSpecification\",\"valueRequired\":true,\"valueName\":\"search_term_string\"}}],\"inLanguage\":\"ga-IE\"}]}<\/script>\n<!-- \/ Yoast SEO plugin. -->","yoast_head_json":{"title":"Talamh Portaigh - D\u00fail sa D\u00falra","robots":{"index":"index","follow":"follow","max-snippet":"max-snippet:-1","max-image-preview":"max-image-preview:large","max-video-preview":"max-video-preview:-1"},"canonical":"https:\/\/www.noticenature.ie\/ga\/eolas-faoi-duil-sa-dulra\/ceard-de-a-bhfuil-bitheagsulacht-na-heireann-deanta-suas\/eagsulacht-gnathoga\/talamh-portaigh\/","og_locale":"ga_IE","og_type":"article","og_title":"Talamh Portaigh - D\u00fail sa D\u00falra","og_description":"D\u00e9antar gn\u00e1th\u00f3ga tal\u00fan portaigh a fhoroinnt ina nd\u00e1 phr\u00edomhchine\u00e1l &#8211; portaigh agus eanaigh. Is ionann portaigh agus talamh portaigh b\u00e1isteach-chothaithe, \u00e1it arb as frasa\u00edocht a thagann nach m\u00f3r gach uile chuid den uisce a th\u00e9ann isteach, agus ar an taobh eile is ionann eanaigh agus talamh portaigh a chotha\u00edtear ag screamhuisce n\u00f3 uisce dromchla gluaisteach [&hellip;]","og_url":"https:\/\/www.noticenature.ie\/ga\/eolas-faoi-duil-sa-dulra\/ceard-de-a-bhfuil-bitheagsulacht-na-heireann-deanta-suas\/eagsulacht-gnathoga\/talamh-portaigh\/","og_site_name":"D\u00fail sa D\u00falra","article_publisher":"https:\/\/www.facebook.com\/profile.php?id=100066240890743","article_modified_time":"2022-06-17T16:37:43+00:00","og_image":[{"url":"https:\/\/www.noticenature.ie\/wp-content\/uploads\/2021\/12\/blanketbog1web.jpg","type":"","width":"","height":""}],"twitter_card":"summary_large_image","twitter_site":"@Notice_Nature","twitter_misc":{"Est. reading time":"3 minutes"},"schema":{"@context":"https:\/\/schema.org","@graph":[{"@type":"WebPage","@id":"https:\/\/www.noticenature.ie\/ga\/eolas-faoi-duil-sa-dulra\/ceard-de-a-bhfuil-bitheagsulacht-na-heireann-deanta-suas\/eagsulacht-gnathoga\/talamh-portaigh\/","url":"https:\/\/www.noticenature.ie\/ga\/eolas-faoi-duil-sa-dulra\/ceard-de-a-bhfuil-bitheagsulacht-na-heireann-deanta-suas\/eagsulacht-gnathoga\/talamh-portaigh\/","name":"Talamh Portaigh - D\u00fail sa D\u00falra","isPartOf":{"@id":"https:\/\/www.noticenature.ie\/ga\/#website"},"primaryImageOfPage":{"@id":"https:\/\/www.noticenature.ie\/ga\/eolas-faoi-duil-sa-dulra\/ceard-de-a-bhfuil-bitheagsulacht-na-heireann-deanta-suas\/eagsulacht-gnathoga\/talamh-portaigh\/#primaryimage"},"image":{"@id":"https:\/\/www.noticenature.ie\/ga\/eolas-faoi-duil-sa-dulra\/ceard-de-a-bhfuil-bitheagsulacht-na-heireann-deanta-suas\/eagsulacht-gnathoga\/talamh-portaigh\/#primaryimage"},"thumbnailUrl":"https:\/\/www.noticenature.ie\/wp-content\/uploads\/2021\/12\/blanketbog1web.jpg","datePublished":"2016-06-15T16:06:45+00:00","dateModified":"2022-06-17T16:37:43+00:00","breadcrumb":{"@id":"https:\/\/www.noticenature.ie\/ga\/eolas-faoi-duil-sa-dulra\/ceard-de-a-bhfuil-bitheagsulacht-na-heireann-deanta-suas\/eagsulacht-gnathoga\/talamh-portaigh\/#breadcrumb"},"inLanguage":"ga-IE","potentialAction":[{"@type":"ReadAction","target":["https:\/\/www.noticenature.ie\/ga\/eolas-faoi-duil-sa-dulra\/ceard-de-a-bhfuil-bitheagsulacht-na-heireann-deanta-suas\/eagsulacht-gnathoga\/talamh-portaigh\/"]}]},{"@type":"ImageObject","inLanguage":"ga-IE","@id":"https:\/\/www.noticenature.ie\/ga\/eolas-faoi-duil-sa-dulra\/ceard-de-a-bhfuil-bitheagsulacht-na-heireann-deanta-suas\/eagsulacht-gnathoga\/talamh-portaigh\/#primaryimage","url":"https:\/\/www.noticenature.ie\/wp-content\/uploads\/2021\/12\/blanketbog1web.jpg","contentUrl":"https:\/\/www.noticenature.ie\/wp-content\/uploads\/2021\/12\/blanketbog1web.jpg"},{"@type":"BreadcrumbList","@id":"https:\/\/www.noticenature.ie\/ga\/eolas-faoi-duil-sa-dulra\/ceard-de-a-bhfuil-bitheagsulacht-na-heireann-deanta-suas\/eagsulacht-gnathoga\/talamh-portaigh\/#breadcrumb","itemListElement":[{"@type":"ListItem","position":1,"name":"Home","item":"https:\/\/www.noticenature.ie\/ga\/"},{"@type":"ListItem","position":2,"name":"Maidir le D\u00fail sa D\u00falra","item":"https:\/\/www.noticenature.ie\/ga\/eolas-faoi-duil-sa-dulra\/"},{"@type":"ListItem","position":3,"name":"C\u00e9ard de a bhfuil bith\u00e9ags\u00falacht na h\u00c9ireann d\u00e9anta suas?","item":"https:\/\/www.noticenature.ie\/ga\/eolas-faoi-duil-sa-dulra\/ceard-de-a-bhfuil-bitheagsulacht-na-heireann-deanta-suas\/"},{"@type":"ListItem","position":4,"name":"\u00c9ags\u00falacht Gn\u00e1th\u00f3ga","item":"https:\/\/www.noticenature.ie\/ga\/eolas-faoi-duil-sa-dulra\/ceard-de-a-bhfuil-bitheagsulacht-na-heireann-deanta-suas\/eagsulacht-gnathoga\/"},{"@type":"ListItem","position":5,"name":"Talamh Portaigh"}]},{"@type":"WebSite","@id":"https:\/\/www.noticenature.ie\/ga\/#website","url":"https:\/\/www.noticenature.ie\/ga\/","name":"D\u00fail sa D\u00falra","description":"Action on Biodiversity Loss","potentialAction":[{"@type":"SearchAction","target":{"@type":"EntryPoint","urlTemplate":"https:\/\/www.noticenature.ie\/ga\/?s={search_term_string}"},"query-input":{"@type":"PropertyValueSpecification","valueRequired":true,"valueName":"search_term_string"}}],"inLanguage":"ga-IE"}]}},"_links":{"self":[{"href":"https:\/\/www.noticenature.ie\/ga\/wp-json\/wp\/v2\/pages\/1728","targetHints":{"allow":["GET"]}}],"collection":[{"href":"https:\/\/www.noticenature.ie\/ga\/wp-json\/wp\/v2\/pages"}],"about":[{"href":"https:\/\/www.noticenature.ie\/ga\/wp-json\/wp\/v2\/types\/page"}],"author":[{"embeddable":true,"href":"https:\/\/www.noticenature.ie\/ga\/wp-json\/wp\/v2\/users\/2"}],"replies":[{"embeddable":true,"href":"https:\/\/www.noticenature.ie\/ga\/wp-json\/wp\/v2\/comments?post=1728"}],"version-history":[{"count":4,"href":"https:\/\/www.noticenature.ie\/ga\/wp-json\/wp\/v2\/pages\/1728\/revisions"}],"predecessor-version":[{"id":1791,"href":"https:\/\/www.noticenature.ie\/ga\/wp-json\/wp\/v2\/pages\/1728\/revisions\/1791"}],"up":[{"embeddable":true,"href":"https:\/\/www.noticenature.ie\/ga\/wp-json\/wp\/v2\/pages\/1719"}],"wp:attachment":[{"href":"https:\/\/www.noticenature.ie\/ga\/wp-json\/wp\/v2\/media?parent=1728"}],"curies":[{"name":"wp","href":"https:\/\/api.w.org\/{rel}","templated":true}]}}