{"id":1725,"date":"2016-06-20T15:04:56","date_gmt":"2016-06-20T15:04:56","guid":{"rendered":"https:\/\/www.noticenature.ie\/eolas-faoi-duil-sa-dulra\/ceard-de-a-bhfuil-bitheagsulacht-na-heireann-deanta-suas\/eagsulacht-gnathoga\/falta-sceach\/ceard-is-feidir-liom-a-dheanamh-chun-bitheagsulacht-na-bhfalta-sceach-a-chur-chun-cinn\/"},"modified":"2022-06-17T17:25:56","modified_gmt":"2022-06-17T17:25:56","slug":"ceard-is-feidir-liom-a-dheanamh-chun-bitheagsulacht-na-bhfalta-sceach-a-chur-chun-cinn","status":"publish","type":"page","link":"https:\/\/www.noticenature.ie\/ga\/eolas-faoi-duil-sa-dulra\/ceard-de-a-bhfuil-bitheagsulacht-na-heireann-deanta-suas\/eagsulacht-gnathoga\/falta-sceach\/ceard-is-feidir-liom-a-dheanamh-chun-bitheagsulacht-na-bhfalta-sceach-a-chur-chun-cinn\/","title":{"rendered":"C\u00e9ard is f\u00e9idir liom a dh\u00e9anamh chun Bith\u00e9ags\u00falacht na bhF\u00e1lta Sceach a chur chun cinn?"},"content":{"rendered":"\n<p>M\u00e1 t\u00e1 imn\u00ed ort mar gheall ar ghn\u00edomha\u00edochta\u00ed i do cheantar a dh\u00e9anann dochar d\u2019fh\u00e1lta sceach, is f\u00e9idir na sonra\u00ed a thuairisci\u00fa don Gharda S\u00edoch\u00e1na n\u00f3 don <a href=\"https:\/\/www.npws.ie\/contact-us\" target=\"_blank\" rel=\"noopener\"><u>Mhaoirseoir Fiadh\u00falra \u00e1iti\u00fail<\/u><\/a>, a mbeidh t\u00fa in ann a aimsi\u00fa san eola\u00ed teileaf\u00f3in.<\/p>\n\n<ul class=\"wp-block-list\"><li>Nuair a bh\u00edonn f\u00e1l nua \u00e1 chur agat, t\u00e1 s\u00e9 t\u00e1bhachtach go n-\u00fas\u00e1ideann t\u00fa speiceas d\u00fachasach a fh\u00e1star as foinse s\u00edolta dh\u00fachasach. Bain \u00fas\u00e1id as s\u00edolta a fuarthas go h\u00e1iti\u00fail.<\/li><li>M\u00e1 t\u00e1 f\u00e1lta sceach ar do mhaoin, ba cheart duit teicn\u00edc\u00ed bainistithe cu\u00ed a bhreithni\u00fa. Gan bainisti\u00fa athgini\u00fanach cu\u00ed, beidh go leor de na f\u00e1lta at\u00e1 againn \u00e1 gcailleadh againn sula i bhfad de bharr na seanaoise. Is ionann ceird thraidisi\u00fanta cuir f\u00e1lta agus modh \u00e9ifeachtach athnuachana. Is f\u00e9idir faisn\u00e9is maidir le bainisti\u00fa cu\u00ed f\u00e1lta a aimsi\u00fa ar <a href=\"http:\/\/www.teagasc.ie\/\">l\u00e1ithre\u00e1n gr\u00e9as\u00e1in Teagasc<\/a>.<\/li><\/ul>\n\n<p>Chun tuilleadh faisn\u00e9ise a fh\u00e1il ar Fh\u00e1lta Sceach, lena n-\u00e1ir\u00edtear speicis sp\u00e9isi\u00fala a bhaineann le f\u00e1lta sceach, an bealach le f\u00e1lta sceach a bhainisti\u00fa i gceart, na bagairt\u00ed ar fh\u00e1lta sceach agus an reachta\u00edocht lena gcosna\u00edtear f\u00e1lta sceach, <a href=\"https:\/\/www.noticenature.ie\/wp-content\/uploads\/2016\/06\/hedgerows.pdf\" target=\"_blank\" rel=\"attachment noopener wp-att-941\">\u00edosl\u00f3d\u00e1il Bileog Eolais D\u00fail sa D\u00falra<\/a> maidir le F\u00e1lta Sceach.<\/p>\n\n<p><em>Ar ais chuig <a href=\"https:\/\/www.noticenature.ie\/ga\/eolas-faoi-duil-sa-dulra\/ceard-de-a-bhfuil-bitheagsulacht-na-heireann-deanta-suas\/eagsulacht-gnathoga\/\">an gcl\u00e1r \u00c9ags\u00falacht Gn\u00e1th\u00f3g<\/a><\/em><\/p>\n","protected":false},"excerpt":{"rendered":"<p>M\u00e1 t\u00e1 imn\u00ed ort mar gheall ar ghn\u00edomha\u00edochta\u00ed i do cheantar a dh\u00e9anann dochar d\u2019fh\u00e1lta sceach, is f\u00e9idir na sonra\u00ed a thuairisci\u00fa don Gharda S\u00edoch\u00e1na n\u00f3 don Mhaoirseoir Fiadh\u00falra \u00e1iti\u00fail, a mbeidh t\u00fa in ann a aimsi\u00fa san eola\u00ed teileaf\u00f3in. Nuair a bh\u00edonn f\u00e1l nua \u00e1 chur agat, t\u00e1 s\u00e9 t\u00e1bhachtach go n-\u00fas\u00e1ideann t\u00fa speiceas [&hellip;]<\/p>\n","protected":false},"author":2,"featured_media":0,"parent":1724,"menu_order":0,"comment_status":"closed","ping_status":"closed","template":"","meta":{"footnotes":""},"class_list":["post-1725","page","type-page","status-publish","hentry","post"],"yoast_head":"<!-- This site is optimized with the Yoast SEO plugin v27.3 - https:\/\/yoast.com\/product\/yoast-seo-wordpress\/ -->\n<title>C\u00e9ard is f\u00e9idir liom a dh\u00e9anamh chun Bith\u00e9ags\u00falacht na bhF\u00e1lta Sceach a chur chun cinn? - D\u00fail sa D\u00falra<\/title>\n<meta name=\"robots\" content=\"index, follow, max-snippet:-1, max-image-preview:large, max-video-preview:-1\" \/>\n<link rel=\"canonical\" href=\"https:\/\/www.noticenature.ie\/ga\/eolas-faoi-duil-sa-dulra\/ceard-de-a-bhfuil-bitheagsulacht-na-heireann-deanta-suas\/eagsulacht-gnathoga\/falta-sceach\/ceard-is-feidir-liom-a-dheanamh-chun-bitheagsulacht-na-bhfalta-sceach-a-chur-chun-cinn\/\" \/>\n<meta property=\"og:locale\" content=\"ga_IE\" \/>\n<meta property=\"og:type\" content=\"article\" \/>\n<meta property=\"og:title\" content=\"C\u00e9ard is f\u00e9idir liom a dh\u00e9anamh chun Bith\u00e9ags\u00falacht na bhF\u00e1lta Sceach a chur chun cinn? - D\u00fail sa D\u00falra\" \/>\n<meta property=\"og:description\" content=\"M\u00e1 t\u00e1 imn\u00ed ort mar gheall ar ghn\u00edomha\u00edochta\u00ed i do cheantar a dh\u00e9anann dochar d\u2019fh\u00e1lta sceach, is f\u00e9idir na sonra\u00ed a thuairisci\u00fa don Gharda S\u00edoch\u00e1na n\u00f3 don Mhaoirseoir Fiadh\u00falra \u00e1iti\u00fail, a mbeidh t\u00fa in ann a aimsi\u00fa san eola\u00ed teileaf\u00f3in. Nuair a bh\u00edonn f\u00e1l nua \u00e1 chur agat, t\u00e1 s\u00e9 t\u00e1bhachtach go n-\u00fas\u00e1ideann t\u00fa speiceas [&hellip;]\" \/>\n<meta property=\"og:url\" content=\"https:\/\/www.noticenature.ie\/ga\/eolas-faoi-duil-sa-dulra\/ceard-de-a-bhfuil-bitheagsulacht-na-heireann-deanta-suas\/eagsulacht-gnathoga\/falta-sceach\/ceard-is-feidir-liom-a-dheanamh-chun-bitheagsulacht-na-bhfalta-sceach-a-chur-chun-cinn\/\" \/>\n<meta property=\"og:site_name\" content=\"D\u00fail sa D\u00falra\" \/>\n<meta property=\"article:publisher\" content=\"https:\/\/www.facebook.com\/profile.php?id=100066240890743\" \/>\n<meta property=\"article:modified_time\" content=\"2022-06-17T17:25:56+00:00\" \/>\n<meta name=\"twitter:card\" content=\"summary_large_image\" \/>\n<meta name=\"twitter:site\" content=\"@Notice_Nature\" \/>\n<meta name=\"twitter:label1\" content=\"Est. reading time\" \/>\n\t<meta name=\"twitter:data1\" content=\"1 minute\" \/>\n<script type=\"application\/ld+json\" class=\"yoast-schema-graph\">{\"@context\":\"https:\\\/\\\/schema.org\",\"@graph\":[{\"@type\":\"WebPage\",\"@id\":\"https:\\\/\\\/www.noticenature.ie\\\/ga\\\/eolas-faoi-duil-sa-dulra\\\/ceard-de-a-bhfuil-bitheagsulacht-na-heireann-deanta-suas\\\/eagsulacht-gnathoga\\\/falta-sceach\\\/ceard-is-feidir-liom-a-dheanamh-chun-bitheagsulacht-na-bhfalta-sceach-a-chur-chun-cinn\\\/\",\"url\":\"https:\\\/\\\/www.noticenature.ie\\\/ga\\\/eolas-faoi-duil-sa-dulra\\\/ceard-de-a-bhfuil-bitheagsulacht-na-heireann-deanta-suas\\\/eagsulacht-gnathoga\\\/falta-sceach\\\/ceard-is-feidir-liom-a-dheanamh-chun-bitheagsulacht-na-bhfalta-sceach-a-chur-chun-cinn\\\/\",\"name\":\"C\u00e9ard is f\u00e9idir liom a dh\u00e9anamh chun Bith\u00e9ags\u00falacht na bhF\u00e1lta Sceach a chur chun cinn? - D\u00fail sa D\u00falra\",\"isPartOf\":{\"@id\":\"https:\\\/\\\/www.noticenature.ie\\\/ga\\\/#website\"},\"datePublished\":\"2016-06-20T15:04:56+00:00\",\"dateModified\":\"2022-06-17T17:25:56+00:00\",\"breadcrumb\":{\"@id\":\"https:\\\/\\\/www.noticenature.ie\\\/ga\\\/eolas-faoi-duil-sa-dulra\\\/ceard-de-a-bhfuil-bitheagsulacht-na-heireann-deanta-suas\\\/eagsulacht-gnathoga\\\/falta-sceach\\\/ceard-is-feidir-liom-a-dheanamh-chun-bitheagsulacht-na-bhfalta-sceach-a-chur-chun-cinn\\\/#breadcrumb\"},\"inLanguage\":\"ga-IE\",\"potentialAction\":[{\"@type\":\"ReadAction\",\"target\":[\"https:\\\/\\\/www.noticenature.ie\\\/ga\\\/eolas-faoi-duil-sa-dulra\\\/ceard-de-a-bhfuil-bitheagsulacht-na-heireann-deanta-suas\\\/eagsulacht-gnathoga\\\/falta-sceach\\\/ceard-is-feidir-liom-a-dheanamh-chun-bitheagsulacht-na-bhfalta-sceach-a-chur-chun-cinn\\\/\"]}]},{\"@type\":\"BreadcrumbList\",\"@id\":\"https:\\\/\\\/www.noticenature.ie\\\/ga\\\/eolas-faoi-duil-sa-dulra\\\/ceard-de-a-bhfuil-bitheagsulacht-na-heireann-deanta-suas\\\/eagsulacht-gnathoga\\\/falta-sceach\\\/ceard-is-feidir-liom-a-dheanamh-chun-bitheagsulacht-na-bhfalta-sceach-a-chur-chun-cinn\\\/#breadcrumb\",\"itemListElement\":[{\"@type\":\"ListItem\",\"position\":1,\"name\":\"Home\",\"item\":\"https:\\\/\\\/www.noticenature.ie\\\/ga\\\/1600-2\\\/\"},{\"@type\":\"ListItem\",\"position\":2,\"name\":\"Maidir le D\u00fail sa D\u00falra\",\"item\":\"https:\\\/\\\/www.noticenature.ie\\\/ga\\\/eolas-faoi-duil-sa-dulra\\\/\"},{\"@type\":\"ListItem\",\"position\":3,\"name\":\"C\u00e9ard de a bhfuil bith\u00e9ags\u00falacht na h\u00c9ireann d\u00e9anta suas?\",\"item\":\"https:\\\/\\\/www.noticenature.ie\\\/ga\\\/eolas-faoi-duil-sa-dulra\\\/ceard-de-a-bhfuil-bitheagsulacht-na-heireann-deanta-suas\\\/\"},{\"@type\":\"ListItem\",\"position\":4,\"name\":\"\u00c9ags\u00falacht Gn\u00e1th\u00f3ga\",\"item\":\"https:\\\/\\\/www.noticenature.ie\\\/ga\\\/eolas-faoi-duil-sa-dulra\\\/ceard-de-a-bhfuil-bitheagsulacht-na-heireann-deanta-suas\\\/eagsulacht-gnathoga\\\/\"},{\"@type\":\"ListItem\",\"position\":5,\"name\":\"F\u00e1lta Sceach\",\"item\":\"https:\\\/\\\/www.noticenature.ie\\\/ga\\\/eolas-faoi-duil-sa-dulra\\\/ceard-de-a-bhfuil-bitheagsulacht-na-heireann-deanta-suas\\\/eagsulacht-gnathoga\\\/falta-sceach\\\/\"},{\"@type\":\"ListItem\",\"position\":6,\"name\":\"C\u00e9ard is f\u00e9idir liom a dh\u00e9anamh chun Bith\u00e9ags\u00falacht na bhF\u00e1lta Sceach a chur chun cinn?\"}]},{\"@type\":\"WebSite\",\"@id\":\"https:\\\/\\\/www.noticenature.ie\\\/ga\\\/#website\",\"url\":\"https:\\\/\\\/www.noticenature.ie\\\/ga\\\/\",\"name\":\"D\u00fail sa D\u00falra\",\"description\":\"Action on Biodiversity Loss\",\"potentialAction\":[{\"@type\":\"SearchAction\",\"target\":{\"@type\":\"EntryPoint\",\"urlTemplate\":\"https:\\\/\\\/www.noticenature.ie\\\/ga\\\/?s={search_term_string}\"},\"query-input\":{\"@type\":\"PropertyValueSpecification\",\"valueRequired\":true,\"valueName\":\"search_term_string\"}}],\"inLanguage\":\"ga-IE\"}]}<\/script>\n<!-- \/ Yoast SEO plugin. -->","yoast_head_json":{"title":"C\u00e9ard is f\u00e9idir liom a dh\u00e9anamh chun Bith\u00e9ags\u00falacht na bhF\u00e1lta Sceach a chur chun cinn? - D\u00fail sa D\u00falra","robots":{"index":"index","follow":"follow","max-snippet":"max-snippet:-1","max-image-preview":"max-image-preview:large","max-video-preview":"max-video-preview:-1"},"canonical":"https:\/\/www.noticenature.ie\/ga\/eolas-faoi-duil-sa-dulra\/ceard-de-a-bhfuil-bitheagsulacht-na-heireann-deanta-suas\/eagsulacht-gnathoga\/falta-sceach\/ceard-is-feidir-liom-a-dheanamh-chun-bitheagsulacht-na-bhfalta-sceach-a-chur-chun-cinn\/","og_locale":"ga_IE","og_type":"article","og_title":"C\u00e9ard is f\u00e9idir liom a dh\u00e9anamh chun Bith\u00e9ags\u00falacht na bhF\u00e1lta Sceach a chur chun cinn? - D\u00fail sa D\u00falra","og_description":"M\u00e1 t\u00e1 imn\u00ed ort mar gheall ar ghn\u00edomha\u00edochta\u00ed i do cheantar a dh\u00e9anann dochar d\u2019fh\u00e1lta sceach, is f\u00e9idir na sonra\u00ed a thuairisci\u00fa don Gharda S\u00edoch\u00e1na n\u00f3 don Mhaoirseoir Fiadh\u00falra \u00e1iti\u00fail, a mbeidh t\u00fa in ann a aimsi\u00fa san eola\u00ed teileaf\u00f3in. Nuair a bh\u00edonn f\u00e1l nua \u00e1 chur agat, t\u00e1 s\u00e9 t\u00e1bhachtach go n-\u00fas\u00e1ideann t\u00fa speiceas [&hellip;]","og_url":"https:\/\/www.noticenature.ie\/ga\/eolas-faoi-duil-sa-dulra\/ceard-de-a-bhfuil-bitheagsulacht-na-heireann-deanta-suas\/eagsulacht-gnathoga\/falta-sceach\/ceard-is-feidir-liom-a-dheanamh-chun-bitheagsulacht-na-bhfalta-sceach-a-chur-chun-cinn\/","og_site_name":"D\u00fail sa D\u00falra","article_publisher":"https:\/\/www.facebook.com\/profile.php?id=100066240890743","article_modified_time":"2022-06-17T17:25:56+00:00","twitter_card":"summary_large_image","twitter_site":"@Notice_Nature","twitter_misc":{"Est. reading time":"1 minute"},"schema":{"@context":"https:\/\/schema.org","@graph":[{"@type":"WebPage","@id":"https:\/\/www.noticenature.ie\/ga\/eolas-faoi-duil-sa-dulra\/ceard-de-a-bhfuil-bitheagsulacht-na-heireann-deanta-suas\/eagsulacht-gnathoga\/falta-sceach\/ceard-is-feidir-liom-a-dheanamh-chun-bitheagsulacht-na-bhfalta-sceach-a-chur-chun-cinn\/","url":"https:\/\/www.noticenature.ie\/ga\/eolas-faoi-duil-sa-dulra\/ceard-de-a-bhfuil-bitheagsulacht-na-heireann-deanta-suas\/eagsulacht-gnathoga\/falta-sceach\/ceard-is-feidir-liom-a-dheanamh-chun-bitheagsulacht-na-bhfalta-sceach-a-chur-chun-cinn\/","name":"C\u00e9ard is f\u00e9idir liom a dh\u00e9anamh chun Bith\u00e9ags\u00falacht na bhF\u00e1lta Sceach a chur chun cinn? - D\u00fail sa D\u00falra","isPartOf":{"@id":"https:\/\/www.noticenature.ie\/ga\/#website"},"datePublished":"2016-06-20T15:04:56+00:00","dateModified":"2022-06-17T17:25:56+00:00","breadcrumb":{"@id":"https:\/\/www.noticenature.ie\/ga\/eolas-faoi-duil-sa-dulra\/ceard-de-a-bhfuil-bitheagsulacht-na-heireann-deanta-suas\/eagsulacht-gnathoga\/falta-sceach\/ceard-is-feidir-liom-a-dheanamh-chun-bitheagsulacht-na-bhfalta-sceach-a-chur-chun-cinn\/#breadcrumb"},"inLanguage":"ga-IE","potentialAction":[{"@type":"ReadAction","target":["https:\/\/www.noticenature.ie\/ga\/eolas-faoi-duil-sa-dulra\/ceard-de-a-bhfuil-bitheagsulacht-na-heireann-deanta-suas\/eagsulacht-gnathoga\/falta-sceach\/ceard-is-feidir-liom-a-dheanamh-chun-bitheagsulacht-na-bhfalta-sceach-a-chur-chun-cinn\/"]}]},{"@type":"BreadcrumbList","@id":"https:\/\/www.noticenature.ie\/ga\/eolas-faoi-duil-sa-dulra\/ceard-de-a-bhfuil-bitheagsulacht-na-heireann-deanta-suas\/eagsulacht-gnathoga\/falta-sceach\/ceard-is-feidir-liom-a-dheanamh-chun-bitheagsulacht-na-bhfalta-sceach-a-chur-chun-cinn\/#breadcrumb","itemListElement":[{"@type":"ListItem","position":1,"name":"Home","item":"https:\/\/www.noticenature.ie\/ga\/1600-2\/"},{"@type":"ListItem","position":2,"name":"Maidir le D\u00fail sa D\u00falra","item":"https:\/\/www.noticenature.ie\/ga\/eolas-faoi-duil-sa-dulra\/"},{"@type":"ListItem","position":3,"name":"C\u00e9ard de a bhfuil bith\u00e9ags\u00falacht na h\u00c9ireann d\u00e9anta suas?","item":"https:\/\/www.noticenature.ie\/ga\/eolas-faoi-duil-sa-dulra\/ceard-de-a-bhfuil-bitheagsulacht-na-heireann-deanta-suas\/"},{"@type":"ListItem","position":4,"name":"\u00c9ags\u00falacht Gn\u00e1th\u00f3ga","item":"https:\/\/www.noticenature.ie\/ga\/eolas-faoi-duil-sa-dulra\/ceard-de-a-bhfuil-bitheagsulacht-na-heireann-deanta-suas\/eagsulacht-gnathoga\/"},{"@type":"ListItem","position":5,"name":"F\u00e1lta Sceach","item":"https:\/\/www.noticenature.ie\/ga\/eolas-faoi-duil-sa-dulra\/ceard-de-a-bhfuil-bitheagsulacht-na-heireann-deanta-suas\/eagsulacht-gnathoga\/falta-sceach\/"},{"@type":"ListItem","position":6,"name":"C\u00e9ard is f\u00e9idir liom a dh\u00e9anamh chun Bith\u00e9ags\u00falacht na bhF\u00e1lta Sceach a chur chun cinn?"}]},{"@type":"WebSite","@id":"https:\/\/www.noticenature.ie\/ga\/#website","url":"https:\/\/www.noticenature.ie\/ga\/","name":"D\u00fail sa D\u00falra","description":"Action on Biodiversity Loss","potentialAction":[{"@type":"SearchAction","target":{"@type":"EntryPoint","urlTemplate":"https:\/\/www.noticenature.ie\/ga\/?s={search_term_string}"},"query-input":{"@type":"PropertyValueSpecification","valueRequired":true,"valueName":"search_term_string"}}],"inLanguage":"ga-IE"}]}},"_links":{"self":[{"href":"https:\/\/www.noticenature.ie\/ga\/wp-json\/wp\/v2\/pages\/1725","targetHints":{"allow":["GET"]}}],"collection":[{"href":"https:\/\/www.noticenature.ie\/ga\/wp-json\/wp\/v2\/pages"}],"about":[{"href":"https:\/\/www.noticenature.ie\/ga\/wp-json\/wp\/v2\/types\/page"}],"author":[{"embeddable":true,"href":"https:\/\/www.noticenature.ie\/ga\/wp-json\/wp\/v2\/users\/2"}],"replies":[{"embeddable":true,"href":"https:\/\/www.noticenature.ie\/ga\/wp-json\/wp\/v2\/comments?post=1725"}],"version-history":[{"count":2,"href":"https:\/\/www.noticenature.ie\/ga\/wp-json\/wp\/v2\/pages\/1725\/revisions"}],"predecessor-version":[{"id":1881,"href":"https:\/\/www.noticenature.ie\/ga\/wp-json\/wp\/v2\/pages\/1725\/revisions\/1881"}],"up":[{"embeddable":true,"href":"https:\/\/www.noticenature.ie\/ga\/wp-json\/wp\/v2\/pages\/1724"}],"wp:attachment":[{"href":"https:\/\/www.noticenature.ie\/ga\/wp-json\/wp\/v2\/media?parent=1725"}],"curies":[{"name":"wp","href":"https:\/\/api.w.org\/{rel}","templated":true}]}}