{"id":1724,"date":"2016-06-15T15:46:55","date_gmt":"2016-06-15T15:46:55","guid":{"rendered":"https:\/\/www.noticenature.ie\/eolas-faoi-duil-sa-dulra\/ceard-de-a-bhfuil-bitheagsulacht-na-heireann-deanta-suas\/eagsulacht-gnathoga\/falta-sceach\/"},"modified":"2022-06-17T16:36:20","modified_gmt":"2022-06-17T16:36:20","slug":"falta-sceach","status":"publish","type":"page","link":"https:\/\/www.noticenature.ie\/ga\/eolas-faoi-duil-sa-dulra\/ceard-de-a-bhfuil-bitheagsulacht-na-heireann-deanta-suas\/eagsulacht-gnathoga\/falta-sceach\/","title":{"rendered":"F\u00e1lta Sceach"},"content":{"rendered":"\n<p>Mar gheall nach bhfuil ach beag\u00e1n foraois dh\u00fachasach againn in \u00c9irinn, is t\u00e1bhachtach an r\u00f3l at\u00e1 ag an bhf\u00e1l sceach ina ionada\u00ed ar an ngn\u00e1th\u00f3g ar imeall coillearna\u00ed. T\u00e1 an chuid is m\u00f3 de na f\u00e1lta sceach ann mar gheall gur cuireadh iad, agus is iond\u00fail go dtugann siad le fios an \u00e1it a bhfuil an teorainn idir goirt n\u00f3 teorainn na maoine. Is minic a gcotha\u00edtear go leor crainn agus toir dh\u00fachasacha agus neamh-dh\u00fachasacha iontu, lena n-\u00e1ir\u00edtear an fhuinseog, an crann coill, an crann fe\u00e1, an crann troim agus an tsaileach, cuid d\u00edobh a d\u2019fh\u00e9adfadh a bheith ann ina gcrann ard anseo is ansi\u00fad. Is minic a bh\u00edonn planda\u00ed dreaptha istigh sna f\u00e1lta sceach, amhail eidhne\u00e1n agus an f\u00e9ithleann. Cotha\u00edtear r\u00e9imse leathan speiceas feithid\u00ed, \u00e9an agus mamach iontu agus cuirtear l\u00edonra\u00ed ar f\u00e1il leo tr\u00ednar f\u00e9idir le hainmhithe bogadh \u00f3 ghn\u00e1th\u00f3g go gn\u00e1th\u00f3g ar bhealach sl\u00e1n s\u00e1bh\u00e1ilte. Ar na bagairt\u00ed is m\u00f3 ar fh\u00e1lta sceach t\u00e1 bainisti\u00fa m\u00ed-oiri\u00fanach agus glanadh f\u00e1lta sceach ar mhaithe le talamh a fhorbairt agus leathadh talmha\u00edochta.<\/p>\n<div class=\"wp-block-image\">\n<figure class=\"aligncenter\"><a href=\"https:\/\/www.noticenature.ie\/wp-content\/uploads\/2021\/12\/hedgeweb.jpg\"><img loading=\"lazy\" decoding=\"async\" width=\"300\" height=\"225\" src=\"https:\/\/www.noticenature.ie\/wp-content\/uploads\/2021\/12\/hedgeweb-300x225.jpg\" alt=\"F&#xE1;l Sceach N&#xE1;d&#xFA;rtha\" class=\"wp-image-1270\" srcset=\"https:\/\/www.noticenature.ie\/wp-content\/uploads\/2021\/12\/hedgeweb-300x225.jpg 300w, https:\/\/www.noticenature.ie\/wp-content\/uploads\/2021\/12\/hedgeweb.jpg 448w\" sizes=\"auto, (max-width: 300px) 100vw, 300px\" \/><\/a><figcaption>F\u00e1l Sceach N\u00e1d\u00fartha<\/figcaption><\/figure>\n<\/div><div class=\"wp-block-image\">\n<figure class=\"aligncenter\"><a href=\"https:\/\/www.noticenature.ie\/wp-content\/uploads\/2021\/12\/Laid-hedgeweb.jpg\"><img loading=\"lazy\" decoding=\"async\" width=\"300\" height=\"225\" src=\"https:\/\/www.noticenature.ie\/wp-content\/uploads\/2021\/12\/Laid-hedgeweb-300x225.jpg\" alt=\"F&#xE1;l Sceach a Cuireadh\" class=\"wp-image-1271\" srcset=\"https:\/\/www.noticenature.ie\/wp-content\/uploads\/2021\/12\/Laid-hedgeweb-300x225.jpg 300w, https:\/\/www.noticenature.ie\/wp-content\/uploads\/2021\/12\/Laid-hedgeweb.jpg 448w\" sizes=\"auto, (max-width: 300px) 100vw, 300px\" \/><\/a><figcaption>F\u00e1l Sceach a Cuireadh<\/figcaption><\/figure>\n<\/div>\n<h4 class=\"wp-block-heading\"><a href=\"https:\/\/www.noticenature.ie\/ga\/eolas-faoi-duil-sa-dulra\/ceard-de-a-bhfuil-bitheagsulacht-na-heireann-deanta-suas\/eagsulacht-gnathoga\/falta-sceach\/ceard-is-feidir-liom-a-dheanamh-chun-bitheagsulacht-na-bhfalta-sceach-a-chur-chun-cinn\/\">C\u00e9ard is f\u00e9idir liom a dh\u00e9anamh chun Bith\u00e9ags\u00falacht na bhF\u00e1lta Sceach a chur chun cinn?<\/a><\/h4>\n","protected":false},"excerpt":{"rendered":"<p>Mar gheall nach bhfuil ach beag\u00e1n foraois dh\u00fachasach againn in \u00c9irinn, is t\u00e1bhachtach an r\u00f3l at\u00e1 ag an bhf\u00e1l sceach ina ionada\u00ed ar an ngn\u00e1th\u00f3g ar imeall coillearna\u00ed. T\u00e1 an chuid is m\u00f3 de na f\u00e1lta sceach ann mar gheall gur cuireadh iad, agus is iond\u00fail go dtugann siad le fios an \u00e1it a bhfuil [&hellip;]<\/p>\n","protected":false},"author":2,"featured_media":0,"parent":1719,"menu_order":0,"comment_status":"closed","ping_status":"closed","template":"","meta":{"footnotes":""},"class_list":["post-1724","page","type-page","status-publish","hentry","post"],"yoast_head":"<!-- This site is optimized with the Yoast SEO plugin v27.3 - https:\/\/yoast.com\/product\/yoast-seo-wordpress\/ -->\n<title>F\u00e1lta Sceach - D\u00fail sa D\u00falra<\/title>\n<meta name=\"robots\" content=\"index, follow, max-snippet:-1, max-image-preview:large, max-video-preview:-1\" \/>\n<link rel=\"canonical\" href=\"https:\/\/www.noticenature.ie\/ga\/eolas-faoi-duil-sa-dulra\/ceard-de-a-bhfuil-bitheagsulacht-na-heireann-deanta-suas\/eagsulacht-gnathoga\/falta-sceach\/\" \/>\n<meta property=\"og:locale\" content=\"ga_IE\" \/>\n<meta property=\"og:type\" content=\"article\" \/>\n<meta property=\"og:title\" content=\"F\u00e1lta Sceach - D\u00fail sa D\u00falra\" \/>\n<meta property=\"og:description\" content=\"Mar gheall nach bhfuil ach beag\u00e1n foraois dh\u00fachasach againn in \u00c9irinn, is t\u00e1bhachtach an r\u00f3l at\u00e1 ag an bhf\u00e1l sceach ina ionada\u00ed ar an ngn\u00e1th\u00f3g ar imeall coillearna\u00ed. T\u00e1 an chuid is m\u00f3 de na f\u00e1lta sceach ann mar gheall gur cuireadh iad, agus is iond\u00fail go dtugann siad le fios an \u00e1it a bhfuil [&hellip;]\" \/>\n<meta property=\"og:url\" content=\"https:\/\/www.noticenature.ie\/ga\/eolas-faoi-duil-sa-dulra\/ceard-de-a-bhfuil-bitheagsulacht-na-heireann-deanta-suas\/eagsulacht-gnathoga\/falta-sceach\/\" \/>\n<meta property=\"og:site_name\" content=\"D\u00fail sa D\u00falra\" \/>\n<meta property=\"article:publisher\" content=\"https:\/\/www.facebook.com\/profile.php?id=100066240890743\" \/>\n<meta property=\"article:modified_time\" content=\"2022-06-17T16:36:20+00:00\" \/>\n<meta property=\"og:image\" content=\"https:\/\/www.noticenature.ie\/wp-content\/uploads\/2021\/12\/hedgeweb-300x225.jpg\" \/>\n<meta name=\"twitter:card\" content=\"summary_large_image\" \/>\n<meta name=\"twitter:site\" content=\"@Notice_Nature\" \/>\n<meta name=\"twitter:label1\" content=\"Est. reading time\" \/>\n\t<meta name=\"twitter:data1\" content=\"1 minute\" \/>\n<script type=\"application\/ld+json\" class=\"yoast-schema-graph\">{\"@context\":\"https:\\\/\\\/schema.org\",\"@graph\":[{\"@type\":\"WebPage\",\"@id\":\"https:\\\/\\\/www.noticenature.ie\\\/ga\\\/eolas-faoi-duil-sa-dulra\\\/ceard-de-a-bhfuil-bitheagsulacht-na-heireann-deanta-suas\\\/eagsulacht-gnathoga\\\/falta-sceach\\\/\",\"url\":\"https:\\\/\\\/www.noticenature.ie\\\/ga\\\/eolas-faoi-duil-sa-dulra\\\/ceard-de-a-bhfuil-bitheagsulacht-na-heireann-deanta-suas\\\/eagsulacht-gnathoga\\\/falta-sceach\\\/\",\"name\":\"F\u00e1lta Sceach - D\u00fail sa D\u00falra\",\"isPartOf\":{\"@id\":\"https:\\\/\\\/www.noticenature.ie\\\/ga\\\/#website\"},\"primaryImageOfPage\":{\"@id\":\"https:\\\/\\\/www.noticenature.ie\\\/ga\\\/eolas-faoi-duil-sa-dulra\\\/ceard-de-a-bhfuil-bitheagsulacht-na-heireann-deanta-suas\\\/eagsulacht-gnathoga\\\/falta-sceach\\\/#primaryimage\"},\"image\":{\"@id\":\"https:\\\/\\\/www.noticenature.ie\\\/ga\\\/eolas-faoi-duil-sa-dulra\\\/ceard-de-a-bhfuil-bitheagsulacht-na-heireann-deanta-suas\\\/eagsulacht-gnathoga\\\/falta-sceach\\\/#primaryimage\"},\"thumbnailUrl\":\"https:\\\/\\\/www.noticenature.ie\\\/wp-content\\\/uploads\\\/2021\\\/12\\\/hedgeweb-300x225.jpg\",\"datePublished\":\"2016-06-15T15:46:55+00:00\",\"dateModified\":\"2022-06-17T16:36:20+00:00\",\"breadcrumb\":{\"@id\":\"https:\\\/\\\/www.noticenature.ie\\\/ga\\\/eolas-faoi-duil-sa-dulra\\\/ceard-de-a-bhfuil-bitheagsulacht-na-heireann-deanta-suas\\\/eagsulacht-gnathoga\\\/falta-sceach\\\/#breadcrumb\"},\"inLanguage\":\"ga-IE\",\"potentialAction\":[{\"@type\":\"ReadAction\",\"target\":[\"https:\\\/\\\/www.noticenature.ie\\\/ga\\\/eolas-faoi-duil-sa-dulra\\\/ceard-de-a-bhfuil-bitheagsulacht-na-heireann-deanta-suas\\\/eagsulacht-gnathoga\\\/falta-sceach\\\/\"]}]},{\"@type\":\"ImageObject\",\"inLanguage\":\"ga-IE\",\"@id\":\"https:\\\/\\\/www.noticenature.ie\\\/ga\\\/eolas-faoi-duil-sa-dulra\\\/ceard-de-a-bhfuil-bitheagsulacht-na-heireann-deanta-suas\\\/eagsulacht-gnathoga\\\/falta-sceach\\\/#primaryimage\",\"url\":\"https:\\\/\\\/www.noticenature.ie\\\/wp-content\\\/uploads\\\/2021\\\/12\\\/hedgeweb-300x225.jpg\",\"contentUrl\":\"https:\\\/\\\/www.noticenature.ie\\\/wp-content\\\/uploads\\\/2021\\\/12\\\/hedgeweb-300x225.jpg\"},{\"@type\":\"BreadcrumbList\",\"@id\":\"https:\\\/\\\/www.noticenature.ie\\\/ga\\\/eolas-faoi-duil-sa-dulra\\\/ceard-de-a-bhfuil-bitheagsulacht-na-heireann-deanta-suas\\\/eagsulacht-gnathoga\\\/falta-sceach\\\/#breadcrumb\",\"itemListElement\":[{\"@type\":\"ListItem\",\"position\":1,\"name\":\"Home\",\"item\":\"https:\\\/\\\/www.noticenature.ie\\\/ga\\\/1600-2\\\/\"},{\"@type\":\"ListItem\",\"position\":2,\"name\":\"Maidir le D\u00fail sa D\u00falra\",\"item\":\"https:\\\/\\\/www.noticenature.ie\\\/ga\\\/eolas-faoi-duil-sa-dulra\\\/\"},{\"@type\":\"ListItem\",\"position\":3,\"name\":\"C\u00e9ard de a bhfuil bith\u00e9ags\u00falacht na h\u00c9ireann d\u00e9anta suas?\",\"item\":\"https:\\\/\\\/www.noticenature.ie\\\/ga\\\/eolas-faoi-duil-sa-dulra\\\/ceard-de-a-bhfuil-bitheagsulacht-na-heireann-deanta-suas\\\/\"},{\"@type\":\"ListItem\",\"position\":4,\"name\":\"\u00c9ags\u00falacht Gn\u00e1th\u00f3ga\",\"item\":\"https:\\\/\\\/www.noticenature.ie\\\/ga\\\/eolas-faoi-duil-sa-dulra\\\/ceard-de-a-bhfuil-bitheagsulacht-na-heireann-deanta-suas\\\/eagsulacht-gnathoga\\\/\"},{\"@type\":\"ListItem\",\"position\":5,\"name\":\"F\u00e1lta Sceach\"}]},{\"@type\":\"WebSite\",\"@id\":\"https:\\\/\\\/www.noticenature.ie\\\/ga\\\/#website\",\"url\":\"https:\\\/\\\/www.noticenature.ie\\\/ga\\\/\",\"name\":\"D\u00fail sa D\u00falra\",\"description\":\"Action on Biodiversity Loss\",\"potentialAction\":[{\"@type\":\"SearchAction\",\"target\":{\"@type\":\"EntryPoint\",\"urlTemplate\":\"https:\\\/\\\/www.noticenature.ie\\\/ga\\\/?s={search_term_string}\"},\"query-input\":{\"@type\":\"PropertyValueSpecification\",\"valueRequired\":true,\"valueName\":\"search_term_string\"}}],\"inLanguage\":\"ga-IE\"}]}<\/script>\n<!-- \/ Yoast SEO plugin. -->","yoast_head_json":{"title":"F\u00e1lta Sceach - D\u00fail sa D\u00falra","robots":{"index":"index","follow":"follow","max-snippet":"max-snippet:-1","max-image-preview":"max-image-preview:large","max-video-preview":"max-video-preview:-1"},"canonical":"https:\/\/www.noticenature.ie\/ga\/eolas-faoi-duil-sa-dulra\/ceard-de-a-bhfuil-bitheagsulacht-na-heireann-deanta-suas\/eagsulacht-gnathoga\/falta-sceach\/","og_locale":"ga_IE","og_type":"article","og_title":"F\u00e1lta Sceach - D\u00fail sa D\u00falra","og_description":"Mar gheall nach bhfuil ach beag\u00e1n foraois dh\u00fachasach againn in \u00c9irinn, is t\u00e1bhachtach an r\u00f3l at\u00e1 ag an bhf\u00e1l sceach ina ionada\u00ed ar an ngn\u00e1th\u00f3g ar imeall coillearna\u00ed. T\u00e1 an chuid is m\u00f3 de na f\u00e1lta sceach ann mar gheall gur cuireadh iad, agus is iond\u00fail go dtugann siad le fios an \u00e1it a bhfuil [&hellip;]","og_url":"https:\/\/www.noticenature.ie\/ga\/eolas-faoi-duil-sa-dulra\/ceard-de-a-bhfuil-bitheagsulacht-na-heireann-deanta-suas\/eagsulacht-gnathoga\/falta-sceach\/","og_site_name":"D\u00fail sa D\u00falra","article_publisher":"https:\/\/www.facebook.com\/profile.php?id=100066240890743","article_modified_time":"2022-06-17T16:36:20+00:00","og_image":[{"url":"https:\/\/www.noticenature.ie\/wp-content\/uploads\/2021\/12\/hedgeweb-300x225.jpg","type":"","width":"","height":""}],"twitter_card":"summary_large_image","twitter_site":"@Notice_Nature","twitter_misc":{"Est. reading time":"1 minute"},"schema":{"@context":"https:\/\/schema.org","@graph":[{"@type":"WebPage","@id":"https:\/\/www.noticenature.ie\/ga\/eolas-faoi-duil-sa-dulra\/ceard-de-a-bhfuil-bitheagsulacht-na-heireann-deanta-suas\/eagsulacht-gnathoga\/falta-sceach\/","url":"https:\/\/www.noticenature.ie\/ga\/eolas-faoi-duil-sa-dulra\/ceard-de-a-bhfuil-bitheagsulacht-na-heireann-deanta-suas\/eagsulacht-gnathoga\/falta-sceach\/","name":"F\u00e1lta Sceach - D\u00fail sa D\u00falra","isPartOf":{"@id":"https:\/\/www.noticenature.ie\/ga\/#website"},"primaryImageOfPage":{"@id":"https:\/\/www.noticenature.ie\/ga\/eolas-faoi-duil-sa-dulra\/ceard-de-a-bhfuil-bitheagsulacht-na-heireann-deanta-suas\/eagsulacht-gnathoga\/falta-sceach\/#primaryimage"},"image":{"@id":"https:\/\/www.noticenature.ie\/ga\/eolas-faoi-duil-sa-dulra\/ceard-de-a-bhfuil-bitheagsulacht-na-heireann-deanta-suas\/eagsulacht-gnathoga\/falta-sceach\/#primaryimage"},"thumbnailUrl":"https:\/\/www.noticenature.ie\/wp-content\/uploads\/2021\/12\/hedgeweb-300x225.jpg","datePublished":"2016-06-15T15:46:55+00:00","dateModified":"2022-06-17T16:36:20+00:00","breadcrumb":{"@id":"https:\/\/www.noticenature.ie\/ga\/eolas-faoi-duil-sa-dulra\/ceard-de-a-bhfuil-bitheagsulacht-na-heireann-deanta-suas\/eagsulacht-gnathoga\/falta-sceach\/#breadcrumb"},"inLanguage":"ga-IE","potentialAction":[{"@type":"ReadAction","target":["https:\/\/www.noticenature.ie\/ga\/eolas-faoi-duil-sa-dulra\/ceard-de-a-bhfuil-bitheagsulacht-na-heireann-deanta-suas\/eagsulacht-gnathoga\/falta-sceach\/"]}]},{"@type":"ImageObject","inLanguage":"ga-IE","@id":"https:\/\/www.noticenature.ie\/ga\/eolas-faoi-duil-sa-dulra\/ceard-de-a-bhfuil-bitheagsulacht-na-heireann-deanta-suas\/eagsulacht-gnathoga\/falta-sceach\/#primaryimage","url":"https:\/\/www.noticenature.ie\/wp-content\/uploads\/2021\/12\/hedgeweb-300x225.jpg","contentUrl":"https:\/\/www.noticenature.ie\/wp-content\/uploads\/2021\/12\/hedgeweb-300x225.jpg"},{"@type":"BreadcrumbList","@id":"https:\/\/www.noticenature.ie\/ga\/eolas-faoi-duil-sa-dulra\/ceard-de-a-bhfuil-bitheagsulacht-na-heireann-deanta-suas\/eagsulacht-gnathoga\/falta-sceach\/#breadcrumb","itemListElement":[{"@type":"ListItem","position":1,"name":"Home","item":"https:\/\/www.noticenature.ie\/ga\/1600-2\/"},{"@type":"ListItem","position":2,"name":"Maidir le D\u00fail sa D\u00falra","item":"https:\/\/www.noticenature.ie\/ga\/eolas-faoi-duil-sa-dulra\/"},{"@type":"ListItem","position":3,"name":"C\u00e9ard de a bhfuil bith\u00e9ags\u00falacht na h\u00c9ireann d\u00e9anta suas?","item":"https:\/\/www.noticenature.ie\/ga\/eolas-faoi-duil-sa-dulra\/ceard-de-a-bhfuil-bitheagsulacht-na-heireann-deanta-suas\/"},{"@type":"ListItem","position":4,"name":"\u00c9ags\u00falacht Gn\u00e1th\u00f3ga","item":"https:\/\/www.noticenature.ie\/ga\/eolas-faoi-duil-sa-dulra\/ceard-de-a-bhfuil-bitheagsulacht-na-heireann-deanta-suas\/eagsulacht-gnathoga\/"},{"@type":"ListItem","position":5,"name":"F\u00e1lta Sceach"}]},{"@type":"WebSite","@id":"https:\/\/www.noticenature.ie\/ga\/#website","url":"https:\/\/www.noticenature.ie\/ga\/","name":"D\u00fail sa D\u00falra","description":"Action on Biodiversity Loss","potentialAction":[{"@type":"SearchAction","target":{"@type":"EntryPoint","urlTemplate":"https:\/\/www.noticenature.ie\/ga\/?s={search_term_string}"},"query-input":{"@type":"PropertyValueSpecification","valueRequired":true,"valueName":"search_term_string"}}],"inLanguage":"ga-IE"}]}},"_links":{"self":[{"href":"https:\/\/www.noticenature.ie\/ga\/wp-json\/wp\/v2\/pages\/1724","targetHints":{"allow":["GET"]}}],"collection":[{"href":"https:\/\/www.noticenature.ie\/ga\/wp-json\/wp\/v2\/pages"}],"about":[{"href":"https:\/\/www.noticenature.ie\/ga\/wp-json\/wp\/v2\/types\/page"}],"author":[{"embeddable":true,"href":"https:\/\/www.noticenature.ie\/ga\/wp-json\/wp\/v2\/users\/2"}],"replies":[{"embeddable":true,"href":"https:\/\/www.noticenature.ie\/ga\/wp-json\/wp\/v2\/comments?post=1724"}],"version-history":[{"count":4,"href":"https:\/\/www.noticenature.ie\/ga\/wp-json\/wp\/v2\/pages\/1724\/revisions"}],"predecessor-version":[{"id":1785,"href":"https:\/\/www.noticenature.ie\/ga\/wp-json\/wp\/v2\/pages\/1724\/revisions\/1785"}],"up":[{"embeddable":true,"href":"https:\/\/www.noticenature.ie\/ga\/wp-json\/wp\/v2\/pages\/1719"}],"wp:attachment":[{"href":"https:\/\/www.noticenature.ie\/ga\/wp-json\/wp\/v2\/media?parent=1724"}],"curies":[{"name":"wp","href":"https:\/\/api.w.org\/{rel}","templated":true}]}}