{"id":1722,"date":"2016-06-20T14:01:13","date_gmt":"2016-06-20T14:01:13","guid":{"rendered":"https:\/\/www.noticenature.ie\/eolas-faoi-duil-sa-dulra\/ceard-de-a-bhfuil-bitheagsulacht-na-heireann-deanta-suas\/eagsulacht-gnathoga\/coillte\/ceard-is-feidir-liom-a-dheanamh-chun-bitheagsulacht-na-gcoillearnach-a-chur-chun-cinn\/"},"modified":"2022-06-17T17:26:29","modified_gmt":"2022-06-17T17:26:29","slug":"ceard-is-feidir-liom-a-dheanamh-chun-bitheagsulacht-na-gcoillearnach-a-chur-chun-cinn","status":"publish","type":"page","link":"https:\/\/www.noticenature.ie\/ga\/eolas-faoi-duil-sa-dulra\/ceard-de-a-bhfuil-bitheagsulacht-na-heireann-deanta-suas\/eagsulacht-gnathoga\/coillte\/ceard-is-feidir-liom-a-dheanamh-chun-bitheagsulacht-na-gcoillearnach-a-chur-chun-cinn\/","title":{"rendered":"C\u00e9ard is f\u00e9idir liom a dh\u00e9anamh chun Bith\u00e9ags\u00falacht na gCoillearnach a chur chun cinn?"},"content":{"rendered":"\n<ul class=\"wp-block-list\"><li>C\u00e9n f\u00e1th nach gcuirfe\u00e1 crann d\u00fachasach i do ch\u00falghaird\u00edn? T\u00e1 seans ann go bhf\u00e1sfadh roinnt crann d\u00fachasach r\u00f3mh\u00f3r do ch\u00falghaird\u00edn\u00ed i gceantair bhruachbhailteacha, amhail an dair n\u00f3 an fhuinseog. Bheadh crainn n\u00edos l\u00fa amhail an crann caorthainn, an bheith gheal, an crann sil\u00edn\u00ed fi\u00e1in agus an crann fia-\u00fall n\u00edos oiri\u00fana\u00ed do ghaird\u00edn\u00ed n\u00edos l\u00fa agus chuirfid\u00eds foinse bia ar f\u00e1il d\u2019\u00e9in i rith an gheimhridh.<\/li><li>Mura bhfuil an sp\u00e1s agat crann a chur, c\u00e9n f\u00e1th nach nd\u00e9anf\u00e1 crann d\u00fachasach a urr\u00fa? T\u00e1 sc\u00e9imeanna urra\u00edochta do chrainn dh\u00fachasacha <u><a href=\"https:\/\/www.treecouncil.ie\/\" target=\"_blank\" rel=\"noopener\"><span style=\"color: #248cc8;\"><u>ag Comhairle Crann na h\u00c9ireann<\/u><\/span><\/a><\/u> agus <u><a href=\"https:\/\/www.nativewoodlandtrust.ie\/\" target=\"_blank\" rel=\"noopener\"><span style=\"color: #248cc8;\"><u>ag Iontaobhas na gCoillte D\u00fachasach<\/u><\/span><\/a><\/u>.<\/li><li>B\u00ed rannph\u00e1irteach i do cheantar \u00e1iti\u00fail tr\u00ed chrainn a chur. Cuireann go leor \u00dadar\u00e1is \u00c1iti\u00fala crainn ar f\u00e1il do ghr\u00fapa\u00ed pobail, do ghr\u00fapa\u00ed c\u00f3naitheoir\u00ed agus do chumainn na mBailte Slachtmhara lena gcur i limist\u00e9ir chonl\u00e1iste. D\u00e9an teagmh\u00e1il le Rann\u00f3g na bP\u00e1irceanna i d\u2019\u00fadar\u00e1s \u00e1iti\u00fail chun tuilleadh sonra\u00ed a fh\u00e1il.<\/li><li>Cuirtear taca\u00edocht airgeadais ar f\u00e1il d\u2019\u00fain\u00e9ir\u00ed tal\u00fan tr\u00ed Sc\u00e9im na gCoillte D\u00fachasach chun coillte d\u00fachasacha at\u00e1 ann cheana a chosaint agus a fheabhs\u00fa agus chun coillte d\u00fachasacha nua a bhun\u00fa. \u00c1ir\u00edtear leis an d\u00e1 ghn\u00e9 sin coillearnach dh\u00fachasach ar l\u00e1ithre\u00e1in bhruach\u00e1nach taobh le sruth\u00e1in, aibhneacha agus lochanna. T\u00e1 tuilleadh eolais ar f\u00e1il \u00f3n tSeirbh\u00eds Foraoiseachta sa <u><a href=\"http:\/\/www.agriculture.gov.ie\/forestservice\/publications\/forestrymanual2004\/chapter21-nativewoodlandscheme\/\" target=\"_blank\" rel=\"noopener\"><u><span style=\"color: #248cc8;\">Roinn Talmha\u00edochta, Bia agus Mara, Caisle\u00e1n Bhaile She\u00e1in, Co. Loch Garman.<\/span><\/u><\/a><\/u><\/li><\/ul>\n\n<p><em>Ar ais chuig <a href=\"https:\/\/www.noticenature.ie\/ga\/eolas-faoi-duil-sa-dulra\/ceard-de-a-bhfuil-bitheagsulacht-na-heireann-deanta-suas\/eagsulacht-gnathoga\/\">an gcl\u00e1r \u00c9ags\u00falacht Gn\u00e1th\u00f3g<\/a><\/em><\/p>\n","protected":false},"excerpt":{"rendered":"<p>C\u00e9n f\u00e1th nach gcuirfe\u00e1 crann d\u00fachasach i do ch\u00falghaird\u00edn? T\u00e1 seans ann go bhf\u00e1sfadh roinnt crann d\u00fachasach r\u00f3mh\u00f3r do ch\u00falghaird\u00edn\u00ed i gceantair bhruachbhailteacha, amhail an dair n\u00f3 an fhuinseog. Bheadh crainn n\u00edos l\u00fa amhail an crann caorthainn, an bheith gheal, an crann sil\u00edn\u00ed fi\u00e1in agus an crann fia-\u00fall n\u00edos oiri\u00fana\u00ed do ghaird\u00edn\u00ed n\u00edos l\u00fa agus [&hellip;]<\/p>\n","protected":false},"author":2,"featured_media":0,"parent":1720,"menu_order":0,"comment_status":"closed","ping_status":"closed","template":"","meta":{"footnotes":""},"class_list":["post-1722","page","type-page","status-publish","hentry","post"],"yoast_head":"<!-- This site is optimized with the Yoast SEO plugin v27.3 - https:\/\/yoast.com\/product\/yoast-seo-wordpress\/ -->\n<title>C\u00e9ard is f\u00e9idir liom a dh\u00e9anamh chun Bith\u00e9ags\u00falacht na gCoillearnach a chur chun cinn? - D\u00fail sa D\u00falra<\/title>\n<meta name=\"robots\" content=\"index, follow, max-snippet:-1, max-image-preview:large, max-video-preview:-1\" \/>\n<link rel=\"canonical\" href=\"https:\/\/www.noticenature.ie\/ga\/eolas-faoi-duil-sa-dulra\/ceard-de-a-bhfuil-bitheagsulacht-na-heireann-deanta-suas\/eagsulacht-gnathoga\/coillte\/ceard-is-feidir-liom-a-dheanamh-chun-bitheagsulacht-na-gcoillearnach-a-chur-chun-cinn\/\" \/>\n<meta property=\"og:locale\" content=\"ga_IE\" \/>\n<meta property=\"og:type\" content=\"article\" \/>\n<meta property=\"og:title\" content=\"C\u00e9ard is f\u00e9idir liom a dh\u00e9anamh chun Bith\u00e9ags\u00falacht na gCoillearnach a chur chun cinn? - D\u00fail sa D\u00falra\" \/>\n<meta property=\"og:description\" content=\"C\u00e9n f\u00e1th nach gcuirfe\u00e1 crann d\u00fachasach i do ch\u00falghaird\u00edn? T\u00e1 seans ann go bhf\u00e1sfadh roinnt crann d\u00fachasach r\u00f3mh\u00f3r do ch\u00falghaird\u00edn\u00ed i gceantair bhruachbhailteacha, amhail an dair n\u00f3 an fhuinseog. Bheadh crainn n\u00edos l\u00fa amhail an crann caorthainn, an bheith gheal, an crann sil\u00edn\u00ed fi\u00e1in agus an crann fia-\u00fall n\u00edos oiri\u00fana\u00ed do ghaird\u00edn\u00ed n\u00edos l\u00fa agus [&hellip;]\" \/>\n<meta property=\"og:url\" content=\"https:\/\/www.noticenature.ie\/ga\/eolas-faoi-duil-sa-dulra\/ceard-de-a-bhfuil-bitheagsulacht-na-heireann-deanta-suas\/eagsulacht-gnathoga\/coillte\/ceard-is-feidir-liom-a-dheanamh-chun-bitheagsulacht-na-gcoillearnach-a-chur-chun-cinn\/\" \/>\n<meta property=\"og:site_name\" content=\"D\u00fail sa D\u00falra\" \/>\n<meta property=\"article:publisher\" content=\"https:\/\/www.facebook.com\/profile.php?id=100066240890743\" \/>\n<meta property=\"article:modified_time\" content=\"2022-06-17T17:26:29+00:00\" \/>\n<meta name=\"twitter:card\" content=\"summary_large_image\" \/>\n<meta name=\"twitter:site\" content=\"@Notice_Nature\" \/>\n<meta name=\"twitter:label1\" content=\"Est. reading time\" \/>\n\t<meta name=\"twitter:data1\" content=\"1 minute\" \/>\n<script type=\"application\/ld+json\" class=\"yoast-schema-graph\">{\"@context\":\"https:\\\/\\\/schema.org\",\"@graph\":[{\"@type\":\"WebPage\",\"@id\":\"https:\\\/\\\/www.noticenature.ie\\\/ga\\\/eolas-faoi-duil-sa-dulra\\\/ceard-de-a-bhfuil-bitheagsulacht-na-heireann-deanta-suas\\\/eagsulacht-gnathoga\\\/coillte\\\/ceard-is-feidir-liom-a-dheanamh-chun-bitheagsulacht-na-gcoillearnach-a-chur-chun-cinn\\\/\",\"url\":\"https:\\\/\\\/www.noticenature.ie\\\/ga\\\/eolas-faoi-duil-sa-dulra\\\/ceard-de-a-bhfuil-bitheagsulacht-na-heireann-deanta-suas\\\/eagsulacht-gnathoga\\\/coillte\\\/ceard-is-feidir-liom-a-dheanamh-chun-bitheagsulacht-na-gcoillearnach-a-chur-chun-cinn\\\/\",\"name\":\"C\u00e9ard is f\u00e9idir liom a dh\u00e9anamh chun Bith\u00e9ags\u00falacht na gCoillearnach a chur chun cinn? - D\u00fail sa D\u00falra\",\"isPartOf\":{\"@id\":\"https:\\\/\\\/www.noticenature.ie\\\/ga\\\/#website\"},\"datePublished\":\"2016-06-20T14:01:13+00:00\",\"dateModified\":\"2022-06-17T17:26:29+00:00\",\"breadcrumb\":{\"@id\":\"https:\\\/\\\/www.noticenature.ie\\\/ga\\\/eolas-faoi-duil-sa-dulra\\\/ceard-de-a-bhfuil-bitheagsulacht-na-heireann-deanta-suas\\\/eagsulacht-gnathoga\\\/coillte\\\/ceard-is-feidir-liom-a-dheanamh-chun-bitheagsulacht-na-gcoillearnach-a-chur-chun-cinn\\\/#breadcrumb\"},\"inLanguage\":\"ga-IE\",\"potentialAction\":[{\"@type\":\"ReadAction\",\"target\":[\"https:\\\/\\\/www.noticenature.ie\\\/ga\\\/eolas-faoi-duil-sa-dulra\\\/ceard-de-a-bhfuil-bitheagsulacht-na-heireann-deanta-suas\\\/eagsulacht-gnathoga\\\/coillte\\\/ceard-is-feidir-liom-a-dheanamh-chun-bitheagsulacht-na-gcoillearnach-a-chur-chun-cinn\\\/\"]}]},{\"@type\":\"BreadcrumbList\",\"@id\":\"https:\\\/\\\/www.noticenature.ie\\\/ga\\\/eolas-faoi-duil-sa-dulra\\\/ceard-de-a-bhfuil-bitheagsulacht-na-heireann-deanta-suas\\\/eagsulacht-gnathoga\\\/coillte\\\/ceard-is-feidir-liom-a-dheanamh-chun-bitheagsulacht-na-gcoillearnach-a-chur-chun-cinn\\\/#breadcrumb\",\"itemListElement\":[{\"@type\":\"ListItem\",\"position\":1,\"name\":\"Home\",\"item\":\"https:\\\/\\\/www.noticenature.ie\\\/ga\\\/1600-2\\\/\"},{\"@type\":\"ListItem\",\"position\":2,\"name\":\"Maidir le D\u00fail sa D\u00falra\",\"item\":\"https:\\\/\\\/www.noticenature.ie\\\/ga\\\/eolas-faoi-duil-sa-dulra\\\/\"},{\"@type\":\"ListItem\",\"position\":3,\"name\":\"C\u00e9ard de a bhfuil bith\u00e9ags\u00falacht na h\u00c9ireann d\u00e9anta suas?\",\"item\":\"https:\\\/\\\/www.noticenature.ie\\\/ga\\\/eolas-faoi-duil-sa-dulra\\\/ceard-de-a-bhfuil-bitheagsulacht-na-heireann-deanta-suas\\\/\"},{\"@type\":\"ListItem\",\"position\":4,\"name\":\"\u00c9ags\u00falacht Gn\u00e1th\u00f3ga\",\"item\":\"https:\\\/\\\/www.noticenature.ie\\\/ga\\\/eolas-faoi-duil-sa-dulra\\\/ceard-de-a-bhfuil-bitheagsulacht-na-heireann-deanta-suas\\\/eagsulacht-gnathoga\\\/\"},{\"@type\":\"ListItem\",\"position\":5,\"name\":\"Coillte\",\"item\":\"https:\\\/\\\/www.noticenature.ie\\\/ga\\\/eolas-faoi-duil-sa-dulra\\\/ceard-de-a-bhfuil-bitheagsulacht-na-heireann-deanta-suas\\\/eagsulacht-gnathoga\\\/coillte\\\/\"},{\"@type\":\"ListItem\",\"position\":6,\"name\":\"C\u00e9ard is f\u00e9idir liom a dh\u00e9anamh chun Bith\u00e9ags\u00falacht na gCoillearnach a chur chun cinn?\"}]},{\"@type\":\"WebSite\",\"@id\":\"https:\\\/\\\/www.noticenature.ie\\\/ga\\\/#website\",\"url\":\"https:\\\/\\\/www.noticenature.ie\\\/ga\\\/\",\"name\":\"D\u00fail sa D\u00falra\",\"description\":\"Action on Biodiversity Loss\",\"potentialAction\":[{\"@type\":\"SearchAction\",\"target\":{\"@type\":\"EntryPoint\",\"urlTemplate\":\"https:\\\/\\\/www.noticenature.ie\\\/ga\\\/?s={search_term_string}\"},\"query-input\":{\"@type\":\"PropertyValueSpecification\",\"valueRequired\":true,\"valueName\":\"search_term_string\"}}],\"inLanguage\":\"ga-IE\"}]}<\/script>\n<!-- \/ Yoast SEO plugin. -->","yoast_head_json":{"title":"C\u00e9ard is f\u00e9idir liom a dh\u00e9anamh chun Bith\u00e9ags\u00falacht na gCoillearnach a chur chun cinn? - D\u00fail sa D\u00falra","robots":{"index":"index","follow":"follow","max-snippet":"max-snippet:-1","max-image-preview":"max-image-preview:large","max-video-preview":"max-video-preview:-1"},"canonical":"https:\/\/www.noticenature.ie\/ga\/eolas-faoi-duil-sa-dulra\/ceard-de-a-bhfuil-bitheagsulacht-na-heireann-deanta-suas\/eagsulacht-gnathoga\/coillte\/ceard-is-feidir-liom-a-dheanamh-chun-bitheagsulacht-na-gcoillearnach-a-chur-chun-cinn\/","og_locale":"ga_IE","og_type":"article","og_title":"C\u00e9ard is f\u00e9idir liom a dh\u00e9anamh chun Bith\u00e9ags\u00falacht na gCoillearnach a chur chun cinn? - D\u00fail sa D\u00falra","og_description":"C\u00e9n f\u00e1th nach gcuirfe\u00e1 crann d\u00fachasach i do ch\u00falghaird\u00edn? T\u00e1 seans ann go bhf\u00e1sfadh roinnt crann d\u00fachasach r\u00f3mh\u00f3r do ch\u00falghaird\u00edn\u00ed i gceantair bhruachbhailteacha, amhail an dair n\u00f3 an fhuinseog. Bheadh crainn n\u00edos l\u00fa amhail an crann caorthainn, an bheith gheal, an crann sil\u00edn\u00ed fi\u00e1in agus an crann fia-\u00fall n\u00edos oiri\u00fana\u00ed do ghaird\u00edn\u00ed n\u00edos l\u00fa agus [&hellip;]","og_url":"https:\/\/www.noticenature.ie\/ga\/eolas-faoi-duil-sa-dulra\/ceard-de-a-bhfuil-bitheagsulacht-na-heireann-deanta-suas\/eagsulacht-gnathoga\/coillte\/ceard-is-feidir-liom-a-dheanamh-chun-bitheagsulacht-na-gcoillearnach-a-chur-chun-cinn\/","og_site_name":"D\u00fail sa D\u00falra","article_publisher":"https:\/\/www.facebook.com\/profile.php?id=100066240890743","article_modified_time":"2022-06-17T17:26:29+00:00","twitter_card":"summary_large_image","twitter_site":"@Notice_Nature","twitter_misc":{"Est. reading time":"1 minute"},"schema":{"@context":"https:\/\/schema.org","@graph":[{"@type":"WebPage","@id":"https:\/\/www.noticenature.ie\/ga\/eolas-faoi-duil-sa-dulra\/ceard-de-a-bhfuil-bitheagsulacht-na-heireann-deanta-suas\/eagsulacht-gnathoga\/coillte\/ceard-is-feidir-liom-a-dheanamh-chun-bitheagsulacht-na-gcoillearnach-a-chur-chun-cinn\/","url":"https:\/\/www.noticenature.ie\/ga\/eolas-faoi-duil-sa-dulra\/ceard-de-a-bhfuil-bitheagsulacht-na-heireann-deanta-suas\/eagsulacht-gnathoga\/coillte\/ceard-is-feidir-liom-a-dheanamh-chun-bitheagsulacht-na-gcoillearnach-a-chur-chun-cinn\/","name":"C\u00e9ard is f\u00e9idir liom a dh\u00e9anamh chun Bith\u00e9ags\u00falacht na gCoillearnach a chur chun cinn? - D\u00fail sa D\u00falra","isPartOf":{"@id":"https:\/\/www.noticenature.ie\/ga\/#website"},"datePublished":"2016-06-20T14:01:13+00:00","dateModified":"2022-06-17T17:26:29+00:00","breadcrumb":{"@id":"https:\/\/www.noticenature.ie\/ga\/eolas-faoi-duil-sa-dulra\/ceard-de-a-bhfuil-bitheagsulacht-na-heireann-deanta-suas\/eagsulacht-gnathoga\/coillte\/ceard-is-feidir-liom-a-dheanamh-chun-bitheagsulacht-na-gcoillearnach-a-chur-chun-cinn\/#breadcrumb"},"inLanguage":"ga-IE","potentialAction":[{"@type":"ReadAction","target":["https:\/\/www.noticenature.ie\/ga\/eolas-faoi-duil-sa-dulra\/ceard-de-a-bhfuil-bitheagsulacht-na-heireann-deanta-suas\/eagsulacht-gnathoga\/coillte\/ceard-is-feidir-liom-a-dheanamh-chun-bitheagsulacht-na-gcoillearnach-a-chur-chun-cinn\/"]}]},{"@type":"BreadcrumbList","@id":"https:\/\/www.noticenature.ie\/ga\/eolas-faoi-duil-sa-dulra\/ceard-de-a-bhfuil-bitheagsulacht-na-heireann-deanta-suas\/eagsulacht-gnathoga\/coillte\/ceard-is-feidir-liom-a-dheanamh-chun-bitheagsulacht-na-gcoillearnach-a-chur-chun-cinn\/#breadcrumb","itemListElement":[{"@type":"ListItem","position":1,"name":"Home","item":"https:\/\/www.noticenature.ie\/ga\/1600-2\/"},{"@type":"ListItem","position":2,"name":"Maidir le D\u00fail sa D\u00falra","item":"https:\/\/www.noticenature.ie\/ga\/eolas-faoi-duil-sa-dulra\/"},{"@type":"ListItem","position":3,"name":"C\u00e9ard de a bhfuil bith\u00e9ags\u00falacht na h\u00c9ireann d\u00e9anta suas?","item":"https:\/\/www.noticenature.ie\/ga\/eolas-faoi-duil-sa-dulra\/ceard-de-a-bhfuil-bitheagsulacht-na-heireann-deanta-suas\/"},{"@type":"ListItem","position":4,"name":"\u00c9ags\u00falacht Gn\u00e1th\u00f3ga","item":"https:\/\/www.noticenature.ie\/ga\/eolas-faoi-duil-sa-dulra\/ceard-de-a-bhfuil-bitheagsulacht-na-heireann-deanta-suas\/eagsulacht-gnathoga\/"},{"@type":"ListItem","position":5,"name":"Coillte","item":"https:\/\/www.noticenature.ie\/ga\/eolas-faoi-duil-sa-dulra\/ceard-de-a-bhfuil-bitheagsulacht-na-heireann-deanta-suas\/eagsulacht-gnathoga\/coillte\/"},{"@type":"ListItem","position":6,"name":"C\u00e9ard is f\u00e9idir liom a dh\u00e9anamh chun Bith\u00e9ags\u00falacht na gCoillearnach a chur chun cinn?"}]},{"@type":"WebSite","@id":"https:\/\/www.noticenature.ie\/ga\/#website","url":"https:\/\/www.noticenature.ie\/ga\/","name":"D\u00fail sa D\u00falra","description":"Action on Biodiversity Loss","potentialAction":[{"@type":"SearchAction","target":{"@type":"EntryPoint","urlTemplate":"https:\/\/www.noticenature.ie\/ga\/?s={search_term_string}"},"query-input":{"@type":"PropertyValueSpecification","valueRequired":true,"valueName":"search_term_string"}}],"inLanguage":"ga-IE"}]}},"_links":{"self":[{"href":"https:\/\/www.noticenature.ie\/ga\/wp-json\/wp\/v2\/pages\/1722","targetHints":{"allow":["GET"]}}],"collection":[{"href":"https:\/\/www.noticenature.ie\/ga\/wp-json\/wp\/v2\/pages"}],"about":[{"href":"https:\/\/www.noticenature.ie\/ga\/wp-json\/wp\/v2\/types\/page"}],"author":[{"embeddable":true,"href":"https:\/\/www.noticenature.ie\/ga\/wp-json\/wp\/v2\/users\/2"}],"replies":[{"embeddable":true,"href":"https:\/\/www.noticenature.ie\/ga\/wp-json\/wp\/v2\/comments?post=1722"}],"version-history":[{"count":4,"href":"https:\/\/www.noticenature.ie\/ga\/wp-json\/wp\/v2\/pages\/1722\/revisions"}],"predecessor-version":[{"id":1889,"href":"https:\/\/www.noticenature.ie\/ga\/wp-json\/wp\/v2\/pages\/1722\/revisions\/1889"}],"up":[{"embeddable":true,"href":"https:\/\/www.noticenature.ie\/ga\/wp-json\/wp\/v2\/pages\/1720"}],"wp:attachment":[{"href":"https:\/\/www.noticenature.ie\/ga\/wp-json\/wp\/v2\/media?parent=1722"}],"curies":[{"name":"wp","href":"https:\/\/api.w.org\/{rel}","templated":true}]}}