{"id":1712,"date":"2016-01-25T15:44:11","date_gmt":"2016-01-25T15:44:11","guid":{"rendered":"https:\/\/www.noticenature.ie\/eolas-faoi-duil-sa-dulra\/athru-aeraide-agus-bagairti-do-bhitheagsulacht\/"},"modified":"2022-06-17T16:44:13","modified_gmt":"2022-06-17T16:44:13","slug":"athru-aeraide-agus-bagairti-do-bhitheagsulacht","status":"publish","type":"page","link":"https:\/\/www.noticenature.ie\/ga\/eolas-faoi-duil-sa-dulra\/athru-aeraide-agus-bagairti-do-bhitheagsulacht\/","title":{"rendered":"Athr\u00fa Aer\u00e1ide agus bagairt\u00ed do bhith\u00e9ags\u00falacht"},"content":{"rendered":"\n<p>T\u00e1 an bhith\u00e9ags\u00falacht \u00e1 cailleadh ar fud an domhain ag r\u00e1ta nach bhfacthas a leith\u00e9id riamh cheana, agus n\u00ed haon eisceacht \u00ed \u00c9ire. Th\u00e1inig meath n\u00edos sciobtha ar an mbith\u00e9ags\u00falacht le 50 bliain anuas n\u00e1 mar a th\u00e1inig riamh roimhe seo i stair an duine, agus t\u00e1 gn\u00edomha\u00edochta\u00ed an duine ag cur le r\u00e1ta\u00ed m\u00e9adaithe d\u00edothaithe.<\/p>\n\n<p>Is iad na pr\u00edomhch\u00faiseanna at\u00e1 le caillteanas bith\u00e9ags\u00falachta in \u00c9irinn:<\/p>\n\n<ul class=\"wp-block-list\"><li><strong>Scriosadh gn\u00e1th\u00f3ige<\/strong> (de thoradh draen\u00e1il n\u00f3 inl\u00edonadh t\u00f3g\u00e1la agus bogach, mar shampla)<\/li><li><strong>Speicis choimhth\u00edocha ionracha<\/strong> (amhail Gl\u00faineach Bhiorach agus Di\u00failic\u00edn Riabhach)<\/li><li><strong>Truailli\u00fa<\/strong> (de dheasca \u00fas\u00e1id barra\u00edocht leas\u00fach\u00e1in, mar shampla, a mb\u00edonn an iomarca cothaitheach san ithir agus san uisce mar thoradh air)<\/li><li><strong>Athr\u00fa ar an \u00fas\u00e1id a bhaintear as an talamh<\/strong> (amhail talamh a athoiri\u00fan\u00fa chun talamh foraoiseachta pland\u00e1la n\u00f3 talamh talmha\u00edochta a dh\u00e9anamh de)<\/li><li><strong>Tomhaltas neamh-inbhuanaithe agus iomarcach<\/strong><\/li><li><a href=\"https:\/\/www.noticenature.ie\/ga\/eolas-faoi-duil-sa-dulra\/athru-aeraide-agus-bagairti-do-bhitheagsulacht\/climate-change-biodiversity-loss\/\"><strong>Athr\u00fa Aer\u00e1ide<\/strong> (f\u00e9ach an C\u00e1s-Staid\u00e9ir)<\/a><\/li><\/ul>\n\n<p><em>Ar Aghaidh: <a href=\"https:\/\/www.noticenature.ie\/ga\/eolas-faoi-duil-sa-dulra\/ceard-de-a-bhfuil-bitheagsulacht-na-heireann-deanta-suas\/\">C\u00e9ard de a bhfuil bith\u00e9ags\u00falacht na h\u00c9ireann d\u00e9anta suas?<\/a><\/em><\/p>\n","protected":false},"excerpt":{"rendered":"<p>T\u00e1 an bhith\u00e9ags\u00falacht \u00e1 cailleadh ar fud an domhain ag r\u00e1ta nach bhfacthas a leith\u00e9id riamh cheana, agus n\u00ed haon eisceacht \u00ed \u00c9ire. Th\u00e1inig meath n\u00edos sciobtha ar an mbith\u00e9ags\u00falacht le 50 bliain anuas n\u00e1 mar a th\u00e1inig riamh roimhe seo i stair an duine, agus t\u00e1 gn\u00edomha\u00edochta\u00ed an duine ag cur le r\u00e1ta\u00ed m\u00e9adaithe [&hellip;]<\/p>\n","protected":false},"author":2,"featured_media":0,"parent":1679,"menu_order":0,"comment_status":"closed","ping_status":"closed","template":"","meta":{"footnotes":""},"class_list":["post-1712","page","type-page","status-publish","hentry","post"],"yoast_head":"<!-- This site is optimized with the Yoast SEO plugin v27.3 - https:\/\/yoast.com\/product\/yoast-seo-wordpress\/ -->\n<title>Athr\u00fa Aer\u00e1ide agus bagairt\u00ed do bhith\u00e9ags\u00falacht - D\u00fail sa D\u00falra<\/title>\n<meta name=\"robots\" content=\"index, follow, max-snippet:-1, max-image-preview:large, max-video-preview:-1\" \/>\n<link rel=\"canonical\" href=\"https:\/\/www.noticenature.ie\/ga\/eolas-faoi-duil-sa-dulra\/athru-aeraide-agus-bagairti-do-bhitheagsulacht\/\" \/>\n<meta property=\"og:locale\" content=\"ga_IE\" \/>\n<meta property=\"og:type\" content=\"article\" \/>\n<meta property=\"og:title\" content=\"Athr\u00fa Aer\u00e1ide agus bagairt\u00ed do bhith\u00e9ags\u00falacht - D\u00fail sa D\u00falra\" \/>\n<meta property=\"og:description\" content=\"T\u00e1 an bhith\u00e9ags\u00falacht \u00e1 cailleadh ar fud an domhain ag r\u00e1ta nach bhfacthas a leith\u00e9id riamh cheana, agus n\u00ed haon eisceacht \u00ed \u00c9ire. Th\u00e1inig meath n\u00edos sciobtha ar an mbith\u00e9ags\u00falacht le 50 bliain anuas n\u00e1 mar a th\u00e1inig riamh roimhe seo i stair an duine, agus t\u00e1 gn\u00edomha\u00edochta\u00ed an duine ag cur le r\u00e1ta\u00ed m\u00e9adaithe [&hellip;]\" \/>\n<meta property=\"og:url\" content=\"https:\/\/www.noticenature.ie\/ga\/eolas-faoi-duil-sa-dulra\/athru-aeraide-agus-bagairti-do-bhitheagsulacht\/\" \/>\n<meta property=\"og:site_name\" content=\"D\u00fail sa D\u00falra\" \/>\n<meta property=\"article:publisher\" content=\"https:\/\/www.facebook.com\/profile.php?id=100066240890743\" \/>\n<meta property=\"article:modified_time\" content=\"2022-06-17T16:44:13+00:00\" \/>\n<meta name=\"twitter:card\" content=\"summary_large_image\" \/>\n<meta name=\"twitter:site\" content=\"@Notice_Nature\" \/>\n<meta name=\"twitter:label1\" content=\"Est. reading time\" \/>\n\t<meta name=\"twitter:data1\" content=\"1 minute\" \/>\n<script type=\"application\/ld+json\" class=\"yoast-schema-graph\">{\"@context\":\"https:\\\/\\\/schema.org\",\"@graph\":[{\"@type\":\"WebPage\",\"@id\":\"https:\\\/\\\/www.noticenature.ie\\\/ga\\\/eolas-faoi-duil-sa-dulra\\\/athru-aeraide-agus-bagairti-do-bhitheagsulacht\\\/\",\"url\":\"https:\\\/\\\/www.noticenature.ie\\\/ga\\\/eolas-faoi-duil-sa-dulra\\\/athru-aeraide-agus-bagairti-do-bhitheagsulacht\\\/\",\"name\":\"Athr\u00fa Aer\u00e1ide agus bagairt\u00ed do bhith\u00e9ags\u00falacht - D\u00fail sa D\u00falra\",\"isPartOf\":{\"@id\":\"https:\\\/\\\/www.noticenature.ie\\\/ga\\\/#website\"},\"datePublished\":\"2016-01-25T15:44:11+00:00\",\"dateModified\":\"2022-06-17T16:44:13+00:00\",\"breadcrumb\":{\"@id\":\"https:\\\/\\\/www.noticenature.ie\\\/ga\\\/eolas-faoi-duil-sa-dulra\\\/athru-aeraide-agus-bagairti-do-bhitheagsulacht\\\/#breadcrumb\"},\"inLanguage\":\"ga-IE\",\"potentialAction\":[{\"@type\":\"ReadAction\",\"target\":[\"https:\\\/\\\/www.noticenature.ie\\\/ga\\\/eolas-faoi-duil-sa-dulra\\\/athru-aeraide-agus-bagairti-do-bhitheagsulacht\\\/\"]}]},{\"@type\":\"BreadcrumbList\",\"@id\":\"https:\\\/\\\/www.noticenature.ie\\\/ga\\\/eolas-faoi-duil-sa-dulra\\\/athru-aeraide-agus-bagairti-do-bhitheagsulacht\\\/#breadcrumb\",\"itemListElement\":[{\"@type\":\"ListItem\",\"position\":1,\"name\":\"Home\",\"item\":\"https:\\\/\\\/www.noticenature.ie\\\/ga\\\/1600-2\\\/\"},{\"@type\":\"ListItem\",\"position\":2,\"name\":\"Maidir le D\u00fail sa D\u00falra\",\"item\":\"https:\\\/\\\/www.noticenature.ie\\\/ga\\\/eolas-faoi-duil-sa-dulra\\\/\"},{\"@type\":\"ListItem\",\"position\":3,\"name\":\"Athr\u00fa Aer\u00e1ide agus bagairt\u00ed do bhith\u00e9ags\u00falacht\"}]},{\"@type\":\"WebSite\",\"@id\":\"https:\\\/\\\/www.noticenature.ie\\\/ga\\\/#website\",\"url\":\"https:\\\/\\\/www.noticenature.ie\\\/ga\\\/\",\"name\":\"D\u00fail sa D\u00falra\",\"description\":\"Action on Biodiversity Loss\",\"potentialAction\":[{\"@type\":\"SearchAction\",\"target\":{\"@type\":\"EntryPoint\",\"urlTemplate\":\"https:\\\/\\\/www.noticenature.ie\\\/ga\\\/?s={search_term_string}\"},\"query-input\":{\"@type\":\"PropertyValueSpecification\",\"valueRequired\":true,\"valueName\":\"search_term_string\"}}],\"inLanguage\":\"ga-IE\"}]}<\/script>\n<!-- \/ Yoast SEO plugin. -->","yoast_head_json":{"title":"Athr\u00fa Aer\u00e1ide agus bagairt\u00ed do bhith\u00e9ags\u00falacht - D\u00fail sa D\u00falra","robots":{"index":"index","follow":"follow","max-snippet":"max-snippet:-1","max-image-preview":"max-image-preview:large","max-video-preview":"max-video-preview:-1"},"canonical":"https:\/\/www.noticenature.ie\/ga\/eolas-faoi-duil-sa-dulra\/athru-aeraide-agus-bagairti-do-bhitheagsulacht\/","og_locale":"ga_IE","og_type":"article","og_title":"Athr\u00fa Aer\u00e1ide agus bagairt\u00ed do bhith\u00e9ags\u00falacht - D\u00fail sa D\u00falra","og_description":"T\u00e1 an bhith\u00e9ags\u00falacht \u00e1 cailleadh ar fud an domhain ag r\u00e1ta nach bhfacthas a leith\u00e9id riamh cheana, agus n\u00ed haon eisceacht \u00ed \u00c9ire. Th\u00e1inig meath n\u00edos sciobtha ar an mbith\u00e9ags\u00falacht le 50 bliain anuas n\u00e1 mar a th\u00e1inig riamh roimhe seo i stair an duine, agus t\u00e1 gn\u00edomha\u00edochta\u00ed an duine ag cur le r\u00e1ta\u00ed m\u00e9adaithe [&hellip;]","og_url":"https:\/\/www.noticenature.ie\/ga\/eolas-faoi-duil-sa-dulra\/athru-aeraide-agus-bagairti-do-bhitheagsulacht\/","og_site_name":"D\u00fail sa D\u00falra","article_publisher":"https:\/\/www.facebook.com\/profile.php?id=100066240890743","article_modified_time":"2022-06-17T16:44:13+00:00","twitter_card":"summary_large_image","twitter_site":"@Notice_Nature","twitter_misc":{"Est. reading time":"1 minute"},"schema":{"@context":"https:\/\/schema.org","@graph":[{"@type":"WebPage","@id":"https:\/\/www.noticenature.ie\/ga\/eolas-faoi-duil-sa-dulra\/athru-aeraide-agus-bagairti-do-bhitheagsulacht\/","url":"https:\/\/www.noticenature.ie\/ga\/eolas-faoi-duil-sa-dulra\/athru-aeraide-agus-bagairti-do-bhitheagsulacht\/","name":"Athr\u00fa Aer\u00e1ide agus bagairt\u00ed do bhith\u00e9ags\u00falacht - D\u00fail sa D\u00falra","isPartOf":{"@id":"https:\/\/www.noticenature.ie\/ga\/#website"},"datePublished":"2016-01-25T15:44:11+00:00","dateModified":"2022-06-17T16:44:13+00:00","breadcrumb":{"@id":"https:\/\/www.noticenature.ie\/ga\/eolas-faoi-duil-sa-dulra\/athru-aeraide-agus-bagairti-do-bhitheagsulacht\/#breadcrumb"},"inLanguage":"ga-IE","potentialAction":[{"@type":"ReadAction","target":["https:\/\/www.noticenature.ie\/ga\/eolas-faoi-duil-sa-dulra\/athru-aeraide-agus-bagairti-do-bhitheagsulacht\/"]}]},{"@type":"BreadcrumbList","@id":"https:\/\/www.noticenature.ie\/ga\/eolas-faoi-duil-sa-dulra\/athru-aeraide-agus-bagairti-do-bhitheagsulacht\/#breadcrumb","itemListElement":[{"@type":"ListItem","position":1,"name":"Home","item":"https:\/\/www.noticenature.ie\/ga\/1600-2\/"},{"@type":"ListItem","position":2,"name":"Maidir le D\u00fail sa D\u00falra","item":"https:\/\/www.noticenature.ie\/ga\/eolas-faoi-duil-sa-dulra\/"},{"@type":"ListItem","position":3,"name":"Athr\u00fa Aer\u00e1ide agus bagairt\u00ed do bhith\u00e9ags\u00falacht"}]},{"@type":"WebSite","@id":"https:\/\/www.noticenature.ie\/ga\/#website","url":"https:\/\/www.noticenature.ie\/ga\/","name":"D\u00fail sa D\u00falra","description":"Action on Biodiversity Loss","potentialAction":[{"@type":"SearchAction","target":{"@type":"EntryPoint","urlTemplate":"https:\/\/www.noticenature.ie\/ga\/?s={search_term_string}"},"query-input":{"@type":"PropertyValueSpecification","valueRequired":true,"valueName":"search_term_string"}}],"inLanguage":"ga-IE"}]}},"_links":{"self":[{"href":"https:\/\/www.noticenature.ie\/ga\/wp-json\/wp\/v2\/pages\/1712","targetHints":{"allow":["GET"]}}],"collection":[{"href":"https:\/\/www.noticenature.ie\/ga\/wp-json\/wp\/v2\/pages"}],"about":[{"href":"https:\/\/www.noticenature.ie\/ga\/wp-json\/wp\/v2\/types\/page"}],"author":[{"embeddable":true,"href":"https:\/\/www.noticenature.ie\/ga\/wp-json\/wp\/v2\/users\/2"}],"replies":[{"embeddable":true,"href":"https:\/\/www.noticenature.ie\/ga\/wp-json\/wp\/v2\/comments?post=1712"}],"version-history":[{"count":10,"href":"https:\/\/www.noticenature.ie\/ga\/wp-json\/wp\/v2\/pages\/1712\/revisions"}],"predecessor-version":[{"id":1806,"href":"https:\/\/www.noticenature.ie\/ga\/wp-json\/wp\/v2\/pages\/1712\/revisions\/1806"}],"up":[{"embeddable":true,"href":"https:\/\/www.noticenature.ie\/ga\/wp-json\/wp\/v2\/pages\/1679"}],"wp:attachment":[{"href":"https:\/\/www.noticenature.ie\/ga\/wp-json\/wp\/v2\/media?parent=1712"}],"curies":[{"name":"wp","href":"https:\/\/api.w.org\/{rel}","templated":true}]}}