{"id":1679,"date":"2015-08-31T10:30:14","date_gmt":"2015-08-31T10:30:14","guid":{"rendered":"https:\/\/www.noticenature.ie\/eolas-faoi-duil-sa-dulra\/"},"modified":"2022-06-17T16:23:13","modified_gmt":"2022-06-17T16:23:13","slug":"eolas-faoi-duil-sa-dulra","status":"publish","type":"page","link":"https:\/\/www.noticenature.ie\/ga\/eolas-faoi-duil-sa-dulra\/","title":{"rendered":"Maidir le D\u00fail sa D\u00falra"},"content":{"rendered":"\n<p>Is \u00e9ard at\u00e1 in <strong>D\u00fail sa D\u00falra<\/strong> feachtas feasachta bith\u00e9ags\u00falachta na h\u00c9ireann. Is \u00e9 aidhm an fheachtais feasacht a mh\u00fascailt ar th\u00e1bhacht na bith\u00e9ags\u00falachta agus gach duine a spreagadh p\u00e1irt a ghlacadh chun \u00ed a chosaint. Is f\u00e9idir le rannph\u00e1irt\u00edocht dhearfach len\u00e1r n-oidhreacht n\u00e1d\u00fartha agus leis an iliomad acmhainn\u00ed at\u00e1 ar f\u00e1il don phobal, cos\u00fail le P\u00e1irceanna N\u00e1isi\u00fanta, conair\u00ed si\u00fal\u00f3ide agus Tearmainn D\u00falra, cuidi\u00fa le stop a chur leis an dam\u00e1iste at\u00e1 \u00e1 dh\u00e9anamh do phlanda\u00ed agus ainmhithe na t\u00edre, agus do na gn\u00e1th\u00f3ga ina bhfuil siad ina gc\u00f3na\u00ed.<\/p>\n\n<p><strong>C\u00e9ard is bith\u00e9ags\u00falacht ann?<\/strong><\/p>\n\n<p>I mbeag\u00e1n focal, is ionann bith\u00e9ags\u00falacht agus gach uile chine\u00e1l beathra ar domhan. T\u00e1 an bhith\u00e9ags\u00falacht r\u00edth\u00e1bhachtach \u00f3 thaobh na gc\u00f3ras n\u00f3 na n-\u00e9iceach\u00f3ras maireacht\u00e1la n\u00e1d\u00fartha a choth\u00fa, ar c\u00f3rais iad lena gcuirtear bia, uisce glan, breosla, sl\u00e1inte agus \u00e1iseanna eile nach iontach linn a thuilleadh ar f\u00e1il d\u00fainn \u00f3 l\u00e1 go l\u00e1.<\/p>\n\n<p><a href=\"https:\/\/www.noticenature.ie\/ga\/eolas-faoi-duil-sa-dulra\/cen-fath-a-bhfuil-tabhacht-le-bitheagsulacht\/\">C\u00e9n f\u00e1th a bhfuil t\u00e1bhacht le bith\u00e9ags\u00falacht?<\/a><br\/>\n<a href=\"https:\/\/www.noticenature.ie\/ga\/eolas-faoi-duil-sa-dulra\/athru-aeraide-agus-bagairti-do-bhitheagsulacht\/\">Athr\u00fa Aer\u00e1ide agus bagairt\u00ed do bhith\u00e9ags\u00falacht<\/a><a href=\"https:\/\/www.noticenature.ie\/ga\/eolas-faoi-duil-sa-dulra\/athru-aeraide-agus-bagairti-do-bhitheagsulacht\/\">.<\/a><br\/>\n<a href=\"https:\/\/www.noticenature.ie\/ga\/eolas-faoi-duil-sa-dulra\/ceard-de-a-bhfuil-bitheagsulacht-na-heireann-deanta-suas\/\">C\u00e9ard de a bhfuil bith\u00e9ags\u00falacht na h\u00c9ireann d\u00e9anta suas?<\/a><br\/>\n<a href=\"https:\/\/www.noticenature.ie\/ga\/eolas-faoi-duil-sa-dulra\/pleananna-gniomhaiochta-bitheagsulachta\/\">Pleananna Gn\u00edomha\u00edochta Bith\u00e9ags\u00falachta.<\/a><br\/>\n<a href=\"https:\/\/www.noticenature.ie\/biodiversity-glossary\/\">Gluais.<\/a><\/p>\n\n<p><strong>Mar is f\u00e9idir leat a bheith p\u00e1irteach?<\/strong><\/p>\n\n<p>Faigh tuilleadh amach faoi mar is f\u00e9idir leat baint a bheith agat le hoidhreacht n\u00e1d\u00fartha i d\u2019\u00e1it f\u00e9in ar an leathanach \u2018<a href=\"https:\/\/www.noticenature.ie\/ga\/aiteanna-le-cuairt-a-thabhairt-orthu\/\">D\u00falra i do Cheantar<\/a>\u2019. Is f\u00e9idir le m\u00fainteoir\u00ed agus le dalta\u00ed tuilleadh a fh\u00e1il amach faoi mar is f\u00e9idir le scoileanna a bheith p\u00e1irteach agus foghlaim faoi oidhreacht n\u00e1d\u00fartha na h\u00c9ireann sa chuid \u2018<a href=\"https:\/\/www.noticenature.ie\/ga\/oideachas\/acmhainni-do-scoileanna\/\">Oideachas<\/a>\u2019.<\/p>\n","protected":false},"excerpt":{"rendered":"<p>Is \u00e9ard at\u00e1 in D\u00fail sa D\u00falra feachtas feasachta bith\u00e9ags\u00falachta na h\u00c9ireann. Is \u00e9 aidhm an fheachtais feasacht a mh\u00fascailt ar th\u00e1bhacht na bith\u00e9ags\u00falachta agus gach duine a spreagadh p\u00e1irt a ghlacadh chun \u00ed a chosaint. Is f\u00e9idir le rannph\u00e1irt\u00edocht dhearfach len\u00e1r n-oidhreacht n\u00e1d\u00fartha agus leis an iliomad acmhainn\u00ed at\u00e1 ar f\u00e1il don phobal, cos\u00fail [&hellip;]<\/p>\n","protected":false},"author":2,"featured_media":0,"parent":0,"menu_order":1,"comment_status":"closed","ping_status":"closed","template":"","meta":{"footnotes":""},"class_list":["post-1679","page","type-page","status-publish","hentry","post"],"yoast_head":"<!-- This site is optimized with the Yoast SEO plugin v27.3 - https:\/\/yoast.com\/product\/yoast-seo-wordpress\/ -->\n<title>Maidir le D\u00fail sa D\u00falra - D\u00fail sa D\u00falra<\/title>\n<meta name=\"robots\" content=\"index, follow, max-snippet:-1, max-image-preview:large, max-video-preview:-1\" \/>\n<link rel=\"canonical\" href=\"https:\/\/www.noticenature.ie\/ga\/eolas-faoi-duil-sa-dulra\/\" \/>\n<meta property=\"og:locale\" content=\"ga_IE\" \/>\n<meta property=\"og:type\" content=\"article\" \/>\n<meta property=\"og:title\" content=\"Maidir le D\u00fail sa D\u00falra - D\u00fail sa D\u00falra\" \/>\n<meta property=\"og:description\" content=\"Is \u00e9ard at\u00e1 in D\u00fail sa D\u00falra feachtas feasachta bith\u00e9ags\u00falachta na h\u00c9ireann. Is \u00e9 aidhm an fheachtais feasacht a mh\u00fascailt ar th\u00e1bhacht na bith\u00e9ags\u00falachta agus gach duine a spreagadh p\u00e1irt a ghlacadh chun \u00ed a chosaint. Is f\u00e9idir le rannph\u00e1irt\u00edocht dhearfach len\u00e1r n-oidhreacht n\u00e1d\u00fartha agus leis an iliomad acmhainn\u00ed at\u00e1 ar f\u00e1il don phobal, cos\u00fail [&hellip;]\" \/>\n<meta property=\"og:url\" content=\"https:\/\/www.noticenature.ie\/ga\/eolas-faoi-duil-sa-dulra\/\" \/>\n<meta property=\"og:site_name\" content=\"D\u00fail sa D\u00falra\" \/>\n<meta property=\"article:publisher\" content=\"https:\/\/www.facebook.com\/profile.php?id=100066240890743\" \/>\n<meta property=\"article:modified_time\" content=\"2022-06-17T16:23:13+00:00\" \/>\n<meta name=\"twitter:card\" content=\"summary_large_image\" \/>\n<meta name=\"twitter:site\" content=\"@Notice_Nature\" \/>\n<meta name=\"twitter:label1\" content=\"Est. reading time\" \/>\n\t<meta name=\"twitter:data1\" content=\"2 minutes\" \/>\n<script type=\"application\/ld+json\" class=\"yoast-schema-graph\">{\"@context\":\"https:\\\/\\\/schema.org\",\"@graph\":[{\"@type\":\"WebPage\",\"@id\":\"https:\\\/\\\/www.noticenature.ie\\\/ga\\\/eolas-faoi-duil-sa-dulra\\\/\",\"url\":\"https:\\\/\\\/www.noticenature.ie\\\/ga\\\/eolas-faoi-duil-sa-dulra\\\/\",\"name\":\"Maidir le D\u00fail sa D\u00falra - D\u00fail sa D\u00falra\",\"isPartOf\":{\"@id\":\"https:\\\/\\\/www.noticenature.ie\\\/ga\\\/#website\"},\"datePublished\":\"2015-08-31T10:30:14+00:00\",\"dateModified\":\"2022-06-17T16:23:13+00:00\",\"breadcrumb\":{\"@id\":\"https:\\\/\\\/www.noticenature.ie\\\/ga\\\/eolas-faoi-duil-sa-dulra\\\/#breadcrumb\"},\"inLanguage\":\"ga-IE\",\"potentialAction\":[{\"@type\":\"ReadAction\",\"target\":[\"https:\\\/\\\/www.noticenature.ie\\\/ga\\\/eolas-faoi-duil-sa-dulra\\\/\"]}]},{\"@type\":\"BreadcrumbList\",\"@id\":\"https:\\\/\\\/www.noticenature.ie\\\/ga\\\/eolas-faoi-duil-sa-dulra\\\/#breadcrumb\",\"itemListElement\":[{\"@type\":\"ListItem\",\"position\":1,\"name\":\"Home\",\"item\":\"https:\\\/\\\/www.noticenature.ie\\\/ga\\\/1600-2\\\/\"},{\"@type\":\"ListItem\",\"position\":2,\"name\":\"Maidir le D\u00fail sa D\u00falra\"}]},{\"@type\":\"WebSite\",\"@id\":\"https:\\\/\\\/www.noticenature.ie\\\/ga\\\/#website\",\"url\":\"https:\\\/\\\/www.noticenature.ie\\\/ga\\\/\",\"name\":\"D\u00fail sa D\u00falra\",\"description\":\"Action on Biodiversity Loss\",\"potentialAction\":[{\"@type\":\"SearchAction\",\"target\":{\"@type\":\"EntryPoint\",\"urlTemplate\":\"https:\\\/\\\/www.noticenature.ie\\\/ga\\\/?s={search_term_string}\"},\"query-input\":{\"@type\":\"PropertyValueSpecification\",\"valueRequired\":true,\"valueName\":\"search_term_string\"}}],\"inLanguage\":\"ga-IE\"}]}<\/script>\n<!-- \/ Yoast SEO plugin. -->","yoast_head_json":{"title":"Maidir le D\u00fail sa D\u00falra - D\u00fail sa D\u00falra","robots":{"index":"index","follow":"follow","max-snippet":"max-snippet:-1","max-image-preview":"max-image-preview:large","max-video-preview":"max-video-preview:-1"},"canonical":"https:\/\/www.noticenature.ie\/ga\/eolas-faoi-duil-sa-dulra\/","og_locale":"ga_IE","og_type":"article","og_title":"Maidir le D\u00fail sa D\u00falra - D\u00fail sa D\u00falra","og_description":"Is \u00e9ard at\u00e1 in D\u00fail sa D\u00falra feachtas feasachta bith\u00e9ags\u00falachta na h\u00c9ireann. Is \u00e9 aidhm an fheachtais feasacht a mh\u00fascailt ar th\u00e1bhacht na bith\u00e9ags\u00falachta agus gach duine a spreagadh p\u00e1irt a ghlacadh chun \u00ed a chosaint. Is f\u00e9idir le rannph\u00e1irt\u00edocht dhearfach len\u00e1r n-oidhreacht n\u00e1d\u00fartha agus leis an iliomad acmhainn\u00ed at\u00e1 ar f\u00e1il don phobal, cos\u00fail [&hellip;]","og_url":"https:\/\/www.noticenature.ie\/ga\/eolas-faoi-duil-sa-dulra\/","og_site_name":"D\u00fail sa D\u00falra","article_publisher":"https:\/\/www.facebook.com\/profile.php?id=100066240890743","article_modified_time":"2022-06-17T16:23:13+00:00","twitter_card":"summary_large_image","twitter_site":"@Notice_Nature","twitter_misc":{"Est. reading time":"2 minutes"},"schema":{"@context":"https:\/\/schema.org","@graph":[{"@type":"WebPage","@id":"https:\/\/www.noticenature.ie\/ga\/eolas-faoi-duil-sa-dulra\/","url":"https:\/\/www.noticenature.ie\/ga\/eolas-faoi-duil-sa-dulra\/","name":"Maidir le D\u00fail sa D\u00falra - D\u00fail sa D\u00falra","isPartOf":{"@id":"https:\/\/www.noticenature.ie\/ga\/#website"},"datePublished":"2015-08-31T10:30:14+00:00","dateModified":"2022-06-17T16:23:13+00:00","breadcrumb":{"@id":"https:\/\/www.noticenature.ie\/ga\/eolas-faoi-duil-sa-dulra\/#breadcrumb"},"inLanguage":"ga-IE","potentialAction":[{"@type":"ReadAction","target":["https:\/\/www.noticenature.ie\/ga\/eolas-faoi-duil-sa-dulra\/"]}]},{"@type":"BreadcrumbList","@id":"https:\/\/www.noticenature.ie\/ga\/eolas-faoi-duil-sa-dulra\/#breadcrumb","itemListElement":[{"@type":"ListItem","position":1,"name":"Home","item":"https:\/\/www.noticenature.ie\/ga\/1600-2\/"},{"@type":"ListItem","position":2,"name":"Maidir le D\u00fail sa D\u00falra"}]},{"@type":"WebSite","@id":"https:\/\/www.noticenature.ie\/ga\/#website","url":"https:\/\/www.noticenature.ie\/ga\/","name":"D\u00fail sa D\u00falra","description":"Action on Biodiversity Loss","potentialAction":[{"@type":"SearchAction","target":{"@type":"EntryPoint","urlTemplate":"https:\/\/www.noticenature.ie\/ga\/?s={search_term_string}"},"query-input":{"@type":"PropertyValueSpecification","valueRequired":true,"valueName":"search_term_string"}}],"inLanguage":"ga-IE"}]}},"_links":{"self":[{"href":"https:\/\/www.noticenature.ie\/ga\/wp-json\/wp\/v2\/pages\/1679","targetHints":{"allow":["GET"]}}],"collection":[{"href":"https:\/\/www.noticenature.ie\/ga\/wp-json\/wp\/v2\/pages"}],"about":[{"href":"https:\/\/www.noticenature.ie\/ga\/wp-json\/wp\/v2\/types\/page"}],"author":[{"embeddable":true,"href":"https:\/\/www.noticenature.ie\/ga\/wp-json\/wp\/v2\/users\/2"}],"replies":[{"embeddable":true,"href":"https:\/\/www.noticenature.ie\/ga\/wp-json\/wp\/v2\/comments?post=1679"}],"version-history":[{"count":4,"href":"https:\/\/www.noticenature.ie\/ga\/wp-json\/wp\/v2\/pages\/1679\/revisions"}],"predecessor-version":[{"id":1743,"href":"https:\/\/www.noticenature.ie\/ga\/wp-json\/wp\/v2\/pages\/1679\/revisions\/1743"}],"wp:attachment":[{"href":"https:\/\/www.noticenature.ie\/ga\/wp-json\/wp\/v2\/media?parent=1679"}],"curies":[{"name":"wp","href":"https:\/\/api.w.org\/{rel}","templated":true}]}}