{"id":1673,"date":"2015-09-03T11:23:37","date_gmt":"2015-09-03T11:23:37","guid":{"rendered":"https:\/\/www.noticenature.ie\/foilseachain\/postaeir\/"},"modified":"2025-01-13T12:36:34","modified_gmt":"2025-01-13T12:36:34","slug":"postaeir","status":"publish","type":"page","link":"https:\/\/www.noticenature.ie\/ga\/foilseachain\/postaeir\/","title":{"rendered":"P\u00f3staeir"},"content":{"rendered":"\n<p>Rogha p\u00f3staer curtha le ch\u00e9ile ag an tSeirbh\u00eds P\u00e1irceanna N\u00e1isi\u00fanta agus Fiadh\u00falra.<\/p>\n\n<p><a href=\"https:\/\/www.noticenature.ie\/wp-content\/uploads\/2016\/05\/Badger.pdf\">Broc<\/a><\/p>\n\n<p><a href=\"https:\/\/www.noticenature.ie\/wp-content\/uploads\/2016\/05\/Bats-Poster.pdf\">Ialt\u00f3g<\/a><\/p>\n\n<p><a href=\"https:\/\/www.noticenature.ie\/wp-content\/uploads\/2016\/05\/Fox.pdf\">Sionnach \/ Madra Rua<\/a><\/p>\n\n<p><a href=\"https:\/\/www.noticenature.ie\/wp-content\/uploads\/2016\/05\/Hedgehog.pdf\">Gr\u00e1inneog<\/a><\/p>\n\n<p><a href=\"https:\/\/www.noticenature.ie\/wp-content\/uploads\/2016\/05\/Pine-Marten.pdf\">Cat Crainn<\/a><\/p>\n\n<p><a href=\"https:\/\/www.noticenature.ie\/wp-content\/uploads\/2016\/05\/Rabbit.pdf\">Coin\u00edn<\/a><\/p>\n\n<p><a href=\"https:\/\/www.noticenature.ie\/wp-content\/uploads\/2016\/05\/A3-red-deer-v3_1.pdf\">Fia Rua<\/a><\/p>\n","protected":false},"excerpt":{"rendered":"<p>Rogha p\u00f3staer curtha le ch\u00e9ile ag an tSeirbh\u00eds P\u00e1irceanna N\u00e1isi\u00fanta agus Fiadh\u00falra. Broc Ialt\u00f3g Sionnach \/ Madra Rua Gr\u00e1inneog Cat Crainn Coin\u00edn Fia Rua<\/p>\n","protected":false},"author":2,"featured_media":0,"parent":1644,"menu_order":0,"comment_status":"closed","ping_status":"closed","template":"","meta":{"footnotes":""},"class_list":["post-1673","page","type-page","status-publish","hentry","post"],"yoast_head":"<!-- This site is optimized with the Yoast SEO plugin v27.3 - https:\/\/yoast.com\/product\/yoast-seo-wordpress\/ -->\n<title>P\u00f3staeir - D\u00fail sa D\u00falra<\/title>\n<meta name=\"robots\" content=\"index, follow, max-snippet:-1, max-image-preview:large, max-video-preview:-1\" \/>\n<link rel=\"canonical\" href=\"https:\/\/www.noticenature.ie\/ga\/foilseachain\/postaeir\/\" \/>\n<meta property=\"og:locale\" content=\"ga_IE\" \/>\n<meta property=\"og:type\" content=\"article\" \/>\n<meta property=\"og:title\" content=\"P\u00f3staeir - D\u00fail sa D\u00falra\" \/>\n<meta property=\"og:description\" content=\"Rogha p\u00f3staer curtha le ch\u00e9ile ag an tSeirbh\u00eds P\u00e1irceanna N\u00e1isi\u00fanta agus Fiadh\u00falra. Broc Ialt\u00f3g Sionnach \/ Madra Rua Gr\u00e1inneog Cat Crainn Coin\u00edn Fia Rua\" \/>\n<meta property=\"og:url\" content=\"https:\/\/www.noticenature.ie\/ga\/foilseachain\/postaeir\/\" \/>\n<meta property=\"og:site_name\" content=\"D\u00fail sa D\u00falra\" \/>\n<meta property=\"article:publisher\" content=\"https:\/\/www.facebook.com\/profile.php?id=100066240890743\" \/>\n<meta property=\"article:modified_time\" content=\"2025-01-13T12:36:34+00:00\" \/>\n<meta name=\"twitter:card\" content=\"summary_large_image\" \/>\n<meta name=\"twitter:site\" content=\"@Notice_Nature\" \/>\n<script type=\"application\/ld+json\" class=\"yoast-schema-graph\">{\"@context\":\"https:\\\/\\\/schema.org\",\"@graph\":[{\"@type\":\"WebPage\",\"@id\":\"https:\\\/\\\/www.noticenature.ie\\\/ga\\\/foilseachain\\\/postaeir\\\/\",\"url\":\"https:\\\/\\\/www.noticenature.ie\\\/ga\\\/foilseachain\\\/postaeir\\\/\",\"name\":\"P\u00f3staeir - D\u00fail sa D\u00falra\",\"isPartOf\":{\"@id\":\"https:\\\/\\\/www.noticenature.ie\\\/ga\\\/#website\"},\"datePublished\":\"2015-09-03T11:23:37+00:00\",\"dateModified\":\"2025-01-13T12:36:34+00:00\",\"breadcrumb\":{\"@id\":\"https:\\\/\\\/www.noticenature.ie\\\/ga\\\/foilseachain\\\/postaeir\\\/#breadcrumb\"},\"inLanguage\":\"ga-IE\",\"potentialAction\":[{\"@type\":\"ReadAction\",\"target\":[\"https:\\\/\\\/www.noticenature.ie\\\/ga\\\/foilseachain\\\/postaeir\\\/\"]}]},{\"@type\":\"BreadcrumbList\",\"@id\":\"https:\\\/\\\/www.noticenature.ie\\\/ga\\\/foilseachain\\\/postaeir\\\/#breadcrumb\",\"itemListElement\":[{\"@type\":\"ListItem\",\"position\":1,\"name\":\"Home\",\"item\":\"https:\\\/\\\/www.noticenature.ie\\\/ga\\\/1600-2\\\/\"},{\"@type\":\"ListItem\",\"position\":2,\"name\":\"Foilseach\u00e1in\",\"item\":\"https:\\\/\\\/www.noticenature.ie\\\/ga\\\/foilseachain\\\/\"},{\"@type\":\"ListItem\",\"position\":3,\"name\":\"P\u00f3staeir\"}]},{\"@type\":\"WebSite\",\"@id\":\"https:\\\/\\\/www.noticenature.ie\\\/ga\\\/#website\",\"url\":\"https:\\\/\\\/www.noticenature.ie\\\/ga\\\/\",\"name\":\"D\u00fail sa D\u00falra\",\"description\":\"Action on Biodiversity Loss\",\"potentialAction\":[{\"@type\":\"SearchAction\",\"target\":{\"@type\":\"EntryPoint\",\"urlTemplate\":\"https:\\\/\\\/www.noticenature.ie\\\/ga\\\/?s={search_term_string}\"},\"query-input\":{\"@type\":\"PropertyValueSpecification\",\"valueRequired\":true,\"valueName\":\"search_term_string\"}}],\"inLanguage\":\"ga-IE\"}]}<\/script>\n<!-- \/ Yoast SEO plugin. -->","yoast_head_json":{"title":"P\u00f3staeir - D\u00fail sa D\u00falra","robots":{"index":"index","follow":"follow","max-snippet":"max-snippet:-1","max-image-preview":"max-image-preview:large","max-video-preview":"max-video-preview:-1"},"canonical":"https:\/\/www.noticenature.ie\/ga\/foilseachain\/postaeir\/","og_locale":"ga_IE","og_type":"article","og_title":"P\u00f3staeir - D\u00fail sa D\u00falra","og_description":"Rogha p\u00f3staer curtha le ch\u00e9ile ag an tSeirbh\u00eds P\u00e1irceanna N\u00e1isi\u00fanta agus Fiadh\u00falra. Broc Ialt\u00f3g Sionnach \/ Madra Rua Gr\u00e1inneog Cat Crainn Coin\u00edn Fia Rua","og_url":"https:\/\/www.noticenature.ie\/ga\/foilseachain\/postaeir\/","og_site_name":"D\u00fail sa D\u00falra","article_publisher":"https:\/\/www.facebook.com\/profile.php?id=100066240890743","article_modified_time":"2025-01-13T12:36:34+00:00","twitter_card":"summary_large_image","twitter_site":"@Notice_Nature","schema":{"@context":"https:\/\/schema.org","@graph":[{"@type":"WebPage","@id":"https:\/\/www.noticenature.ie\/ga\/foilseachain\/postaeir\/","url":"https:\/\/www.noticenature.ie\/ga\/foilseachain\/postaeir\/","name":"P\u00f3staeir - D\u00fail sa D\u00falra","isPartOf":{"@id":"https:\/\/www.noticenature.ie\/ga\/#website"},"datePublished":"2015-09-03T11:23:37+00:00","dateModified":"2025-01-13T12:36:34+00:00","breadcrumb":{"@id":"https:\/\/www.noticenature.ie\/ga\/foilseachain\/postaeir\/#breadcrumb"},"inLanguage":"ga-IE","potentialAction":[{"@type":"ReadAction","target":["https:\/\/www.noticenature.ie\/ga\/foilseachain\/postaeir\/"]}]},{"@type":"BreadcrumbList","@id":"https:\/\/www.noticenature.ie\/ga\/foilseachain\/postaeir\/#breadcrumb","itemListElement":[{"@type":"ListItem","position":1,"name":"Home","item":"https:\/\/www.noticenature.ie\/ga\/1600-2\/"},{"@type":"ListItem","position":2,"name":"Foilseach\u00e1in","item":"https:\/\/www.noticenature.ie\/ga\/foilseachain\/"},{"@type":"ListItem","position":3,"name":"P\u00f3staeir"}]},{"@type":"WebSite","@id":"https:\/\/www.noticenature.ie\/ga\/#website","url":"https:\/\/www.noticenature.ie\/ga\/","name":"D\u00fail sa D\u00falra","description":"Action on Biodiversity Loss","potentialAction":[{"@type":"SearchAction","target":{"@type":"EntryPoint","urlTemplate":"https:\/\/www.noticenature.ie\/ga\/?s={search_term_string}"},"query-input":{"@type":"PropertyValueSpecification","valueRequired":true,"valueName":"search_term_string"}}],"inLanguage":"ga-IE"}]}},"_links":{"self":[{"href":"https:\/\/www.noticenature.ie\/ga\/wp-json\/wp\/v2\/pages\/1673","targetHints":{"allow":["GET"]}}],"collection":[{"href":"https:\/\/www.noticenature.ie\/ga\/wp-json\/wp\/v2\/pages"}],"about":[{"href":"https:\/\/www.noticenature.ie\/ga\/wp-json\/wp\/v2\/types\/page"}],"author":[{"embeddable":true,"href":"https:\/\/www.noticenature.ie\/ga\/wp-json\/wp\/v2\/users\/2"}],"replies":[{"embeddable":true,"href":"https:\/\/www.noticenature.ie\/ga\/wp-json\/wp\/v2\/comments?post=1673"}],"version-history":[{"count":8,"href":"https:\/\/www.noticenature.ie\/ga\/wp-json\/wp\/v2\/pages\/1673\/revisions"}],"predecessor-version":[{"id":2310,"href":"https:\/\/www.noticenature.ie\/ga\/wp-json\/wp\/v2\/pages\/1673\/revisions\/2310"}],"up":[{"embeddable":true,"href":"https:\/\/www.noticenature.ie\/ga\/wp-json\/wp\/v2\/pages\/1644"}],"wp:attachment":[{"href":"https:\/\/www.noticenature.ie\/ga\/wp-json\/wp\/v2\/media?parent=1673"}],"curies":[{"name":"wp","href":"https:\/\/api.w.org\/{rel}","templated":true}]}}