{"id":1672,"date":"2015-09-03T11:24:40","date_gmt":"2015-09-03T11:24:40","guid":{"rendered":"https:\/\/www.noticenature.ie\/foilseachain\/bileoga-firici-treoirlinte\/"},"modified":"2022-06-17T17:40:57","modified_gmt":"2022-06-17T17:40:57","slug":"bileoga-firici-treoirlinte","status":"publish","type":"page","link":"https:\/\/www.noticenature.ie\/ga\/foilseachain\/bileoga-firici-treoirlinte\/","title":{"rendered":"Bileoga f\u00edric\u00ed &amp; Treoirl\u00ednte"},"content":{"rendered":"\n<p><a href=\"https:\/\/www.noticenature.ie\/wp-content\/uploads\/2016\/06\/peatlands.pdf\">Notice Nature Peatlands Factsheet<\/a><\/p>\n\n<p><a href=\"https:\/\/www.noticenature.ie\/wp-content\/uploads\/2016\/06\/woodlands.pdf\">Notice Nature Woodlands Factsheet<\/a><\/p>\n\n<p><a href=\"https:\/\/www.noticenature.ie\/wp-content\/uploads\/2016\/06\/marine.pdf\">Notice Nature Marine Factsheet<\/a><\/p>\n\n<p><a href=\"https:\/\/www.noticenature.ie\/wp-content\/uploads\/2016\/06\/hedgerows.pdf\">Notice Nature Hedgerows Factsheet<\/a><\/p>\n\n<p><a href=\"https:\/\/www.noticenature.ie\/wp-content\/uploads\/2016\/05\/tourism_guidelines.pdf\">Tourism Guidelines <\/a><\/p>\n\n<p><a href=\"https:\/\/www.noticenature.ie\/wp-content\/uploads\/2016\/05\/Construction_v12.pdf\">Construction Guidelines<\/a><\/p>\n\n<p><a href=\"https:\/\/www.noticenature.ie\/wp-content\/uploads\/2016\/05\/Notice-Nature-quarry-brochure-web_1.pdf\">Notice Nature Quarry Brochure <\/a><\/p>\n","protected":false},"excerpt":{"rendered":"<p>Notice Nature Peatlands Factsheet Notice Nature Woodlands Factsheet Notice Nature Marine Factsheet Notice Nature Hedgerows Factsheet Tourism Guidelines Construction Guidelines Notice Nature Quarry Brochure<\/p>\n","protected":false},"author":2,"featured_media":0,"parent":1644,"menu_order":0,"comment_status":"closed","ping_status":"closed","template":"","meta":{"footnotes":""},"class_list":["post-1672","page","type-page","status-publish","hentry","post"],"yoast_head":"<!-- This site is optimized with the Yoast SEO plugin v27.3 - https:\/\/yoast.com\/product\/yoast-seo-wordpress\/ -->\n<title>Bileoga f\u00edric\u00ed &amp; Treoirl\u00ednte - D\u00fail sa D\u00falra<\/title>\n<meta name=\"robots\" content=\"index, follow, max-snippet:-1, max-image-preview:large, max-video-preview:-1\" \/>\n<link rel=\"canonical\" href=\"https:\/\/www.noticenature.ie\/ga\/foilseachain\/bileoga-firici-treoirlinte\/\" \/>\n<meta property=\"og:locale\" content=\"ga_IE\" \/>\n<meta property=\"og:type\" content=\"article\" \/>\n<meta property=\"og:title\" content=\"Bileoga f\u00edric\u00ed &amp; Treoirl\u00ednte - D\u00fail sa D\u00falra\" \/>\n<meta property=\"og:description\" content=\"Notice Nature Peatlands Factsheet Notice Nature Woodlands Factsheet Notice Nature Marine Factsheet Notice Nature Hedgerows Factsheet Tourism Guidelines Construction Guidelines Notice Nature Quarry Brochure\" \/>\n<meta property=\"og:url\" content=\"https:\/\/www.noticenature.ie\/ga\/foilseachain\/bileoga-firici-treoirlinte\/\" \/>\n<meta property=\"og:site_name\" content=\"D\u00fail sa D\u00falra\" \/>\n<meta property=\"article:publisher\" content=\"https:\/\/www.facebook.com\/profile.php?id=100066240890743\" \/>\n<meta property=\"article:modified_time\" content=\"2022-06-17T17:40:57+00:00\" \/>\n<meta name=\"twitter:card\" content=\"summary_large_image\" \/>\n<meta name=\"twitter:site\" content=\"@Notice_Nature\" \/>\n<script type=\"application\/ld+json\" class=\"yoast-schema-graph\">{\"@context\":\"https:\\\/\\\/schema.org\",\"@graph\":[{\"@type\":\"WebPage\",\"@id\":\"https:\\\/\\\/www.noticenature.ie\\\/ga\\\/foilseachain\\\/bileoga-firici-treoirlinte\\\/\",\"url\":\"https:\\\/\\\/www.noticenature.ie\\\/ga\\\/foilseachain\\\/bileoga-firici-treoirlinte\\\/\",\"name\":\"Bileoga f\u00edric\u00ed &amp; Treoirl\u00ednte - D\u00fail sa D\u00falra\",\"isPartOf\":{\"@id\":\"https:\\\/\\\/www.noticenature.ie\\\/ga\\\/#website\"},\"datePublished\":\"2015-09-03T11:24:40+00:00\",\"dateModified\":\"2022-06-17T17:40:57+00:00\",\"breadcrumb\":{\"@id\":\"https:\\\/\\\/www.noticenature.ie\\\/ga\\\/foilseachain\\\/bileoga-firici-treoirlinte\\\/#breadcrumb\"},\"inLanguage\":\"ga-IE\",\"potentialAction\":[{\"@type\":\"ReadAction\",\"target\":[\"https:\\\/\\\/www.noticenature.ie\\\/ga\\\/foilseachain\\\/bileoga-firici-treoirlinte\\\/\"]}]},{\"@type\":\"BreadcrumbList\",\"@id\":\"https:\\\/\\\/www.noticenature.ie\\\/ga\\\/foilseachain\\\/bileoga-firici-treoirlinte\\\/#breadcrumb\",\"itemListElement\":[{\"@type\":\"ListItem\",\"position\":1,\"name\":\"Home\",\"item\":\"https:\\\/\\\/www.noticenature.ie\\\/ga\\\/\"},{\"@type\":\"ListItem\",\"position\":2,\"name\":\"Foilseach\u00e1in\",\"item\":\"https:\\\/\\\/www.noticenature.ie\\\/ga\\\/foilseachain\\\/\"},{\"@type\":\"ListItem\",\"position\":3,\"name\":\"Bileoga f\u00edric\u00ed &amp; Treoirl\u00ednte\"}]},{\"@type\":\"WebSite\",\"@id\":\"https:\\\/\\\/www.noticenature.ie\\\/ga\\\/#website\",\"url\":\"https:\\\/\\\/www.noticenature.ie\\\/ga\\\/\",\"name\":\"D\u00fail sa D\u00falra\",\"description\":\"Action on Biodiversity Loss\",\"potentialAction\":[{\"@type\":\"SearchAction\",\"target\":{\"@type\":\"EntryPoint\",\"urlTemplate\":\"https:\\\/\\\/www.noticenature.ie\\\/ga\\\/?s={search_term_string}\"},\"query-input\":{\"@type\":\"PropertyValueSpecification\",\"valueRequired\":true,\"valueName\":\"search_term_string\"}}],\"inLanguage\":\"ga-IE\"}]}<\/script>\n<!-- \/ Yoast SEO plugin. -->","yoast_head_json":{"title":"Bileoga f\u00edric\u00ed &amp; Treoirl\u00ednte - D\u00fail sa D\u00falra","robots":{"index":"index","follow":"follow","max-snippet":"max-snippet:-1","max-image-preview":"max-image-preview:large","max-video-preview":"max-video-preview:-1"},"canonical":"https:\/\/www.noticenature.ie\/ga\/foilseachain\/bileoga-firici-treoirlinte\/","og_locale":"ga_IE","og_type":"article","og_title":"Bileoga f\u00edric\u00ed &amp; Treoirl\u00ednte - D\u00fail sa D\u00falra","og_description":"Notice Nature Peatlands Factsheet Notice Nature Woodlands Factsheet Notice Nature Marine Factsheet Notice Nature Hedgerows Factsheet Tourism Guidelines Construction Guidelines Notice Nature Quarry Brochure","og_url":"https:\/\/www.noticenature.ie\/ga\/foilseachain\/bileoga-firici-treoirlinte\/","og_site_name":"D\u00fail sa D\u00falra","article_publisher":"https:\/\/www.facebook.com\/profile.php?id=100066240890743","article_modified_time":"2022-06-17T17:40:57+00:00","twitter_card":"summary_large_image","twitter_site":"@Notice_Nature","schema":{"@context":"https:\/\/schema.org","@graph":[{"@type":"WebPage","@id":"https:\/\/www.noticenature.ie\/ga\/foilseachain\/bileoga-firici-treoirlinte\/","url":"https:\/\/www.noticenature.ie\/ga\/foilseachain\/bileoga-firici-treoirlinte\/","name":"Bileoga f\u00edric\u00ed &amp; Treoirl\u00ednte - D\u00fail sa D\u00falra","isPartOf":{"@id":"https:\/\/www.noticenature.ie\/ga\/#website"},"datePublished":"2015-09-03T11:24:40+00:00","dateModified":"2022-06-17T17:40:57+00:00","breadcrumb":{"@id":"https:\/\/www.noticenature.ie\/ga\/foilseachain\/bileoga-firici-treoirlinte\/#breadcrumb"},"inLanguage":"ga-IE","potentialAction":[{"@type":"ReadAction","target":["https:\/\/www.noticenature.ie\/ga\/foilseachain\/bileoga-firici-treoirlinte\/"]}]},{"@type":"BreadcrumbList","@id":"https:\/\/www.noticenature.ie\/ga\/foilseachain\/bileoga-firici-treoirlinte\/#breadcrumb","itemListElement":[{"@type":"ListItem","position":1,"name":"Home","item":"https:\/\/www.noticenature.ie\/ga\/"},{"@type":"ListItem","position":2,"name":"Foilseach\u00e1in","item":"https:\/\/www.noticenature.ie\/ga\/foilseachain\/"},{"@type":"ListItem","position":3,"name":"Bileoga f\u00edric\u00ed &amp; Treoirl\u00ednte"}]},{"@type":"WebSite","@id":"https:\/\/www.noticenature.ie\/ga\/#website","url":"https:\/\/www.noticenature.ie\/ga\/","name":"D\u00fail sa D\u00falra","description":"Action on Biodiversity Loss","potentialAction":[{"@type":"SearchAction","target":{"@type":"EntryPoint","urlTemplate":"https:\/\/www.noticenature.ie\/ga\/?s={search_term_string}"},"query-input":{"@type":"PropertyValueSpecification","valueRequired":true,"valueName":"search_term_string"}}],"inLanguage":"ga-IE"}]}},"_links":{"self":[{"href":"https:\/\/www.noticenature.ie\/ga\/wp-json\/wp\/v2\/pages\/1672","targetHints":{"allow":["GET"]}}],"collection":[{"href":"https:\/\/www.noticenature.ie\/ga\/wp-json\/wp\/v2\/pages"}],"about":[{"href":"https:\/\/www.noticenature.ie\/ga\/wp-json\/wp\/v2\/types\/page"}],"author":[{"embeddable":true,"href":"https:\/\/www.noticenature.ie\/ga\/wp-json\/wp\/v2\/users\/2"}],"replies":[{"embeddable":true,"href":"https:\/\/www.noticenature.ie\/ga\/wp-json\/wp\/v2\/comments?post=1672"}],"version-history":[{"count":4,"href":"https:\/\/www.noticenature.ie\/ga\/wp-json\/wp\/v2\/pages\/1672\/revisions"}],"predecessor-version":[{"id":1941,"href":"https:\/\/www.noticenature.ie\/ga\/wp-json\/wp\/v2\/pages\/1672\/revisions\/1941"}],"up":[{"embeddable":true,"href":"https:\/\/www.noticenature.ie\/ga\/wp-json\/wp\/v2\/pages\/1644"}],"wp:attachment":[{"href":"https:\/\/www.noticenature.ie\/ga\/wp-json\/wp\/v2\/media?parent=1672"}],"curies":[{"name":"wp","href":"https:\/\/api.w.org\/{rel}","templated":true}]}}