{"id":1671,"date":"2015-09-03T11:23:53","date_gmt":"2015-09-03T11:23:53","guid":{"rendered":"https:\/\/www.noticenature.ie\/foilseachain\/enfo\/"},"modified":"2022-06-17T17:40:47","modified_gmt":"2022-06-17T17:40:47","slug":"enfo","status":"publish","type":"page","link":"https:\/\/www.noticenature.ie\/ga\/foilseachain\/enfo\/","title":{"rendered":"ENFO"},"content":{"rendered":"\n<p>Ba \u00e9 ENFO seirbh\u00eds faisn\u00e9ise poibl\u00ed na Roinne Comhshaoil: d\u2019fheidhmigh s\u00ed idir 1990 agus 2009. Seo a leanas liosta na n-\u00e1bhar a th\u00e1irg ENFO le linn na tr\u00e9imhse sin. Tabhair faoi deara nach bhfuil oifig ENFO oscailte don phobal a thuilleadh.<\/p>\n\n<p><a href=\"https:\/\/www.noticenature.ie\/wp-content\/uploads\/2015\/09\/ENFOStoat.pdf\">ENFO Stoat Information Leaflet<\/a><\/p>\n\n<p><a href=\"https:\/\/www.noticenature.ie\/wp-content\/uploads\/2015\/09\/ENFOShort-Eared-Owl.pdf\">ENFO Short Eared Owl Information Leaflet<\/a><\/p>\n\n<p><a href=\"https:\/\/www.noticenature.ie\/wp-content\/uploads\/2015\/09\/ENFORed_Grouse.pdf\">ENFO Red Grouse Poster<\/a><\/p>\n\n<p><a href=\"https:\/\/www.noticenature.ie\/wp-content\/uploads\/2015\/09\/ENFORed-Squirrel.pdf\">ENFO Red Squirrel Information Leaflet<\/a><\/p>\n\n<p><a href=\"https:\/\/www.noticenature.ie\/wp-content\/uploads\/2015\/09\/ENFOOtter.pdf\">ENFO Otter Information Leaflet<\/a><\/p>\n\n<p><a href=\"https:\/\/www.noticenature.ie\/wp-content\/uploads\/2015\/09\/ENFOMoths-Poster.pdf\">ENFO Moths Poster<\/a><\/p>\n\n<p><a href=\"https:\/\/www.noticenature.ie\/wp-content\/uploads\/2015\/09\/ENFOLong-Eared-Owl.pdf\">ENFO Long Eared Owl Leaflet<\/a><\/p>\n\n<p><a href=\"https:\/\/www.noticenature.ie\/wp-content\/uploads\/2015\/09\/ENFOInsects-Poster.pdf\">ENFO Insects Poster<\/a><\/p>\n\n<p><a href=\"https:\/\/www.noticenature.ie\/wp-content\/uploads\/2015\/09\/ENFOField-Mouse.pdf\">ENFO Field Mouse Leaflet<\/a><\/p>\n\n<p><a href=\"https:\/\/www.noticenature.ie\/wp-content\/uploads\/2015\/09\/ENFOEagle_Poster.pdf\">ENFO Eagle Poster<\/a><\/p>\n\n<p><a href=\"https:\/\/www.noticenature.ie\/wp-content\/uploads\/2015\/09\/ENFOCommon_Frog.pdf\">ENFO Common Frog Poster<\/a><\/p>\n\n<p><a href=\"https:\/\/www.noticenature.ie\/wp-content\/uploads\/2015\/09\/ENFOCommon_Dolphin.pdf\">ENFO Common Dolphin Poster<\/a><\/p>\n\n<p><a href=\"https:\/\/www.noticenature.ie\/wp-content\/uploads\/2015\/09\/ENFOButterflies-Poster_1.pdf\">ENFO Butterflies Poster<\/a><\/p>\n\n<p><a href=\"https:\/\/www.noticenature.ie\/wp-content\/uploads\/2015\/09\/ENFOBirds_Poster.pdf\">ENFO Birds Poster<\/a><\/p>\n\n<p><a href=\"https:\/\/www.noticenature.ie\/wp-content\/uploads\/2015\/09\/ENFOBarn-Owl.pdf\">ENFO Barn Owl Leaflet<\/a><\/p>\n","protected":false},"excerpt":{"rendered":"<p>Ba \u00e9 ENFO seirbh\u00eds faisn\u00e9ise poibl\u00ed na Roinne Comhshaoil: d\u2019fheidhmigh s\u00ed idir 1990 agus 2009. Seo a leanas liosta na n-\u00e1bhar a th\u00e1irg ENFO le linn na tr\u00e9imhse sin. Tabhair faoi deara nach bhfuil oifig ENFO oscailte don phobal a thuilleadh. ENFO Stoat Information Leaflet ENFO Short Eared Owl Information Leaflet ENFO Red Grouse Poster [&hellip;]<\/p>\n","protected":false},"author":2,"featured_media":0,"parent":1644,"menu_order":0,"comment_status":"closed","ping_status":"closed","template":"","meta":{"footnotes":""},"class_list":["post-1671","page","type-page","status-publish","hentry","post"],"yoast_head":"<!-- This site is optimized with the Yoast SEO plugin v27.3 - https:\/\/yoast.com\/product\/yoast-seo-wordpress\/ -->\n<title>ENFO - D\u00fail sa D\u00falra<\/title>\n<meta name=\"robots\" content=\"index, follow, max-snippet:-1, max-image-preview:large, max-video-preview:-1\" \/>\n<link rel=\"canonical\" href=\"https:\/\/www.noticenature.ie\/ga\/foilseachain\/enfo\/\" \/>\n<meta property=\"og:locale\" content=\"ga_IE\" \/>\n<meta property=\"og:type\" content=\"article\" \/>\n<meta property=\"og:title\" content=\"ENFO - D\u00fail sa D\u00falra\" \/>\n<meta property=\"og:description\" content=\"Ba \u00e9 ENFO seirbh\u00eds faisn\u00e9ise poibl\u00ed na Roinne Comhshaoil: d\u2019fheidhmigh s\u00ed idir 1990 agus 2009. Seo a leanas liosta na n-\u00e1bhar a th\u00e1irg ENFO le linn na tr\u00e9imhse sin. Tabhair faoi deara nach bhfuil oifig ENFO oscailte don phobal a thuilleadh. ENFO Stoat Information Leaflet ENFO Short Eared Owl Information Leaflet ENFO Red Grouse Poster [&hellip;]\" \/>\n<meta property=\"og:url\" content=\"https:\/\/www.noticenature.ie\/ga\/foilseachain\/enfo\/\" \/>\n<meta property=\"og:site_name\" content=\"D\u00fail sa D\u00falra\" \/>\n<meta property=\"article:publisher\" content=\"https:\/\/www.facebook.com\/profile.php?id=100066240890743\" \/>\n<meta property=\"article:modified_time\" content=\"2022-06-17T17:40:47+00:00\" \/>\n<meta name=\"twitter:card\" content=\"summary_large_image\" \/>\n<meta name=\"twitter:site\" content=\"@Notice_Nature\" \/>\n<meta name=\"twitter:label1\" content=\"Est. reading time\" \/>\n\t<meta name=\"twitter:data1\" content=\"1 minute\" \/>\n<script type=\"application\/ld+json\" class=\"yoast-schema-graph\">{\"@context\":\"https:\\\/\\\/schema.org\",\"@graph\":[{\"@type\":\"WebPage\",\"@id\":\"https:\\\/\\\/www.noticenature.ie\\\/ga\\\/foilseachain\\\/enfo\\\/\",\"url\":\"https:\\\/\\\/www.noticenature.ie\\\/ga\\\/foilseachain\\\/enfo\\\/\",\"name\":\"ENFO - D\u00fail sa D\u00falra\",\"isPartOf\":{\"@id\":\"https:\\\/\\\/www.noticenature.ie\\\/ga\\\/#website\"},\"datePublished\":\"2015-09-03T11:23:53+00:00\",\"dateModified\":\"2022-06-17T17:40:47+00:00\",\"breadcrumb\":{\"@id\":\"https:\\\/\\\/www.noticenature.ie\\\/ga\\\/foilseachain\\\/enfo\\\/#breadcrumb\"},\"inLanguage\":\"ga-IE\",\"potentialAction\":[{\"@type\":\"ReadAction\",\"target\":[\"https:\\\/\\\/www.noticenature.ie\\\/ga\\\/foilseachain\\\/enfo\\\/\"]}]},{\"@type\":\"BreadcrumbList\",\"@id\":\"https:\\\/\\\/www.noticenature.ie\\\/ga\\\/foilseachain\\\/enfo\\\/#breadcrumb\",\"itemListElement\":[{\"@type\":\"ListItem\",\"position\":1,\"name\":\"Home\",\"item\":\"https:\\\/\\\/www.noticenature.ie\\\/ga\\\/1600-2\\\/\"},{\"@type\":\"ListItem\",\"position\":2,\"name\":\"Foilseach\u00e1in\",\"item\":\"https:\\\/\\\/www.noticenature.ie\\\/ga\\\/foilseachain\\\/\"},{\"@type\":\"ListItem\",\"position\":3,\"name\":\"ENFO\"}]},{\"@type\":\"WebSite\",\"@id\":\"https:\\\/\\\/www.noticenature.ie\\\/ga\\\/#website\",\"url\":\"https:\\\/\\\/www.noticenature.ie\\\/ga\\\/\",\"name\":\"D\u00fail sa D\u00falra\",\"description\":\"Action on Biodiversity Loss\",\"potentialAction\":[{\"@type\":\"SearchAction\",\"target\":{\"@type\":\"EntryPoint\",\"urlTemplate\":\"https:\\\/\\\/www.noticenature.ie\\\/ga\\\/?s={search_term_string}\"},\"query-input\":{\"@type\":\"PropertyValueSpecification\",\"valueRequired\":true,\"valueName\":\"search_term_string\"}}],\"inLanguage\":\"ga-IE\"}]}<\/script>\n<!-- \/ Yoast SEO plugin. -->","yoast_head_json":{"title":"ENFO - D\u00fail sa D\u00falra","robots":{"index":"index","follow":"follow","max-snippet":"max-snippet:-1","max-image-preview":"max-image-preview:large","max-video-preview":"max-video-preview:-1"},"canonical":"https:\/\/www.noticenature.ie\/ga\/foilseachain\/enfo\/","og_locale":"ga_IE","og_type":"article","og_title":"ENFO - D\u00fail sa D\u00falra","og_description":"Ba \u00e9 ENFO seirbh\u00eds faisn\u00e9ise poibl\u00ed na Roinne Comhshaoil: d\u2019fheidhmigh s\u00ed idir 1990 agus 2009. Seo a leanas liosta na n-\u00e1bhar a th\u00e1irg ENFO le linn na tr\u00e9imhse sin. Tabhair faoi deara nach bhfuil oifig ENFO oscailte don phobal a thuilleadh. ENFO Stoat Information Leaflet ENFO Short Eared Owl Information Leaflet ENFO Red Grouse Poster [&hellip;]","og_url":"https:\/\/www.noticenature.ie\/ga\/foilseachain\/enfo\/","og_site_name":"D\u00fail sa D\u00falra","article_publisher":"https:\/\/www.facebook.com\/profile.php?id=100066240890743","article_modified_time":"2022-06-17T17:40:47+00:00","twitter_card":"summary_large_image","twitter_site":"@Notice_Nature","twitter_misc":{"Est. reading time":"1 minute"},"schema":{"@context":"https:\/\/schema.org","@graph":[{"@type":"WebPage","@id":"https:\/\/www.noticenature.ie\/ga\/foilseachain\/enfo\/","url":"https:\/\/www.noticenature.ie\/ga\/foilseachain\/enfo\/","name":"ENFO - D\u00fail sa D\u00falra","isPartOf":{"@id":"https:\/\/www.noticenature.ie\/ga\/#website"},"datePublished":"2015-09-03T11:23:53+00:00","dateModified":"2022-06-17T17:40:47+00:00","breadcrumb":{"@id":"https:\/\/www.noticenature.ie\/ga\/foilseachain\/enfo\/#breadcrumb"},"inLanguage":"ga-IE","potentialAction":[{"@type":"ReadAction","target":["https:\/\/www.noticenature.ie\/ga\/foilseachain\/enfo\/"]}]},{"@type":"BreadcrumbList","@id":"https:\/\/www.noticenature.ie\/ga\/foilseachain\/enfo\/#breadcrumb","itemListElement":[{"@type":"ListItem","position":1,"name":"Home","item":"https:\/\/www.noticenature.ie\/ga\/1600-2\/"},{"@type":"ListItem","position":2,"name":"Foilseach\u00e1in","item":"https:\/\/www.noticenature.ie\/ga\/foilseachain\/"},{"@type":"ListItem","position":3,"name":"ENFO"}]},{"@type":"WebSite","@id":"https:\/\/www.noticenature.ie\/ga\/#website","url":"https:\/\/www.noticenature.ie\/ga\/","name":"D\u00fail sa D\u00falra","description":"Action on Biodiversity Loss","potentialAction":[{"@type":"SearchAction","target":{"@type":"EntryPoint","urlTemplate":"https:\/\/www.noticenature.ie\/ga\/?s={search_term_string}"},"query-input":{"@type":"PropertyValueSpecification","valueRequired":true,"valueName":"search_term_string"}}],"inLanguage":"ga-IE"}]}},"_links":{"self":[{"href":"https:\/\/www.noticenature.ie\/ga\/wp-json\/wp\/v2\/pages\/1671","targetHints":{"allow":["GET"]}}],"collection":[{"href":"https:\/\/www.noticenature.ie\/ga\/wp-json\/wp\/v2\/pages"}],"about":[{"href":"https:\/\/www.noticenature.ie\/ga\/wp-json\/wp\/v2\/types\/page"}],"author":[{"embeddable":true,"href":"https:\/\/www.noticenature.ie\/ga\/wp-json\/wp\/v2\/users\/2"}],"replies":[{"embeddable":true,"href":"https:\/\/www.noticenature.ie\/ga\/wp-json\/wp\/v2\/comments?post=1671"}],"version-history":[{"count":4,"href":"https:\/\/www.noticenature.ie\/ga\/wp-json\/wp\/v2\/pages\/1671\/revisions"}],"predecessor-version":[{"id":1937,"href":"https:\/\/www.noticenature.ie\/ga\/wp-json\/wp\/v2\/pages\/1671\/revisions\/1937"}],"up":[{"embeddable":true,"href":"https:\/\/www.noticenature.ie\/ga\/wp-json\/wp\/v2\/pages\/1644"}],"wp:attachment":[{"href":"https:\/\/www.noticenature.ie\/ga\/wp-json\/wp\/v2\/media?parent=1671"}],"curies":[{"name":"wp","href":"https:\/\/api.w.org\/{rel}","templated":true}]}}