{"id":1666,"date":"2015-08-31T10:47:30","date_gmt":"2015-08-31T10:47:30","guid":{"rendered":"https:\/\/www.noticenature.ie\/duil-sa-dulra-do-leanai\/"},"modified":"2022-06-17T17:39:31","modified_gmt":"2022-06-17T17:39:31","slug":"duil-sa-dulra-do-leanai","status":"publish","type":"page","link":"https:\/\/www.noticenature.ie\/ga\/duil-sa-dulra-do-leanai\/","title":{"rendered":"D\u00fail sa D\u00falra do leana\u00ed"},"content":{"rendered":"<div class=\"wp-block-image\">\n<figure class=\"alignleft\"><img loading=\"lazy\" decoding=\"async\" width=\"150\" height=\"150\" src=\"https:\/\/www.noticenature.ie\/wp-content\/uploads\/2015\/08\/Hedgehog_1-150x150.jpg\" alt=\"Hedgehog\" class=\"wp-image-809\"\/><\/figure>\n<\/div>\n<p>Is iontach an t-am \u00e9 an samhradh le dul amach agus an d\u00falra a thabhairt faoi deara! Beidh an fiadh\u00falra m\u00f3rthimpeall ort beo le gn\u00edomha\u00edocht iontach spreag\u00fail. Chun cabhr\u00fa leat roinnt speiceas \u00e9ags\u00fail at\u00e1 thart sa samhradh a aithint, t\u00e1 <a href=\"https:\/\/www.noticenature.ie\/wp-content\/uploads\/2015\/08\/out-and-about.pdf\">C\u00e1rta Speiceas Faoin Tuath<\/a> ag D\u00fail sa D\u00falra ar f\u00e9idir leat phriont\u00e1il agus a thabhairt leat.<\/p>\n<div class=\"wp-block-image\">\n<figure class=\"alignleft\"><a href=\"https:\/\/www.cbd.int\/youth\/\"><img loading=\"lazy\" decoding=\"async\" width=\"300\" height=\"75\" src=\"https:\/\/www.noticenature.ie\/wp-content\/uploads\/2015\/09\/UNDB-logo-en-SMALL-300x75.jpg\" alt=\"Deich mBliana den Bhith&#xE9;ags&#xFA;lacht de chuid na N&#xE1;isi&#xFA;n Aontaithe\" class=\"wp-image-246\"\/><\/a><\/figure>\n<\/div>\n<p>T\u00e1 rann\u00f3g iontach do dhaoine \u00f3ga ar shu\u00edomh gr\u00e9as\u00e1in <a href=\"https:\/\/www.cbd.int\/youth\/\" target=\"_blank\" rel=\"noopener\">CBD \u00d3ige<\/a> na N\u00e1isi\u00fan Aontaithe, lena n-\u00e1ir\u00edtear sonra\u00ed faoi chom\u00f3rtais, tionscnaimh \u00f3ige, naisc chuig acmhainn\u00ed do mh\u00fainteoir\u00ed agus do mhic l\u00e9inn chomh maith le nuachtlitir.<\/p>\n<div class=\"wp-block-image\">\n<figure class=\"alignright\"><a href=\"http:\/\/www.naturesweb.ie\/\" target=\"_blank\" rel=\"noopener\"><img loading=\"lazy\" decoding=\"async\" width=\"205\" height=\"290\" src=\"https:\/\/www.noticenature.ie\/wp-content\/uploads\/2015\/08\/SummerNewsletter2016.jpg\" alt=\"L&#xED;on an D&#xFA;lra\" class=\"wp-image-793\"\/><\/a><\/figure>\n<\/div>\n<p><a href=\"http:\/\/www.naturesweb.ie\/\" target=\"_blank\" rel=\"noopener\">L\u00edon an D\u00falra<\/a> &#8211; Is nuachtlitir spreag\u00fail do ph\u00e1ist\u00ed \u00e9 L\u00edon an D\u00falra a re\u00e1cht\u00e1lann agus a fhoils\u00edonn St\u00e1isi\u00fan Mara Inis Arc\u00e1in.<\/p>\n\n<p>Le haghaidh tuilleadh nasc, f\u00e9ach ar \u00e1r leathanaigh <a href=\"https:\/\/www.noticenature.ie\/ga\/oideachas\/acmhainni-do-scoileanna\/\">Acmhainn\u00ed do Scoileanna<\/a>.<\/p>\n","protected":false},"excerpt":{"rendered":"<p>Is iontach an t-am \u00e9 an samhradh le dul amach agus an d\u00falra a thabhairt faoi deara! Beidh an fiadh\u00falra m\u00f3rthimpeall ort beo le gn\u00edomha\u00edocht iontach spreag\u00fail. Chun cabhr\u00fa leat roinnt speiceas \u00e9ags\u00fail at\u00e1 thart sa samhradh a aithint, t\u00e1 C\u00e1rta Speiceas Faoin Tuath ag D\u00fail sa D\u00falra ar f\u00e9idir leat phriont\u00e1il agus a thabhairt [&hellip;]<\/p>\n","protected":false},"author":2,"featured_media":0,"parent":0,"menu_order":4,"comment_status":"closed","ping_status":"closed","template":"","meta":{"footnotes":""},"class_list":["post-1666","page","type-page","status-publish","hentry","post"],"yoast_head":"<!-- This site is optimized with the Yoast SEO plugin v27.3 - https:\/\/yoast.com\/product\/yoast-seo-wordpress\/ -->\n<title>D\u00fail sa D\u00falra do leana\u00ed - D\u00fail sa D\u00falra<\/title>\n<meta name=\"robots\" content=\"index, follow, max-snippet:-1, max-image-preview:large, max-video-preview:-1\" \/>\n<link rel=\"canonical\" href=\"https:\/\/www.noticenature.ie\/ga\/duil-sa-dulra-do-leanai\/\" \/>\n<meta property=\"og:locale\" content=\"ga_IE\" \/>\n<meta property=\"og:type\" content=\"article\" \/>\n<meta property=\"og:title\" content=\"D\u00fail sa D\u00falra do leana\u00ed - D\u00fail sa D\u00falra\" \/>\n<meta property=\"og:description\" content=\"Is iontach an t-am \u00e9 an samhradh le dul amach agus an d\u00falra a thabhairt faoi deara! Beidh an fiadh\u00falra m\u00f3rthimpeall ort beo le gn\u00edomha\u00edocht iontach spreag\u00fail. Chun cabhr\u00fa leat roinnt speiceas \u00e9ags\u00fail at\u00e1 thart sa samhradh a aithint, t\u00e1 C\u00e1rta Speiceas Faoin Tuath ag D\u00fail sa D\u00falra ar f\u00e9idir leat phriont\u00e1il agus a thabhairt [&hellip;]\" \/>\n<meta property=\"og:url\" content=\"https:\/\/www.noticenature.ie\/ga\/duil-sa-dulra-do-leanai\/\" \/>\n<meta property=\"og:site_name\" content=\"D\u00fail sa D\u00falra\" \/>\n<meta property=\"article:publisher\" content=\"https:\/\/www.facebook.com\/profile.php?id=100066240890743\" \/>\n<meta property=\"article:modified_time\" content=\"2022-06-17T17:39:31+00:00\" \/>\n<meta property=\"og:image\" content=\"https:\/\/www.noticenature.ie\/wp-content\/uploads\/2015\/08\/Hedgehog_1-150x150.jpg\" \/>\n<meta name=\"twitter:card\" content=\"summary_large_image\" \/>\n<meta name=\"twitter:site\" content=\"@Notice_Nature\" \/>\n<meta name=\"twitter:label1\" content=\"Est. reading time\" \/>\n\t<meta name=\"twitter:data1\" content=\"1 minute\" \/>\n<script type=\"application\/ld+json\" class=\"yoast-schema-graph\">{\"@context\":\"https:\\\/\\\/schema.org\",\"@graph\":[{\"@type\":\"WebPage\",\"@id\":\"https:\\\/\\\/www.noticenature.ie\\\/ga\\\/duil-sa-dulra-do-leanai\\\/\",\"url\":\"https:\\\/\\\/www.noticenature.ie\\\/ga\\\/duil-sa-dulra-do-leanai\\\/\",\"name\":\"D\u00fail sa D\u00falra do leana\u00ed - D\u00fail sa D\u00falra\",\"isPartOf\":{\"@id\":\"https:\\\/\\\/www.noticenature.ie\\\/ga\\\/#website\"},\"primaryImageOfPage\":{\"@id\":\"https:\\\/\\\/www.noticenature.ie\\\/ga\\\/duil-sa-dulra-do-leanai\\\/#primaryimage\"},\"image\":{\"@id\":\"https:\\\/\\\/www.noticenature.ie\\\/ga\\\/duil-sa-dulra-do-leanai\\\/#primaryimage\"},\"thumbnailUrl\":\"https:\\\/\\\/www.noticenature.ie\\\/wp-content\\\/uploads\\\/2015\\\/08\\\/Hedgehog_1-150x150.jpg\",\"datePublished\":\"2015-08-31T10:47:30+00:00\",\"dateModified\":\"2022-06-17T17:39:31+00:00\",\"breadcrumb\":{\"@id\":\"https:\\\/\\\/www.noticenature.ie\\\/ga\\\/duil-sa-dulra-do-leanai\\\/#breadcrumb\"},\"inLanguage\":\"ga-IE\",\"potentialAction\":[{\"@type\":\"ReadAction\",\"target\":[\"https:\\\/\\\/www.noticenature.ie\\\/ga\\\/duil-sa-dulra-do-leanai\\\/\"]}]},{\"@type\":\"ImageObject\",\"inLanguage\":\"ga-IE\",\"@id\":\"https:\\\/\\\/www.noticenature.ie\\\/ga\\\/duil-sa-dulra-do-leanai\\\/#primaryimage\",\"url\":\"https:\\\/\\\/www.noticenature.ie\\\/wp-content\\\/uploads\\\/2015\\\/08\\\/Hedgehog_1-150x150.jpg\",\"contentUrl\":\"https:\\\/\\\/www.noticenature.ie\\\/wp-content\\\/uploads\\\/2015\\\/08\\\/Hedgehog_1-150x150.jpg\"},{\"@type\":\"BreadcrumbList\",\"@id\":\"https:\\\/\\\/www.noticenature.ie\\\/ga\\\/duil-sa-dulra-do-leanai\\\/#breadcrumb\",\"itemListElement\":[{\"@type\":\"ListItem\",\"position\":1,\"name\":\"Home\",\"item\":\"https:\\\/\\\/www.noticenature.ie\\\/ga\\\/1600-2\\\/\"},{\"@type\":\"ListItem\",\"position\":2,\"name\":\"D\u00fail sa D\u00falra do leana\u00ed\"}]},{\"@type\":\"WebSite\",\"@id\":\"https:\\\/\\\/www.noticenature.ie\\\/ga\\\/#website\",\"url\":\"https:\\\/\\\/www.noticenature.ie\\\/ga\\\/\",\"name\":\"D\u00fail sa D\u00falra\",\"description\":\"Action on Biodiversity Loss\",\"potentialAction\":[{\"@type\":\"SearchAction\",\"target\":{\"@type\":\"EntryPoint\",\"urlTemplate\":\"https:\\\/\\\/www.noticenature.ie\\\/ga\\\/?s={search_term_string}\"},\"query-input\":{\"@type\":\"PropertyValueSpecification\",\"valueRequired\":true,\"valueName\":\"search_term_string\"}}],\"inLanguage\":\"ga-IE\"}]}<\/script>\n<!-- \/ Yoast SEO plugin. -->","yoast_head_json":{"title":"D\u00fail sa D\u00falra do leana\u00ed - D\u00fail sa D\u00falra","robots":{"index":"index","follow":"follow","max-snippet":"max-snippet:-1","max-image-preview":"max-image-preview:large","max-video-preview":"max-video-preview:-1"},"canonical":"https:\/\/www.noticenature.ie\/ga\/duil-sa-dulra-do-leanai\/","og_locale":"ga_IE","og_type":"article","og_title":"D\u00fail sa D\u00falra do leana\u00ed - D\u00fail sa D\u00falra","og_description":"Is iontach an t-am \u00e9 an samhradh le dul amach agus an d\u00falra a thabhairt faoi deara! Beidh an fiadh\u00falra m\u00f3rthimpeall ort beo le gn\u00edomha\u00edocht iontach spreag\u00fail. Chun cabhr\u00fa leat roinnt speiceas \u00e9ags\u00fail at\u00e1 thart sa samhradh a aithint, t\u00e1 C\u00e1rta Speiceas Faoin Tuath ag D\u00fail sa D\u00falra ar f\u00e9idir leat phriont\u00e1il agus a thabhairt [&hellip;]","og_url":"https:\/\/www.noticenature.ie\/ga\/duil-sa-dulra-do-leanai\/","og_site_name":"D\u00fail sa D\u00falra","article_publisher":"https:\/\/www.facebook.com\/profile.php?id=100066240890743","article_modified_time":"2022-06-17T17:39:31+00:00","og_image":[{"url":"https:\/\/www.noticenature.ie\/wp-content\/uploads\/2015\/08\/Hedgehog_1-150x150.jpg","type":"","width":"","height":""}],"twitter_card":"summary_large_image","twitter_site":"@Notice_Nature","twitter_misc":{"Est. reading time":"1 minute"},"schema":{"@context":"https:\/\/schema.org","@graph":[{"@type":"WebPage","@id":"https:\/\/www.noticenature.ie\/ga\/duil-sa-dulra-do-leanai\/","url":"https:\/\/www.noticenature.ie\/ga\/duil-sa-dulra-do-leanai\/","name":"D\u00fail sa D\u00falra do leana\u00ed - D\u00fail sa D\u00falra","isPartOf":{"@id":"https:\/\/www.noticenature.ie\/ga\/#website"},"primaryImageOfPage":{"@id":"https:\/\/www.noticenature.ie\/ga\/duil-sa-dulra-do-leanai\/#primaryimage"},"image":{"@id":"https:\/\/www.noticenature.ie\/ga\/duil-sa-dulra-do-leanai\/#primaryimage"},"thumbnailUrl":"https:\/\/www.noticenature.ie\/wp-content\/uploads\/2015\/08\/Hedgehog_1-150x150.jpg","datePublished":"2015-08-31T10:47:30+00:00","dateModified":"2022-06-17T17:39:31+00:00","breadcrumb":{"@id":"https:\/\/www.noticenature.ie\/ga\/duil-sa-dulra-do-leanai\/#breadcrumb"},"inLanguage":"ga-IE","potentialAction":[{"@type":"ReadAction","target":["https:\/\/www.noticenature.ie\/ga\/duil-sa-dulra-do-leanai\/"]}]},{"@type":"ImageObject","inLanguage":"ga-IE","@id":"https:\/\/www.noticenature.ie\/ga\/duil-sa-dulra-do-leanai\/#primaryimage","url":"https:\/\/www.noticenature.ie\/wp-content\/uploads\/2015\/08\/Hedgehog_1-150x150.jpg","contentUrl":"https:\/\/www.noticenature.ie\/wp-content\/uploads\/2015\/08\/Hedgehog_1-150x150.jpg"},{"@type":"BreadcrumbList","@id":"https:\/\/www.noticenature.ie\/ga\/duil-sa-dulra-do-leanai\/#breadcrumb","itemListElement":[{"@type":"ListItem","position":1,"name":"Home","item":"https:\/\/www.noticenature.ie\/ga\/1600-2\/"},{"@type":"ListItem","position":2,"name":"D\u00fail sa D\u00falra do leana\u00ed"}]},{"@type":"WebSite","@id":"https:\/\/www.noticenature.ie\/ga\/#website","url":"https:\/\/www.noticenature.ie\/ga\/","name":"D\u00fail sa D\u00falra","description":"Action on Biodiversity Loss","potentialAction":[{"@type":"SearchAction","target":{"@type":"EntryPoint","urlTemplate":"https:\/\/www.noticenature.ie\/ga\/?s={search_term_string}"},"query-input":{"@type":"PropertyValueSpecification","valueRequired":true,"valueName":"search_term_string"}}],"inLanguage":"ga-IE"}]}},"_links":{"self":[{"href":"https:\/\/www.noticenature.ie\/ga\/wp-json\/wp\/v2\/pages\/1666","targetHints":{"allow":["GET"]}}],"collection":[{"href":"https:\/\/www.noticenature.ie\/ga\/wp-json\/wp\/v2\/pages"}],"about":[{"href":"https:\/\/www.noticenature.ie\/ga\/wp-json\/wp\/v2\/types\/page"}],"author":[{"embeddable":true,"href":"https:\/\/www.noticenature.ie\/ga\/wp-json\/wp\/v2\/users\/2"}],"replies":[{"embeddable":true,"href":"https:\/\/www.noticenature.ie\/ga\/wp-json\/wp\/v2\/comments?post=1666"}],"version-history":[{"count":2,"href":"https:\/\/www.noticenature.ie\/ga\/wp-json\/wp\/v2\/pages\/1666\/revisions"}],"predecessor-version":[{"id":1917,"href":"https:\/\/www.noticenature.ie\/ga\/wp-json\/wp\/v2\/pages\/1666\/revisions\/1917"}],"wp:attachment":[{"href":"https:\/\/www.noticenature.ie\/ga\/wp-json\/wp\/v2\/media?parent=1666"}],"curies":[{"name":"wp","href":"https:\/\/api.w.org\/{rel}","templated":true}]}}