{"id":1656,"date":"2016-08-03T09:56:39","date_gmt":"2016-08-03T09:56:39","guid":{"rendered":"https:\/\/www.noticenature.ie\/nature-reserves\/"},"modified":"2022-06-17T17:18:40","modified_gmt":"2022-06-17T17:18:40","slug":"nature-reserves","status":"publish","type":"page","link":"https:\/\/www.noticenature.ie\/ga\/nature-reserves\/","title":{"rendered":"Anaclanna D\u00falra"},"content":{"rendered":"\n<p>T\u00e1 anaclanna d\u00falra ann ar fud na h\u00c9ireann, agus t\u00e1 go leor d\u00edobh oscailte don phobal. Is ionann Anaclann D\u00falra agus limist\u00e9ar a bhfuil t\u00e1bhacht d\u2019fhiadh\u00falra ag baint leis, at\u00e1 faoi chosaint de r\u00e9ir Ord\u00fa \u00f3n Aire. T\u00e1 an chuid is m\u00f3 d\u00edobh faoi \u00fain\u00e9ireacht an St\u00e1it. Mar sin f\u00e9in, t\u00e1 cuid d\u00edobh faoi \u00fain\u00e9ireacht eagra\u00edochta\u00ed n\u00f3 \u00fain\u00e9ir\u00ed tal\u00fan pr\u00edobh\u00e1ideacha, agus is f\u00e9idir le daoine a bhfuil sp\u00e9is acu cosaint reacht\u00fail a fh\u00e1il don talamh at\u00e1 acu comhairle a lorg \u00f3n Roinn ina leith sin.<\/p>\n\n<p>Clice\u00e1il ar na marc\u00f3ir\u00ed mapa th\u00edos chun faisn\u00e9is a fh\u00e1il ar na su\u00edomhanna ar leith.<\/p>\n\n<div style=\"text-align: center;\"><iframe loading=\"lazy\" title=\"P\u00e1irceanna N\u00e1isi\u00fanta - Google Maps\" width=\"640\" height=\"480\" src=\"https:\/\/www.google.com\/maps\/d\/embed?mid=1Wb2CmDhQu75NLnj9PBkvY7_3b0k\"><\/iframe><\/div>\n","protected":false},"excerpt":{"rendered":"<p>T\u00e1 anaclanna d\u00falra ann ar fud na h\u00c9ireann, agus t\u00e1 go leor d\u00edobh oscailte don phobal. Is ionann Anaclann D\u00falra agus limist\u00e9ar a bhfuil t\u00e1bhacht d\u2019fhiadh\u00falra ag baint leis, at\u00e1 faoi chosaint de r\u00e9ir Ord\u00fa \u00f3n Aire. T\u00e1 an chuid is m\u00f3 d\u00edobh faoi \u00fain\u00e9ireacht an St\u00e1it. Mar sin f\u00e9in, t\u00e1 cuid d\u00edobh faoi \u00fain\u00e9ireacht [&hellip;]<\/p>\n","protected":false},"author":2,"featured_media":0,"parent":0,"menu_order":0,"comment_status":"closed","ping_status":"closed","template":"","meta":{"footnotes":""},"class_list":["post-1656","page","type-page","status-publish","hentry","post"],"yoast_head":"<!-- This site is optimized with the Yoast SEO plugin v27.3 - https:\/\/yoast.com\/product\/yoast-seo-wordpress\/ -->\n<title>Anaclanna D\u00falra - D\u00fail sa D\u00falra<\/title>\n<meta name=\"robots\" content=\"index, follow, max-snippet:-1, max-image-preview:large, max-video-preview:-1\" \/>\n<link rel=\"canonical\" href=\"https:\/\/www.noticenature.ie\/ga\/nature-reserves\/\" \/>\n<meta property=\"og:locale\" content=\"ga_IE\" \/>\n<meta property=\"og:type\" content=\"article\" \/>\n<meta property=\"og:title\" content=\"Anaclanna D\u00falra - D\u00fail sa D\u00falra\" \/>\n<meta property=\"og:description\" content=\"T\u00e1 anaclanna d\u00falra ann ar fud na h\u00c9ireann, agus t\u00e1 go leor d\u00edobh oscailte don phobal. Is ionann Anaclann D\u00falra agus limist\u00e9ar a bhfuil t\u00e1bhacht d\u2019fhiadh\u00falra ag baint leis, at\u00e1 faoi chosaint de r\u00e9ir Ord\u00fa \u00f3n Aire. T\u00e1 an chuid is m\u00f3 d\u00edobh faoi \u00fain\u00e9ireacht an St\u00e1it. Mar sin f\u00e9in, t\u00e1 cuid d\u00edobh faoi \u00fain\u00e9ireacht [&hellip;]\" \/>\n<meta property=\"og:url\" content=\"https:\/\/www.noticenature.ie\/ga\/nature-reserves\/\" \/>\n<meta property=\"og:site_name\" content=\"D\u00fail sa D\u00falra\" \/>\n<meta property=\"article:publisher\" content=\"https:\/\/www.facebook.com\/profile.php?id=100066240890743\" \/>\n<meta property=\"article:modified_time\" content=\"2022-06-17T17:18:40+00:00\" \/>\n<meta name=\"twitter:card\" content=\"summary_large_image\" \/>\n<meta name=\"twitter:site\" content=\"@Notice_Nature\" \/>\n<meta name=\"twitter:label1\" content=\"Est. reading time\" \/>\n\t<meta name=\"twitter:data1\" content=\"1 minute\" \/>\n<script type=\"application\/ld+json\" class=\"yoast-schema-graph\">{\"@context\":\"https:\\\/\\\/schema.org\",\"@graph\":[{\"@type\":\"WebPage\",\"@id\":\"https:\\\/\\\/www.noticenature.ie\\\/ga\\\/nature-reserves\\\/\",\"url\":\"https:\\\/\\\/www.noticenature.ie\\\/ga\\\/nature-reserves\\\/\",\"name\":\"Anaclanna D\u00falra - D\u00fail sa D\u00falra\",\"isPartOf\":{\"@id\":\"https:\\\/\\\/www.noticenature.ie\\\/ga\\\/#website\"},\"datePublished\":\"2016-08-03T09:56:39+00:00\",\"dateModified\":\"2022-06-17T17:18:40+00:00\",\"breadcrumb\":{\"@id\":\"https:\\\/\\\/www.noticenature.ie\\\/ga\\\/nature-reserves\\\/#breadcrumb\"},\"inLanguage\":\"ga-IE\",\"potentialAction\":[{\"@type\":\"ReadAction\",\"target\":[\"https:\\\/\\\/www.noticenature.ie\\\/ga\\\/nature-reserves\\\/\"]}]},{\"@type\":\"BreadcrumbList\",\"@id\":\"https:\\\/\\\/www.noticenature.ie\\\/ga\\\/nature-reserves\\\/#breadcrumb\",\"itemListElement\":[{\"@type\":\"ListItem\",\"position\":1,\"name\":\"Home\",\"item\":\"https:\\\/\\\/www.noticenature.ie\\\/ga\\\/1600-2\\\/\"},{\"@type\":\"ListItem\",\"position\":2,\"name\":\"Anaclanna D\u00falra\"}]},{\"@type\":\"WebSite\",\"@id\":\"https:\\\/\\\/www.noticenature.ie\\\/ga\\\/#website\",\"url\":\"https:\\\/\\\/www.noticenature.ie\\\/ga\\\/\",\"name\":\"D\u00fail sa D\u00falra\",\"description\":\"Action on Biodiversity Loss\",\"potentialAction\":[{\"@type\":\"SearchAction\",\"target\":{\"@type\":\"EntryPoint\",\"urlTemplate\":\"https:\\\/\\\/www.noticenature.ie\\\/ga\\\/?s={search_term_string}\"},\"query-input\":{\"@type\":\"PropertyValueSpecification\",\"valueRequired\":true,\"valueName\":\"search_term_string\"}}],\"inLanguage\":\"ga-IE\"}]}<\/script>\n<!-- \/ Yoast SEO plugin. -->","yoast_head_json":{"title":"Anaclanna D\u00falra - D\u00fail sa D\u00falra","robots":{"index":"index","follow":"follow","max-snippet":"max-snippet:-1","max-image-preview":"max-image-preview:large","max-video-preview":"max-video-preview:-1"},"canonical":"https:\/\/www.noticenature.ie\/ga\/nature-reserves\/","og_locale":"ga_IE","og_type":"article","og_title":"Anaclanna D\u00falra - D\u00fail sa D\u00falra","og_description":"T\u00e1 anaclanna d\u00falra ann ar fud na h\u00c9ireann, agus t\u00e1 go leor d\u00edobh oscailte don phobal. Is ionann Anaclann D\u00falra agus limist\u00e9ar a bhfuil t\u00e1bhacht d\u2019fhiadh\u00falra ag baint leis, at\u00e1 faoi chosaint de r\u00e9ir Ord\u00fa \u00f3n Aire. T\u00e1 an chuid is m\u00f3 d\u00edobh faoi \u00fain\u00e9ireacht an St\u00e1it. Mar sin f\u00e9in, t\u00e1 cuid d\u00edobh faoi \u00fain\u00e9ireacht [&hellip;]","og_url":"https:\/\/www.noticenature.ie\/ga\/nature-reserves\/","og_site_name":"D\u00fail sa D\u00falra","article_publisher":"https:\/\/www.facebook.com\/profile.php?id=100066240890743","article_modified_time":"2022-06-17T17:18:40+00:00","twitter_card":"summary_large_image","twitter_site":"@Notice_Nature","twitter_misc":{"Est. reading time":"1 minute"},"schema":{"@context":"https:\/\/schema.org","@graph":[{"@type":"WebPage","@id":"https:\/\/www.noticenature.ie\/ga\/nature-reserves\/","url":"https:\/\/www.noticenature.ie\/ga\/nature-reserves\/","name":"Anaclanna D\u00falra - D\u00fail sa D\u00falra","isPartOf":{"@id":"https:\/\/www.noticenature.ie\/ga\/#website"},"datePublished":"2016-08-03T09:56:39+00:00","dateModified":"2022-06-17T17:18:40+00:00","breadcrumb":{"@id":"https:\/\/www.noticenature.ie\/ga\/nature-reserves\/#breadcrumb"},"inLanguage":"ga-IE","potentialAction":[{"@type":"ReadAction","target":["https:\/\/www.noticenature.ie\/ga\/nature-reserves\/"]}]},{"@type":"BreadcrumbList","@id":"https:\/\/www.noticenature.ie\/ga\/nature-reserves\/#breadcrumb","itemListElement":[{"@type":"ListItem","position":1,"name":"Home","item":"https:\/\/www.noticenature.ie\/ga\/1600-2\/"},{"@type":"ListItem","position":2,"name":"Anaclanna D\u00falra"}]},{"@type":"WebSite","@id":"https:\/\/www.noticenature.ie\/ga\/#website","url":"https:\/\/www.noticenature.ie\/ga\/","name":"D\u00fail sa D\u00falra","description":"Action on Biodiversity Loss","potentialAction":[{"@type":"SearchAction","target":{"@type":"EntryPoint","urlTemplate":"https:\/\/www.noticenature.ie\/ga\/?s={search_term_string}"},"query-input":{"@type":"PropertyValueSpecification","valueRequired":true,"valueName":"search_term_string"}}],"inLanguage":"ga-IE"}]}},"_links":{"self":[{"href":"https:\/\/www.noticenature.ie\/ga\/wp-json\/wp\/v2\/pages\/1656","targetHints":{"allow":["GET"]}}],"collection":[{"href":"https:\/\/www.noticenature.ie\/ga\/wp-json\/wp\/v2\/pages"}],"about":[{"href":"https:\/\/www.noticenature.ie\/ga\/wp-json\/wp\/v2\/types\/page"}],"author":[{"embeddable":true,"href":"https:\/\/www.noticenature.ie\/ga\/wp-json\/wp\/v2\/users\/2"}],"replies":[{"embeddable":true,"href":"https:\/\/www.noticenature.ie\/ga\/wp-json\/wp\/v2\/comments?post=1656"}],"version-history":[{"count":4,"href":"https:\/\/www.noticenature.ie\/ga\/wp-json\/wp\/v2\/pages\/1656\/revisions"}],"predecessor-version":[{"id":1861,"href":"https:\/\/www.noticenature.ie\/ga\/wp-json\/wp\/v2\/pages\/1656\/revisions\/1861"}],"wp:attachment":[{"href":"https:\/\/www.noticenature.ie\/ga\/wp-json\/wp\/v2\/media?parent=1656"}],"curies":[{"name":"wp","href":"https:\/\/api.w.org\/{rel}","templated":true}]}}