{"id":1648,"date":"2016-05-25T14:52:05","date_gmt":"2016-05-25T14:52:05","guid":{"rendered":"https:\/\/www.noticenature.ie\/teagmhail\/beartas-mean-soisialta\/"},"modified":"2022-06-17T17:26:59","modified_gmt":"2022-06-17T17:26:59","slug":"beartas-mean-soisialta","status":"publish","type":"page","link":"https:\/\/www.noticenature.ie\/ga\/eolas-faoi-duil-sa-dulra\/teagmhail\/beartas-mean-soisialta\/","title":{"rendered":"Beartas Me\u00e1n S\u00f3isialta"},"content":{"rendered":"\n<p><em>C\u00e9 muid:<\/em><\/p>\n\n<p>T\u00e1 su\u00edomh gr\u00e9as\u00e1in D\u00fail sa D\u00falra \u00e1 riar ag an tSeirbh\u00eds P\u00e1irceanna N\u00e1isi\u00fanta agus Fiadh\u00falra (cuid de Rann\u00f3g Oidhreachta na Roinne Tith\u00edochta, Rialtais \u00c1iti\u00fail &amp; Oidhreachta). M\u00e1 leanann t\u00fa muid, is f\u00e9idir leat a bheith ag s\u00fail le post\u00e1lacha agus \/ n\u00f3 tvu\u00edteanna a chl\u00fada\u00edonn raon leathan saincheisteanna a bhaineann le hoidhreacht n\u00e1d\u00fartha agus feasacht bith\u00e9ags\u00falachta chomh maith le hobair an NPWS agus \u00e1r m\u00e1thair-Roinn, lena n-\u00e1ir\u00edtear na nithe seo a leanas (ach gan a bheith teoranta d\u00f3ibh):<\/p>\n\n<ul class=\"wp-block-list\"><li>Tionscnaimh feasachta agus imeachta\u00ed at\u00e1 maoinithe i bp\u00e1irt n\u00f3 go hioml\u00e1n ag an Roinn n\u00f3 ag gn\u00edomhaireachta\u00ed St\u00e1it eile.<\/li><li>Nuashonruithe ar shonra\u00ed NPWS agus ar sheirbh\u00eds\u00ed GIS.<\/li><li>Eolas faoi imeachta\u00ed de chuid NPWS\/ An Roinn Tith\u00edochta, Rialtais \u00c1iti\u00fail agus Oidhreachta.<\/li><li>Fol\u00e1irimh faoi \u00e1bhar nua ar \u00e1r su\u00edomh gr\u00e9as\u00e1in agus ar shu\u00edomh gr\u00e9as\u00e1in NPWS, <a href=\"https:\/\/www.npws.ie\/\">npws.ie<\/a>.<\/li><li>Faisn\u00e9is phraitici\u00fail eile ar sheirbh\u00eds\u00ed at\u00e1 ar f\u00e1il tr\u00edd an NPWS agus\/n\u00f3 an Roinn Tith\u00edochta, Rialtais \u00c1iti\u00fail &amp; Oidhreachta.<\/li><li>Naisc chuig faisn\u00e9is \u00f3 eagra\u00edochta\u00ed n\u00f3 faoi eagra\u00edochta\u00ed eile, poibl\u00ed agus pr\u00edobh\u00e1ideach, san earn\u00e1il Oidhreachta.<\/li><\/ul>\n\n<p><em>Na cuntais a bh\u00edonn \u00e1 lean\u00faint againn:<\/em><\/p>\n\n<p>Tabhair ar aird, m\u00e1 leanann t\u00fa muid, t\u00e1 seans ann nach leanfaimid ar ais t\u00fa. D\u00e9anaimid ar an mbealach seo \u00e9 chun cabhr\u00fa len\u00e1r leant\u00f3ir\u00ed cuntais Twitter eile at\u00e1 \u00e1 lean\u00faint againn a aithint, mar shampla Ranna eile Rialtais agus gn\u00edomhaireachta\u00ed cur chun cinn st\u00e1it, Tithe an Oireachtais, institi\u00faid\u00ed Eorpacha \u00e1bhartha agus cuntais a bhfuil baint ar leith acu le hoidhreacht na h\u00c9ireann.<\/p>\n\n<p><em>Freagra\u00ed agus Teachtaireachta\u00ed D\u00edreacha<\/em><\/p>\n\n<p>C\u00e9 go gcuirimid f\u00e1ilte roimh aiseolas agus smaointe \u00f3n\u00e1r leant\u00f3ir\u00ed go l\u00e9ir, n\u00ed f\u00e9idir linn freagra a thabhairt ar bhonn aonair ar theachtaireachta\u00ed a fhaighimid tr\u00ed Twitter. Is \u00e9 an bealach is fearr chun fiosr\u00fach\u00e1n a chur in i\u00fal d\u00fainn ag D\u00fail sa D\u00falra n\u00e1 an seoladh r\u00edomhphoist <a href=\"mailto:biodiversitypolicy@npws.gov.ie\">biodiversitypolicy@npws.gov.ie<\/a> a \u00fas\u00e1id.<\/p>\n\n<p>N\u00e1 cuir faisn\u00e9is phearsanta\/phr\u00edobh\u00e1ideach isteach i do chuid tvu\u00edteanna chugainn, le do thoil.<\/p>\n\n<p><em>Atvu\u00edteanna<\/em><\/p>\n\n<p>N\u00ed dh\u00e9anfaimid ach faisn\u00e9is at\u00e1 ag teacht le treoirl\u00ednte na Roinne a atvu\u00edte\u00e1il. N\u00edor cheart f\u00e9achaint ar atvu\u00edteanna mar fhormhuini\u00fa faisn\u00e9ise.<\/p>\n\n<p><em>Infhaighteacht<\/em><\/p>\n\n<p>B\u2019fh\u00e9idir nach mbeadh Twitter ar f\u00e1il \u00f3 am go ch\u00e9ile agus n\u00ed ghlacaimid le haon fhreagracht as easpa seirbh\u00edse mar gheall ar aga neamhfh\u00f3naimh Twitter.<\/p>\n\n<p>Mar thoradh ar thvu\u00edteanna maslacha n\u00f3 turscair cuirfear bac ar leant\u00f3ir\u00ed agus d\u00e9anfar gear\u00e1n f\u00fathu d\u00edreach le Twitter.<\/p>\n","protected":false},"excerpt":{"rendered":"<p>C\u00e9 muid: T\u00e1 su\u00edomh gr\u00e9as\u00e1in D\u00fail sa D\u00falra \u00e1 riar ag an tSeirbh\u00eds P\u00e1irceanna N\u00e1isi\u00fanta agus Fiadh\u00falra (cuid de Rann\u00f3g Oidhreachta na Roinne Tith\u00edochta, Rialtais \u00c1iti\u00fail &amp; Oidhreachta). M\u00e1 leanann t\u00fa muid, is f\u00e9idir leat a bheith ag s\u00fail le post\u00e1lacha agus \/ n\u00f3 tvu\u00edteanna a chl\u00fada\u00edonn raon leathan saincheisteanna a bhaineann le hoidhreacht n\u00e1d\u00fartha [&hellip;]<\/p>\n","protected":false},"author":2,"featured_media":0,"parent":1646,"menu_order":0,"comment_status":"closed","ping_status":"closed","template":"","meta":{"footnotes":""},"class_list":["post-1648","page","type-page","status-publish","hentry","post"],"yoast_head":"<!-- This site is optimized with the Yoast SEO plugin v27.3 - https:\/\/yoast.com\/product\/yoast-seo-wordpress\/ -->\n<title>Beartas Me\u00e1n S\u00f3isialta - D\u00fail sa D\u00falra<\/title>\n<meta name=\"robots\" content=\"index, follow, max-snippet:-1, max-image-preview:large, max-video-preview:-1\" \/>\n<link rel=\"canonical\" href=\"https:\/\/www.noticenature.ie\/ga\/eolas-faoi-duil-sa-dulra\/teagmhail\/beartas-mean-soisialta\/\" \/>\n<meta property=\"og:locale\" content=\"ga_IE\" \/>\n<meta property=\"og:type\" content=\"article\" \/>\n<meta property=\"og:title\" content=\"Beartas Me\u00e1n S\u00f3isialta - D\u00fail sa D\u00falra\" \/>\n<meta property=\"og:description\" content=\"C\u00e9 muid: T\u00e1 su\u00edomh gr\u00e9as\u00e1in D\u00fail sa D\u00falra \u00e1 riar ag an tSeirbh\u00eds P\u00e1irceanna N\u00e1isi\u00fanta agus Fiadh\u00falra (cuid de Rann\u00f3g Oidhreachta na Roinne Tith\u00edochta, Rialtais \u00c1iti\u00fail &amp; Oidhreachta). M\u00e1 leanann t\u00fa muid, is f\u00e9idir leat a bheith ag s\u00fail le post\u00e1lacha agus \/ n\u00f3 tvu\u00edteanna a chl\u00fada\u00edonn raon leathan saincheisteanna a bhaineann le hoidhreacht n\u00e1d\u00fartha [&hellip;]\" \/>\n<meta property=\"og:url\" content=\"https:\/\/www.noticenature.ie\/ga\/eolas-faoi-duil-sa-dulra\/teagmhail\/beartas-mean-soisialta\/\" \/>\n<meta property=\"og:site_name\" content=\"D\u00fail sa D\u00falra\" \/>\n<meta property=\"article:publisher\" content=\"https:\/\/www.facebook.com\/profile.php?id=100066240890743\" \/>\n<meta property=\"article:modified_time\" content=\"2022-06-17T17:26:59+00:00\" \/>\n<meta name=\"twitter:card\" content=\"summary_large_image\" \/>\n<meta name=\"twitter:site\" content=\"@Notice_Nature\" \/>\n<meta name=\"twitter:label1\" content=\"Est. reading time\" \/>\n\t<meta name=\"twitter:data1\" content=\"2 minutes\" \/>\n<script type=\"application\/ld+json\" class=\"yoast-schema-graph\">{\"@context\":\"https:\\\/\\\/schema.org\",\"@graph\":[{\"@type\":\"WebPage\",\"@id\":\"https:\\\/\\\/www.noticenature.ie\\\/ga\\\/eolas-faoi-duil-sa-dulra\\\/teagmhail\\\/beartas-mean-soisialta\\\/\",\"url\":\"https:\\\/\\\/www.noticenature.ie\\\/ga\\\/eolas-faoi-duil-sa-dulra\\\/teagmhail\\\/beartas-mean-soisialta\\\/\",\"name\":\"Beartas Me\u00e1n S\u00f3isialta - D\u00fail sa D\u00falra\",\"isPartOf\":{\"@id\":\"https:\\\/\\\/www.noticenature.ie\\\/ga\\\/#website\"},\"datePublished\":\"2016-05-25T14:52:05+00:00\",\"dateModified\":\"2022-06-17T17:26:59+00:00\",\"breadcrumb\":{\"@id\":\"https:\\\/\\\/www.noticenature.ie\\\/ga\\\/eolas-faoi-duil-sa-dulra\\\/teagmhail\\\/beartas-mean-soisialta\\\/#breadcrumb\"},\"inLanguage\":\"ga-IE\",\"potentialAction\":[{\"@type\":\"ReadAction\",\"target\":[\"https:\\\/\\\/www.noticenature.ie\\\/ga\\\/eolas-faoi-duil-sa-dulra\\\/teagmhail\\\/beartas-mean-soisialta\\\/\"]}]},{\"@type\":\"BreadcrumbList\",\"@id\":\"https:\\\/\\\/www.noticenature.ie\\\/ga\\\/eolas-faoi-duil-sa-dulra\\\/teagmhail\\\/beartas-mean-soisialta\\\/#breadcrumb\",\"itemListElement\":[{\"@type\":\"ListItem\",\"position\":1,\"name\":\"Home\",\"item\":\"https:\\\/\\\/www.noticenature.ie\\\/ga\\\/1600-2\\\/\"},{\"@type\":\"ListItem\",\"position\":2,\"name\":\"Maidir le D\u00fail sa D\u00falra\",\"item\":\"https:\\\/\\\/www.noticenature.ie\\\/ga\\\/eolas-faoi-duil-sa-dulra\\\/\"},{\"@type\":\"ListItem\",\"position\":3,\"name\":\"Teagmh\u00e1il\",\"item\":\"https:\\\/\\\/www.noticenature.ie\\\/ga\\\/eolas-faoi-duil-sa-dulra\\\/teagmhail\\\/\"},{\"@type\":\"ListItem\",\"position\":4,\"name\":\"Beartas Me\u00e1n S\u00f3isialta\"}]},{\"@type\":\"WebSite\",\"@id\":\"https:\\\/\\\/www.noticenature.ie\\\/ga\\\/#website\",\"url\":\"https:\\\/\\\/www.noticenature.ie\\\/ga\\\/\",\"name\":\"D\u00fail sa D\u00falra\",\"description\":\"Action on Biodiversity Loss\",\"potentialAction\":[{\"@type\":\"SearchAction\",\"target\":{\"@type\":\"EntryPoint\",\"urlTemplate\":\"https:\\\/\\\/www.noticenature.ie\\\/ga\\\/?s={search_term_string}\"},\"query-input\":{\"@type\":\"PropertyValueSpecification\",\"valueRequired\":true,\"valueName\":\"search_term_string\"}}],\"inLanguage\":\"ga-IE\"}]}<\/script>\n<!-- \/ Yoast SEO plugin. -->","yoast_head_json":{"title":"Beartas Me\u00e1n S\u00f3isialta - D\u00fail sa D\u00falra","robots":{"index":"index","follow":"follow","max-snippet":"max-snippet:-1","max-image-preview":"max-image-preview:large","max-video-preview":"max-video-preview:-1"},"canonical":"https:\/\/www.noticenature.ie\/ga\/eolas-faoi-duil-sa-dulra\/teagmhail\/beartas-mean-soisialta\/","og_locale":"ga_IE","og_type":"article","og_title":"Beartas Me\u00e1n S\u00f3isialta - D\u00fail sa D\u00falra","og_description":"C\u00e9 muid: T\u00e1 su\u00edomh gr\u00e9as\u00e1in D\u00fail sa D\u00falra \u00e1 riar ag an tSeirbh\u00eds P\u00e1irceanna N\u00e1isi\u00fanta agus Fiadh\u00falra (cuid de Rann\u00f3g Oidhreachta na Roinne Tith\u00edochta, Rialtais \u00c1iti\u00fail &amp; Oidhreachta). M\u00e1 leanann t\u00fa muid, is f\u00e9idir leat a bheith ag s\u00fail le post\u00e1lacha agus \/ n\u00f3 tvu\u00edteanna a chl\u00fada\u00edonn raon leathan saincheisteanna a bhaineann le hoidhreacht n\u00e1d\u00fartha [&hellip;]","og_url":"https:\/\/www.noticenature.ie\/ga\/eolas-faoi-duil-sa-dulra\/teagmhail\/beartas-mean-soisialta\/","og_site_name":"D\u00fail sa D\u00falra","article_publisher":"https:\/\/www.facebook.com\/profile.php?id=100066240890743","article_modified_time":"2022-06-17T17:26:59+00:00","twitter_card":"summary_large_image","twitter_site":"@Notice_Nature","twitter_misc":{"Est. reading time":"2 minutes"},"schema":{"@context":"https:\/\/schema.org","@graph":[{"@type":"WebPage","@id":"https:\/\/www.noticenature.ie\/ga\/eolas-faoi-duil-sa-dulra\/teagmhail\/beartas-mean-soisialta\/","url":"https:\/\/www.noticenature.ie\/ga\/eolas-faoi-duil-sa-dulra\/teagmhail\/beartas-mean-soisialta\/","name":"Beartas Me\u00e1n S\u00f3isialta - D\u00fail sa D\u00falra","isPartOf":{"@id":"https:\/\/www.noticenature.ie\/ga\/#website"},"datePublished":"2016-05-25T14:52:05+00:00","dateModified":"2022-06-17T17:26:59+00:00","breadcrumb":{"@id":"https:\/\/www.noticenature.ie\/ga\/eolas-faoi-duil-sa-dulra\/teagmhail\/beartas-mean-soisialta\/#breadcrumb"},"inLanguage":"ga-IE","potentialAction":[{"@type":"ReadAction","target":["https:\/\/www.noticenature.ie\/ga\/eolas-faoi-duil-sa-dulra\/teagmhail\/beartas-mean-soisialta\/"]}]},{"@type":"BreadcrumbList","@id":"https:\/\/www.noticenature.ie\/ga\/eolas-faoi-duil-sa-dulra\/teagmhail\/beartas-mean-soisialta\/#breadcrumb","itemListElement":[{"@type":"ListItem","position":1,"name":"Home","item":"https:\/\/www.noticenature.ie\/ga\/1600-2\/"},{"@type":"ListItem","position":2,"name":"Maidir le D\u00fail sa D\u00falra","item":"https:\/\/www.noticenature.ie\/ga\/eolas-faoi-duil-sa-dulra\/"},{"@type":"ListItem","position":3,"name":"Teagmh\u00e1il","item":"https:\/\/www.noticenature.ie\/ga\/eolas-faoi-duil-sa-dulra\/teagmhail\/"},{"@type":"ListItem","position":4,"name":"Beartas Me\u00e1n S\u00f3isialta"}]},{"@type":"WebSite","@id":"https:\/\/www.noticenature.ie\/ga\/#website","url":"https:\/\/www.noticenature.ie\/ga\/","name":"D\u00fail sa D\u00falra","description":"Action on Biodiversity Loss","potentialAction":[{"@type":"SearchAction","target":{"@type":"EntryPoint","urlTemplate":"https:\/\/www.noticenature.ie\/ga\/?s={search_term_string}"},"query-input":{"@type":"PropertyValueSpecification","valueRequired":true,"valueName":"search_term_string"}}],"inLanguage":"ga-IE"}]}},"_links":{"self":[{"href":"https:\/\/www.noticenature.ie\/ga\/wp-json\/wp\/v2\/pages\/1648","targetHints":{"allow":["GET"]}}],"collection":[{"href":"https:\/\/www.noticenature.ie\/ga\/wp-json\/wp\/v2\/pages"}],"about":[{"href":"https:\/\/www.noticenature.ie\/ga\/wp-json\/wp\/v2\/types\/page"}],"author":[{"embeddable":true,"href":"https:\/\/www.noticenature.ie\/ga\/wp-json\/wp\/v2\/users\/2"}],"replies":[{"embeddable":true,"href":"https:\/\/www.noticenature.ie\/ga\/wp-json\/wp\/v2\/comments?post=1648"}],"version-history":[{"count":4,"href":"https:\/\/www.noticenature.ie\/ga\/wp-json\/wp\/v2\/pages\/1648\/revisions"}],"predecessor-version":[{"id":1896,"href":"https:\/\/www.noticenature.ie\/ga\/wp-json\/wp\/v2\/pages\/1648\/revisions\/1896"}],"up":[{"embeddable":true,"href":"https:\/\/www.noticenature.ie\/ga\/wp-json\/wp\/v2\/pages\/1646"}],"wp:attachment":[{"href":"https:\/\/www.noticenature.ie\/ga\/wp-json\/wp\/v2\/media?parent=1648"}],"curies":[{"name":"wp","href":"https:\/\/api.w.org\/{rel}","templated":true}]}}