{"id":1646,"date":"2015-08-31T16:49:36","date_gmt":"2015-08-31T16:49:36","guid":{"rendered":"https:\/\/www.noticenature.ie\/teagmhail\/"},"modified":"2022-06-17T17:26:45","modified_gmt":"2022-06-17T17:26:45","slug":"teagmhail","status":"publish","type":"page","link":"https:\/\/www.noticenature.ie\/ga\/eolas-faoi-duil-sa-dulra\/teagmhail\/","title":{"rendered":"Teagmh\u00e1il"},"content":{"rendered":"\n<p>Is f\u00e9idir ceisteanna n\u00f3 tuairim\u00ed a sheoladh chuig D\u00fail sa D\u00falra ar <a href=\"mailto:biodiversitypolicy@npws.gov.ie?subject=Query%20from%20Notice%20Nature%20Website\">r\u00edomhphost <\/a>n\u00f3 mar rogha air sin is f\u00e9idir leat teagmh\u00e1il a dh\u00e9anamh linn ag an tSeirbh\u00eds P\u00e1irceanna N\u00e1isi\u00fanta agus Fiadh\u00falra ar an teileaf\u00f3n n\u00f3 tr\u00ed scr\u00edobh chugainn ag an seoladh th\u00edos:<\/p>\n\n<p>D\u00fail sa D\u00falra<br\/>f\/ch An tSeirbh\u00eds P\u00e1irceanna N\u00e1isi\u00fanta &amp; Fiadh\u00falra<br\/>3\u00fa hUrl\u00e1r<br\/>Pl\u00e1s \u00cdle<br\/>Baile \u00c1tha Cliath 02 TW98<br\/>\u00c9ire<\/p>\n\n<p><iframe loading=\"lazy\" style=\"border: 0px;\" title=\"An tSeirbh&#xED;s P&#xE1;irceanna N&#xE1;isi&#xFA;nta agus Fiadh&#xFA;lra - Google Maps\" src=\"https:\/\/www.google.com\/maps\/embed?pb=!1m18!1m12!1m3!1d2382.304416447825!2d-6.253635845451677!3d53.33780670452781!2m3!1f0!2f0!3f0!3m2!1i1024!2i768!4f13.1!3m3!1m2!1s0x0000000000000000%3A0x57ba53736b3db1c9!2sNational+Parks+%26+Wildlife+Service!5e0!3m2!1sen!2sie!4v1462808879406\" width=\"400\" height=\"300\" frameborder=\"0\" allowfullscreen=\"allowfullscreen\"><\/iframe><\/p>\n\n<p>Is f\u00e9idir leat <a href=\"https:\/\/www.facebook.com\/Notice-Nature-1592145734437418\/timeline\" target=\"_blank\" rel=\"noopener\">D\u00fail sa D\u00falra a lean\u00faint ar Facebook freisin.<\/a><\/p>\n","protected":false},"excerpt":{"rendered":"<p>Is f\u00e9idir ceisteanna n\u00f3 tuairim\u00ed a sheoladh chuig D\u00fail sa D\u00falra ar r\u00edomhphost n\u00f3 mar rogha air sin is f\u00e9idir leat teagmh\u00e1il a dh\u00e9anamh linn ag an tSeirbh\u00eds P\u00e1irceanna N\u00e1isi\u00fanta agus Fiadh\u00falra ar an teileaf\u00f3n n\u00f3 tr\u00ed scr\u00edobh chugainn ag an seoladh th\u00edos: D\u00fail sa D\u00falraf\/ch An tSeirbh\u00eds P\u00e1irceanna N\u00e1isi\u00fanta &amp; Fiadh\u00falra3\u00fa hUrl\u00e1rPl\u00e1s \u00cdleBaile \u00c1tha [&hellip;]<\/p>\n","protected":false},"author":2,"featured_media":0,"parent":1679,"menu_order":8,"comment_status":"closed","ping_status":"closed","template":"","meta":{"footnotes":""},"class_list":["post-1646","page","type-page","status-publish","hentry","post"],"yoast_head":"<!-- This site is optimized with the Yoast SEO plugin v27.3 - https:\/\/yoast.com\/product\/yoast-seo-wordpress\/ -->\n<title>Teagmh\u00e1il - D\u00fail sa D\u00falra<\/title>\n<meta name=\"robots\" content=\"index, follow, max-snippet:-1, max-image-preview:large, max-video-preview:-1\" \/>\n<link rel=\"canonical\" href=\"https:\/\/www.noticenature.ie\/ga\/eolas-faoi-duil-sa-dulra\/teagmhail\/\" \/>\n<meta property=\"og:locale\" content=\"ga_IE\" \/>\n<meta property=\"og:type\" content=\"article\" \/>\n<meta property=\"og:title\" content=\"Teagmh\u00e1il - D\u00fail sa D\u00falra\" \/>\n<meta property=\"og:description\" content=\"Is f\u00e9idir ceisteanna n\u00f3 tuairim\u00ed a sheoladh chuig D\u00fail sa D\u00falra ar r\u00edomhphost n\u00f3 mar rogha air sin is f\u00e9idir leat teagmh\u00e1il a dh\u00e9anamh linn ag an tSeirbh\u00eds P\u00e1irceanna N\u00e1isi\u00fanta agus Fiadh\u00falra ar an teileaf\u00f3n n\u00f3 tr\u00ed scr\u00edobh chugainn ag an seoladh th\u00edos: D\u00fail sa D\u00falraf\/ch An tSeirbh\u00eds P\u00e1irceanna N\u00e1isi\u00fanta &amp; Fiadh\u00falra3\u00fa hUrl\u00e1rPl\u00e1s \u00cdleBaile \u00c1tha [&hellip;]\" \/>\n<meta property=\"og:url\" content=\"https:\/\/www.noticenature.ie\/ga\/eolas-faoi-duil-sa-dulra\/teagmhail\/\" \/>\n<meta property=\"og:site_name\" content=\"D\u00fail sa D\u00falra\" \/>\n<meta property=\"article:publisher\" content=\"https:\/\/www.facebook.com\/profile.php?id=100066240890743\" \/>\n<meta property=\"article:modified_time\" content=\"2022-06-17T17:26:45+00:00\" \/>\n<meta name=\"twitter:card\" content=\"summary_large_image\" \/>\n<meta name=\"twitter:site\" content=\"@Notice_Nature\" \/>\n<script type=\"application\/ld+json\" class=\"yoast-schema-graph\">{\"@context\":\"https:\\\/\\\/schema.org\",\"@graph\":[{\"@type\":\"WebPage\",\"@id\":\"https:\\\/\\\/www.noticenature.ie\\\/ga\\\/eolas-faoi-duil-sa-dulra\\\/teagmhail\\\/\",\"url\":\"https:\\\/\\\/www.noticenature.ie\\\/ga\\\/eolas-faoi-duil-sa-dulra\\\/teagmhail\\\/\",\"name\":\"Teagmh\u00e1il - D\u00fail sa D\u00falra\",\"isPartOf\":{\"@id\":\"https:\\\/\\\/www.noticenature.ie\\\/ga\\\/#website\"},\"datePublished\":\"2015-08-31T16:49:36+00:00\",\"dateModified\":\"2022-06-17T17:26:45+00:00\",\"breadcrumb\":{\"@id\":\"https:\\\/\\\/www.noticenature.ie\\\/ga\\\/eolas-faoi-duil-sa-dulra\\\/teagmhail\\\/#breadcrumb\"},\"inLanguage\":\"ga-IE\",\"potentialAction\":[{\"@type\":\"ReadAction\",\"target\":[\"https:\\\/\\\/www.noticenature.ie\\\/ga\\\/eolas-faoi-duil-sa-dulra\\\/teagmhail\\\/\"]}]},{\"@type\":\"BreadcrumbList\",\"@id\":\"https:\\\/\\\/www.noticenature.ie\\\/ga\\\/eolas-faoi-duil-sa-dulra\\\/teagmhail\\\/#breadcrumb\",\"itemListElement\":[{\"@type\":\"ListItem\",\"position\":1,\"name\":\"Home\",\"item\":\"https:\\\/\\\/www.noticenature.ie\\\/ga\\\/1600-2\\\/\"},{\"@type\":\"ListItem\",\"position\":2,\"name\":\"Maidir le D\u00fail sa D\u00falra\",\"item\":\"https:\\\/\\\/www.noticenature.ie\\\/ga\\\/eolas-faoi-duil-sa-dulra\\\/\"},{\"@type\":\"ListItem\",\"position\":3,\"name\":\"Teagmh\u00e1il\"}]},{\"@type\":\"WebSite\",\"@id\":\"https:\\\/\\\/www.noticenature.ie\\\/ga\\\/#website\",\"url\":\"https:\\\/\\\/www.noticenature.ie\\\/ga\\\/\",\"name\":\"D\u00fail sa D\u00falra\",\"description\":\"Action on Biodiversity Loss\",\"potentialAction\":[{\"@type\":\"SearchAction\",\"target\":{\"@type\":\"EntryPoint\",\"urlTemplate\":\"https:\\\/\\\/www.noticenature.ie\\\/ga\\\/?s={search_term_string}\"},\"query-input\":{\"@type\":\"PropertyValueSpecification\",\"valueRequired\":true,\"valueName\":\"search_term_string\"}}],\"inLanguage\":\"ga-IE\"}]}<\/script>\n<!-- \/ Yoast SEO plugin. -->","yoast_head_json":{"title":"Teagmh\u00e1il - D\u00fail sa D\u00falra","robots":{"index":"index","follow":"follow","max-snippet":"max-snippet:-1","max-image-preview":"max-image-preview:large","max-video-preview":"max-video-preview:-1"},"canonical":"https:\/\/www.noticenature.ie\/ga\/eolas-faoi-duil-sa-dulra\/teagmhail\/","og_locale":"ga_IE","og_type":"article","og_title":"Teagmh\u00e1il - D\u00fail sa D\u00falra","og_description":"Is f\u00e9idir ceisteanna n\u00f3 tuairim\u00ed a sheoladh chuig D\u00fail sa D\u00falra ar r\u00edomhphost n\u00f3 mar rogha air sin is f\u00e9idir leat teagmh\u00e1il a dh\u00e9anamh linn ag an tSeirbh\u00eds P\u00e1irceanna N\u00e1isi\u00fanta agus Fiadh\u00falra ar an teileaf\u00f3n n\u00f3 tr\u00ed scr\u00edobh chugainn ag an seoladh th\u00edos: D\u00fail sa D\u00falraf\/ch An tSeirbh\u00eds P\u00e1irceanna N\u00e1isi\u00fanta &amp; Fiadh\u00falra3\u00fa hUrl\u00e1rPl\u00e1s \u00cdleBaile \u00c1tha [&hellip;]","og_url":"https:\/\/www.noticenature.ie\/ga\/eolas-faoi-duil-sa-dulra\/teagmhail\/","og_site_name":"D\u00fail sa D\u00falra","article_publisher":"https:\/\/www.facebook.com\/profile.php?id=100066240890743","article_modified_time":"2022-06-17T17:26:45+00:00","twitter_card":"summary_large_image","twitter_site":"@Notice_Nature","schema":{"@context":"https:\/\/schema.org","@graph":[{"@type":"WebPage","@id":"https:\/\/www.noticenature.ie\/ga\/eolas-faoi-duil-sa-dulra\/teagmhail\/","url":"https:\/\/www.noticenature.ie\/ga\/eolas-faoi-duil-sa-dulra\/teagmhail\/","name":"Teagmh\u00e1il - D\u00fail sa D\u00falra","isPartOf":{"@id":"https:\/\/www.noticenature.ie\/ga\/#website"},"datePublished":"2015-08-31T16:49:36+00:00","dateModified":"2022-06-17T17:26:45+00:00","breadcrumb":{"@id":"https:\/\/www.noticenature.ie\/ga\/eolas-faoi-duil-sa-dulra\/teagmhail\/#breadcrumb"},"inLanguage":"ga-IE","potentialAction":[{"@type":"ReadAction","target":["https:\/\/www.noticenature.ie\/ga\/eolas-faoi-duil-sa-dulra\/teagmhail\/"]}]},{"@type":"BreadcrumbList","@id":"https:\/\/www.noticenature.ie\/ga\/eolas-faoi-duil-sa-dulra\/teagmhail\/#breadcrumb","itemListElement":[{"@type":"ListItem","position":1,"name":"Home","item":"https:\/\/www.noticenature.ie\/ga\/1600-2\/"},{"@type":"ListItem","position":2,"name":"Maidir le D\u00fail sa D\u00falra","item":"https:\/\/www.noticenature.ie\/ga\/eolas-faoi-duil-sa-dulra\/"},{"@type":"ListItem","position":3,"name":"Teagmh\u00e1il"}]},{"@type":"WebSite","@id":"https:\/\/www.noticenature.ie\/ga\/#website","url":"https:\/\/www.noticenature.ie\/ga\/","name":"D\u00fail sa D\u00falra","description":"Action on Biodiversity Loss","potentialAction":[{"@type":"SearchAction","target":{"@type":"EntryPoint","urlTemplate":"https:\/\/www.noticenature.ie\/ga\/?s={search_term_string}"},"query-input":{"@type":"PropertyValueSpecification","valueRequired":true,"valueName":"search_term_string"}}],"inLanguage":"ga-IE"}]}},"_links":{"self":[{"href":"https:\/\/www.noticenature.ie\/ga\/wp-json\/wp\/v2\/pages\/1646","targetHints":{"allow":["GET"]}}],"collection":[{"href":"https:\/\/www.noticenature.ie\/ga\/wp-json\/wp\/v2\/pages"}],"about":[{"href":"https:\/\/www.noticenature.ie\/ga\/wp-json\/wp\/v2\/types\/page"}],"author":[{"embeddable":true,"href":"https:\/\/www.noticenature.ie\/ga\/wp-json\/wp\/v2\/users\/2"}],"replies":[{"embeddable":true,"href":"https:\/\/www.noticenature.ie\/ga\/wp-json\/wp\/v2\/comments?post=1646"}],"version-history":[{"count":4,"href":"https:\/\/www.noticenature.ie\/ga\/wp-json\/wp\/v2\/pages\/1646\/revisions"}],"predecessor-version":[{"id":1892,"href":"https:\/\/www.noticenature.ie\/ga\/wp-json\/wp\/v2\/pages\/1646\/revisions\/1892"}],"up":[{"embeddable":true,"href":"https:\/\/www.noticenature.ie\/ga\/wp-json\/wp\/v2\/pages\/1679"}],"wp:attachment":[{"href":"https:\/\/www.noticenature.ie\/ga\/wp-json\/wp\/v2\/media?parent=1646"}],"curies":[{"name":"wp","href":"https:\/\/api.w.org\/{rel}","templated":true}]}}