{"id":1644,"date":"2015-08-31T10:45:56","date_gmt":"2015-08-31T10:45:56","guid":{"rendered":"https:\/\/www.noticenature.ie\/foilseachain\/"},"modified":"2025-01-13T12:26:44","modified_gmt":"2025-01-13T12:26:44","slug":"foilseachain","status":"publish","type":"page","link":"https:\/\/www.noticenature.ie\/ga\/foilseachain\/","title":{"rendered":"Foilseach\u00e1in"},"content":{"rendered":"\n<p>T\u00e1 r\u00e9imse foilseach\u00e1n agus acmhainn\u00ed le f\u00e1il anseo \u00f3 roinnt gn\u00edomhaireachta\u00ed agus eagra\u00edochta\u00ed a bhaineann leis an d\u00falra, leis an bhfiadh\u00falra agus le hoidhreacht n\u00e1d\u00fartha na t\u00edre. Is f\u00e9idir fiosr\u00fach\u00e1in maidir le hinfhaighteacht c\u00f3ipeanna p\u00e1ip\u00e9ir d\u2019aon cheann de na foilseach\u00e1in a luaitear ar \u00e1r su\u00edomh a sheoladh ar <a href=\"mailto:biodiversitypolicy@npws.gov.ie\">r\u00edomhphost chuig D\u00fail sa D\u00falra <\/a> n\u00f3, de rogha air sin, is f\u00e9idir iad a sheoladh tr\u00edd an bpost chuig \u00e1r n-oifig i mBaile \u00c1tha Cliath.<\/p>\n\n<ul class=\"wp-block-list\">\n<li><a style=\"font-weight: bold; text-align: center;\" href=\"https:\/\/www.noticenature.ie\/ga\/foilseachain\/tuarascalacha\/\">Tuarasc\u00e1lacha &amp; Pleananna<\/a><\/li>\n\n\n\n<li><a style=\"font-weight: bold; text-align: center;\" href=\"https:\/\/www.noticenature.ie\/ga\/foilseachain\/leabhrain-bileoga\/\">Leabhr\u00e1in &amp; Bileoga<\/a><\/li>\n\n\n\n<li><a style=\"font-weight: bold; text-align: center;\" href=\"https:\/\/www.noticenature.ie\/ga\/foilseachain\/enfo\/\">an tSeirbh\u00eds Eolais Comhshaoil<\/a><\/li>\n\n\n\n<li><a href=\"https:\/\/www.noticenature.ie\/ga\/foilseachain\/bileoga-firici-treoirlinte\/\"><strong>Treoirl\u00ednte<\/strong><\/a><\/li>\n\n\n\n<li><strong><a href=\"https:\/\/www.noticenature.ie\/ga\/foilseachain\/postaeir\/\">P\u00f3staeir<\/a><\/strong><\/li>\n<\/ul>\n\n<p><\/p>\n","protected":false},"excerpt":{"rendered":"<p>T\u00e1 r\u00e9imse foilseach\u00e1n agus acmhainn\u00ed le f\u00e1il anseo \u00f3 roinnt gn\u00edomhaireachta\u00ed agus eagra\u00edochta\u00ed a bhaineann leis an d\u00falra, leis an bhfiadh\u00falra agus le hoidhreacht n\u00e1d\u00fartha na t\u00edre. Is f\u00e9idir fiosr\u00fach\u00e1in maidir le hinfhaighteacht c\u00f3ipeanna p\u00e1ip\u00e9ir d\u2019aon cheann de na foilseach\u00e1in a luaitear ar \u00e1r su\u00edomh a sheoladh ar r\u00edomhphost chuig D\u00fail sa D\u00falra n\u00f3, de [&hellip;]<\/p>\n","protected":false},"author":2,"featured_media":0,"parent":0,"menu_order":5,"comment_status":"closed","ping_status":"closed","template":"","meta":{"footnotes":""},"class_list":["post-1644","page","type-page","status-publish","hentry","post"],"yoast_head":"<!-- This site is optimized with the Yoast SEO plugin v27.3 - https:\/\/yoast.com\/product\/yoast-seo-wordpress\/ -->\n<title>Foilseach\u00e1in - D\u00fail sa D\u00falra<\/title>\n<meta name=\"robots\" content=\"index, follow, max-snippet:-1, max-image-preview:large, max-video-preview:-1\" \/>\n<link rel=\"canonical\" href=\"https:\/\/www.noticenature.ie\/ga\/foilseachain\/\" \/>\n<meta property=\"og:locale\" content=\"ga_IE\" \/>\n<meta property=\"og:type\" content=\"article\" \/>\n<meta property=\"og:title\" content=\"Foilseach\u00e1in - D\u00fail sa D\u00falra\" \/>\n<meta property=\"og:description\" content=\"T\u00e1 r\u00e9imse foilseach\u00e1n agus acmhainn\u00ed le f\u00e1il anseo \u00f3 roinnt gn\u00edomhaireachta\u00ed agus eagra\u00edochta\u00ed a bhaineann leis an d\u00falra, leis an bhfiadh\u00falra agus le hoidhreacht n\u00e1d\u00fartha na t\u00edre. Is f\u00e9idir fiosr\u00fach\u00e1in maidir le hinfhaighteacht c\u00f3ipeanna p\u00e1ip\u00e9ir d\u2019aon cheann de na foilseach\u00e1in a luaitear ar \u00e1r su\u00edomh a sheoladh ar r\u00edomhphost chuig D\u00fail sa D\u00falra n\u00f3, de [&hellip;]\" \/>\n<meta property=\"og:url\" content=\"https:\/\/www.noticenature.ie\/ga\/foilseachain\/\" \/>\n<meta property=\"og:site_name\" content=\"D\u00fail sa D\u00falra\" \/>\n<meta property=\"article:publisher\" content=\"https:\/\/www.facebook.com\/profile.php?id=100066240890743\" \/>\n<meta property=\"article:modified_time\" content=\"2025-01-13T12:26:44+00:00\" \/>\n<meta name=\"twitter:card\" content=\"summary_large_image\" \/>\n<meta name=\"twitter:site\" content=\"@Notice_Nature\" \/>\n<meta name=\"twitter:label1\" content=\"Est. reading time\" \/>\n\t<meta name=\"twitter:data1\" content=\"1 minute\" \/>\n<script type=\"application\/ld+json\" class=\"yoast-schema-graph\">{\"@context\":\"https:\\\/\\\/schema.org\",\"@graph\":[{\"@type\":\"WebPage\",\"@id\":\"https:\\\/\\\/www.noticenature.ie\\\/ga\\\/foilseachain\\\/\",\"url\":\"https:\\\/\\\/www.noticenature.ie\\\/ga\\\/foilseachain\\\/\",\"name\":\"Foilseach\u00e1in - D\u00fail sa D\u00falra\",\"isPartOf\":{\"@id\":\"https:\\\/\\\/www.noticenature.ie\\\/ga\\\/#website\"},\"datePublished\":\"2015-08-31T10:45:56+00:00\",\"dateModified\":\"2025-01-13T12:26:44+00:00\",\"breadcrumb\":{\"@id\":\"https:\\\/\\\/www.noticenature.ie\\\/ga\\\/foilseachain\\\/#breadcrumb\"},\"inLanguage\":\"ga-IE\",\"potentialAction\":[{\"@type\":\"ReadAction\",\"target\":[\"https:\\\/\\\/www.noticenature.ie\\\/ga\\\/foilseachain\\\/\"]}]},{\"@type\":\"BreadcrumbList\",\"@id\":\"https:\\\/\\\/www.noticenature.ie\\\/ga\\\/foilseachain\\\/#breadcrumb\",\"itemListElement\":[{\"@type\":\"ListItem\",\"position\":1,\"name\":\"Home\",\"item\":\"https:\\\/\\\/www.noticenature.ie\\\/ga\\\/1600-2\\\/\"},{\"@type\":\"ListItem\",\"position\":2,\"name\":\"Foilseach\u00e1in\"}]},{\"@type\":\"WebSite\",\"@id\":\"https:\\\/\\\/www.noticenature.ie\\\/ga\\\/#website\",\"url\":\"https:\\\/\\\/www.noticenature.ie\\\/ga\\\/\",\"name\":\"D\u00fail sa D\u00falra\",\"description\":\"Action on Biodiversity Loss\",\"potentialAction\":[{\"@type\":\"SearchAction\",\"target\":{\"@type\":\"EntryPoint\",\"urlTemplate\":\"https:\\\/\\\/www.noticenature.ie\\\/ga\\\/?s={search_term_string}\"},\"query-input\":{\"@type\":\"PropertyValueSpecification\",\"valueRequired\":true,\"valueName\":\"search_term_string\"}}],\"inLanguage\":\"ga-IE\"}]}<\/script>\n<!-- \/ Yoast SEO plugin. -->","yoast_head_json":{"title":"Foilseach\u00e1in - D\u00fail sa D\u00falra","robots":{"index":"index","follow":"follow","max-snippet":"max-snippet:-1","max-image-preview":"max-image-preview:large","max-video-preview":"max-video-preview:-1"},"canonical":"https:\/\/www.noticenature.ie\/ga\/foilseachain\/","og_locale":"ga_IE","og_type":"article","og_title":"Foilseach\u00e1in - D\u00fail sa D\u00falra","og_description":"T\u00e1 r\u00e9imse foilseach\u00e1n agus acmhainn\u00ed le f\u00e1il anseo \u00f3 roinnt gn\u00edomhaireachta\u00ed agus eagra\u00edochta\u00ed a bhaineann leis an d\u00falra, leis an bhfiadh\u00falra agus le hoidhreacht n\u00e1d\u00fartha na t\u00edre. Is f\u00e9idir fiosr\u00fach\u00e1in maidir le hinfhaighteacht c\u00f3ipeanna p\u00e1ip\u00e9ir d\u2019aon cheann de na foilseach\u00e1in a luaitear ar \u00e1r su\u00edomh a sheoladh ar r\u00edomhphost chuig D\u00fail sa D\u00falra n\u00f3, de [&hellip;]","og_url":"https:\/\/www.noticenature.ie\/ga\/foilseachain\/","og_site_name":"D\u00fail sa D\u00falra","article_publisher":"https:\/\/www.facebook.com\/profile.php?id=100066240890743","article_modified_time":"2025-01-13T12:26:44+00:00","twitter_card":"summary_large_image","twitter_site":"@Notice_Nature","twitter_misc":{"Est. reading time":"1 minute"},"schema":{"@context":"https:\/\/schema.org","@graph":[{"@type":"WebPage","@id":"https:\/\/www.noticenature.ie\/ga\/foilseachain\/","url":"https:\/\/www.noticenature.ie\/ga\/foilseachain\/","name":"Foilseach\u00e1in - D\u00fail sa D\u00falra","isPartOf":{"@id":"https:\/\/www.noticenature.ie\/ga\/#website"},"datePublished":"2015-08-31T10:45:56+00:00","dateModified":"2025-01-13T12:26:44+00:00","breadcrumb":{"@id":"https:\/\/www.noticenature.ie\/ga\/foilseachain\/#breadcrumb"},"inLanguage":"ga-IE","potentialAction":[{"@type":"ReadAction","target":["https:\/\/www.noticenature.ie\/ga\/foilseachain\/"]}]},{"@type":"BreadcrumbList","@id":"https:\/\/www.noticenature.ie\/ga\/foilseachain\/#breadcrumb","itemListElement":[{"@type":"ListItem","position":1,"name":"Home","item":"https:\/\/www.noticenature.ie\/ga\/1600-2\/"},{"@type":"ListItem","position":2,"name":"Foilseach\u00e1in"}]},{"@type":"WebSite","@id":"https:\/\/www.noticenature.ie\/ga\/#website","url":"https:\/\/www.noticenature.ie\/ga\/","name":"D\u00fail sa D\u00falra","description":"Action on Biodiversity Loss","potentialAction":[{"@type":"SearchAction","target":{"@type":"EntryPoint","urlTemplate":"https:\/\/www.noticenature.ie\/ga\/?s={search_term_string}"},"query-input":{"@type":"PropertyValueSpecification","valueRequired":true,"valueName":"search_term_string"}}],"inLanguage":"ga-IE"}]}},"_links":{"self":[{"href":"https:\/\/www.noticenature.ie\/ga\/wp-json\/wp\/v2\/pages\/1644","targetHints":{"allow":["GET"]}}],"collection":[{"href":"https:\/\/www.noticenature.ie\/ga\/wp-json\/wp\/v2\/pages"}],"about":[{"href":"https:\/\/www.noticenature.ie\/ga\/wp-json\/wp\/v2\/types\/page"}],"author":[{"embeddable":true,"href":"https:\/\/www.noticenature.ie\/ga\/wp-json\/wp\/v2\/users\/2"}],"replies":[{"embeddable":true,"href":"https:\/\/www.noticenature.ie\/ga\/wp-json\/wp\/v2\/comments?post=1644"}],"version-history":[{"count":5,"href":"https:\/\/www.noticenature.ie\/ga\/wp-json\/wp\/v2\/pages\/1644\/revisions"}],"predecessor-version":[{"id":2306,"href":"https:\/\/www.noticenature.ie\/ga\/wp-json\/wp\/v2\/pages\/1644\/revisions\/2306"}],"wp:attachment":[{"href":"https:\/\/www.noticenature.ie\/ga\/wp-json\/wp\/v2\/media?parent=1644"}],"curies":[{"name":"wp","href":"https:\/\/api.w.org\/{rel}","templated":true}]}}