{"id":1643,"date":"2016-05-25T14:03:14","date_gmt":"2016-05-25T14:03:14","guid":{"rendered":"https:\/\/www.noticenature.ie\/nuacht-imeachtai\/imeachtai-faoi-thracht\/"},"modified":"2022-06-17T17:23:11","modified_gmt":"2022-06-17T17:23:11","slug":"imeachtai-faoi-thracht","status":"publish","type":"page","link":"https:\/\/www.noticenature.ie\/ga\/nuacht-imeachtai\/imeachtai-faoi-thracht\/","title":{"rendered":"Imeachta\u00ed faoi thr\u00e1cht"},"content":{"rendered":"\n<p>Gach bliain eagra\u00edonn gn\u00edomhaireachta\u00ed agus comhlachta\u00ed a bh\u00edonn ag pl\u00e9 le hoidhreacht n\u00e1d\u00fartha na t\u00edre seo f\u00e9ilte, imeachta\u00ed agus cl\u00e1ir speisialta chun feasacht a mh\u00fascailt agus chun daoine a spreagadh p\u00e1irt a ghlacadh sa tasc r\u00edth\u00e1bhachtach maidir le gn\u00e1th\u00f3ga agus speicis na h\u00c9ireann a chaomhn\u00fa.<\/p>\n\n<p>M\u00e1rta: <a href=\"http:\/\/wildlifeday.org\/\" target=\"_blank\" rel=\"noopener\">L\u00e1 Domhanda an Fhiadh\u00falra<\/a><\/p>\n\n<p>Aibre\u00e1n: <a href=\"https:\/\/www.dublinzoo.ie\/\" target=\"_blank\" rel=\"noopener\">Deireadh Seachtaine na Speiceas D\u00fachasach<\/a><\/p>\n\n<p>Bealtaine: <a href=\"https:\/\/www.cbd.int\/idb\/\" target=\"_blank\" rel=\"noopener\">An L\u00e1 Idirn\u00e1isi\u00fanta um \u00c9ags\u00falacht Bhitheola\u00edoch<\/a><\/p>\n\n<p>I\u00fail: <a href=\"http:\/\/seafest.ie\/\" target=\"_blank\" rel=\"noopener\">Seafest \u2013 F\u00e9ile Mhuir\u00ed na h\u00c9ireann<\/a><\/p>\n\n<p>L\u00fanasa: <a href=\"http:\/\/www.heritageweek.ie\/\" target=\"_blank\" rel=\"noopener\">Seachtain na hOidhreachta<\/a><\/p>\n","protected":false},"excerpt":{"rendered":"<p>Gach bliain eagra\u00edonn gn\u00edomhaireachta\u00ed agus comhlachta\u00ed a bh\u00edonn ag pl\u00e9 le hoidhreacht n\u00e1d\u00fartha na t\u00edre seo f\u00e9ilte, imeachta\u00ed agus cl\u00e1ir speisialta chun feasacht a mh\u00fascailt agus chun daoine a spreagadh p\u00e1irt a ghlacadh sa tasc r\u00edth\u00e1bhachtach maidir le gn\u00e1th\u00f3ga agus speicis na h\u00c9ireann a chaomhn\u00fa. M\u00e1rta: L\u00e1 Domhanda an Fhiadh\u00falra Aibre\u00e1n: Deireadh Seachtaine na Speiceas [&hellip;]<\/p>\n","protected":false},"author":2,"featured_media":0,"parent":1641,"menu_order":0,"comment_status":"closed","ping_status":"closed","template":"","meta":{"footnotes":""},"class_list":["post-1643","page","type-page","status-publish","hentry","post"],"yoast_head":"<!-- This site is optimized with the Yoast SEO plugin v27.3 - https:\/\/yoast.com\/product\/yoast-seo-wordpress\/ -->\n<title>Imeachta\u00ed faoi thr\u00e1cht - D\u00fail sa D\u00falra<\/title>\n<meta name=\"robots\" content=\"index, follow, max-snippet:-1, max-image-preview:large, max-video-preview:-1\" \/>\n<link rel=\"canonical\" href=\"https:\/\/www.noticenature.ie\/ga\/nuacht-imeachtai\/imeachtai-faoi-thracht\/\" \/>\n<meta property=\"og:locale\" content=\"ga_IE\" \/>\n<meta property=\"og:type\" content=\"article\" \/>\n<meta property=\"og:title\" content=\"Imeachta\u00ed faoi thr\u00e1cht - D\u00fail sa D\u00falra\" \/>\n<meta property=\"og:description\" content=\"Gach bliain eagra\u00edonn gn\u00edomhaireachta\u00ed agus comhlachta\u00ed a bh\u00edonn ag pl\u00e9 le hoidhreacht n\u00e1d\u00fartha na t\u00edre seo f\u00e9ilte, imeachta\u00ed agus cl\u00e1ir speisialta chun feasacht a mh\u00fascailt agus chun daoine a spreagadh p\u00e1irt a ghlacadh sa tasc r\u00edth\u00e1bhachtach maidir le gn\u00e1th\u00f3ga agus speicis na h\u00c9ireann a chaomhn\u00fa. M\u00e1rta: L\u00e1 Domhanda an Fhiadh\u00falra Aibre\u00e1n: Deireadh Seachtaine na Speiceas [&hellip;]\" \/>\n<meta property=\"og:url\" content=\"https:\/\/www.noticenature.ie\/ga\/nuacht-imeachtai\/imeachtai-faoi-thracht\/\" \/>\n<meta property=\"og:site_name\" content=\"D\u00fail sa D\u00falra\" \/>\n<meta property=\"article:publisher\" content=\"https:\/\/www.facebook.com\/profile.php?id=100066240890743\" \/>\n<meta property=\"article:modified_time\" content=\"2022-06-17T17:23:11+00:00\" \/>\n<meta name=\"twitter:card\" content=\"summary_large_image\" \/>\n<meta name=\"twitter:site\" content=\"@Notice_Nature\" \/>\n<meta name=\"twitter:label1\" content=\"Est. reading time\" \/>\n\t<meta name=\"twitter:data1\" content=\"1 minute\" \/>\n<script type=\"application\/ld+json\" class=\"yoast-schema-graph\">{\"@context\":\"https:\\\/\\\/schema.org\",\"@graph\":[{\"@type\":\"WebPage\",\"@id\":\"https:\\\/\\\/www.noticenature.ie\\\/ga\\\/nuacht-imeachtai\\\/imeachtai-faoi-thracht\\\/\",\"url\":\"https:\\\/\\\/www.noticenature.ie\\\/ga\\\/nuacht-imeachtai\\\/imeachtai-faoi-thracht\\\/\",\"name\":\"Imeachta\u00ed faoi thr\u00e1cht - D\u00fail sa D\u00falra\",\"isPartOf\":{\"@id\":\"https:\\\/\\\/www.noticenature.ie\\\/ga\\\/#website\"},\"datePublished\":\"2016-05-25T14:03:14+00:00\",\"dateModified\":\"2022-06-17T17:23:11+00:00\",\"breadcrumb\":{\"@id\":\"https:\\\/\\\/www.noticenature.ie\\\/ga\\\/nuacht-imeachtai\\\/imeachtai-faoi-thracht\\\/#breadcrumb\"},\"inLanguage\":\"ga-IE\",\"potentialAction\":[{\"@type\":\"ReadAction\",\"target\":[\"https:\\\/\\\/www.noticenature.ie\\\/ga\\\/nuacht-imeachtai\\\/imeachtai-faoi-thracht\\\/\"]}]},{\"@type\":\"BreadcrumbList\",\"@id\":\"https:\\\/\\\/www.noticenature.ie\\\/ga\\\/nuacht-imeachtai\\\/imeachtai-faoi-thracht\\\/#breadcrumb\",\"itemListElement\":[{\"@type\":\"ListItem\",\"position\":1,\"name\":\"Home\",\"item\":\"https:\\\/\\\/www.noticenature.ie\\\/ga\\\/1600-2\\\/\"},{\"@type\":\"ListItem\",\"position\":2,\"name\":\"Nuacht &amp; Imeachta\u00ed\",\"item\":\"https:\\\/\\\/www.noticenature.ie\\\/ga\\\/nuacht-imeachtai\\\/\"},{\"@type\":\"ListItem\",\"position\":3,\"name\":\"Imeachta\u00ed faoi thr\u00e1cht\"}]},{\"@type\":\"WebSite\",\"@id\":\"https:\\\/\\\/www.noticenature.ie\\\/ga\\\/#website\",\"url\":\"https:\\\/\\\/www.noticenature.ie\\\/ga\\\/\",\"name\":\"D\u00fail sa D\u00falra\",\"description\":\"Action on Biodiversity Loss\",\"potentialAction\":[{\"@type\":\"SearchAction\",\"target\":{\"@type\":\"EntryPoint\",\"urlTemplate\":\"https:\\\/\\\/www.noticenature.ie\\\/ga\\\/?s={search_term_string}\"},\"query-input\":{\"@type\":\"PropertyValueSpecification\",\"valueRequired\":true,\"valueName\":\"search_term_string\"}}],\"inLanguage\":\"ga-IE\"}]}<\/script>\n<!-- \/ Yoast SEO plugin. -->","yoast_head_json":{"title":"Imeachta\u00ed faoi thr\u00e1cht - D\u00fail sa D\u00falra","robots":{"index":"index","follow":"follow","max-snippet":"max-snippet:-1","max-image-preview":"max-image-preview:large","max-video-preview":"max-video-preview:-1"},"canonical":"https:\/\/www.noticenature.ie\/ga\/nuacht-imeachtai\/imeachtai-faoi-thracht\/","og_locale":"ga_IE","og_type":"article","og_title":"Imeachta\u00ed faoi thr\u00e1cht - D\u00fail sa D\u00falra","og_description":"Gach bliain eagra\u00edonn gn\u00edomhaireachta\u00ed agus comhlachta\u00ed a bh\u00edonn ag pl\u00e9 le hoidhreacht n\u00e1d\u00fartha na t\u00edre seo f\u00e9ilte, imeachta\u00ed agus cl\u00e1ir speisialta chun feasacht a mh\u00fascailt agus chun daoine a spreagadh p\u00e1irt a ghlacadh sa tasc r\u00edth\u00e1bhachtach maidir le gn\u00e1th\u00f3ga agus speicis na h\u00c9ireann a chaomhn\u00fa. M\u00e1rta: L\u00e1 Domhanda an Fhiadh\u00falra Aibre\u00e1n: Deireadh Seachtaine na Speiceas [&hellip;]","og_url":"https:\/\/www.noticenature.ie\/ga\/nuacht-imeachtai\/imeachtai-faoi-thracht\/","og_site_name":"D\u00fail sa D\u00falra","article_publisher":"https:\/\/www.facebook.com\/profile.php?id=100066240890743","article_modified_time":"2022-06-17T17:23:11+00:00","twitter_card":"summary_large_image","twitter_site":"@Notice_Nature","twitter_misc":{"Est. reading time":"1 minute"},"schema":{"@context":"https:\/\/schema.org","@graph":[{"@type":"WebPage","@id":"https:\/\/www.noticenature.ie\/ga\/nuacht-imeachtai\/imeachtai-faoi-thracht\/","url":"https:\/\/www.noticenature.ie\/ga\/nuacht-imeachtai\/imeachtai-faoi-thracht\/","name":"Imeachta\u00ed faoi thr\u00e1cht - D\u00fail sa D\u00falra","isPartOf":{"@id":"https:\/\/www.noticenature.ie\/ga\/#website"},"datePublished":"2016-05-25T14:03:14+00:00","dateModified":"2022-06-17T17:23:11+00:00","breadcrumb":{"@id":"https:\/\/www.noticenature.ie\/ga\/nuacht-imeachtai\/imeachtai-faoi-thracht\/#breadcrumb"},"inLanguage":"ga-IE","potentialAction":[{"@type":"ReadAction","target":["https:\/\/www.noticenature.ie\/ga\/nuacht-imeachtai\/imeachtai-faoi-thracht\/"]}]},{"@type":"BreadcrumbList","@id":"https:\/\/www.noticenature.ie\/ga\/nuacht-imeachtai\/imeachtai-faoi-thracht\/#breadcrumb","itemListElement":[{"@type":"ListItem","position":1,"name":"Home","item":"https:\/\/www.noticenature.ie\/ga\/1600-2\/"},{"@type":"ListItem","position":2,"name":"Nuacht &amp; Imeachta\u00ed","item":"https:\/\/www.noticenature.ie\/ga\/nuacht-imeachtai\/"},{"@type":"ListItem","position":3,"name":"Imeachta\u00ed faoi thr\u00e1cht"}]},{"@type":"WebSite","@id":"https:\/\/www.noticenature.ie\/ga\/#website","url":"https:\/\/www.noticenature.ie\/ga\/","name":"D\u00fail sa D\u00falra","description":"Action on Biodiversity Loss","potentialAction":[{"@type":"SearchAction","target":{"@type":"EntryPoint","urlTemplate":"https:\/\/www.noticenature.ie\/ga\/?s={search_term_string}"},"query-input":{"@type":"PropertyValueSpecification","valueRequired":true,"valueName":"search_term_string"}}],"inLanguage":"ga-IE"}]}},"_links":{"self":[{"href":"https:\/\/www.noticenature.ie\/ga\/wp-json\/wp\/v2\/pages\/1643","targetHints":{"allow":["GET"]}}],"collection":[{"href":"https:\/\/www.noticenature.ie\/ga\/wp-json\/wp\/v2\/pages"}],"about":[{"href":"https:\/\/www.noticenature.ie\/ga\/wp-json\/wp\/v2\/types\/page"}],"author":[{"embeddable":true,"href":"https:\/\/www.noticenature.ie\/ga\/wp-json\/wp\/v2\/users\/2"}],"replies":[{"embeddable":true,"href":"https:\/\/www.noticenature.ie\/ga\/wp-json\/wp\/v2\/comments?post=1643"}],"version-history":[{"count":4,"href":"https:\/\/www.noticenature.ie\/ga\/wp-json\/wp\/v2\/pages\/1643\/revisions"}],"predecessor-version":[{"id":1867,"href":"https:\/\/www.noticenature.ie\/ga\/wp-json\/wp\/v2\/pages\/1643\/revisions\/1867"}],"up":[{"embeddable":true,"href":"https:\/\/www.noticenature.ie\/ga\/wp-json\/wp\/v2\/pages\/1641"}],"wp:attachment":[{"href":"https:\/\/www.noticenature.ie\/ga\/wp-json\/wp\/v2\/media?parent=1643"}],"curies":[{"name":"wp","href":"https:\/\/api.w.org\/{rel}","templated":true}]}}