{"id":1640,"date":"2015-08-31T16:38:02","date_gmt":"2015-08-31T16:38:02","guid":{"rendered":"https:\/\/www.noticenature.ie\/oideachas\/sa-phobal\/"},"modified":"2022-06-17T17:27:36","modified_gmt":"2022-06-17T17:27:36","slug":"sa-phobal","status":"publish","type":"page","link":"https:\/\/www.noticenature.ie\/ga\/oideachas\/sa-phobal\/","title":{"rendered":"Sa Phobal"},"content":{"rendered":"\n<div>Is m\u00f3r againn do chuid foighne agus an leathanach seo \u00e1 nuashonr\u00fa againn.<\/div>\n","protected":false},"excerpt":{"rendered":"<p>Is m\u00f3r againn do chuid foighne agus an leathanach seo \u00e1 nuashonr\u00fa againn.<\/p>\n","protected":false},"author":2,"featured_media":0,"parent":1635,"menu_order":2,"comment_status":"closed","ping_status":"closed","template":"","meta":{"footnotes":""},"class_list":["post-1640","page","type-page","status-publish","hentry","post"],"yoast_head":"<!-- This site is optimized with the Yoast SEO plugin v27.4 - https:\/\/yoast.com\/product\/yoast-seo-wordpress\/ -->\n<title>Sa Phobal - D\u00fail sa D\u00falra<\/title>\n<meta name=\"robots\" content=\"index, follow, max-snippet:-1, max-image-preview:large, max-video-preview:-1\" \/>\n<link rel=\"canonical\" href=\"https:\/\/www.noticenature.ie\/ga\/oideachas\/sa-phobal\/\" \/>\n<meta property=\"og:locale\" content=\"ga_IE\" \/>\n<meta property=\"og:type\" content=\"article\" \/>\n<meta property=\"og:title\" content=\"Sa Phobal - D\u00fail sa D\u00falra\" \/>\n<meta property=\"og:description\" content=\"Is m\u00f3r againn do chuid foighne agus an leathanach seo \u00e1 nuashonr\u00fa againn.\" \/>\n<meta property=\"og:url\" content=\"https:\/\/www.noticenature.ie\/ga\/oideachas\/sa-phobal\/\" \/>\n<meta property=\"og:site_name\" content=\"D\u00fail sa D\u00falra\" \/>\n<meta property=\"article:publisher\" content=\"https:\/\/www.facebook.com\/profile.php?id=100066240890743\" \/>\n<meta property=\"article:modified_time\" content=\"2022-06-17T17:27:36+00:00\" \/>\n<meta name=\"twitter:card\" content=\"summary_large_image\" \/>\n<meta name=\"twitter:site\" content=\"@Notice_Nature\" \/>\n<script type=\"application\/ld+json\" class=\"yoast-schema-graph\">{\"@context\":\"https:\\\/\\\/schema.org\",\"@graph\":[{\"@type\":\"WebPage\",\"@id\":\"https:\\\/\\\/www.noticenature.ie\\\/ga\\\/oideachas\\\/sa-phobal\\\/\",\"url\":\"https:\\\/\\\/www.noticenature.ie\\\/ga\\\/oideachas\\\/sa-phobal\\\/\",\"name\":\"Sa Phobal - D\u00fail sa D\u00falra\",\"isPartOf\":{\"@id\":\"https:\\\/\\\/www.noticenature.ie\\\/ga\\\/#website\"},\"datePublished\":\"2015-08-31T16:38:02+00:00\",\"dateModified\":\"2022-06-17T17:27:36+00:00\",\"breadcrumb\":{\"@id\":\"https:\\\/\\\/www.noticenature.ie\\\/ga\\\/oideachas\\\/sa-phobal\\\/#breadcrumb\"},\"inLanguage\":\"ga-IE\",\"potentialAction\":[{\"@type\":\"ReadAction\",\"target\":[\"https:\\\/\\\/www.noticenature.ie\\\/ga\\\/oideachas\\\/sa-phobal\\\/\"]}]},{\"@type\":\"BreadcrumbList\",\"@id\":\"https:\\\/\\\/www.noticenature.ie\\\/ga\\\/oideachas\\\/sa-phobal\\\/#breadcrumb\",\"itemListElement\":[{\"@type\":\"ListItem\",\"position\":1,\"name\":\"Home\",\"item\":\"https:\\\/\\\/www.noticenature.ie\\\/ga\\\/\"},{\"@type\":\"ListItem\",\"position\":2,\"name\":\"Oideachas\",\"item\":\"https:\\\/\\\/www.noticenature.ie\\\/ga\\\/oideachas\\\/\"},{\"@type\":\"ListItem\",\"position\":3,\"name\":\"Sa Phobal\"}]},{\"@type\":\"WebSite\",\"@id\":\"https:\\\/\\\/www.noticenature.ie\\\/ga\\\/#website\",\"url\":\"https:\\\/\\\/www.noticenature.ie\\\/ga\\\/\",\"name\":\"D\u00fail sa D\u00falra\",\"description\":\"Action on Biodiversity Loss\",\"potentialAction\":[{\"@type\":\"SearchAction\",\"target\":{\"@type\":\"EntryPoint\",\"urlTemplate\":\"https:\\\/\\\/www.noticenature.ie\\\/ga\\\/?s={search_term_string}\"},\"query-input\":{\"@type\":\"PropertyValueSpecification\",\"valueRequired\":true,\"valueName\":\"search_term_string\"}}],\"inLanguage\":\"ga-IE\"}]}<\/script>\n<!-- \/ Yoast SEO plugin. -->","yoast_head_json":{"title":"Sa Phobal - D\u00fail sa D\u00falra","robots":{"index":"index","follow":"follow","max-snippet":"max-snippet:-1","max-image-preview":"max-image-preview:large","max-video-preview":"max-video-preview:-1"},"canonical":"https:\/\/www.noticenature.ie\/ga\/oideachas\/sa-phobal\/","og_locale":"ga_IE","og_type":"article","og_title":"Sa Phobal - D\u00fail sa D\u00falra","og_description":"Is m\u00f3r againn do chuid foighne agus an leathanach seo \u00e1 nuashonr\u00fa againn.","og_url":"https:\/\/www.noticenature.ie\/ga\/oideachas\/sa-phobal\/","og_site_name":"D\u00fail sa D\u00falra","article_publisher":"https:\/\/www.facebook.com\/profile.php?id=100066240890743","article_modified_time":"2022-06-17T17:27:36+00:00","twitter_card":"summary_large_image","twitter_site":"@Notice_Nature","schema":{"@context":"https:\/\/schema.org","@graph":[{"@type":"WebPage","@id":"https:\/\/www.noticenature.ie\/ga\/oideachas\/sa-phobal\/","url":"https:\/\/www.noticenature.ie\/ga\/oideachas\/sa-phobal\/","name":"Sa Phobal - D\u00fail sa D\u00falra","isPartOf":{"@id":"https:\/\/www.noticenature.ie\/ga\/#website"},"datePublished":"2015-08-31T16:38:02+00:00","dateModified":"2022-06-17T17:27:36+00:00","breadcrumb":{"@id":"https:\/\/www.noticenature.ie\/ga\/oideachas\/sa-phobal\/#breadcrumb"},"inLanguage":"ga-IE","potentialAction":[{"@type":"ReadAction","target":["https:\/\/www.noticenature.ie\/ga\/oideachas\/sa-phobal\/"]}]},{"@type":"BreadcrumbList","@id":"https:\/\/www.noticenature.ie\/ga\/oideachas\/sa-phobal\/#breadcrumb","itemListElement":[{"@type":"ListItem","position":1,"name":"Home","item":"https:\/\/www.noticenature.ie\/ga\/"},{"@type":"ListItem","position":2,"name":"Oideachas","item":"https:\/\/www.noticenature.ie\/ga\/oideachas\/"},{"@type":"ListItem","position":3,"name":"Sa Phobal"}]},{"@type":"WebSite","@id":"https:\/\/www.noticenature.ie\/ga\/#website","url":"https:\/\/www.noticenature.ie\/ga\/","name":"D\u00fail sa D\u00falra","description":"Action on Biodiversity Loss","potentialAction":[{"@type":"SearchAction","target":{"@type":"EntryPoint","urlTemplate":"https:\/\/www.noticenature.ie\/ga\/?s={search_term_string}"},"query-input":{"@type":"PropertyValueSpecification","valueRequired":true,"valueName":"search_term_string"}}],"inLanguage":"ga-IE"}]}},"_links":{"self":[{"href":"https:\/\/www.noticenature.ie\/ga\/wp-json\/wp\/v2\/pages\/1640","targetHints":{"allow":["GET"]}}],"collection":[{"href":"https:\/\/www.noticenature.ie\/ga\/wp-json\/wp\/v2\/pages"}],"about":[{"href":"https:\/\/www.noticenature.ie\/ga\/wp-json\/wp\/v2\/types\/page"}],"author":[{"embeddable":true,"href":"https:\/\/www.noticenature.ie\/ga\/wp-json\/wp\/v2\/users\/2"}],"replies":[{"embeddable":true,"href":"https:\/\/www.noticenature.ie\/ga\/wp-json\/wp\/v2\/comments?post=1640"}],"version-history":[{"count":4,"href":"https:\/\/www.noticenature.ie\/ga\/wp-json\/wp\/v2\/pages\/1640\/revisions"}],"predecessor-version":[{"id":1907,"href":"https:\/\/www.noticenature.ie\/ga\/wp-json\/wp\/v2\/pages\/1640\/revisions\/1907"}],"up":[{"embeddable":true,"href":"https:\/\/www.noticenature.ie\/ga\/wp-json\/wp\/v2\/pages\/1635"}],"wp:attachment":[{"href":"https:\/\/www.noticenature.ie\/ga\/wp-json\/wp\/v2\/media?parent=1640"}],"curies":[{"name":"wp","href":"https:\/\/api.w.org\/{rel}","templated":true}]}}