{"id":1638,"date":"2015-08-31T16:37:13","date_gmt":"2015-08-31T16:37:13","guid":{"rendered":"https:\/\/www.noticenature.ie\/oideachas\/acmhainni-do-scoileanna\/"},"modified":"2025-01-13T12:39:07","modified_gmt":"2025-01-13T12:39:07","slug":"acmhainni-do-scoileanna","status":"publish","type":"page","link":"https:\/\/www.noticenature.ie\/ga\/oideachas\/acmhainni-do-scoileanna\/","title":{"rendered":"Acmhainn\u00ed do Scoileanna"},"content":{"rendered":"\n<div style=\"display: inline-block;\">\n<figure><a href=\"https:\/\/www.dublinzoo.ie\/education\/\"><img loading=\"lazy\" decoding=\"async\" class=\"size-full wp-image-1315 alignleft\" src=\"https:\/\/www.noticenature.ie\/wp-content\/uploads\/2021\/12\/dublinzoo.gif\" alt=\"Z\u00fa Bhaile \u00c1tha Cliath\" width=\"165\" height=\"78\"\/><\/a><\/figure><p><\/p>\n<p>T\u00e1 raon leathan taith\u00ed ag an bhfoireann oideachais ag <a href=\"https:\/\/www.dublinzoo.ie\/education\/\"><strong>Z\u00fa Bhaile \u00c1tha Cliath <\/strong><\/a> maidir le sc\u00e9alta fiadh\u00falra agus bith\u00e9ags\u00falachta a chur in i\u00fal, ag baint \u00fas\u00e1id as r\u00e9imse cl\u00e1r foghlama bunaithe ar ghn\u00edomha\u00edochta\u00ed. Clice\u00e1il ar dheilbh\u00edn Z\u00fa Bhaile \u00c1tha Cliath chun tuilleadh eolais a fh\u00e1il.<\/p>\n<\/div>\n\n<div style=\"display: inline-block;\">\n<figure><a href=\"http:\/\/www.heritageinschools.ie\/heritage-education-in-schools-ireland\/\" target=\"_blank\" rel=\"noopener\"><img loading=\"lazy\" decoding=\"async\" class=\"wp-image-735 size-thumbnail alignleft\" src=\"https:\/\/www.noticenature.ie\/wp-content\/uploads\/2016\/05\/heritage_council_logo-150x69.png\" alt=\"An Chomhairle Oidhreachta\" width=\"150\" height=\"69\"\/><\/a><\/figure><p><a href=\"http:\/\/www.heritageinschools.ie\/heritage-education-in-schools-ireland\/\"><strong>Sol\u00e1thra\u00edonn an Sc\u00e9im Oidhreachta sna Scoileanna <\/strong><\/a> pain\u00e9al de 175 speisialt\u00f3ir\u00ed oidhreachta chun cuairt a thabhairt ar bhunscoileanna ar fud na t\u00edre. Cuims\u00edonn r\u00e9ims\u00ed saineolais na speisialt\u00f3ir\u00ed idir ialt\u00f3ga agus m\u00edolta m\u00f3ra, na Lochlannaigh agus stair an ar\u00e1in, sc\u00e9ala\u00edocht agus damhsa traidisi\u00fanta, d\u00e9anamh gualaigh agus oidhreacht mh\u00edleata, gan ach roinnt a lua.<\/p>\n<\/div>\n\n<div style=\"display: inline-block;\">\n<figure><a href=\"http:\/\/www.somethingfishy.ie\/\"><img loading=\"lazy\" decoding=\"async\" class=\"alignleft wp-image-1314 size-thumbnail\" src=\"https:\/\/www.noticenature.ie\/wp-content\/uploads\/2021\/12\/Something-Fishy-150x150.jpg\" alt=\"Something Fishy\" width=\"150\" height=\"150\" srcset=\"https:\/\/www.noticenature.ie\/wp-content\/uploads\/2021\/12\/Something-Fishy-150x150.jpg 150w, https:\/\/www.noticenature.ie\/wp-content\/uploads\/2021\/12\/Something-Fishy-300x300.jpg 300w, https:\/\/www.noticenature.ie\/wp-content\/uploads\/2021\/12\/Something-Fishy.jpg 340w\" sizes=\"auto, (max-width: 150px) 100vw, 150px\" \/><\/a><\/figure><p>Is cl\u00e1r \u00e9 <a href=\"http:\/\/www.somethingfishy.ie\/\"><strong>Something Fishy<\/strong><\/a> at\u00e1 d\u00edrithe ar rang a c\u00faig agus ar rang a s\u00e9 sa Bhunscoil. Is \u00e9 an aidhm at\u00e1 le Something Fishy n\u00e1 eolas agus oideachas a chur ar dhalta\u00ed maidir le c\u00e1il\u00edocht uisce, \u00e9isc agus an comhshaol. Chun tuilleadh eolais a fh\u00e1il faoin gcl\u00e1r seo, n\u00edl le d\u00e9anamh ach clice\u00e1il ar an \u00e9isc\u00edn!!<\/p>\n<\/div>\n\n<div style=\"display: inline-block;\">\n<figure><a href=\"https:\/\/greenschoolsireland.org\/\"><img loading=\"lazy\" decoding=\"async\" class=\"size-full wp-image-555 alignleft\" src=\"https:\/\/www.noticenature.ie\/wp-content\/uploads\/2015\/08\/GreenSchoollogo.jpg\" alt=\"Scoileanna Glasa na h\u00c9ireann\" width=\"146\" height=\"149\"\/><\/a><\/figure><p><\/p>\n<p>Is cl\u00e1r oideachais comhshaoil idirn\u00e1isi\u00fanta agus sc\u00e9im d\u00e1mhachtana \u00e9 <a href=\"https:\/\/greenschoolsireland.org\/\"><strong>Scoileanna Glasa<\/strong><\/a> lena gcuirtear chun cinn agus lena n-aithn\u00edtear gn\u00edomha\u00edocht fhadt\u00e9armach scoile uile ar son an chomhshaoil. T\u00e1 an NPWS ag tac\u00fa leis an t\u00e9ama is d\u00e9ana\u00ed i gCl\u00e1r na Scoileanna Glasa. Clice\u00e1il ar an l\u00f3g\u00f3 chun tuilleadh eolais a fh\u00e1il faoi Chl\u00e1r Scoileanna Glasa na h\u00c9ireann.<\/p>\n<\/div>\n\n<div style=\"display: inline-block;\">\n<figure><a href=\"http:\/\/resources4rethinking.ca\/en\/home\" target=\"_blank\" rel=\"noopener\"><img loading=\"lazy\" decoding=\"async\" class=\"alignleft wp-image-800 size-full\" src=\"https:\/\/www.noticenature.ie\/wp-content\/uploads\/2015\/08\/RtRlsflogo-2@2x.png\" alt=\"Resources 4 Rethinking\" width=\"108\" height=\"92\"\/><\/a><\/figure><p>Is tionscadal \u00e9 Resources for Rethinking a d\u2019fhorbair <strong><a href=\"http:\/\/www.lsf-lst.ca\/\" target=\"_blank\" rel=\"noopener\">Learning for a Sustainable Future<\/a><\/strong>, comhlacht neamhbhrab\u00fais de chuid Cheanada. Cuirtear rochtain ar f\u00e1il leis do mh\u00fainteoir\u00ed ar phleananna ceachta, aonaid churaclaim agus acmhainn\u00ed teagaisc eile a chomhth\u00e1tha\u00edonn r\u00e9ims\u00ed comhshaoil, s\u00f3isialta agus eacnama\u00edocha tr\u00ed fhoghlaim at\u00e1 idirdhiscipl\u00edneach agus d\u00edrithe ar ghn\u00edomh. Tugtar Oideachas don Fhorbairt Inbhuanaithe n\u00f3 ESD ar an bhfoghlaim seo.<\/p>\n<\/div>\n\n<div style=\"display: inline-block;\">\n<figure><a href=\"https:\/\/www.noticenature.ie\/wp-content\/uploads\/2021\/12\/Birdwatch-Kids.jpg\"><img loading=\"lazy\" decoding=\"async\" class=\"alignleft size-medium wp-image-1316\" src=\"https:\/\/www.noticenature.ie\/wp-content\/uploads\/2021\/12\/Birdwatch-Kids-300x48.jpg\" alt=\"Cairde \u00c9anlaith \u00c9ireann do leana\u00ed\" width=\"300\" height=\"48\" srcset=\"https:\/\/www.noticenature.ie\/wp-content\/uploads\/2021\/12\/Birdwatch-Kids-300x48.jpg 300w, https:\/\/www.noticenature.ie\/wp-content\/uploads\/2021\/12\/Birdwatch-Kids-436x70.jpg 436w, https:\/\/www.noticenature.ie\/wp-content\/uploads\/2021\/12\/Birdwatch-Kids.jpg 440w\" sizes=\"auto, (max-width: 300px) 100vw, 300px\" \/><\/a><\/figure><p>T\u00e1 neart tionscadal sp\u00e9isi\u00fail agus neart faisn\u00e9ise ar shu\u00edomh gr\u00e9as\u00e1in <a href=\"http:\/\/www.birdwatchireland.ie\/Default.aspx?tabid=264\"><strong>Chairde \u00c9anlaith \u00c9ireann<\/strong><\/a> d\u2019oideachas\u00f3ir\u00ed agus do leana\u00ed araon. N\u00edl le d\u00e9anamh ach clice\u00e1il ar an deilbh\u00edn chun dul go dt\u00ed an leathanach gr\u00e9as\u00e1in.<\/p>\n<\/div>\n","protected":false},"excerpt":{"rendered":"<p>T\u00e1 raon leathan taith\u00ed ag an bhfoireann oideachais ag Z\u00fa Bhaile \u00c1tha Cliath maidir le sc\u00e9alta fiadh\u00falra agus bith\u00e9ags\u00falachta a chur in i\u00fal, ag baint \u00fas\u00e1id as r\u00e9imse cl\u00e1r foghlama bunaithe ar ghn\u00edomha\u00edochta\u00ed. Clice\u00e1il ar dheilbh\u00edn Z\u00fa Bhaile \u00c1tha Cliath chun tuilleadh eolais a fh\u00e1il. Sol\u00e1thra\u00edonn an Sc\u00e9im Oidhreachta sna Scoileanna pain\u00e9al de 175 speisialt\u00f3ir\u00ed [&hellip;]<\/p>\n","protected":false},"author":2,"featured_media":0,"parent":1635,"menu_order":0,"comment_status":"closed","ping_status":"closed","template":"","meta":{"footnotes":""},"class_list":["post-1638","page","type-page","status-publish","hentry","post"],"yoast_head":"<!-- This site is optimized with the Yoast SEO plugin v27.3 - https:\/\/yoast.com\/product\/yoast-seo-wordpress\/ -->\n<title>Acmhainn\u00ed do Scoileanna - D\u00fail sa D\u00falra<\/title>\n<meta name=\"robots\" content=\"index, follow, max-snippet:-1, max-image-preview:large, max-video-preview:-1\" \/>\n<link rel=\"canonical\" href=\"https:\/\/www.noticenature.ie\/ga\/oideachas\/acmhainni-do-scoileanna\/\" \/>\n<meta property=\"og:locale\" content=\"ga_IE\" \/>\n<meta property=\"og:type\" content=\"article\" \/>\n<meta property=\"og:title\" content=\"Acmhainn\u00ed do Scoileanna - D\u00fail sa D\u00falra\" \/>\n<meta property=\"og:description\" content=\"T\u00e1 raon leathan taith\u00ed ag an bhfoireann oideachais ag Z\u00fa Bhaile \u00c1tha Cliath maidir le sc\u00e9alta fiadh\u00falra agus bith\u00e9ags\u00falachta a chur in i\u00fal, ag baint \u00fas\u00e1id as r\u00e9imse cl\u00e1r foghlama bunaithe ar ghn\u00edomha\u00edochta\u00ed. Clice\u00e1il ar dheilbh\u00edn Z\u00fa Bhaile \u00c1tha Cliath chun tuilleadh eolais a fh\u00e1il. Sol\u00e1thra\u00edonn an Sc\u00e9im Oidhreachta sna Scoileanna pain\u00e9al de 175 speisialt\u00f3ir\u00ed [&hellip;]\" \/>\n<meta property=\"og:url\" content=\"https:\/\/www.noticenature.ie\/ga\/oideachas\/acmhainni-do-scoileanna\/\" \/>\n<meta property=\"og:site_name\" content=\"D\u00fail sa D\u00falra\" \/>\n<meta property=\"article:publisher\" content=\"https:\/\/www.facebook.com\/profile.php?id=100066240890743\" \/>\n<meta property=\"article:modified_time\" content=\"2025-01-13T12:39:07+00:00\" \/>\n<meta property=\"og:image\" content=\"https:\/\/www.noticenature.ie\/wp-content\/uploads\/2021\/12\/dublinzoo.gif\" \/>\n\t<meta property=\"og:image:width\" content=\"165\" \/>\n\t<meta property=\"og:image:height\" content=\"78\" \/>\n\t<meta property=\"og:image:type\" content=\"image\/gif\" \/>\n<meta name=\"twitter:card\" content=\"summary_large_image\" \/>\n<meta name=\"twitter:site\" content=\"@Notice_Nature\" \/>\n<meta name=\"twitter:label1\" content=\"Est. reading time\" \/>\n\t<meta name=\"twitter:data1\" content=\"2 minutes\" \/>\n<script type=\"application\/ld+json\" class=\"yoast-schema-graph\">{\"@context\":\"https:\\\/\\\/schema.org\",\"@graph\":[{\"@type\":\"WebPage\",\"@id\":\"https:\\\/\\\/www.noticenature.ie\\\/ga\\\/oideachas\\\/acmhainni-do-scoileanna\\\/\",\"url\":\"https:\\\/\\\/www.noticenature.ie\\\/ga\\\/oideachas\\\/acmhainni-do-scoileanna\\\/\",\"name\":\"Acmhainn\u00ed do Scoileanna - D\u00fail sa D\u00falra\",\"isPartOf\":{\"@id\":\"https:\\\/\\\/www.noticenature.ie\\\/ga\\\/#website\"},\"primaryImageOfPage\":{\"@id\":\"https:\\\/\\\/www.noticenature.ie\\\/ga\\\/oideachas\\\/acmhainni-do-scoileanna\\\/#primaryimage\"},\"image\":{\"@id\":\"https:\\\/\\\/www.noticenature.ie\\\/ga\\\/oideachas\\\/acmhainni-do-scoileanna\\\/#primaryimage\"},\"thumbnailUrl\":\"https:\\\/\\\/www.noticenature.ie\\\/wp-content\\\/uploads\\\/2021\\\/12\\\/dublinzoo.gif\",\"datePublished\":\"2015-08-31T16:37:13+00:00\",\"dateModified\":\"2025-01-13T12:39:07+00:00\",\"breadcrumb\":{\"@id\":\"https:\\\/\\\/www.noticenature.ie\\\/ga\\\/oideachas\\\/acmhainni-do-scoileanna\\\/#breadcrumb\"},\"inLanguage\":\"ga-IE\",\"potentialAction\":[{\"@type\":\"ReadAction\",\"target\":[\"https:\\\/\\\/www.noticenature.ie\\\/ga\\\/oideachas\\\/acmhainni-do-scoileanna\\\/\"]}]},{\"@type\":\"ImageObject\",\"inLanguage\":\"ga-IE\",\"@id\":\"https:\\\/\\\/www.noticenature.ie\\\/ga\\\/oideachas\\\/acmhainni-do-scoileanna\\\/#primaryimage\",\"url\":\"https:\\\/\\\/www.noticenature.ie\\\/wp-content\\\/uploads\\\/2021\\\/12\\\/dublinzoo.gif\",\"contentUrl\":\"https:\\\/\\\/www.noticenature.ie\\\/wp-content\\\/uploads\\\/2021\\\/12\\\/dublinzoo.gif\"},{\"@type\":\"BreadcrumbList\",\"@id\":\"https:\\\/\\\/www.noticenature.ie\\\/ga\\\/oideachas\\\/acmhainni-do-scoileanna\\\/#breadcrumb\",\"itemListElement\":[{\"@type\":\"ListItem\",\"position\":1,\"name\":\"Home\",\"item\":\"https:\\\/\\\/www.noticenature.ie\\\/ga\\\/\"},{\"@type\":\"ListItem\",\"position\":2,\"name\":\"Oideachas\",\"item\":\"https:\\\/\\\/www.noticenature.ie\\\/ga\\\/oideachas\\\/\"},{\"@type\":\"ListItem\",\"position\":3,\"name\":\"Acmhainn\u00ed do Scoileanna\"}]},{\"@type\":\"WebSite\",\"@id\":\"https:\\\/\\\/www.noticenature.ie\\\/ga\\\/#website\",\"url\":\"https:\\\/\\\/www.noticenature.ie\\\/ga\\\/\",\"name\":\"D\u00fail sa D\u00falra\",\"description\":\"Action on Biodiversity Loss\",\"potentialAction\":[{\"@type\":\"SearchAction\",\"target\":{\"@type\":\"EntryPoint\",\"urlTemplate\":\"https:\\\/\\\/www.noticenature.ie\\\/ga\\\/?s={search_term_string}\"},\"query-input\":{\"@type\":\"PropertyValueSpecification\",\"valueRequired\":true,\"valueName\":\"search_term_string\"}}],\"inLanguage\":\"ga-IE\"}]}<\/script>\n<!-- \/ Yoast SEO plugin. -->","yoast_head_json":{"title":"Acmhainn\u00ed do Scoileanna - D\u00fail sa D\u00falra","robots":{"index":"index","follow":"follow","max-snippet":"max-snippet:-1","max-image-preview":"max-image-preview:large","max-video-preview":"max-video-preview:-1"},"canonical":"https:\/\/www.noticenature.ie\/ga\/oideachas\/acmhainni-do-scoileanna\/","og_locale":"ga_IE","og_type":"article","og_title":"Acmhainn\u00ed do Scoileanna - D\u00fail sa D\u00falra","og_description":"T\u00e1 raon leathan taith\u00ed ag an bhfoireann oideachais ag Z\u00fa Bhaile \u00c1tha Cliath maidir le sc\u00e9alta fiadh\u00falra agus bith\u00e9ags\u00falachta a chur in i\u00fal, ag baint \u00fas\u00e1id as r\u00e9imse cl\u00e1r foghlama bunaithe ar ghn\u00edomha\u00edochta\u00ed. Clice\u00e1il ar dheilbh\u00edn Z\u00fa Bhaile \u00c1tha Cliath chun tuilleadh eolais a fh\u00e1il. Sol\u00e1thra\u00edonn an Sc\u00e9im Oidhreachta sna Scoileanna pain\u00e9al de 175 speisialt\u00f3ir\u00ed [&hellip;]","og_url":"https:\/\/www.noticenature.ie\/ga\/oideachas\/acmhainni-do-scoileanna\/","og_site_name":"D\u00fail sa D\u00falra","article_publisher":"https:\/\/www.facebook.com\/profile.php?id=100066240890743","article_modified_time":"2025-01-13T12:39:07+00:00","og_image":[{"width":165,"height":78,"url":"https:\/\/www.noticenature.ie\/wp-content\/uploads\/2021\/12\/dublinzoo.gif","type":"image\/gif"}],"twitter_card":"summary_large_image","twitter_site":"@Notice_Nature","twitter_misc":{"Est. reading time":"2 minutes"},"schema":{"@context":"https:\/\/schema.org","@graph":[{"@type":"WebPage","@id":"https:\/\/www.noticenature.ie\/ga\/oideachas\/acmhainni-do-scoileanna\/","url":"https:\/\/www.noticenature.ie\/ga\/oideachas\/acmhainni-do-scoileanna\/","name":"Acmhainn\u00ed do Scoileanna - D\u00fail sa D\u00falra","isPartOf":{"@id":"https:\/\/www.noticenature.ie\/ga\/#website"},"primaryImageOfPage":{"@id":"https:\/\/www.noticenature.ie\/ga\/oideachas\/acmhainni-do-scoileanna\/#primaryimage"},"image":{"@id":"https:\/\/www.noticenature.ie\/ga\/oideachas\/acmhainni-do-scoileanna\/#primaryimage"},"thumbnailUrl":"https:\/\/www.noticenature.ie\/wp-content\/uploads\/2021\/12\/dublinzoo.gif","datePublished":"2015-08-31T16:37:13+00:00","dateModified":"2025-01-13T12:39:07+00:00","breadcrumb":{"@id":"https:\/\/www.noticenature.ie\/ga\/oideachas\/acmhainni-do-scoileanna\/#breadcrumb"},"inLanguage":"ga-IE","potentialAction":[{"@type":"ReadAction","target":["https:\/\/www.noticenature.ie\/ga\/oideachas\/acmhainni-do-scoileanna\/"]}]},{"@type":"ImageObject","inLanguage":"ga-IE","@id":"https:\/\/www.noticenature.ie\/ga\/oideachas\/acmhainni-do-scoileanna\/#primaryimage","url":"https:\/\/www.noticenature.ie\/wp-content\/uploads\/2021\/12\/dublinzoo.gif","contentUrl":"https:\/\/www.noticenature.ie\/wp-content\/uploads\/2021\/12\/dublinzoo.gif"},{"@type":"BreadcrumbList","@id":"https:\/\/www.noticenature.ie\/ga\/oideachas\/acmhainni-do-scoileanna\/#breadcrumb","itemListElement":[{"@type":"ListItem","position":1,"name":"Home","item":"https:\/\/www.noticenature.ie\/ga\/"},{"@type":"ListItem","position":2,"name":"Oideachas","item":"https:\/\/www.noticenature.ie\/ga\/oideachas\/"},{"@type":"ListItem","position":3,"name":"Acmhainn\u00ed do Scoileanna"}]},{"@type":"WebSite","@id":"https:\/\/www.noticenature.ie\/ga\/#website","url":"https:\/\/www.noticenature.ie\/ga\/","name":"D\u00fail sa D\u00falra","description":"Action on Biodiversity Loss","potentialAction":[{"@type":"SearchAction","target":{"@type":"EntryPoint","urlTemplate":"https:\/\/www.noticenature.ie\/ga\/?s={search_term_string}"},"query-input":{"@type":"PropertyValueSpecification","valueRequired":true,"valueName":"search_term_string"}}],"inLanguage":"ga-IE"}]}},"_links":{"self":[{"href":"https:\/\/www.noticenature.ie\/ga\/wp-json\/wp\/v2\/pages\/1638","targetHints":{"allow":["GET"]}}],"collection":[{"href":"https:\/\/www.noticenature.ie\/ga\/wp-json\/wp\/v2\/pages"}],"about":[{"href":"https:\/\/www.noticenature.ie\/ga\/wp-json\/wp\/v2\/types\/page"}],"author":[{"embeddable":true,"href":"https:\/\/www.noticenature.ie\/ga\/wp-json\/wp\/v2\/users\/2"}],"replies":[{"embeddable":true,"href":"https:\/\/www.noticenature.ie\/ga\/wp-json\/wp\/v2\/comments?post=1638"}],"version-history":[{"count":8,"href":"https:\/\/www.noticenature.ie\/ga\/wp-json\/wp\/v2\/pages\/1638\/revisions"}],"predecessor-version":[{"id":2314,"href":"https:\/\/www.noticenature.ie\/ga\/wp-json\/wp\/v2\/pages\/1638\/revisions\/2314"}],"up":[{"embeddable":true,"href":"https:\/\/www.noticenature.ie\/ga\/wp-json\/wp\/v2\/pages\/1635"}],"wp:attachment":[{"href":"https:\/\/www.noticenature.ie\/ga\/wp-json\/wp\/v2\/media?parent=1638"}],"curies":[{"name":"wp","href":"https:\/\/api.w.org\/{rel}","templated":true}]}}