{"id":1637,"date":"2015-09-03T14:34:49","date_gmt":"2015-09-03T14:34:49","guid":{"rendered":"https:\/\/www.noticenature.ie\/oideachas\/ionaid-oideachais-npws\/"},"modified":"2022-06-17T17:27:47","modified_gmt":"2022-06-17T17:27:47","slug":"ionaid-oideachais-npws","status":"publish","type":"page","link":"https:\/\/www.noticenature.ie\/ga\/oideachas\/ionaid-oideachais-npws\/","title":{"rendered":"Ionaid Oideachais NPWS"},"content":{"rendered":"\n<div>\n<p>T\u00e1 s\u00e9 mar aidhm ag Ionaid Oideachais NPWS feasacht a mh\u00fascailt ar an domhan n\u00e1d\u00fartha agus a th\u00e1bhachta\u00ed at\u00e1 s\u00e9 \u00e1r mbith\u00e9ags\u00falacht a chaomhn\u00fa agus a chosaint. Is f\u00e9idir leis na cl\u00e1ir oideachais a bheith \u00e9ags\u00fail \u00f3 ionad go hionad. Faigh tuilleadh eolais faoi gach ceann d\u00e1r n-ionaid tr\u00ed chlice\u00e1il ar na marc\u00f3ir\u00ed l\u00e9arsc\u00e1ile th\u00edos n\u00f3, de rogha air sin, ar <span style=\"text-decoration: underline;\"><a href=\"https:\/\/www.noticenature.ie\/education\/npws-education-centres\/find-an-education-centre-near-you\/\">liosta ioml\u00e1n Ionaid Oideachais NPWS<\/a>.<\/span><br\/> <\/p>\n<p><iframe loading=\"lazy\" title=\"Ionaid Oideachais NPWS - Google Maps\" width=\"640\" height=\"480\" src=\"https:\/\/www.google.com\/maps\/d\/embed?mid=1e8gPFTXscuY3BLIY_SMklJhmJdY\"><\/iframe><\/p>\n<\/div>\n\n<p>\u00c1ir\u00edtear i measc na gn\u00edomha\u00edochta\u00ed sna hionaid oideachais<\/p>\n\n<ul class=\"wp-block-list\"><li>Cl\u00e1ir Feasachta N\u00e1d\u00fartha do bhunscoileanna.<\/li><li>Obair allamuigh \u00e9iceola\u00edochta agus t\u00edreola\u00edochta do mhe\u00e1nscoileanna.<\/li><li>Gn\u00edomha\u00edochta\u00ed do ghr\u00fapa\u00ed (Gas\u00f3ga, scor gn\u00edomhach, riachtanais speisialta etc.)<\/li><li>Gr\u00fapa\u00ed agus Campa\u00ed na Sc\u00e9ime Samhraidh.<\/li><li>Imeachta\u00ed speisialta agus turais don phobal.<\/li><li>Cl\u00e1r for-rochtana do scoileanna.<\/li><li>An Cl\u00e1r Discover Primary Science.<\/li><li>Gr\u00fapa\u00ed &amp; Cumainn Phobail do dhaoine f\u00e1sta.<\/li><li>Oili\u00faint do mh\u00fainteoir\u00ed, do thuismitheoir\u00ed agus do cheannair\u00ed maidir leis an mbealach eolas faoin d\u00falra agus faoin timpeallacht a chur in i\u00fal agus a roinnt le leana\u00ed.<\/li><\/ul>\n","protected":false},"excerpt":{"rendered":"<p>T\u00e1 s\u00e9 mar aidhm ag Ionaid Oideachais NPWS feasacht a mh\u00fascailt ar an domhan n\u00e1d\u00fartha agus a th\u00e1bhachta\u00ed at\u00e1 s\u00e9 \u00e1r mbith\u00e9ags\u00falacht a chaomhn\u00fa agus a chosaint. Is f\u00e9idir leis na cl\u00e1ir oideachais a bheith \u00e9ags\u00fail \u00f3 ionad go hionad. Faigh tuilleadh eolais faoi gach ceann d\u00e1r n-ionaid tr\u00ed chlice\u00e1il ar na marc\u00f3ir\u00ed l\u00e9arsc\u00e1ile th\u00edos [&hellip;]<\/p>\n","protected":false},"author":2,"featured_media":0,"parent":1635,"menu_order":4,"comment_status":"closed","ping_status":"closed","template":"","meta":{"footnotes":""},"class_list":["post-1637","page","type-page","status-publish","hentry","post"],"yoast_head":"<!-- This site is optimized with the Yoast SEO plugin v27.3 - https:\/\/yoast.com\/product\/yoast-seo-wordpress\/ -->\n<title>Ionaid Oideachais NPWS - D\u00fail sa D\u00falra<\/title>\n<meta name=\"robots\" content=\"index, follow, max-snippet:-1, max-image-preview:large, max-video-preview:-1\" \/>\n<link rel=\"canonical\" href=\"https:\/\/www.noticenature.ie\/ga\/oideachas\/ionaid-oideachais-npws\/\" \/>\n<meta property=\"og:locale\" content=\"ga_IE\" \/>\n<meta property=\"og:type\" content=\"article\" \/>\n<meta property=\"og:title\" content=\"Ionaid Oideachais NPWS - D\u00fail sa D\u00falra\" \/>\n<meta property=\"og:description\" content=\"T\u00e1 s\u00e9 mar aidhm ag Ionaid Oideachais NPWS feasacht a mh\u00fascailt ar an domhan n\u00e1d\u00fartha agus a th\u00e1bhachta\u00ed at\u00e1 s\u00e9 \u00e1r mbith\u00e9ags\u00falacht a chaomhn\u00fa agus a chosaint. Is f\u00e9idir leis na cl\u00e1ir oideachais a bheith \u00e9ags\u00fail \u00f3 ionad go hionad. Faigh tuilleadh eolais faoi gach ceann d\u00e1r n-ionaid tr\u00ed chlice\u00e1il ar na marc\u00f3ir\u00ed l\u00e9arsc\u00e1ile th\u00edos [&hellip;]\" \/>\n<meta property=\"og:url\" content=\"https:\/\/www.noticenature.ie\/ga\/oideachas\/ionaid-oideachais-npws\/\" \/>\n<meta property=\"og:site_name\" content=\"D\u00fail sa D\u00falra\" \/>\n<meta property=\"article:publisher\" content=\"https:\/\/www.facebook.com\/profile.php?id=100066240890743\" \/>\n<meta property=\"article:modified_time\" content=\"2022-06-17T17:27:47+00:00\" \/>\n<meta name=\"twitter:card\" content=\"summary_large_image\" \/>\n<meta name=\"twitter:site\" content=\"@Notice_Nature\" \/>\n<meta name=\"twitter:label1\" content=\"Est. reading time\" \/>\n\t<meta name=\"twitter:data1\" content=\"1 minute\" \/>\n<script type=\"application\/ld+json\" class=\"yoast-schema-graph\">{\"@context\":\"https:\\\/\\\/schema.org\",\"@graph\":[{\"@type\":\"WebPage\",\"@id\":\"https:\\\/\\\/www.noticenature.ie\\\/ga\\\/oideachas\\\/ionaid-oideachais-npws\\\/\",\"url\":\"https:\\\/\\\/www.noticenature.ie\\\/ga\\\/oideachas\\\/ionaid-oideachais-npws\\\/\",\"name\":\"Ionaid Oideachais NPWS - D\u00fail sa D\u00falra\",\"isPartOf\":{\"@id\":\"https:\\\/\\\/www.noticenature.ie\\\/ga\\\/#website\"},\"datePublished\":\"2015-09-03T14:34:49+00:00\",\"dateModified\":\"2022-06-17T17:27:47+00:00\",\"breadcrumb\":{\"@id\":\"https:\\\/\\\/www.noticenature.ie\\\/ga\\\/oideachas\\\/ionaid-oideachais-npws\\\/#breadcrumb\"},\"inLanguage\":\"ga-IE\",\"potentialAction\":[{\"@type\":\"ReadAction\",\"target\":[\"https:\\\/\\\/www.noticenature.ie\\\/ga\\\/oideachas\\\/ionaid-oideachais-npws\\\/\"]}]},{\"@type\":\"BreadcrumbList\",\"@id\":\"https:\\\/\\\/www.noticenature.ie\\\/ga\\\/oideachas\\\/ionaid-oideachais-npws\\\/#breadcrumb\",\"itemListElement\":[{\"@type\":\"ListItem\",\"position\":1,\"name\":\"Home\",\"item\":\"https:\\\/\\\/www.noticenature.ie\\\/ga\\\/1600-2\\\/\"},{\"@type\":\"ListItem\",\"position\":2,\"name\":\"Oideachas\",\"item\":\"https:\\\/\\\/www.noticenature.ie\\\/ga\\\/oideachas\\\/\"},{\"@type\":\"ListItem\",\"position\":3,\"name\":\"Ionaid Oideachais NPWS\"}]},{\"@type\":\"WebSite\",\"@id\":\"https:\\\/\\\/www.noticenature.ie\\\/ga\\\/#website\",\"url\":\"https:\\\/\\\/www.noticenature.ie\\\/ga\\\/\",\"name\":\"D\u00fail sa D\u00falra\",\"description\":\"Action on Biodiversity Loss\",\"potentialAction\":[{\"@type\":\"SearchAction\",\"target\":{\"@type\":\"EntryPoint\",\"urlTemplate\":\"https:\\\/\\\/www.noticenature.ie\\\/ga\\\/?s={search_term_string}\"},\"query-input\":{\"@type\":\"PropertyValueSpecification\",\"valueRequired\":true,\"valueName\":\"search_term_string\"}}],\"inLanguage\":\"ga-IE\"}]}<\/script>\n<!-- \/ Yoast SEO plugin. -->","yoast_head_json":{"title":"Ionaid Oideachais NPWS - D\u00fail sa D\u00falra","robots":{"index":"index","follow":"follow","max-snippet":"max-snippet:-1","max-image-preview":"max-image-preview:large","max-video-preview":"max-video-preview:-1"},"canonical":"https:\/\/www.noticenature.ie\/ga\/oideachas\/ionaid-oideachais-npws\/","og_locale":"ga_IE","og_type":"article","og_title":"Ionaid Oideachais NPWS - D\u00fail sa D\u00falra","og_description":"T\u00e1 s\u00e9 mar aidhm ag Ionaid Oideachais NPWS feasacht a mh\u00fascailt ar an domhan n\u00e1d\u00fartha agus a th\u00e1bhachta\u00ed at\u00e1 s\u00e9 \u00e1r mbith\u00e9ags\u00falacht a chaomhn\u00fa agus a chosaint. Is f\u00e9idir leis na cl\u00e1ir oideachais a bheith \u00e9ags\u00fail \u00f3 ionad go hionad. Faigh tuilleadh eolais faoi gach ceann d\u00e1r n-ionaid tr\u00ed chlice\u00e1il ar na marc\u00f3ir\u00ed l\u00e9arsc\u00e1ile th\u00edos [&hellip;]","og_url":"https:\/\/www.noticenature.ie\/ga\/oideachas\/ionaid-oideachais-npws\/","og_site_name":"D\u00fail sa D\u00falra","article_publisher":"https:\/\/www.facebook.com\/profile.php?id=100066240890743","article_modified_time":"2022-06-17T17:27:47+00:00","twitter_card":"summary_large_image","twitter_site":"@Notice_Nature","twitter_misc":{"Est. reading time":"1 minute"},"schema":{"@context":"https:\/\/schema.org","@graph":[{"@type":"WebPage","@id":"https:\/\/www.noticenature.ie\/ga\/oideachas\/ionaid-oideachais-npws\/","url":"https:\/\/www.noticenature.ie\/ga\/oideachas\/ionaid-oideachais-npws\/","name":"Ionaid Oideachais NPWS - D\u00fail sa D\u00falra","isPartOf":{"@id":"https:\/\/www.noticenature.ie\/ga\/#website"},"datePublished":"2015-09-03T14:34:49+00:00","dateModified":"2022-06-17T17:27:47+00:00","breadcrumb":{"@id":"https:\/\/www.noticenature.ie\/ga\/oideachas\/ionaid-oideachais-npws\/#breadcrumb"},"inLanguage":"ga-IE","potentialAction":[{"@type":"ReadAction","target":["https:\/\/www.noticenature.ie\/ga\/oideachas\/ionaid-oideachais-npws\/"]}]},{"@type":"BreadcrumbList","@id":"https:\/\/www.noticenature.ie\/ga\/oideachas\/ionaid-oideachais-npws\/#breadcrumb","itemListElement":[{"@type":"ListItem","position":1,"name":"Home","item":"https:\/\/www.noticenature.ie\/ga\/1600-2\/"},{"@type":"ListItem","position":2,"name":"Oideachas","item":"https:\/\/www.noticenature.ie\/ga\/oideachas\/"},{"@type":"ListItem","position":3,"name":"Ionaid Oideachais NPWS"}]},{"@type":"WebSite","@id":"https:\/\/www.noticenature.ie\/ga\/#website","url":"https:\/\/www.noticenature.ie\/ga\/","name":"D\u00fail sa D\u00falra","description":"Action on Biodiversity Loss","potentialAction":[{"@type":"SearchAction","target":{"@type":"EntryPoint","urlTemplate":"https:\/\/www.noticenature.ie\/ga\/?s={search_term_string}"},"query-input":{"@type":"PropertyValueSpecification","valueRequired":true,"valueName":"search_term_string"}}],"inLanguage":"ga-IE"}]}},"_links":{"self":[{"href":"https:\/\/www.noticenature.ie\/ga\/wp-json\/wp\/v2\/pages\/1637","targetHints":{"allow":["GET"]}}],"collection":[{"href":"https:\/\/www.noticenature.ie\/ga\/wp-json\/wp\/v2\/pages"}],"about":[{"href":"https:\/\/www.noticenature.ie\/ga\/wp-json\/wp\/v2\/types\/page"}],"author":[{"embeddable":true,"href":"https:\/\/www.noticenature.ie\/ga\/wp-json\/wp\/v2\/users\/2"}],"replies":[{"embeddable":true,"href":"https:\/\/www.noticenature.ie\/ga\/wp-json\/wp\/v2\/comments?post=1637"}],"version-history":[{"count":4,"href":"https:\/\/www.noticenature.ie\/ga\/wp-json\/wp\/v2\/pages\/1637\/revisions"}],"predecessor-version":[{"id":1911,"href":"https:\/\/www.noticenature.ie\/ga\/wp-json\/wp\/v2\/pages\/1637\/revisions\/1911"}],"up":[{"embeddable":true,"href":"https:\/\/www.noticenature.ie\/ga\/wp-json\/wp\/v2\/pages\/1635"}],"wp:attachment":[{"href":"https:\/\/www.noticenature.ie\/ga\/wp-json\/wp\/v2\/media?parent=1637"}],"curies":[{"name":"wp","href":"https:\/\/api.w.org\/{rel}","templated":true}]}}