{"id":1635,"date":"2015-08-31T10:46:47","date_gmt":"2015-08-31T10:46:47","guid":{"rendered":"https:\/\/www.noticenature.ie\/oideachas\/"},"modified":"2022-06-17T17:27:10","modified_gmt":"2022-06-17T17:27:10","slug":"oideachas","status":"publish","type":"page","link":"https:\/\/www.noticenature.ie\/ga\/oideachas\/","title":{"rendered":"Oideachas"},"content":{"rendered":"\n<p><strong>F\u00e1ilte chuig na leathanaigh Oideachais de chuid D\u00fail sa D\u00falra.<\/strong><\/p>\n\n<div>\n<p>B\u2019fh\u00e9idir nach mb\u00edonn s\u00e9 \u00e9asca cinneadh a dh\u00e9anamh conas, cathain n\u00f3 c\u00e1 h\u00e1it le tos\u00fa agus an bhith\u00e9ags\u00falacht a mh\u00edni\u00fa do dhalta\u00ed n\u00f3 do leana\u00ed agus mar sin chuireamar na leathanaigh seo i dtoll a ch\u00e9ile chun cabhr\u00fa leat tabhairt faoi.<\/p>\n<p>\u00c1ir\u00edtear sa chuid <a href=\"https:\/\/www.noticenature.ie\/ga\/duil-sa-dulra-do-leanai\/\">D\u00fail sa D\u00falra do leana\u00ed <\/a> acmhainn\u00ed agus naisc at\u00e1 deartha le bheith sothuigthe do leana\u00ed agus daoine \u00f3ga a spreagadh suim a ghlacadh sa d\u00falra agus sa bhith\u00e9ags\u00falacht, sa bhaile agus n\u00edos faide i gc\u00e9in.<\/p>\n<\/div>\n<div class=\"wp-block-image\">\n<figure class=\"alignright\"><a href=\"https:\/\/www.noticenature.ie\/wp-content\/uploads\/2021\/12\/EdCentreN.MidlandsRegion_000.jpg\"><img loading=\"lazy\" decoding=\"async\" width=\"300\" height=\"225\" src=\"https:\/\/www.noticenature.ie\/wp-content\/uploads\/2021\/12\/EdCentreN.MidlandsRegion_000-300x225.jpg\" alt=\"Ionad Oideachais\" class=\"wp-image-1312\" srcset=\"https:\/\/www.noticenature.ie\/wp-content\/uploads\/2021\/12\/EdCentreN.MidlandsRegion_000-300x225.jpg 300w, https:\/\/www.noticenature.ie\/wp-content\/uploads\/2021\/12\/EdCentreN.MidlandsRegion_000.jpg 700w\" sizes=\"auto, (max-width: 300px) 100vw, 300px\" \/><\/a><\/figure>\n<\/div>\n<p>\u00c1it mhaith le tos\u00fa n\u00e1 chun breathn\u00fa ar na <a href=\"https:\/\/www.noticenature.ie\/ga\/oideachas\/ionaid-oideachais-npws\/\">hIonaid Oideachais agus Seirbh\u00eds\u00ed do Chuairteoir\u00ed de chuid an NPWS <\/a>ar fud na t\u00edre.<\/p>\n\n<p>Cuireann na hionaid seo cl\u00e1ir staid\u00e9ir allamuigh agus feasacht d\u00falra ar f\u00e1il do scoileanna agus do ghr\u00fapa\u00ed leasmhara eile.<\/p>\n\n<p><a href=\"https:\/\/www.noticenature.ie\/ga\/oideachas\/ionaid-oideachais-npws\/\">Aimsigh Ionad Oideachais in aice leat<\/a>.<\/p>\n\n<p><\/p>\n","protected":false},"excerpt":{"rendered":"<p>F\u00e1ilte chuig na leathanaigh Oideachais de chuid D\u00fail sa D\u00falra. B\u2019fh\u00e9idir nach mb\u00edonn s\u00e9 \u00e9asca cinneadh a dh\u00e9anamh conas, cathain n\u00f3 c\u00e1 h\u00e1it le tos\u00fa agus an bhith\u00e9ags\u00falacht a mh\u00edni\u00fa do dhalta\u00ed n\u00f3 do leana\u00ed agus mar sin chuireamar na leathanaigh seo i dtoll a ch\u00e9ile chun cabhr\u00fa leat tabhairt faoi. \u00c1ir\u00edtear sa chuid D\u00fail [&hellip;]<\/p>\n","protected":false},"author":2,"featured_media":0,"parent":0,"menu_order":3,"comment_status":"closed","ping_status":"closed","template":"","meta":{"footnotes":""},"class_list":["post-1635","page","type-page","status-publish","hentry","post"],"yoast_head":"<!-- This site is optimized with the Yoast SEO plugin v27.3 - https:\/\/yoast.com\/product\/yoast-seo-wordpress\/ -->\n<title>Oideachas - D\u00fail sa D\u00falra<\/title>\n<meta name=\"robots\" content=\"index, follow, max-snippet:-1, max-image-preview:large, max-video-preview:-1\" \/>\n<link rel=\"canonical\" href=\"https:\/\/www.noticenature.ie\/ga\/oideachas\/\" \/>\n<meta property=\"og:locale\" content=\"ga_IE\" \/>\n<meta property=\"og:type\" content=\"article\" \/>\n<meta property=\"og:title\" content=\"Oideachas - D\u00fail sa D\u00falra\" \/>\n<meta property=\"og:description\" content=\"F\u00e1ilte chuig na leathanaigh Oideachais de chuid D\u00fail sa D\u00falra. B\u2019fh\u00e9idir nach mb\u00edonn s\u00e9 \u00e9asca cinneadh a dh\u00e9anamh conas, cathain n\u00f3 c\u00e1 h\u00e1it le tos\u00fa agus an bhith\u00e9ags\u00falacht a mh\u00edni\u00fa do dhalta\u00ed n\u00f3 do leana\u00ed agus mar sin chuireamar na leathanaigh seo i dtoll a ch\u00e9ile chun cabhr\u00fa leat tabhairt faoi. \u00c1ir\u00edtear sa chuid D\u00fail [&hellip;]\" \/>\n<meta property=\"og:url\" content=\"https:\/\/www.noticenature.ie\/ga\/oideachas\/\" \/>\n<meta property=\"og:site_name\" content=\"D\u00fail sa D\u00falra\" \/>\n<meta property=\"article:publisher\" content=\"https:\/\/www.facebook.com\/profile.php?id=100066240890743\" \/>\n<meta property=\"article:modified_time\" content=\"2022-06-17T17:27:10+00:00\" \/>\n<meta property=\"og:image\" content=\"https:\/\/www.noticenature.ie\/wp-content\/uploads\/2021\/12\/EdCentreN.MidlandsRegion_000-300x225.jpg\" \/>\n<meta name=\"twitter:card\" content=\"summary_large_image\" \/>\n<meta name=\"twitter:site\" content=\"@Notice_Nature\" \/>\n<meta name=\"twitter:label1\" content=\"Est. reading time\" \/>\n\t<meta name=\"twitter:data1\" content=\"1 minute\" \/>\n<script type=\"application\/ld+json\" class=\"yoast-schema-graph\">{\"@context\":\"https:\\\/\\\/schema.org\",\"@graph\":[{\"@type\":\"WebPage\",\"@id\":\"https:\\\/\\\/www.noticenature.ie\\\/ga\\\/oideachas\\\/\",\"url\":\"https:\\\/\\\/www.noticenature.ie\\\/ga\\\/oideachas\\\/\",\"name\":\"Oideachas - D\u00fail sa D\u00falra\",\"isPartOf\":{\"@id\":\"https:\\\/\\\/www.noticenature.ie\\\/ga\\\/#website\"},\"primaryImageOfPage\":{\"@id\":\"https:\\\/\\\/www.noticenature.ie\\\/ga\\\/oideachas\\\/#primaryimage\"},\"image\":{\"@id\":\"https:\\\/\\\/www.noticenature.ie\\\/ga\\\/oideachas\\\/#primaryimage\"},\"thumbnailUrl\":\"https:\\\/\\\/www.noticenature.ie\\\/wp-content\\\/uploads\\\/2021\\\/12\\\/EdCentreN.MidlandsRegion_000-300x225.jpg\",\"datePublished\":\"2015-08-31T10:46:47+00:00\",\"dateModified\":\"2022-06-17T17:27:10+00:00\",\"breadcrumb\":{\"@id\":\"https:\\\/\\\/www.noticenature.ie\\\/ga\\\/oideachas\\\/#breadcrumb\"},\"inLanguage\":\"ga-IE\",\"potentialAction\":[{\"@type\":\"ReadAction\",\"target\":[\"https:\\\/\\\/www.noticenature.ie\\\/ga\\\/oideachas\\\/\"]}]},{\"@type\":\"ImageObject\",\"inLanguage\":\"ga-IE\",\"@id\":\"https:\\\/\\\/www.noticenature.ie\\\/ga\\\/oideachas\\\/#primaryimage\",\"url\":\"https:\\\/\\\/www.noticenature.ie\\\/wp-content\\\/uploads\\\/2021\\\/12\\\/EdCentreN.MidlandsRegion_000-300x225.jpg\",\"contentUrl\":\"https:\\\/\\\/www.noticenature.ie\\\/wp-content\\\/uploads\\\/2021\\\/12\\\/EdCentreN.MidlandsRegion_000-300x225.jpg\"},{\"@type\":\"BreadcrumbList\",\"@id\":\"https:\\\/\\\/www.noticenature.ie\\\/ga\\\/oideachas\\\/#breadcrumb\",\"itemListElement\":[{\"@type\":\"ListItem\",\"position\":1,\"name\":\"Home\",\"item\":\"https:\\\/\\\/www.noticenature.ie\\\/ga\\\/1600-2\\\/\"},{\"@type\":\"ListItem\",\"position\":2,\"name\":\"Oideachas\"}]},{\"@type\":\"WebSite\",\"@id\":\"https:\\\/\\\/www.noticenature.ie\\\/ga\\\/#website\",\"url\":\"https:\\\/\\\/www.noticenature.ie\\\/ga\\\/\",\"name\":\"D\u00fail sa D\u00falra\",\"description\":\"Action on Biodiversity Loss\",\"potentialAction\":[{\"@type\":\"SearchAction\",\"target\":{\"@type\":\"EntryPoint\",\"urlTemplate\":\"https:\\\/\\\/www.noticenature.ie\\\/ga\\\/?s={search_term_string}\"},\"query-input\":{\"@type\":\"PropertyValueSpecification\",\"valueRequired\":true,\"valueName\":\"search_term_string\"}}],\"inLanguage\":\"ga-IE\"}]}<\/script>\n<!-- \/ Yoast SEO plugin. -->","yoast_head_json":{"title":"Oideachas - D\u00fail sa D\u00falra","robots":{"index":"index","follow":"follow","max-snippet":"max-snippet:-1","max-image-preview":"max-image-preview:large","max-video-preview":"max-video-preview:-1"},"canonical":"https:\/\/www.noticenature.ie\/ga\/oideachas\/","og_locale":"ga_IE","og_type":"article","og_title":"Oideachas - D\u00fail sa D\u00falra","og_description":"F\u00e1ilte chuig na leathanaigh Oideachais de chuid D\u00fail sa D\u00falra. B\u2019fh\u00e9idir nach mb\u00edonn s\u00e9 \u00e9asca cinneadh a dh\u00e9anamh conas, cathain n\u00f3 c\u00e1 h\u00e1it le tos\u00fa agus an bhith\u00e9ags\u00falacht a mh\u00edni\u00fa do dhalta\u00ed n\u00f3 do leana\u00ed agus mar sin chuireamar na leathanaigh seo i dtoll a ch\u00e9ile chun cabhr\u00fa leat tabhairt faoi. \u00c1ir\u00edtear sa chuid D\u00fail [&hellip;]","og_url":"https:\/\/www.noticenature.ie\/ga\/oideachas\/","og_site_name":"D\u00fail sa D\u00falra","article_publisher":"https:\/\/www.facebook.com\/profile.php?id=100066240890743","article_modified_time":"2022-06-17T17:27:10+00:00","og_image":[{"url":"https:\/\/www.noticenature.ie\/wp-content\/uploads\/2021\/12\/EdCentreN.MidlandsRegion_000-300x225.jpg","type":"","width":"","height":""}],"twitter_card":"summary_large_image","twitter_site":"@Notice_Nature","twitter_misc":{"Est. reading time":"1 minute"},"schema":{"@context":"https:\/\/schema.org","@graph":[{"@type":"WebPage","@id":"https:\/\/www.noticenature.ie\/ga\/oideachas\/","url":"https:\/\/www.noticenature.ie\/ga\/oideachas\/","name":"Oideachas - D\u00fail sa D\u00falra","isPartOf":{"@id":"https:\/\/www.noticenature.ie\/ga\/#website"},"primaryImageOfPage":{"@id":"https:\/\/www.noticenature.ie\/ga\/oideachas\/#primaryimage"},"image":{"@id":"https:\/\/www.noticenature.ie\/ga\/oideachas\/#primaryimage"},"thumbnailUrl":"https:\/\/www.noticenature.ie\/wp-content\/uploads\/2021\/12\/EdCentreN.MidlandsRegion_000-300x225.jpg","datePublished":"2015-08-31T10:46:47+00:00","dateModified":"2022-06-17T17:27:10+00:00","breadcrumb":{"@id":"https:\/\/www.noticenature.ie\/ga\/oideachas\/#breadcrumb"},"inLanguage":"ga-IE","potentialAction":[{"@type":"ReadAction","target":["https:\/\/www.noticenature.ie\/ga\/oideachas\/"]}]},{"@type":"ImageObject","inLanguage":"ga-IE","@id":"https:\/\/www.noticenature.ie\/ga\/oideachas\/#primaryimage","url":"https:\/\/www.noticenature.ie\/wp-content\/uploads\/2021\/12\/EdCentreN.MidlandsRegion_000-300x225.jpg","contentUrl":"https:\/\/www.noticenature.ie\/wp-content\/uploads\/2021\/12\/EdCentreN.MidlandsRegion_000-300x225.jpg"},{"@type":"BreadcrumbList","@id":"https:\/\/www.noticenature.ie\/ga\/oideachas\/#breadcrumb","itemListElement":[{"@type":"ListItem","position":1,"name":"Home","item":"https:\/\/www.noticenature.ie\/ga\/1600-2\/"},{"@type":"ListItem","position":2,"name":"Oideachas"}]},{"@type":"WebSite","@id":"https:\/\/www.noticenature.ie\/ga\/#website","url":"https:\/\/www.noticenature.ie\/ga\/","name":"D\u00fail sa D\u00falra","description":"Action on Biodiversity Loss","potentialAction":[{"@type":"SearchAction","target":{"@type":"EntryPoint","urlTemplate":"https:\/\/www.noticenature.ie\/ga\/?s={search_term_string}"},"query-input":{"@type":"PropertyValueSpecification","valueRequired":true,"valueName":"search_term_string"}}],"inLanguage":"ga-IE"}]}},"_links":{"self":[{"href":"https:\/\/www.noticenature.ie\/ga\/wp-json\/wp\/v2\/pages\/1635","targetHints":{"allow":["GET"]}}],"collection":[{"href":"https:\/\/www.noticenature.ie\/ga\/wp-json\/wp\/v2\/pages"}],"about":[{"href":"https:\/\/www.noticenature.ie\/ga\/wp-json\/wp\/v2\/types\/page"}],"author":[{"embeddable":true,"href":"https:\/\/www.noticenature.ie\/ga\/wp-json\/wp\/v2\/users\/2"}],"replies":[{"embeddable":true,"href":"https:\/\/www.noticenature.ie\/ga\/wp-json\/wp\/v2\/comments?post=1635"}],"version-history":[{"count":4,"href":"https:\/\/www.noticenature.ie\/ga\/wp-json\/wp\/v2\/pages\/1635\/revisions"}],"predecessor-version":[{"id":1900,"href":"https:\/\/www.noticenature.ie\/ga\/wp-json\/wp\/v2\/pages\/1635\/revisions\/1900"}],"wp:attachment":[{"href":"https:\/\/www.noticenature.ie\/ga\/wp-json\/wp\/v2\/media?parent=1635"}],"curies":[{"name":"wp","href":"https:\/\/api.w.org\/{rel}","templated":true}]}}