{"id":1634,"date":"2016-05-12T15:32:08","date_gmt":"2016-05-12T15:32:08","guid":{"rendered":"https:\/\/www.noticenature.ie\/aiteanna-le-cuairt-a-thabhairt-orthu\/fiadhulra-i-do-cheantar\/"},"modified":"2022-06-17T17:40:04","modified_gmt":"2022-06-17T17:40:04","slug":"fiadhulra-i-do-cheantar","status":"publish","type":"page","link":"https:\/\/www.noticenature.ie\/ga\/aiteanna-le-cuairt-a-thabhairt-orthu\/fiadhulra-i-do-cheantar\/","title":{"rendered":"Fiadh\u00falra i do Cheantar"},"content":{"rendered":"\n<p>Clice\u00e1il ar na marc\u00f3ir\u00ed l\u00e9arsc\u00e1ile th\u00edos chun tuilleadh eolais a fh\u00e1il faoi fhl\u00f3ra, f\u00e1na agus l\u00e1ithre\u00e1in oidhreachta n\u00e1d\u00fartha i do cheantar \u00e1iti\u00fail. Tabhair faoi deara, le do thoil, nach bhfuil na l\u00e1ithre\u00e1in go l\u00e9ir at\u00e1 san \u00e1ireamh faoi ch\u00faram na Seirbh\u00edse P\u00e1irceanna N\u00e1isi\u00fanta agus Fiadh\u00falra, t\u00e1 roinnt su\u00edomhanna faoi \u00fain\u00e9ireacht phr\u00edobh\u00e1ideach n\u00f3 faoi chomh\u00fain\u00e9ireacht ag an St\u00e1t.<br\/> <br\/><iframe loading=\"lazy\" title=\"Oidhreacht N\u00e1d\u00fartha i do cheantar - Google Maps\" width=\"640\" height=\"480\" src=\"https:\/\/www.google.com\/maps\/d\/u\/0\/embed?mid=1EKmZT6u7joocrXfco1zN6kZ03T0\"><\/iframe><\/p>\n","protected":false},"excerpt":{"rendered":"<p>Clice\u00e1il ar na marc\u00f3ir\u00ed l\u00e9arsc\u00e1ile th\u00edos chun tuilleadh eolais a fh\u00e1il faoi fhl\u00f3ra, f\u00e1na agus l\u00e1ithre\u00e1in oidhreachta n\u00e1d\u00fartha i do cheantar \u00e1iti\u00fail. Tabhair faoi deara, le do thoil, nach bhfuil na l\u00e1ithre\u00e1in go l\u00e9ir at\u00e1 san \u00e1ireamh faoi ch\u00faram na Seirbh\u00edse P\u00e1irceanna N\u00e1isi\u00fanta agus Fiadh\u00falra, t\u00e1 roinnt su\u00edomhanna faoi \u00fain\u00e9ireacht phr\u00edobh\u00e1ideach n\u00f3 faoi chomh\u00fain\u00e9ireacht ag [&hellip;]<\/p>\n","protected":false},"author":2,"featured_media":0,"parent":1624,"menu_order":0,"comment_status":"closed","ping_status":"closed","template":"","meta":{"footnotes":""},"class_list":["post-1634","page","type-page","status-publish","hentry","post"],"yoast_head":"<!-- This site is optimized with the Yoast SEO plugin v27.3 - https:\/\/yoast.com\/product\/yoast-seo-wordpress\/ -->\n<title>Fiadh\u00falra i do Cheantar - D\u00fail sa D\u00falra<\/title>\n<meta name=\"robots\" content=\"index, follow, max-snippet:-1, max-image-preview:large, max-video-preview:-1\" \/>\n<link rel=\"canonical\" href=\"https:\/\/www.noticenature.ie\/ga\/aiteanna-le-cuairt-a-thabhairt-orthu\/fiadhulra-i-do-cheantar\/\" \/>\n<meta property=\"og:locale\" content=\"ga_IE\" \/>\n<meta property=\"og:type\" content=\"article\" \/>\n<meta property=\"og:title\" content=\"Fiadh\u00falra i do Cheantar - D\u00fail sa D\u00falra\" \/>\n<meta property=\"og:description\" content=\"Clice\u00e1il ar na marc\u00f3ir\u00ed l\u00e9arsc\u00e1ile th\u00edos chun tuilleadh eolais a fh\u00e1il faoi fhl\u00f3ra, f\u00e1na agus l\u00e1ithre\u00e1in oidhreachta n\u00e1d\u00fartha i do cheantar \u00e1iti\u00fail. Tabhair faoi deara, le do thoil, nach bhfuil na l\u00e1ithre\u00e1in go l\u00e9ir at\u00e1 san \u00e1ireamh faoi ch\u00faram na Seirbh\u00edse P\u00e1irceanna N\u00e1isi\u00fanta agus Fiadh\u00falra, t\u00e1 roinnt su\u00edomhanna faoi \u00fain\u00e9ireacht phr\u00edobh\u00e1ideach n\u00f3 faoi chomh\u00fain\u00e9ireacht ag [&hellip;]\" \/>\n<meta property=\"og:url\" content=\"https:\/\/www.noticenature.ie\/ga\/aiteanna-le-cuairt-a-thabhairt-orthu\/fiadhulra-i-do-cheantar\/\" \/>\n<meta property=\"og:site_name\" content=\"D\u00fail sa D\u00falra\" \/>\n<meta property=\"article:publisher\" content=\"https:\/\/www.facebook.com\/profile.php?id=100066240890743\" \/>\n<meta property=\"article:modified_time\" content=\"2022-06-17T17:40:04+00:00\" \/>\n<meta name=\"twitter:card\" content=\"summary_large_image\" \/>\n<meta name=\"twitter:site\" content=\"@Notice_Nature\" \/>\n<script type=\"application\/ld+json\" class=\"yoast-schema-graph\">{\"@context\":\"https:\\\/\\\/schema.org\",\"@graph\":[{\"@type\":\"WebPage\",\"@id\":\"https:\\\/\\\/www.noticenature.ie\\\/ga\\\/aiteanna-le-cuairt-a-thabhairt-orthu\\\/fiadhulra-i-do-cheantar\\\/\",\"url\":\"https:\\\/\\\/www.noticenature.ie\\\/ga\\\/aiteanna-le-cuairt-a-thabhairt-orthu\\\/fiadhulra-i-do-cheantar\\\/\",\"name\":\"Fiadh\u00falra i do Cheantar - D\u00fail sa D\u00falra\",\"isPartOf\":{\"@id\":\"https:\\\/\\\/www.noticenature.ie\\\/ga\\\/#website\"},\"datePublished\":\"2016-05-12T15:32:08+00:00\",\"dateModified\":\"2022-06-17T17:40:04+00:00\",\"breadcrumb\":{\"@id\":\"https:\\\/\\\/www.noticenature.ie\\\/ga\\\/aiteanna-le-cuairt-a-thabhairt-orthu\\\/fiadhulra-i-do-cheantar\\\/#breadcrumb\"},\"inLanguage\":\"ga-IE\",\"potentialAction\":[{\"@type\":\"ReadAction\",\"target\":[\"https:\\\/\\\/www.noticenature.ie\\\/ga\\\/aiteanna-le-cuairt-a-thabhairt-orthu\\\/fiadhulra-i-do-cheantar\\\/\"]}]},{\"@type\":\"BreadcrumbList\",\"@id\":\"https:\\\/\\\/www.noticenature.ie\\\/ga\\\/aiteanna-le-cuairt-a-thabhairt-orthu\\\/fiadhulra-i-do-cheantar\\\/#breadcrumb\",\"itemListElement\":[{\"@type\":\"ListItem\",\"position\":1,\"name\":\"Home\",\"item\":\"https:\\\/\\\/www.noticenature.ie\\\/ga\\\/1600-2\\\/\"},{\"@type\":\"ListItem\",\"position\":2,\"name\":\"\u00c1iteanna le Cuairt a thabhairt orthu\",\"item\":\"https:\\\/\\\/www.noticenature.ie\\\/ga\\\/aiteanna-le-cuairt-a-thabhairt-orthu\\\/\"},{\"@type\":\"ListItem\",\"position\":3,\"name\":\"Fiadh\u00falra i do Cheantar\"}]},{\"@type\":\"WebSite\",\"@id\":\"https:\\\/\\\/www.noticenature.ie\\\/ga\\\/#website\",\"url\":\"https:\\\/\\\/www.noticenature.ie\\\/ga\\\/\",\"name\":\"D\u00fail sa D\u00falra\",\"description\":\"Action on Biodiversity Loss\",\"potentialAction\":[{\"@type\":\"SearchAction\",\"target\":{\"@type\":\"EntryPoint\",\"urlTemplate\":\"https:\\\/\\\/www.noticenature.ie\\\/ga\\\/?s={search_term_string}\"},\"query-input\":{\"@type\":\"PropertyValueSpecification\",\"valueRequired\":true,\"valueName\":\"search_term_string\"}}],\"inLanguage\":\"ga-IE\"}]}<\/script>\n<!-- \/ Yoast SEO plugin. -->","yoast_head_json":{"title":"Fiadh\u00falra i do Cheantar - D\u00fail sa D\u00falra","robots":{"index":"index","follow":"follow","max-snippet":"max-snippet:-1","max-image-preview":"max-image-preview:large","max-video-preview":"max-video-preview:-1"},"canonical":"https:\/\/www.noticenature.ie\/ga\/aiteanna-le-cuairt-a-thabhairt-orthu\/fiadhulra-i-do-cheantar\/","og_locale":"ga_IE","og_type":"article","og_title":"Fiadh\u00falra i do Cheantar - D\u00fail sa D\u00falra","og_description":"Clice\u00e1il ar na marc\u00f3ir\u00ed l\u00e9arsc\u00e1ile th\u00edos chun tuilleadh eolais a fh\u00e1il faoi fhl\u00f3ra, f\u00e1na agus l\u00e1ithre\u00e1in oidhreachta n\u00e1d\u00fartha i do cheantar \u00e1iti\u00fail. Tabhair faoi deara, le do thoil, nach bhfuil na l\u00e1ithre\u00e1in go l\u00e9ir at\u00e1 san \u00e1ireamh faoi ch\u00faram na Seirbh\u00edse P\u00e1irceanna N\u00e1isi\u00fanta agus Fiadh\u00falra, t\u00e1 roinnt su\u00edomhanna faoi \u00fain\u00e9ireacht phr\u00edobh\u00e1ideach n\u00f3 faoi chomh\u00fain\u00e9ireacht ag [&hellip;]","og_url":"https:\/\/www.noticenature.ie\/ga\/aiteanna-le-cuairt-a-thabhairt-orthu\/fiadhulra-i-do-cheantar\/","og_site_name":"D\u00fail sa D\u00falra","article_publisher":"https:\/\/www.facebook.com\/profile.php?id=100066240890743","article_modified_time":"2022-06-17T17:40:04+00:00","twitter_card":"summary_large_image","twitter_site":"@Notice_Nature","schema":{"@context":"https:\/\/schema.org","@graph":[{"@type":"WebPage","@id":"https:\/\/www.noticenature.ie\/ga\/aiteanna-le-cuairt-a-thabhairt-orthu\/fiadhulra-i-do-cheantar\/","url":"https:\/\/www.noticenature.ie\/ga\/aiteanna-le-cuairt-a-thabhairt-orthu\/fiadhulra-i-do-cheantar\/","name":"Fiadh\u00falra i do Cheantar - D\u00fail sa D\u00falra","isPartOf":{"@id":"https:\/\/www.noticenature.ie\/ga\/#website"},"datePublished":"2016-05-12T15:32:08+00:00","dateModified":"2022-06-17T17:40:04+00:00","breadcrumb":{"@id":"https:\/\/www.noticenature.ie\/ga\/aiteanna-le-cuairt-a-thabhairt-orthu\/fiadhulra-i-do-cheantar\/#breadcrumb"},"inLanguage":"ga-IE","potentialAction":[{"@type":"ReadAction","target":["https:\/\/www.noticenature.ie\/ga\/aiteanna-le-cuairt-a-thabhairt-orthu\/fiadhulra-i-do-cheantar\/"]}]},{"@type":"BreadcrumbList","@id":"https:\/\/www.noticenature.ie\/ga\/aiteanna-le-cuairt-a-thabhairt-orthu\/fiadhulra-i-do-cheantar\/#breadcrumb","itemListElement":[{"@type":"ListItem","position":1,"name":"Home","item":"https:\/\/www.noticenature.ie\/ga\/1600-2\/"},{"@type":"ListItem","position":2,"name":"\u00c1iteanna le Cuairt a thabhairt orthu","item":"https:\/\/www.noticenature.ie\/ga\/aiteanna-le-cuairt-a-thabhairt-orthu\/"},{"@type":"ListItem","position":3,"name":"Fiadh\u00falra i do Cheantar"}]},{"@type":"WebSite","@id":"https:\/\/www.noticenature.ie\/ga\/#website","url":"https:\/\/www.noticenature.ie\/ga\/","name":"D\u00fail sa D\u00falra","description":"Action on Biodiversity Loss","potentialAction":[{"@type":"SearchAction","target":{"@type":"EntryPoint","urlTemplate":"https:\/\/www.noticenature.ie\/ga\/?s={search_term_string}"},"query-input":{"@type":"PropertyValueSpecification","valueRequired":true,"valueName":"search_term_string"}}],"inLanguage":"ga-IE"}]}},"_links":{"self":[{"href":"https:\/\/www.noticenature.ie\/ga\/wp-json\/wp\/v2\/pages\/1634","targetHints":{"allow":["GET"]}}],"collection":[{"href":"https:\/\/www.noticenature.ie\/ga\/wp-json\/wp\/v2\/pages"}],"about":[{"href":"https:\/\/www.noticenature.ie\/ga\/wp-json\/wp\/v2\/types\/page"}],"author":[{"embeddable":true,"href":"https:\/\/www.noticenature.ie\/ga\/wp-json\/wp\/v2\/users\/2"}],"replies":[{"embeddable":true,"href":"https:\/\/www.noticenature.ie\/ga\/wp-json\/wp\/v2\/comments?post=1634"}],"version-history":[{"count":4,"href":"https:\/\/www.noticenature.ie\/ga\/wp-json\/wp\/v2\/pages\/1634\/revisions"}],"predecessor-version":[{"id":1925,"href":"https:\/\/www.noticenature.ie\/ga\/wp-json\/wp\/v2\/pages\/1634\/revisions\/1925"}],"up":[{"embeddable":true,"href":"https:\/\/www.noticenature.ie\/ga\/wp-json\/wp\/v2\/pages\/1624"}],"wp:attachment":[{"href":"https:\/\/www.noticenature.ie\/ga\/wp-json\/wp\/v2\/media?parent=1634"}],"curies":[{"name":"wp","href":"https:\/\/api.w.org\/{rel}","templated":true}]}}