{"id":1632,"date":"2015-09-03T11:19:26","date_gmt":"2015-09-03T11:19:26","guid":{"rendered":"https:\/\/www.noticenature.ie\/cosain-siuil-in-eirinn\/"},"modified":"2022-06-17T17:23:29","modified_gmt":"2022-06-17T17:23:29","slug":"cosain-siuil-in-eirinn","status":"publish","type":"page","link":"https:\/\/www.noticenature.ie\/ga\/eolas-faoi-duil-sa-dulra\/cosain-siuil-in-eirinn\/","title":{"rendered":"Cos\u00e1in Si\u00fail in \u00c9irinn"},"content":{"rendered":"\n<p>T\u00e9igh amach agus bain taitneamh as an bhfiadh\u00falra, na gn\u00e1th\u00f3ga agus an t\u00edrdhreach at\u00e1 ar f\u00e1il in \u00c9irinn. Breathnaigh ar chuid de na hacmhainn\u00ed ar l\u00edne th\u00edos a thugann saibhreas eolais ar chos\u00e1in rotha\u00edochta agus si\u00fail timpeall na t\u00edre.<\/p>\n<div class=\"wp-block-image\">\n<figure class=\"alignleft\"><a href=\"http:\/\/www.discoverireland.ie\/Things-To-Do\/Ideas-for-activities\/Walking\"><img loading=\"lazy\" decoding=\"async\" width=\"300\" height=\"51\" src=\"https:\/\/www.noticenature.ie\/wp-content\/uploads\/2021\/12\/DI2-300x51.png\" alt=\"Discover Ireland\" class=\"wp-image-1309\" srcset=\"https:\/\/www.noticenature.ie\/wp-content\/uploads\/2021\/12\/DI2-300x51.png 300w, https:\/\/www.noticenature.ie\/wp-content\/uploads\/2021\/12\/DI2.png 400w\" sizes=\"auto, (max-width: 300px) 100vw, 300px\" \/><\/a><\/figure>\n<\/div>\n<p>T\u00e1 go leor eolais ar ghn\u00edomha\u00edochta\u00ed amuigh faoin sp\u00e9ir in \u00c9irinn ar shu\u00edomh gr\u00e9as\u00e1in <em>Discover Ireland<\/em> de chuid F\u00e1ilte \u00c9ireann. Roinntear na si\u00fal\u00f3id\u00ed i gcine\u00e1lacha difri\u00fala ionas gur f\u00e9idir leat rogha a dh\u00e9anamh idir shi\u00fal\u00f3id\u00ed L\u00faibe aon lae agus Si\u00fal\u00f3id\u00ed fada Sl\u00edmharc\u00e1ilte, si\u00fal\u00f3id\u00ed foraoise, p\u00e1irceanna n\u00e1isi\u00fanta agus cos\u00e1in oilithrigh. Clice\u00e1il ar an leathanach \u2018Ag si\u00fal in \u00c9irinn\u2019 le haghaidh tuilleadh eolais a fh\u00e1il. T\u00e1 roinnt si\u00fal\u00f3id\u00ed ann a bhfuil dh\u00e1 n\u00f3 tr\u00ed l\u00fab le roghn\u00fa \u00f3 th\u00fas na si\u00fal\u00f3ide. Sol\u00e1thra\u00edtear \u00e1iseanna cos\u00fail le carrchl\u00f3is, cl\u00e1ir l\u00e9arsc\u00e1ileanna agus l\u00e1ithreacha picnice ag t\u00fas gach si\u00fal\u00f3id.<\/p>\n<div class=\"wp-block-image\">\n<figure class=\"alignleft\"><a href=\"https:\/\/www.sportireland.ie\/outdoors\/find-your-trails\"><img loading=\"lazy\" decoding=\"async\" width=\"300\" height=\"74\" src=\"https:\/\/www.noticenature.ie\/wp-content\/uploads\/2021\/12\/WWI-300x74.png\" alt=\"Slite Sl&#xED;mharc&#xE1;ilte na h&#xC9;ireann\" class=\"wp-image-1310\" srcset=\"https:\/\/www.noticenature.ie\/wp-content\/uploads\/2021\/12\/WWI-300x74.png 300w, https:\/\/www.noticenature.ie\/wp-content\/uploads\/2021\/12\/WWI.png 533w\" sizes=\"auto, (max-width: 300px) 100vw, 300px\" \/><\/a><\/figure>\n<\/div>\n<p>\u00d3 Shl\u00ed r\u00e9as\u00fanta gearr an Chabh\u00e1in 26-km go Sl\u00ed Chiarra\u00ed 214km, roinntear na slite seo ina gc\u00e9imeanna le l\u00f3ist\u00edn feadh na sl\u00ed ionas gur f\u00e9idir leat an turas a bhriseadh suas mar is mian leat. T\u00e1 31 Sl\u00ed Sl\u00edmharc\u00e1ilte N\u00e1isi\u00fanta ann agus t\u00e1 comhartha\u00edocht orthu go l\u00e9ir le marc\u00f3ir\u00ed caighde\u00e1nacha agus t\u00e1 l\u00e9arsc\u00e1ileanna agus treoirleabhair ag an gcuid is m\u00f3 d\u00edobh le dul leo.<\/p>\n<div class=\"wp-block-image\">\n<figure class=\"alignleft\"><a href=\"http:\/\/www.coillteoutdoors.ie\/\" target=\"_blank\" rel=\"noopener\"><img loading=\"lazy\" decoding=\"async\" width=\"541\" height=\"164\" src=\"https:\/\/www.noticenature.ie\/wp-content\/uploads\/2015\/09\/CoillteSLIDER.png\" alt=\"Coillte Faoin Sp&#xE9;ir\" class=\"wp-image-281\" srcset=\"https:\/\/www.noticenature.ie\/wp-content\/uploads\/2015\/09\/CoillteSLIDER.png 541w, https:\/\/www.noticenature.ie\/wp-content\/uploads\/2015\/09\/CoillteSLIDER-300x91.png 300w\" sizes=\"auto, (max-width: 541px) 100vw, 541px\" \/><\/a><\/figure>\n<\/div>\n<p>T\u00e1 os cionn 150 su\u00edomh coillearna\u00ed ar fud na t\u00edre ag Coillte, an chuideachta foraoiseachta is m\u00f3 le r\u00e1 in \u00c9irinn, ar f\u00e9idir le daoine a bhfuil suim acu i gcaithimh aimsire amuigh faoin sp\u00e9ir taitneamh a bhaint astu. T\u00e1 coillearnacha Choillte suite i roinnt de na l\u00e1ithreacha is \u00e1ille in \u00c9irinn agus cuireann siad \u00e1iteanna foirfe ar f\u00e1il do theaghlaigh n\u00f3 do dh\u00edograiseoir\u00ed chun dul ag si\u00fal, ag f\u00e1na\u00edocht n\u00f3 i mbun rotha\u00edocht sl\u00e9ibhe. Ar shu\u00edomh gr\u00e9as\u00e1in Coillte Outdoors tugtar deis duit l\u00e1ithre\u00e1in \u00e1ineasa a chuardach de r\u00e9ir contae, n\u00f3 de r\u00e9ir gn\u00edomha\u00edochta. T\u00e1 treoracha, l\u00e9arsc\u00e1ileanna, agus tuairisc\u00ed su\u00edmh ar fad san \u00e1ireamh ar an su\u00edomh gr\u00e9as\u00e1in.<\/p>\n<div class=\"wp-block-image\">\n<figure class=\"alignleft\"><a href=\"http:\/\/www.getirelandwalking.ie\/\" target=\"_blank\" rel=\"noopener\"><img loading=\"lazy\" decoding=\"async\" width=\"300\" height=\"131\" src=\"https:\/\/www.noticenature.ie\/wp-content\/uploads\/2015\/08\/Trailslogo-300x131.png\" alt=\"Get Ireland Walking\" class=\"wp-image-489\" srcset=\"https:\/\/www.noticenature.ie\/wp-content\/uploads\/2015\/08\/Trailslogo-300x131.png 300w, https:\/\/www.noticenature.ie\/wp-content\/uploads\/2015\/08\/Trailslogo.png 316w\" sizes=\"auto, (max-width: 300px) 100vw, 300px\" \/><\/a><\/figure>\n<\/div>\n<p>Is \u00e9 an si\u00fal an bealach is \u00e9asca le tos\u00fa ag bogadh, le bheith gn\u00edomhach agus le sonas a chur ort f\u00e9in, agus t\u00e1 Get Ireland Walking anseo chun cabhr\u00fa leat tos\u00fa: T\u00e1 leideanna agus comhairle againn d\u2019aon duine at\u00e1 ag iarraidh tos\u00fa ag si\u00fal chun aireacht\u00e1il n\u00edos fearr, agus t\u00e1 an t-eolas ar fad againn at\u00e1 uait chun gr\u00fapa si\u00fal\u00f3ide a thos\u00fa \u2013 ionas gur f\u00e9idir leat a bheith acla\u00ed i dteannta do chuid cairde.<br\/><!-- <p align=\"center\"><a href=\"http:\/\/www.coillteoutdoors.ie\/\" target=\"_blank\" rel=\"noopener\"><img loading=\"lazy\" decoding=\"async\" alt=\"Coillte\" src=\"http:\/\/www.noticenature.ie\/files\/Coillte%20Outdoors.png\" alt=\"\" width=\"0\" height=\"0\" border=\"0\" \/><\/a><\/p>\n\n\n--><\/p>\n","protected":false},"excerpt":{"rendered":"<p>T\u00e9igh amach agus bain taitneamh as an bhfiadh\u00falra, na gn\u00e1th\u00f3ga agus an t\u00edrdhreach at\u00e1 ar f\u00e1il in \u00c9irinn. Breathnaigh ar chuid de na hacmhainn\u00ed ar l\u00edne th\u00edos a thugann saibhreas eolais ar chos\u00e1in rotha\u00edochta agus si\u00fail timpeall na t\u00edre. T\u00e1 go leor eolais ar ghn\u00edomha\u00edochta\u00ed amuigh faoin sp\u00e9ir in \u00c9irinn ar shu\u00edomh gr\u00e9as\u00e1in Discover Ireland [&hellip;]<\/p>\n","protected":false},"author":2,"featured_media":0,"parent":1679,"menu_order":0,"comment_status":"closed","ping_status":"closed","template":"","meta":{"footnotes":""},"class_list":["post-1632","page","type-page","status-publish","hentry","post"],"yoast_head":"<!-- This site is optimized with the Yoast SEO plugin v27.3 - https:\/\/yoast.com\/product\/yoast-seo-wordpress\/ -->\n<title>Cos\u00e1in Si\u00fail in \u00c9irinn - D\u00fail sa D\u00falra<\/title>\n<meta name=\"robots\" content=\"index, follow, max-snippet:-1, max-image-preview:large, max-video-preview:-1\" \/>\n<link rel=\"canonical\" href=\"https:\/\/www.noticenature.ie\/ga\/eolas-faoi-duil-sa-dulra\/cosain-siuil-in-eirinn\/\" \/>\n<meta property=\"og:locale\" content=\"ga_IE\" \/>\n<meta property=\"og:type\" content=\"article\" \/>\n<meta property=\"og:title\" content=\"Cos\u00e1in Si\u00fail in \u00c9irinn - D\u00fail sa D\u00falra\" \/>\n<meta property=\"og:description\" content=\"T\u00e9igh amach agus bain taitneamh as an bhfiadh\u00falra, na gn\u00e1th\u00f3ga agus an t\u00edrdhreach at\u00e1 ar f\u00e1il in \u00c9irinn. Breathnaigh ar chuid de na hacmhainn\u00ed ar l\u00edne th\u00edos a thugann saibhreas eolais ar chos\u00e1in rotha\u00edochta agus si\u00fail timpeall na t\u00edre. T\u00e1 go leor eolais ar ghn\u00edomha\u00edochta\u00ed amuigh faoin sp\u00e9ir in \u00c9irinn ar shu\u00edomh gr\u00e9as\u00e1in Discover Ireland [&hellip;]\" \/>\n<meta property=\"og:url\" content=\"https:\/\/www.noticenature.ie\/ga\/eolas-faoi-duil-sa-dulra\/cosain-siuil-in-eirinn\/\" \/>\n<meta property=\"og:site_name\" content=\"D\u00fail sa D\u00falra\" \/>\n<meta property=\"article:publisher\" content=\"https:\/\/www.facebook.com\/profile.php?id=100066240890743\" \/>\n<meta property=\"article:modified_time\" content=\"2022-06-17T17:23:29+00:00\" \/>\n<meta property=\"og:image\" content=\"https:\/\/www.noticenature.ie\/wp-content\/uploads\/2021\/12\/DI2-300x51.png\" \/>\n<meta name=\"twitter:card\" content=\"summary_large_image\" \/>\n<meta name=\"twitter:site\" content=\"@Notice_Nature\" \/>\n<meta name=\"twitter:label1\" content=\"Est. reading time\" \/>\n\t<meta name=\"twitter:data1\" content=\"2 minutes\" \/>\n<script type=\"application\/ld+json\" class=\"yoast-schema-graph\">{\"@context\":\"https:\\\/\\\/schema.org\",\"@graph\":[{\"@type\":\"WebPage\",\"@id\":\"https:\\\/\\\/www.noticenature.ie\\\/ga\\\/eolas-faoi-duil-sa-dulra\\\/cosain-siuil-in-eirinn\\\/\",\"url\":\"https:\\\/\\\/www.noticenature.ie\\\/ga\\\/eolas-faoi-duil-sa-dulra\\\/cosain-siuil-in-eirinn\\\/\",\"name\":\"Cos\u00e1in Si\u00fail in \u00c9irinn - D\u00fail sa D\u00falra\",\"isPartOf\":{\"@id\":\"https:\\\/\\\/www.noticenature.ie\\\/ga\\\/#website\"},\"primaryImageOfPage\":{\"@id\":\"https:\\\/\\\/www.noticenature.ie\\\/ga\\\/eolas-faoi-duil-sa-dulra\\\/cosain-siuil-in-eirinn\\\/#primaryimage\"},\"image\":{\"@id\":\"https:\\\/\\\/www.noticenature.ie\\\/ga\\\/eolas-faoi-duil-sa-dulra\\\/cosain-siuil-in-eirinn\\\/#primaryimage\"},\"thumbnailUrl\":\"https:\\\/\\\/www.noticenature.ie\\\/wp-content\\\/uploads\\\/2021\\\/12\\\/DI2-300x51.png\",\"datePublished\":\"2015-09-03T11:19:26+00:00\",\"dateModified\":\"2022-06-17T17:23:29+00:00\",\"breadcrumb\":{\"@id\":\"https:\\\/\\\/www.noticenature.ie\\\/ga\\\/eolas-faoi-duil-sa-dulra\\\/cosain-siuil-in-eirinn\\\/#breadcrumb\"},\"inLanguage\":\"ga-IE\",\"potentialAction\":[{\"@type\":\"ReadAction\",\"target\":[\"https:\\\/\\\/www.noticenature.ie\\\/ga\\\/eolas-faoi-duil-sa-dulra\\\/cosain-siuil-in-eirinn\\\/\"]}]},{\"@type\":\"ImageObject\",\"inLanguage\":\"ga-IE\",\"@id\":\"https:\\\/\\\/www.noticenature.ie\\\/ga\\\/eolas-faoi-duil-sa-dulra\\\/cosain-siuil-in-eirinn\\\/#primaryimage\",\"url\":\"https:\\\/\\\/www.noticenature.ie\\\/wp-content\\\/uploads\\\/2021\\\/12\\\/DI2-300x51.png\",\"contentUrl\":\"https:\\\/\\\/www.noticenature.ie\\\/wp-content\\\/uploads\\\/2021\\\/12\\\/DI2-300x51.png\"},{\"@type\":\"BreadcrumbList\",\"@id\":\"https:\\\/\\\/www.noticenature.ie\\\/ga\\\/eolas-faoi-duil-sa-dulra\\\/cosain-siuil-in-eirinn\\\/#breadcrumb\",\"itemListElement\":[{\"@type\":\"ListItem\",\"position\":1,\"name\":\"Home\",\"item\":\"https:\\\/\\\/www.noticenature.ie\\\/ga\\\/1600-2\\\/\"},{\"@type\":\"ListItem\",\"position\":2,\"name\":\"Maidir le D\u00fail sa D\u00falra\",\"item\":\"https:\\\/\\\/www.noticenature.ie\\\/ga\\\/eolas-faoi-duil-sa-dulra\\\/\"},{\"@type\":\"ListItem\",\"position\":3,\"name\":\"Cos\u00e1in Si\u00fail in \u00c9irinn\"}]},{\"@type\":\"WebSite\",\"@id\":\"https:\\\/\\\/www.noticenature.ie\\\/ga\\\/#website\",\"url\":\"https:\\\/\\\/www.noticenature.ie\\\/ga\\\/\",\"name\":\"D\u00fail sa D\u00falra\",\"description\":\"Action on Biodiversity Loss\",\"potentialAction\":[{\"@type\":\"SearchAction\",\"target\":{\"@type\":\"EntryPoint\",\"urlTemplate\":\"https:\\\/\\\/www.noticenature.ie\\\/ga\\\/?s={search_term_string}\"},\"query-input\":{\"@type\":\"PropertyValueSpecification\",\"valueRequired\":true,\"valueName\":\"search_term_string\"}}],\"inLanguage\":\"ga-IE\"}]}<\/script>\n<!-- \/ Yoast SEO plugin. -->","yoast_head_json":{"title":"Cos\u00e1in Si\u00fail in \u00c9irinn - D\u00fail sa D\u00falra","robots":{"index":"index","follow":"follow","max-snippet":"max-snippet:-1","max-image-preview":"max-image-preview:large","max-video-preview":"max-video-preview:-1"},"canonical":"https:\/\/www.noticenature.ie\/ga\/eolas-faoi-duil-sa-dulra\/cosain-siuil-in-eirinn\/","og_locale":"ga_IE","og_type":"article","og_title":"Cos\u00e1in Si\u00fail in \u00c9irinn - D\u00fail sa D\u00falra","og_description":"T\u00e9igh amach agus bain taitneamh as an bhfiadh\u00falra, na gn\u00e1th\u00f3ga agus an t\u00edrdhreach at\u00e1 ar f\u00e1il in \u00c9irinn. Breathnaigh ar chuid de na hacmhainn\u00ed ar l\u00edne th\u00edos a thugann saibhreas eolais ar chos\u00e1in rotha\u00edochta agus si\u00fail timpeall na t\u00edre. T\u00e1 go leor eolais ar ghn\u00edomha\u00edochta\u00ed amuigh faoin sp\u00e9ir in \u00c9irinn ar shu\u00edomh gr\u00e9as\u00e1in Discover Ireland [&hellip;]","og_url":"https:\/\/www.noticenature.ie\/ga\/eolas-faoi-duil-sa-dulra\/cosain-siuil-in-eirinn\/","og_site_name":"D\u00fail sa D\u00falra","article_publisher":"https:\/\/www.facebook.com\/profile.php?id=100066240890743","article_modified_time":"2022-06-17T17:23:29+00:00","og_image":[{"url":"https:\/\/www.noticenature.ie\/wp-content\/uploads\/2021\/12\/DI2-300x51.png","type":"","width":"","height":""}],"twitter_card":"summary_large_image","twitter_site":"@Notice_Nature","twitter_misc":{"Est. reading time":"2 minutes"},"schema":{"@context":"https:\/\/schema.org","@graph":[{"@type":"WebPage","@id":"https:\/\/www.noticenature.ie\/ga\/eolas-faoi-duil-sa-dulra\/cosain-siuil-in-eirinn\/","url":"https:\/\/www.noticenature.ie\/ga\/eolas-faoi-duil-sa-dulra\/cosain-siuil-in-eirinn\/","name":"Cos\u00e1in Si\u00fail in \u00c9irinn - D\u00fail sa D\u00falra","isPartOf":{"@id":"https:\/\/www.noticenature.ie\/ga\/#website"},"primaryImageOfPage":{"@id":"https:\/\/www.noticenature.ie\/ga\/eolas-faoi-duil-sa-dulra\/cosain-siuil-in-eirinn\/#primaryimage"},"image":{"@id":"https:\/\/www.noticenature.ie\/ga\/eolas-faoi-duil-sa-dulra\/cosain-siuil-in-eirinn\/#primaryimage"},"thumbnailUrl":"https:\/\/www.noticenature.ie\/wp-content\/uploads\/2021\/12\/DI2-300x51.png","datePublished":"2015-09-03T11:19:26+00:00","dateModified":"2022-06-17T17:23:29+00:00","breadcrumb":{"@id":"https:\/\/www.noticenature.ie\/ga\/eolas-faoi-duil-sa-dulra\/cosain-siuil-in-eirinn\/#breadcrumb"},"inLanguage":"ga-IE","potentialAction":[{"@type":"ReadAction","target":["https:\/\/www.noticenature.ie\/ga\/eolas-faoi-duil-sa-dulra\/cosain-siuil-in-eirinn\/"]}]},{"@type":"ImageObject","inLanguage":"ga-IE","@id":"https:\/\/www.noticenature.ie\/ga\/eolas-faoi-duil-sa-dulra\/cosain-siuil-in-eirinn\/#primaryimage","url":"https:\/\/www.noticenature.ie\/wp-content\/uploads\/2021\/12\/DI2-300x51.png","contentUrl":"https:\/\/www.noticenature.ie\/wp-content\/uploads\/2021\/12\/DI2-300x51.png"},{"@type":"BreadcrumbList","@id":"https:\/\/www.noticenature.ie\/ga\/eolas-faoi-duil-sa-dulra\/cosain-siuil-in-eirinn\/#breadcrumb","itemListElement":[{"@type":"ListItem","position":1,"name":"Home","item":"https:\/\/www.noticenature.ie\/ga\/1600-2\/"},{"@type":"ListItem","position":2,"name":"Maidir le D\u00fail sa D\u00falra","item":"https:\/\/www.noticenature.ie\/ga\/eolas-faoi-duil-sa-dulra\/"},{"@type":"ListItem","position":3,"name":"Cos\u00e1in Si\u00fail in \u00c9irinn"}]},{"@type":"WebSite","@id":"https:\/\/www.noticenature.ie\/ga\/#website","url":"https:\/\/www.noticenature.ie\/ga\/","name":"D\u00fail sa D\u00falra","description":"Action on Biodiversity Loss","potentialAction":[{"@type":"SearchAction","target":{"@type":"EntryPoint","urlTemplate":"https:\/\/www.noticenature.ie\/ga\/?s={search_term_string}"},"query-input":{"@type":"PropertyValueSpecification","valueRequired":true,"valueName":"search_term_string"}}],"inLanguage":"ga-IE"}]}},"_links":{"self":[{"href":"https:\/\/www.noticenature.ie\/ga\/wp-json\/wp\/v2\/pages\/1632","targetHints":{"allow":["GET"]}}],"collection":[{"href":"https:\/\/www.noticenature.ie\/ga\/wp-json\/wp\/v2\/pages"}],"about":[{"href":"https:\/\/www.noticenature.ie\/ga\/wp-json\/wp\/v2\/types\/page"}],"author":[{"embeddable":true,"href":"https:\/\/www.noticenature.ie\/ga\/wp-json\/wp\/v2\/users\/2"}],"replies":[{"embeddable":true,"href":"https:\/\/www.noticenature.ie\/ga\/wp-json\/wp\/v2\/comments?post=1632"}],"version-history":[{"count":4,"href":"https:\/\/www.noticenature.ie\/ga\/wp-json\/wp\/v2\/pages\/1632\/revisions"}],"predecessor-version":[{"id":1871,"href":"https:\/\/www.noticenature.ie\/ga\/wp-json\/wp\/v2\/pages\/1632\/revisions\/1871"}],"up":[{"embeddable":true,"href":"https:\/\/www.noticenature.ie\/ga\/wp-json\/wp\/v2\/pages\/1679"}],"wp:attachment":[{"href":"https:\/\/www.noticenature.ie\/ga\/wp-json\/wp\/v2\/media?parent=1632"}],"curies":[{"name":"wp","href":"https:\/\/api.w.org\/{rel}","templated":true}]}}