{"id":1626,"date":"2015-09-15T10:01:28","date_gmt":"2015-09-15T10:01:28","guid":{"rendered":"https:\/\/www.noticenature.ie\/pairceanna-naisiunta\/"},"modified":"2022-06-17T17:10:37","modified_gmt":"2022-06-17T17:10:37","slug":"pairceanna-naisiunta","status":"publish","type":"page","link":"https:\/\/www.noticenature.ie\/ga\/pairceanna-naisiunta\/","title":{"rendered":"P\u00e1irceanna N\u00e1isi\u00fanta"},"content":{"rendered":"\n<p>T\u00e1 s\u00e9 <strong>Ph\u00e1irc N\u00e1isi\u00fanta <\/strong> in \u00c9irinn. Chun tuilleadh eolais a fh\u00e1il maidir le l\u00e1ithreacha, uaireanta oscailte, \u00e1iseanna etc. clice\u00e1il ar na marc\u00f3ir\u00ed l\u00e9arsc\u00e1ile th\u00edos.<\/p>\n\n<div style=\"text-align: center;\"><iframe loading=\"lazy\" title=\"P\u00e1irceanna N\u00e1isi\u00fanta - Google Maps\" width=\"640\" height=\"480\" src=\"https:\/\/www.google.com\/maps\/d\/u\/0\/embed?mid=141-vpg86GG8HNBa-TjgM6dT2mIk\"><\/iframe><\/div>\n\n<p>T\u00e1 s\u00e9 mar bheartas ag an Roinn Tith\u00edochta, Rialtais \u00c1iti\u00fail &amp; Oidhreachta, arna fhormhuini\u00fa ag rialtais i ndiaidh a ch\u00e9ile, clo\u00ed leis na crit\u00e9ir agus caighde\u00e1in do Ph\u00e1irceanna N\u00e1isi\u00fanta mar at\u00e1 leagtha s\u00edos ag an <a href=\"https:\/\/www.iucn.org\/\" target=\"_blank\" rel=\"noopener\">Aontas Idirn\u00e1isi\u00fanta do Chaomhn\u00fa an D\u00falra (IUCN).<\/a><\/p>\n","protected":false},"excerpt":{"rendered":"<p>T\u00e1 s\u00e9 Ph\u00e1irc N\u00e1isi\u00fanta in \u00c9irinn. Chun tuilleadh eolais a fh\u00e1il maidir le l\u00e1ithreacha, uaireanta oscailte, \u00e1iseanna etc. clice\u00e1il ar na marc\u00f3ir\u00ed l\u00e9arsc\u00e1ile th\u00edos. T\u00e1 s\u00e9 mar bheartas ag an Roinn Tith\u00edochta, Rialtais \u00c1iti\u00fail &amp; Oidhreachta, arna fhormhuini\u00fa ag rialtais i ndiaidh a ch\u00e9ile, clo\u00ed leis na crit\u00e9ir agus caighde\u00e1in do Ph\u00e1irceanna N\u00e1isi\u00fanta mar at\u00e1 [&hellip;]<\/p>\n","protected":false},"author":2,"featured_media":0,"parent":0,"menu_order":0,"comment_status":"closed","ping_status":"closed","template":"","meta":{"footnotes":""},"class_list":["post-1626","page","type-page","status-publish","hentry","post"],"yoast_head":"<!-- This site is optimized with the Yoast SEO plugin v27.4 - https:\/\/yoast.com\/product\/yoast-seo-wordpress\/ -->\n<title>P\u00e1irceanna N\u00e1isi\u00fanta - D\u00fail sa D\u00falra<\/title>\n<meta name=\"robots\" content=\"index, follow, max-snippet:-1, max-image-preview:large, max-video-preview:-1\" \/>\n<link rel=\"canonical\" href=\"https:\/\/www.noticenature.ie\/ga\/pairceanna-naisiunta\/\" \/>\n<meta property=\"og:locale\" content=\"ga_IE\" \/>\n<meta property=\"og:type\" content=\"article\" \/>\n<meta property=\"og:title\" content=\"P\u00e1irceanna N\u00e1isi\u00fanta - D\u00fail sa D\u00falra\" \/>\n<meta property=\"og:description\" content=\"T\u00e1 s\u00e9 Ph\u00e1irc N\u00e1isi\u00fanta in \u00c9irinn. Chun tuilleadh eolais a fh\u00e1il maidir le l\u00e1ithreacha, uaireanta oscailte, \u00e1iseanna etc. clice\u00e1il ar na marc\u00f3ir\u00ed l\u00e9arsc\u00e1ile th\u00edos. T\u00e1 s\u00e9 mar bheartas ag an Roinn Tith\u00edochta, Rialtais \u00c1iti\u00fail &amp; Oidhreachta, arna fhormhuini\u00fa ag rialtais i ndiaidh a ch\u00e9ile, clo\u00ed leis na crit\u00e9ir agus caighde\u00e1in do Ph\u00e1irceanna N\u00e1isi\u00fanta mar at\u00e1 [&hellip;]\" \/>\n<meta property=\"og:url\" content=\"https:\/\/www.noticenature.ie\/ga\/pairceanna-naisiunta\/\" \/>\n<meta property=\"og:site_name\" content=\"D\u00fail sa D\u00falra\" \/>\n<meta property=\"article:publisher\" content=\"https:\/\/www.facebook.com\/profile.php?id=100066240890743\" \/>\n<meta property=\"article:modified_time\" content=\"2022-06-17T17:10:37+00:00\" \/>\n<meta name=\"twitter:card\" content=\"summary_large_image\" \/>\n<meta name=\"twitter:site\" content=\"@Notice_Nature\" \/>\n<script type=\"application\/ld+json\" class=\"yoast-schema-graph\">{\"@context\":\"https:\\\/\\\/schema.org\",\"@graph\":[{\"@type\":\"WebPage\",\"@id\":\"https:\\\/\\\/www.noticenature.ie\\\/ga\\\/pairceanna-naisiunta\\\/\",\"url\":\"https:\\\/\\\/www.noticenature.ie\\\/ga\\\/pairceanna-naisiunta\\\/\",\"name\":\"P\u00e1irceanna N\u00e1isi\u00fanta - D\u00fail sa D\u00falra\",\"isPartOf\":{\"@id\":\"https:\\\/\\\/www.noticenature.ie\\\/ga\\\/#website\"},\"datePublished\":\"2015-09-15T10:01:28+00:00\",\"dateModified\":\"2022-06-17T17:10:37+00:00\",\"breadcrumb\":{\"@id\":\"https:\\\/\\\/www.noticenature.ie\\\/ga\\\/pairceanna-naisiunta\\\/#breadcrumb\"},\"inLanguage\":\"ga-IE\",\"potentialAction\":[{\"@type\":\"ReadAction\",\"target\":[\"https:\\\/\\\/www.noticenature.ie\\\/ga\\\/pairceanna-naisiunta\\\/\"]}]},{\"@type\":\"BreadcrumbList\",\"@id\":\"https:\\\/\\\/www.noticenature.ie\\\/ga\\\/pairceanna-naisiunta\\\/#breadcrumb\",\"itemListElement\":[{\"@type\":\"ListItem\",\"position\":1,\"name\":\"Home\",\"item\":\"https:\\\/\\\/www.noticenature.ie\\\/ga\\\/\"},{\"@type\":\"ListItem\",\"position\":2,\"name\":\"P\u00e1irceanna N\u00e1isi\u00fanta\"}]},{\"@type\":\"WebSite\",\"@id\":\"https:\\\/\\\/www.noticenature.ie\\\/ga\\\/#website\",\"url\":\"https:\\\/\\\/www.noticenature.ie\\\/ga\\\/\",\"name\":\"D\u00fail sa D\u00falra\",\"description\":\"Action on Biodiversity Loss\",\"potentialAction\":[{\"@type\":\"SearchAction\",\"target\":{\"@type\":\"EntryPoint\",\"urlTemplate\":\"https:\\\/\\\/www.noticenature.ie\\\/ga\\\/?s={search_term_string}\"},\"query-input\":{\"@type\":\"PropertyValueSpecification\",\"valueRequired\":true,\"valueName\":\"search_term_string\"}}],\"inLanguage\":\"ga-IE\"}]}<\/script>\n<!-- \/ Yoast SEO plugin. -->","yoast_head_json":{"title":"P\u00e1irceanna N\u00e1isi\u00fanta - D\u00fail sa D\u00falra","robots":{"index":"index","follow":"follow","max-snippet":"max-snippet:-1","max-image-preview":"max-image-preview:large","max-video-preview":"max-video-preview:-1"},"canonical":"https:\/\/www.noticenature.ie\/ga\/pairceanna-naisiunta\/","og_locale":"ga_IE","og_type":"article","og_title":"P\u00e1irceanna N\u00e1isi\u00fanta - D\u00fail sa D\u00falra","og_description":"T\u00e1 s\u00e9 Ph\u00e1irc N\u00e1isi\u00fanta in \u00c9irinn. Chun tuilleadh eolais a fh\u00e1il maidir le l\u00e1ithreacha, uaireanta oscailte, \u00e1iseanna etc. clice\u00e1il ar na marc\u00f3ir\u00ed l\u00e9arsc\u00e1ile th\u00edos. T\u00e1 s\u00e9 mar bheartas ag an Roinn Tith\u00edochta, Rialtais \u00c1iti\u00fail &amp; Oidhreachta, arna fhormhuini\u00fa ag rialtais i ndiaidh a ch\u00e9ile, clo\u00ed leis na crit\u00e9ir agus caighde\u00e1in do Ph\u00e1irceanna N\u00e1isi\u00fanta mar at\u00e1 [&hellip;]","og_url":"https:\/\/www.noticenature.ie\/ga\/pairceanna-naisiunta\/","og_site_name":"D\u00fail sa D\u00falra","article_publisher":"https:\/\/www.facebook.com\/profile.php?id=100066240890743","article_modified_time":"2022-06-17T17:10:37+00:00","twitter_card":"summary_large_image","twitter_site":"@Notice_Nature","schema":{"@context":"https:\/\/schema.org","@graph":[{"@type":"WebPage","@id":"https:\/\/www.noticenature.ie\/ga\/pairceanna-naisiunta\/","url":"https:\/\/www.noticenature.ie\/ga\/pairceanna-naisiunta\/","name":"P\u00e1irceanna N\u00e1isi\u00fanta - D\u00fail sa D\u00falra","isPartOf":{"@id":"https:\/\/www.noticenature.ie\/ga\/#website"},"datePublished":"2015-09-15T10:01:28+00:00","dateModified":"2022-06-17T17:10:37+00:00","breadcrumb":{"@id":"https:\/\/www.noticenature.ie\/ga\/pairceanna-naisiunta\/#breadcrumb"},"inLanguage":"ga-IE","potentialAction":[{"@type":"ReadAction","target":["https:\/\/www.noticenature.ie\/ga\/pairceanna-naisiunta\/"]}]},{"@type":"BreadcrumbList","@id":"https:\/\/www.noticenature.ie\/ga\/pairceanna-naisiunta\/#breadcrumb","itemListElement":[{"@type":"ListItem","position":1,"name":"Home","item":"https:\/\/www.noticenature.ie\/ga\/"},{"@type":"ListItem","position":2,"name":"P\u00e1irceanna N\u00e1isi\u00fanta"}]},{"@type":"WebSite","@id":"https:\/\/www.noticenature.ie\/ga\/#website","url":"https:\/\/www.noticenature.ie\/ga\/","name":"D\u00fail sa D\u00falra","description":"Action on Biodiversity Loss","potentialAction":[{"@type":"SearchAction","target":{"@type":"EntryPoint","urlTemplate":"https:\/\/www.noticenature.ie\/ga\/?s={search_term_string}"},"query-input":{"@type":"PropertyValueSpecification","valueRequired":true,"valueName":"search_term_string"}}],"inLanguage":"ga-IE"}]}},"_links":{"self":[{"href":"https:\/\/www.noticenature.ie\/ga\/wp-json\/wp\/v2\/pages\/1626","targetHints":{"allow":["GET"]}}],"collection":[{"href":"https:\/\/www.noticenature.ie\/ga\/wp-json\/wp\/v2\/pages"}],"about":[{"href":"https:\/\/www.noticenature.ie\/ga\/wp-json\/wp\/v2\/types\/page"}],"author":[{"embeddable":true,"href":"https:\/\/www.noticenature.ie\/ga\/wp-json\/wp\/v2\/users\/2"}],"replies":[{"embeddable":true,"href":"https:\/\/www.noticenature.ie\/ga\/wp-json\/wp\/v2\/comments?post=1626"}],"version-history":[{"count":4,"href":"https:\/\/www.noticenature.ie\/ga\/wp-json\/wp\/v2\/pages\/1626\/revisions"}],"predecessor-version":[{"id":1858,"href":"https:\/\/www.noticenature.ie\/ga\/wp-json\/wp\/v2\/pages\/1626\/revisions\/1858"}],"wp:attachment":[{"href":"https:\/\/www.noticenature.ie\/ga\/wp-json\/wp\/v2\/media?parent=1626"}],"curies":[{"name":"wp","href":"https:\/\/api.w.org\/{rel}","templated":true}]}}