{"id":1624,"date":"2015-09-15T10:19:02","date_gmt":"2015-09-15T10:19:02","guid":{"rendered":"https:\/\/www.noticenature.ie\/aiteanna-le-cuairt-a-thabhairt-orthu\/"},"modified":"2022-06-17T17:39:46","modified_gmt":"2022-06-17T17:39:46","slug":"aiteanna-le-cuairt-a-thabhairt-orthu","status":"publish","type":"page","link":"https:\/\/www.noticenature.ie\/ga\/aiteanna-le-cuairt-a-thabhairt-orthu\/","title":{"rendered":"\u00c1iteanna le Cuairt a thabhairt orthu"},"content":{"rendered":"\n<p>Faigh tuilleadh eolais faoi shu\u00edomhanna oidhreachta ar fud na h\u00c9ireann ar f\u00e9idir cuairt a thabhairt orthu tr\u00ed chlice\u00e1il ar na marc\u00f3ir\u00ed l\u00e9arsc\u00e1ile th\u00edos.<\/p>\n<p>I measc na su\u00edomhanna roghnaithe t\u00e1 P\u00e1irceanna N\u00e1isi\u00fanta <span style=\"color: #000000;\"><span style=\"color: #008000; font-size: 20px;\" aria-hidden=\"true\">\u2666<\/span>,<\/span>Anaclanna D\u00falra <span style=\"color: #000000;\"><span style=\"color: #ff0000; font-size: 22px;\" aria-hidden=\"true\">\u2666<\/span>,<\/span> Ionaid Oideachais <span style=\"color: #000000;\"><span style=\"color: #ffcc00; font-size: 22px;\" aria-hidden=\"true\">\u2666<\/span>,<\/span> S\u00e9adchomhartha\u00ed <span style=\"color: #000000;\"><span style=\"color: #cc99ff; font-size: 22px;\" aria-hidden=\"true\">\u2666<\/span>,<\/span> Su\u00edomhanna UNESCO <span style=\"color: #000000;\"><span style=\"color: #3366ff; font-size: 22px;\" aria-hidden=\"true\">\u2666<\/span><\/span> agus roinnt oifig\u00ed eolais do thuras\u00f3ir\u00ed <span style=\"color: #000000;\"><span style=\"color: #808080; font-size: 22px;\" aria-hidden=\"true\">\u2666<\/span>.<\/span><\/p>\n<p><iframe loading=\"lazy\" title=\"\u00c1iteanna le Cuairt a thabhairt orthu - Google Maps\" width=\"640\" height=\"480\" src=\"https:\/\/www.google.com\/maps\/d\/embed?mid=1OLH8zmFxOa-8idtl7BK3juWwu0U\"><\/iframe><\/p>\n","protected":false},"excerpt":{"rendered":"<p>Faigh tuilleadh eolais faoi shu\u00edomhanna oidhreachta ar fud na h\u00c9ireann ar f\u00e9idir cuairt a thabhairt orthu tr\u00ed chlice\u00e1il ar na marc\u00f3ir\u00ed l\u00e9arsc\u00e1ile th\u00edos. I measc na su\u00edomhanna roghnaithe t\u00e1 P\u00e1irceanna N\u00e1isi\u00fanta \u2666,Anaclanna D\u00falra \u2666, Ionaid Oideachais \u2666, S\u00e9adchomhartha\u00ed \u2666, Su\u00edomhanna UNESCO \u2666 agus roinnt oifig\u00ed eolais do thuras\u00f3ir\u00ed \u2666.<\/p>\n","protected":false},"author":2,"featured_media":0,"parent":0,"menu_order":4,"comment_status":"closed","ping_status":"closed","template":"","meta":{"footnotes":""},"class_list":["post-1624","page","type-page","status-publish","hentry","post"],"yoast_head":"<!-- This site is optimized with the Yoast SEO plugin v27.3 - https:\/\/yoast.com\/product\/yoast-seo-wordpress\/ -->\n<title>\u00c1iteanna le Cuairt a thabhairt orthu - D\u00fail sa D\u00falra<\/title>\n<meta name=\"robots\" content=\"index, follow, max-snippet:-1, max-image-preview:large, max-video-preview:-1\" \/>\n<link rel=\"canonical\" href=\"https:\/\/www.noticenature.ie\/ga\/aiteanna-le-cuairt-a-thabhairt-orthu\/\" \/>\n<meta property=\"og:locale\" content=\"ga_IE\" \/>\n<meta property=\"og:type\" content=\"article\" \/>\n<meta property=\"og:title\" content=\"\u00c1iteanna le Cuairt a thabhairt orthu - D\u00fail sa D\u00falra\" \/>\n<meta property=\"og:description\" content=\"Faigh tuilleadh eolais faoi shu\u00edomhanna oidhreachta ar fud na h\u00c9ireann ar f\u00e9idir cuairt a thabhairt orthu tr\u00ed chlice\u00e1il ar na marc\u00f3ir\u00ed l\u00e9arsc\u00e1ile th\u00edos. I measc na su\u00edomhanna roghnaithe t\u00e1 P\u00e1irceanna N\u00e1isi\u00fanta \u2666,Anaclanna D\u00falra \u2666, Ionaid Oideachais \u2666, S\u00e9adchomhartha\u00ed \u2666, Su\u00edomhanna UNESCO \u2666 agus roinnt oifig\u00ed eolais do thuras\u00f3ir\u00ed \u2666.\" \/>\n<meta property=\"og:url\" content=\"https:\/\/www.noticenature.ie\/ga\/aiteanna-le-cuairt-a-thabhairt-orthu\/\" \/>\n<meta property=\"og:site_name\" content=\"D\u00fail sa D\u00falra\" \/>\n<meta property=\"article:publisher\" content=\"https:\/\/www.facebook.com\/profile.php?id=100066240890743\" \/>\n<meta property=\"article:modified_time\" content=\"2022-06-17T17:39:46+00:00\" \/>\n<meta name=\"twitter:card\" content=\"summary_large_image\" \/>\n<meta name=\"twitter:site\" content=\"@Notice_Nature\" \/>\n<script type=\"application\/ld+json\" class=\"yoast-schema-graph\">{\"@context\":\"https:\\\/\\\/schema.org\",\"@graph\":[{\"@type\":\"WebPage\",\"@id\":\"https:\\\/\\\/www.noticenature.ie\\\/ga\\\/aiteanna-le-cuairt-a-thabhairt-orthu\\\/\",\"url\":\"https:\\\/\\\/www.noticenature.ie\\\/ga\\\/aiteanna-le-cuairt-a-thabhairt-orthu\\\/\",\"name\":\"\u00c1iteanna le Cuairt a thabhairt orthu - D\u00fail sa D\u00falra\",\"isPartOf\":{\"@id\":\"https:\\\/\\\/www.noticenature.ie\\\/ga\\\/#website\"},\"datePublished\":\"2015-09-15T10:19:02+00:00\",\"dateModified\":\"2022-06-17T17:39:46+00:00\",\"breadcrumb\":{\"@id\":\"https:\\\/\\\/www.noticenature.ie\\\/ga\\\/aiteanna-le-cuairt-a-thabhairt-orthu\\\/#breadcrumb\"},\"inLanguage\":\"ga-IE\",\"potentialAction\":[{\"@type\":\"ReadAction\",\"target\":[\"https:\\\/\\\/www.noticenature.ie\\\/ga\\\/aiteanna-le-cuairt-a-thabhairt-orthu\\\/\"]}]},{\"@type\":\"BreadcrumbList\",\"@id\":\"https:\\\/\\\/www.noticenature.ie\\\/ga\\\/aiteanna-le-cuairt-a-thabhairt-orthu\\\/#breadcrumb\",\"itemListElement\":[{\"@type\":\"ListItem\",\"position\":1,\"name\":\"Home\",\"item\":\"https:\\\/\\\/www.noticenature.ie\\\/ga\\\/1600-2\\\/\"},{\"@type\":\"ListItem\",\"position\":2,\"name\":\"\u00c1iteanna le Cuairt a thabhairt orthu\"}]},{\"@type\":\"WebSite\",\"@id\":\"https:\\\/\\\/www.noticenature.ie\\\/ga\\\/#website\",\"url\":\"https:\\\/\\\/www.noticenature.ie\\\/ga\\\/\",\"name\":\"D\u00fail sa D\u00falra\",\"description\":\"Action on Biodiversity Loss\",\"potentialAction\":[{\"@type\":\"SearchAction\",\"target\":{\"@type\":\"EntryPoint\",\"urlTemplate\":\"https:\\\/\\\/www.noticenature.ie\\\/ga\\\/?s={search_term_string}\"},\"query-input\":{\"@type\":\"PropertyValueSpecification\",\"valueRequired\":true,\"valueName\":\"search_term_string\"}}],\"inLanguage\":\"ga-IE\"}]}<\/script>\n<!-- \/ Yoast SEO plugin. -->","yoast_head_json":{"title":"\u00c1iteanna le Cuairt a thabhairt orthu - D\u00fail sa D\u00falra","robots":{"index":"index","follow":"follow","max-snippet":"max-snippet:-1","max-image-preview":"max-image-preview:large","max-video-preview":"max-video-preview:-1"},"canonical":"https:\/\/www.noticenature.ie\/ga\/aiteanna-le-cuairt-a-thabhairt-orthu\/","og_locale":"ga_IE","og_type":"article","og_title":"\u00c1iteanna le Cuairt a thabhairt orthu - D\u00fail sa D\u00falra","og_description":"Faigh tuilleadh eolais faoi shu\u00edomhanna oidhreachta ar fud na h\u00c9ireann ar f\u00e9idir cuairt a thabhairt orthu tr\u00ed chlice\u00e1il ar na marc\u00f3ir\u00ed l\u00e9arsc\u00e1ile th\u00edos. I measc na su\u00edomhanna roghnaithe t\u00e1 P\u00e1irceanna N\u00e1isi\u00fanta \u2666,Anaclanna D\u00falra \u2666, Ionaid Oideachais \u2666, S\u00e9adchomhartha\u00ed \u2666, Su\u00edomhanna UNESCO \u2666 agus roinnt oifig\u00ed eolais do thuras\u00f3ir\u00ed \u2666.","og_url":"https:\/\/www.noticenature.ie\/ga\/aiteanna-le-cuairt-a-thabhairt-orthu\/","og_site_name":"D\u00fail sa D\u00falra","article_publisher":"https:\/\/www.facebook.com\/profile.php?id=100066240890743","article_modified_time":"2022-06-17T17:39:46+00:00","twitter_card":"summary_large_image","twitter_site":"@Notice_Nature","schema":{"@context":"https:\/\/schema.org","@graph":[{"@type":"WebPage","@id":"https:\/\/www.noticenature.ie\/ga\/aiteanna-le-cuairt-a-thabhairt-orthu\/","url":"https:\/\/www.noticenature.ie\/ga\/aiteanna-le-cuairt-a-thabhairt-orthu\/","name":"\u00c1iteanna le Cuairt a thabhairt orthu - D\u00fail sa D\u00falra","isPartOf":{"@id":"https:\/\/www.noticenature.ie\/ga\/#website"},"datePublished":"2015-09-15T10:19:02+00:00","dateModified":"2022-06-17T17:39:46+00:00","breadcrumb":{"@id":"https:\/\/www.noticenature.ie\/ga\/aiteanna-le-cuairt-a-thabhairt-orthu\/#breadcrumb"},"inLanguage":"ga-IE","potentialAction":[{"@type":"ReadAction","target":["https:\/\/www.noticenature.ie\/ga\/aiteanna-le-cuairt-a-thabhairt-orthu\/"]}]},{"@type":"BreadcrumbList","@id":"https:\/\/www.noticenature.ie\/ga\/aiteanna-le-cuairt-a-thabhairt-orthu\/#breadcrumb","itemListElement":[{"@type":"ListItem","position":1,"name":"Home","item":"https:\/\/www.noticenature.ie\/ga\/1600-2\/"},{"@type":"ListItem","position":2,"name":"\u00c1iteanna le Cuairt a thabhairt orthu"}]},{"@type":"WebSite","@id":"https:\/\/www.noticenature.ie\/ga\/#website","url":"https:\/\/www.noticenature.ie\/ga\/","name":"D\u00fail sa D\u00falra","description":"Action on Biodiversity Loss","potentialAction":[{"@type":"SearchAction","target":{"@type":"EntryPoint","urlTemplate":"https:\/\/www.noticenature.ie\/ga\/?s={search_term_string}"},"query-input":{"@type":"PropertyValueSpecification","valueRequired":true,"valueName":"search_term_string"}}],"inLanguage":"ga-IE"}]}},"_links":{"self":[{"href":"https:\/\/www.noticenature.ie\/ga\/wp-json\/wp\/v2\/pages\/1624","targetHints":{"allow":["GET"]}}],"collection":[{"href":"https:\/\/www.noticenature.ie\/ga\/wp-json\/wp\/v2\/pages"}],"about":[{"href":"https:\/\/www.noticenature.ie\/ga\/wp-json\/wp\/v2\/types\/page"}],"author":[{"embeddable":true,"href":"https:\/\/www.noticenature.ie\/ga\/wp-json\/wp\/v2\/users\/2"}],"replies":[{"embeddable":true,"href":"https:\/\/www.noticenature.ie\/ga\/wp-json\/wp\/v2\/comments?post=1624"}],"version-history":[{"count":4,"href":"https:\/\/www.noticenature.ie\/ga\/wp-json\/wp\/v2\/pages\/1624\/revisions"}],"predecessor-version":[{"id":1921,"href":"https:\/\/www.noticenature.ie\/ga\/wp-json\/wp\/v2\/pages\/1624\/revisions\/1921"}],"wp:attachment":[{"href":"https:\/\/www.noticenature.ie\/ga\/wp-json\/wp\/v2\/media?parent=1624"}],"curies":[{"name":"wp","href":"https:\/\/api.w.org\/{rel}","templated":true}]}}