{"id":1600,"date":"2015-08-31T11:24:45","date_gmt":"2015-08-31T11:24:45","guid":{"rendered":"https:\/\/www.noticenature.ie\/1600-2\/"},"modified":"2022-06-17T12:43:28","modified_gmt":"2022-06-17T12:43:28","slug":"1600-2","status":"publish","type":"page","link":"https:\/\/www.noticenature.ie\/ga\/","title":{"rendered":""},"content":{"rendered":"\n<h3 style=\"text-align: left;\">F\u00e1ilte go dt\u00ed D\u00fail sa D\u00falra, cl\u00e1r feasachta poibl\u00ed bith\u00e9ags\u00falachta na h\u00c9ireann, a shol\u00e1thra\u00edonn faisn\u00e9is maidir le h\u00e1iteanna le cuairt a thabhairt orthu, acmhainn\u00ed oideachais agus imeachta\u00ed ar fud na t\u00edre.<\/h3>\n<div style=\"display: flex; justify-content: space-between; flex-wrap: wrap;\">\n\n<a href=\"https:\/\/www.noticenature.ie\/ga\/eolas-faoi-duil-sa-dulra\/\" style=\"display: block;\"><div class=\"wp-caption alignnone\" style=\"width: 150px; height: 200px; display: inline-block; margin-right: 10px;\"><img loading=\"lazy\" decoding=\"async\" class=\"wp-image-445 size-thumbnail\" src=\"https:\/\/www.noticenature.ie\/wp-content\/uploads\/2016\/05\/WicklowMtnsNP-1-150x150.jpg\" alt=\"\" width=\"150\" height=\"150\"\/>Eolas faoi D\u00fail sa D\u00falra &#038; Bith\u00e9ags\u00falacht<\/div><\/a>\n\n<a href=\"https:\/\/www.noticenature.ie\/ga\/pairceanna-naisiunta\/\" style=\"display: block;\"><div class=\"wp-caption alignnone\" style=\"width: 150px; height: 200px; display: inline-block; margin-right: 10px;\"><img loading=\"lazy\" decoding=\"async\" class=\"wp-image-445 size-thumbnail\" src=\"https:\/\/www.noticenature.ie\/wp-content\/uploads\/2016\/05\/KillarneyNP-150x150.jpg\" alt=\"\" width=\"150\" height=\"150\"\/>Tabhair cuairt ar Ph\u00e1irceanna N\u00e1isi\u00fanta na h\u00c9ireann<\/div><\/a>\n\n<a href=\"https:\/\/www.noticenature.ie\/ga\/oideachas\/ionaid-oideachais-npws\/\" style=\"display: block;\"><div class=\"wp-caption alignnone\" style=\"width: 150px; height: 200px; display: inline-block; margin-right: 10px;\"><img loading=\"lazy\" decoding=\"async\" class=\"wp-image-445 size-thumbnail\" src=\"https:\/\/www.noticenature.ie\/wp-content\/uploads\/2016\/05\/Glenveagh-Education-centre-150x150.jpg\" alt=\"\" width=\"150\" height=\"150\"\/>Ionaid Oideachais NPWS<\/div><\/a>\n\n<a href=\"https:\/\/www.noticenature.ie\/ga\/aiteanna-le-cuairt-a-thabhairt-orthu\/fiadhulra-i-do-cheantar\/\" style=\"display: block;\"><div class=\"wp-caption alignnone\" style=\"width: 150px; height: 200px; display: inline-block; margin-right: 10px;\"><img loading=\"lazy\" decoding=\"async\" class=\"wp-image-445 size-thumbnail\" src=\"https:\/\/www.noticenature.ie\/wp-content\/uploads\/2015\/08\/urbanfox-150x150.jpg\" alt=\"\" width=\"150\" height=\"150\"\/>Faigh amach faoin D\u00falra i do Cheantar<\/div><\/a>\n\n<a href=\"https:\/\/www.noticenature.ie\/ga\/eolas-faoi-duil-sa-dulra\/ceard-de-a-bhfuil-bitheagsulacht-na-heireann-deanta-suas\/eagsulacht-gnathoga\/\" style=\"display: block;\"><div class=\"wp-caption alignnone\" style=\"width: 150px; height: 200px; display: inline-block; margin-right: 10px;\"><img loading=\"lazy\" decoding=\"async\" class=\"wp-image-445 size-thumbnail\" src=\"https:\/\/www.noticenature.ie\/wp-content\/uploads\/2016\/05\/Glengarriff-Woods-150x150.jpg\" alt=\"\" width=\"150\" height=\"150\"\/>\u00c9ags\u00falacht Gn\u00e1th\u00f3ga<\/div><\/a>\n\n<a href=\"https:\/\/www.noticenature.ie\/ga\/eolas-faoi-duil-sa-dulra\/cosain-siuil-in-eirinn\/\" style=\"display: block;\"><div class=\"wp-caption alignnone\" style=\"width: 150px; height: 200px; display: inline-block; margin-right: 10px;\"><img loading=\"lazy\" decoding=\"async\" class=\"wp-image-445 size-thumbnail\" src=\"https:\/\/www.noticenature.ie\/wp-content\/uploads\/2015\/08\/Trailslogo-148x150.jpg\" alt=\"\" width=\"150\" height=\"150\"\/>Cos\u00e1in Si\u00fail in \u00c9irinn<\/div><\/a>\n\n<a href=\"https:\/\/www.noticenature.ie\/ga\/oideachas\/speicis-choimhthiocha-ionracha\/\" style=\"display: block;\"><div class=\"wp-caption alignnone\" style=\"width: 150px; height: 200px; display: inline-block; margin-right: 10px;\"><img loading=\"lazy\" decoding=\"async\" class=\"wp-image-445 size-thumbnail\" src=\"https:\/\/www.noticenature.ie\/wp-content\/uploads\/2015\/08\/WSYD0014562_767775-150x150.jpg\" alt=\"\" width=\"150\" height=\"150\"\/>Speicis Choimhth\u00edocha Ionracha<\/div><\/a>\n\n<a href=\"https:\/\/www.noticenature.ie\/ga\/eolas-faoi-duil-sa-dulra\/eagraiochtai-oidhreachta-nadurtha-fiadhulra\/\" style=\"display: block;\"><div class=\"wp-caption alignnone\" style=\"width: 150px; height: 200px; display: inline-block; margin-right: 10px;\"><img loading=\"lazy\" decoding=\"async\" class=\"wp-image-445 size-thumbnail\" src=\"https:\/\/www.noticenature.ie\/wp-content\/uploads\/2015\/09\/NBDC-Logo-with-tagline1-150x150.png\" alt=\"\" width=\"150\" height=\"150\"\/>Acmhainn\u00ed Oidhreachta N\u00e1d\u00fartha Eile<\/div><\/a>\n\n<\/div>\n","protected":false},"excerpt":{"rendered":"<p>F\u00e1ilte go dt\u00ed D\u00fail sa D\u00falra, cl\u00e1r feasachta poibl\u00ed bith\u00e9ags\u00falachta na h\u00c9ireann, a shol\u00e1thra\u00edonn faisn\u00e9is maidir le h\u00e1iteanna le cuairt a thabhairt orthu, acmhainn\u00ed oideachais agus imeachta\u00ed ar fud na t\u00edre. Eolas faoi D\u00fail sa D\u00falra &#038; Bith\u00e9ags\u00falacht Tabhair cuairt ar Ph\u00e1irceanna N\u00e1isi\u00fanta na h\u00c9ireann Ionaid Oideachais NPWS Faigh amach faoin D\u00falra i do Cheantar [&hellip;]<\/p>\n","protected":false},"author":2,"featured_media":0,"parent":0,"menu_order":0,"comment_status":"closed","ping_status":"closed","template":"","meta":{"footnotes":""},"class_list":["post-1600","page","type-page","status-publish","hentry","post"],"yoast_head":"<!-- This site is optimized with the Yoast SEO plugin v27.3 - https:\/\/yoast.com\/product\/yoast-seo-wordpress\/ -->\n<title>- D\u00fail sa D\u00falra<\/title>\n<meta name=\"robots\" content=\"index, follow, max-snippet:-1, max-image-preview:large, max-video-preview:-1\" \/>\n<link rel=\"canonical\" href=\"https:\/\/www.noticenature.ie\/ga\/\" \/>\n<meta property=\"og:locale\" content=\"ga_IE\" \/>\n<meta property=\"og:type\" content=\"article\" \/>\n<meta property=\"og:title\" content=\"- D\u00fail sa D\u00falra\" \/>\n<meta property=\"og:description\" content=\"F\u00e1ilte go dt\u00ed D\u00fail sa D\u00falra, cl\u00e1r feasachta poibl\u00ed bith\u00e9ags\u00falachta na h\u00c9ireann, a shol\u00e1thra\u00edonn faisn\u00e9is maidir le h\u00e1iteanna le cuairt a thabhairt orthu, acmhainn\u00ed oideachais agus imeachta\u00ed ar fud na t\u00edre. Eolas faoi D\u00fail sa D\u00falra &#038; Bith\u00e9ags\u00falacht Tabhair cuairt ar Ph\u00e1irceanna N\u00e1isi\u00fanta na h\u00c9ireann Ionaid Oideachais NPWS Faigh amach faoin D\u00falra i do Cheantar [&hellip;]\" \/>\n<meta property=\"og:url\" content=\"https:\/\/www.noticenature.ie\/ga\/\" \/>\n<meta property=\"og:site_name\" content=\"D\u00fail sa D\u00falra\" \/>\n<meta property=\"article:publisher\" content=\"https:\/\/www.facebook.com\/profile.php?id=100066240890743\" \/>\n<meta property=\"article:modified_time\" content=\"2022-06-17T12:43:28+00:00\" \/>\n<meta property=\"og:image\" content=\"https:\/\/www.noticenature.ie\/wp-content\/uploads\/2016\/05\/WicklowMtnsNP-1-150x150.jpg\" \/>\n<meta name=\"twitter:card\" content=\"summary_large_image\" \/>\n<meta name=\"twitter:site\" content=\"@Notice_Nature\" \/>\n<script type=\"application\/ld+json\" class=\"yoast-schema-graph\">{\"@context\":\"https:\\\/\\\/schema.org\",\"@graph\":[{\"@type\":\"WebPage\",\"@id\":\"https:\\\/\\\/www.noticenature.ie\\\/ga\\\/\",\"url\":\"https:\\\/\\\/www.noticenature.ie\\\/ga\\\/\",\"name\":\"- D\u00fail sa D\u00falra\",\"isPartOf\":{\"@id\":\"https:\\\/\\\/www.noticenature.ie\\\/ga\\\/#website\"},\"primaryImageOfPage\":{\"@id\":\"https:\\\/\\\/www.noticenature.ie\\\/ga\\\/#primaryimage\"},\"image\":{\"@id\":\"https:\\\/\\\/www.noticenature.ie\\\/ga\\\/#primaryimage\"},\"thumbnailUrl\":\"https:\\\/\\\/www.noticenature.ie\\\/wp-content\\\/uploads\\\/2016\\\/05\\\/WicklowMtnsNP-1-150x150.jpg\",\"datePublished\":\"2015-08-31T11:24:45+00:00\",\"dateModified\":\"2022-06-17T12:43:28+00:00\",\"inLanguage\":\"ga-IE\",\"potentialAction\":[{\"@type\":\"ReadAction\",\"target\":[\"https:\\\/\\\/www.noticenature.ie\\\/ga\\\/\"]}]},{\"@type\":\"ImageObject\",\"inLanguage\":\"ga-IE\",\"@id\":\"https:\\\/\\\/www.noticenature.ie\\\/ga\\\/#primaryimage\",\"url\":\"https:\\\/\\\/www.noticenature.ie\\\/wp-content\\\/uploads\\\/2016\\\/05\\\/WicklowMtnsNP-1-150x150.jpg\",\"contentUrl\":\"https:\\\/\\\/www.noticenature.ie\\\/wp-content\\\/uploads\\\/2016\\\/05\\\/WicklowMtnsNP-1-150x150.jpg\"},{\"@type\":\"WebSite\",\"@id\":\"https:\\\/\\\/www.noticenature.ie\\\/ga\\\/#website\",\"url\":\"https:\\\/\\\/www.noticenature.ie\\\/ga\\\/\",\"name\":\"D\u00fail sa D\u00falra\",\"description\":\"Action on Biodiversity Loss\",\"potentialAction\":[{\"@type\":\"SearchAction\",\"target\":{\"@type\":\"EntryPoint\",\"urlTemplate\":\"https:\\\/\\\/www.noticenature.ie\\\/ga\\\/?s={search_term_string}\"},\"query-input\":{\"@type\":\"PropertyValueSpecification\",\"valueRequired\":true,\"valueName\":\"search_term_string\"}}],\"inLanguage\":\"ga-IE\"}]}<\/script>\n<!-- \/ Yoast SEO plugin. -->","yoast_head_json":{"title":"- D\u00fail sa D\u00falra","robots":{"index":"index","follow":"follow","max-snippet":"max-snippet:-1","max-image-preview":"max-image-preview:large","max-video-preview":"max-video-preview:-1"},"canonical":"https:\/\/www.noticenature.ie\/ga\/","og_locale":"ga_IE","og_type":"article","og_title":"- D\u00fail sa D\u00falra","og_description":"F\u00e1ilte go dt\u00ed D\u00fail sa D\u00falra, cl\u00e1r feasachta poibl\u00ed bith\u00e9ags\u00falachta na h\u00c9ireann, a shol\u00e1thra\u00edonn faisn\u00e9is maidir le h\u00e1iteanna le cuairt a thabhairt orthu, acmhainn\u00ed oideachais agus imeachta\u00ed ar fud na t\u00edre. Eolas faoi D\u00fail sa D\u00falra &#038; Bith\u00e9ags\u00falacht Tabhair cuairt ar Ph\u00e1irceanna N\u00e1isi\u00fanta na h\u00c9ireann Ionaid Oideachais NPWS Faigh amach faoin D\u00falra i do Cheantar [&hellip;]","og_url":"https:\/\/www.noticenature.ie\/ga\/","og_site_name":"D\u00fail sa D\u00falra","article_publisher":"https:\/\/www.facebook.com\/profile.php?id=100066240890743","article_modified_time":"2022-06-17T12:43:28+00:00","og_image":[{"url":"https:\/\/www.noticenature.ie\/wp-content\/uploads\/2016\/05\/WicklowMtnsNP-1-150x150.jpg","type":"","width":"","height":""}],"twitter_card":"summary_large_image","twitter_site":"@Notice_Nature","schema":{"@context":"https:\/\/schema.org","@graph":[{"@type":"WebPage","@id":"https:\/\/www.noticenature.ie\/ga\/","url":"https:\/\/www.noticenature.ie\/ga\/","name":"- D\u00fail sa D\u00falra","isPartOf":{"@id":"https:\/\/www.noticenature.ie\/ga\/#website"},"primaryImageOfPage":{"@id":"https:\/\/www.noticenature.ie\/ga\/#primaryimage"},"image":{"@id":"https:\/\/www.noticenature.ie\/ga\/#primaryimage"},"thumbnailUrl":"https:\/\/www.noticenature.ie\/wp-content\/uploads\/2016\/05\/WicklowMtnsNP-1-150x150.jpg","datePublished":"2015-08-31T11:24:45+00:00","dateModified":"2022-06-17T12:43:28+00:00","inLanguage":"ga-IE","potentialAction":[{"@type":"ReadAction","target":["https:\/\/www.noticenature.ie\/ga\/"]}]},{"@type":"ImageObject","inLanguage":"ga-IE","@id":"https:\/\/www.noticenature.ie\/ga\/#primaryimage","url":"https:\/\/www.noticenature.ie\/wp-content\/uploads\/2016\/05\/WicklowMtnsNP-1-150x150.jpg","contentUrl":"https:\/\/www.noticenature.ie\/wp-content\/uploads\/2016\/05\/WicklowMtnsNP-1-150x150.jpg"},{"@type":"WebSite","@id":"https:\/\/www.noticenature.ie\/ga\/#website","url":"https:\/\/www.noticenature.ie\/ga\/","name":"D\u00fail sa D\u00falra","description":"Action on Biodiversity Loss","potentialAction":[{"@type":"SearchAction","target":{"@type":"EntryPoint","urlTemplate":"https:\/\/www.noticenature.ie\/ga\/?s={search_term_string}"},"query-input":{"@type":"PropertyValueSpecification","valueRequired":true,"valueName":"search_term_string"}}],"inLanguage":"ga-IE"}]}},"_links":{"self":[{"href":"https:\/\/www.noticenature.ie\/ga\/wp-json\/wp\/v2\/pages\/1600","targetHints":{"allow":["GET"]}}],"collection":[{"href":"https:\/\/www.noticenature.ie\/ga\/wp-json\/wp\/v2\/pages"}],"about":[{"href":"https:\/\/www.noticenature.ie\/ga\/wp-json\/wp\/v2\/types\/page"}],"author":[{"embeddable":true,"href":"https:\/\/www.noticenature.ie\/ga\/wp-json\/wp\/v2\/users\/2"}],"replies":[{"embeddable":true,"href":"https:\/\/www.noticenature.ie\/ga\/wp-json\/wp\/v2\/comments?post=1600"}],"version-history":[{"count":14,"href":"https:\/\/www.noticenature.ie\/ga\/wp-json\/wp\/v2\/pages\/1600\/revisions"}],"predecessor-version":[{"id":1718,"href":"https:\/\/www.noticenature.ie\/ga\/wp-json\/wp\/v2\/pages\/1600\/revisions\/1718"}],"wp:attachment":[{"href":"https:\/\/www.noticenature.ie\/ga\/wp-json\/wp\/v2\/media?parent=1600"}],"curies":[{"name":"wp","href":"https:\/\/api.w.org\/{rel}","templated":true}]}}